{"id":676,"date":"2023-04-17T23:52:47","date_gmt":"2023-04-18T04:52:47","guid":{"rendered":"https:\/\/shop.cammodelagency.com\/?post_type=product&#038;p=676"},"modified":"2023-05-15T22:42:47","modified_gmt":"2023-05-16T03:42:47","slug":"strong-male-captions","status":"publish","type":"product","link":"https:\/\/subtomy.com\/et\/toode\/strong-male-captions\/","title":{"rendered":"100+ tugevat meessoost pildiallkirja OnlyFans, Reddit, sotsiaalmeedia jne jaoks."},"content":{"rendered":"<p>Tutvustame \u00fclimat lahendust OnlyFans'i modellidele, kes soovivad suurendada oma sotsiaalmeedia kohalolekut ja meelitada rohkem j\u00e4rgijaid: Strong Male Social Media Caption Pack. See pakett on m\u00f5eldud spetsiaalselt modellidele, kes m\u00fc\u00fcvad teenuseid OnlyFansis ja muudel f\u00e4nniklubide saitidel, ning sisaldab laia valikut kaasahaaravaid ja t\u00e4helepanu k\u00f6itvaid pildiallkirju, mis kindlasti panevad teie publiku r\u00e4\u00e4kima.<\/p>\n<p>Kui soovite tutvustada oma uusimat sisu, reklaamida oma eelseisvaid \u00fcritusi v\u00f5i lihtsalt hoida oma j\u00e4lgijad meelelahutuslikuna ja kaasatuna, siis selles pildipaketis on k\u00f5ik vajalik. Meie pealkirjad on hoolikalt koostatud, et k\u00f5netada erinevaid sihtr\u00fchmi ning hoida teie sisu v\u00e4rske ja p\u00f5nevana, alates p\u00f5skedest \u00fches\u00f5nadest kuni m\u00f5tlemapanevate k\u00fcsimusteni.<\/p>\n<p>Seega, kui olete valmis oma OnlyFans'i \u00e4ri j\u00e4rgmisele tasemele viima, \u00e4rge oodake enam. Tellige Tugeva Mehe Sotsiaalmeedia pildipakett juba t\u00e4na ja hakake eristuma massist!<\/p>\n<p>N\u00e4ited on j\u00e4rgmised<\/p>\n<ul>\n<li><span data-sheets-value=\"{&quot;1&quot;:2,&quot;2&quot;:&quot;Do you desire a \ud83d\udcaa\ud83c\udffc man that's hung, handsome and horny? I'm your guy! DM me for hot conversations and let's explore our wildest fantasies together #sexy #horny #hungAF \ud83e\udd75&quot;}\" data-sheets-userformat=\"{&quot;2&quot;:8961,&quot;3&quot;:{&quot;1&quot;:0},&quot;11&quot;:4,&quot;12&quot;:0,&quot;16&quot;:12}\">Kas sa soovid \ud83d\udcaa\ud83c\udffc meest, kes on rippunud, ilus ja kiimas? Ma olen sinu mees! DM mind kuumade vestluste jaoks ja uurime koos meie k\u00f5ige metsikumaid fantaasiaid #sexy #horny #hungAF \ud83e\udd75<\/span><\/li>\n<li><span data-sheets-value=\"{&quot;1&quot;:2,&quot;2&quot;:&quot;Favorite thing to do? \ud83d\udd25 Let me show you!\ud83d\udca6I'm hung, handsome and strong. Come talk with me and let's explore our wildest fantasies together! I'm always horny for more \ud83d\ude1c &quot;}\" data-sheets-userformat=\"{&quot;2&quot;:14656,&quot;9&quot;:0,&quot;11&quot;:4,&quot;14&quot;:{&quot;1&quot;:2,&quot;2&quot;:0},&quot;15&quot;:&quot;Verdana&quot;,&quot;16&quot;:11}\">Mis on sinu lemmik? \ud83d\udd25 Las ma n\u00e4itan sulle! \ud83d\udca6Mina olen kirev, ilus ja tugev. Tule r\u00e4\u00e4gi minuga ja uurime koos meie k\u00f5ige metsikumaid fantaasiaid! Ma olen alati kiimas rohkem \ud83d\ude1c <\/span><\/li>\n<li><span data-sheets-value=\"{&quot;1&quot;:2,&quot;2&quot;:&quot;Shoulders back, abs tight. Come explore this strong and handsome \ud83e\udd29\ud83d\udcaa man who's always ready to talk with ya'll \ud83d\ude0f and just so happens to be extra horny tonight \ud83e\udd75 &quot;}\" data-sheets-userformat=\"{&quot;2&quot;:14656,&quot;9&quot;:0,&quot;11&quot;:4,&quot;14&quot;:{&quot;1&quot;:2,&quot;2&quot;:0},&quot;15&quot;:&quot;Verdana&quot;,&quot;16&quot;:11}\">\u00d5lad tagasi, k\u00f5hulihased pingul. Tule uuri seda tugevat ja ilusat \ud83e\udd29\ud83d\udcaa meest, kes on alati valmis teiega r\u00e4\u00e4kima \ud83d\ude0f ja juhtub olema t\u00e4na \u00f5htul eriti kiimas \ud83e\udd75. <\/span><\/li>\n<\/ul>","protected":false},"excerpt":{"rendered":"<p>Tutvustame \u00fclimat lahendust OnlyFans'i modellidele, kes soovivad suurendada oma sotsiaalmeedia kohalolekut ja meelitada rohkem j\u00e4rgijaid: Strong Male Social Media Caption Pack.<\/p>\n<p><strong>N\u00e4ited on j\u00e4rgmised<\/strong><\/p>\n<ul>\n<li><span data-sheets-value=\"{&quot;1&quot;:2,&quot;2&quot;:&quot;Do you desire a \ud83d\udcaa\ud83c\udffc man that's hung, handsome and horny? I'm your guy! DM me for hot conversations and let's explore our wildest fantasies together #sexy #horny #hungAF \ud83e\udd75&quot;}\" data-sheets-userformat=\"{&quot;2&quot;:8961,&quot;3&quot;:{&quot;1&quot;:0},&quot;11&quot;:4,&quot;12&quot;:0,&quot;16&quot;:12}\">Kas sa soovid \ud83d\udcaa\ud83c\udffc meest, kes on rippunud, ilus ja kiimas? Ma olen sinu mees! DM mind kuumade vestluste jaoks ja uurime koos meie k\u00f5ige metsikumaid fantaasiaid #sexy #horny #hungAF \ud83e\udd75<\/span><\/li>\n<li><span data-sheets-value=\"{&quot;1&quot;:2,&quot;2&quot;:&quot;Favorite thing to do? \ud83d\udd25 Let me show you!\ud83d\udca6I'm hung, handsome and strong. Come talk with me and let's explore our wildest fantasies together! I'm always horny for more \ud83d\ude1c &quot;}\" data-sheets-userformat=\"{&quot;2&quot;:14656,&quot;9&quot;:0,&quot;11&quot;:4,&quot;14&quot;:{&quot;1&quot;:2,&quot;2&quot;:0},&quot;15&quot;:&quot;Verdana&quot;,&quot;16&quot;:11}\">Mis on sinu lemmik? \ud83d\udd25 Las ma n\u00e4itan sulle! \ud83d\udca6Mina olen kirev, ilus ja tugev. Tule r\u00e4\u00e4gi minuga ja uurime koos meie k\u00f5ige metsikumaid fantaasiaid! Ma olen alati kiimas rohkem \ud83d\ude1c <\/span><\/li>\n<li><span data-sheets-value=\"{&quot;1&quot;:2,&quot;2&quot;:&quot;Shoulders back, abs tight. Come explore this strong and handsome \ud83e\udd29\ud83d\udcaa man who's always ready to talk with ya'll \ud83d\ude0f and just so happens to be extra horny tonight \ud83e\udd75 &quot;}\" data-sheets-userformat=\"{&quot;2&quot;:14656,&quot;9&quot;:0,&quot;11&quot;:4,&quot;14&quot;:{&quot;1&quot;:2,&quot;2&quot;:0},&quot;15&quot;:&quot;Verdana&quot;,&quot;16&quot;:11}\">\u00d5lad tagasi, k\u00f5hulihased pingul. Tule uuri seda tugevat ja ilusat \ud83e\udd29\ud83d\udcaa meest, kes on alati valmis teiega r\u00e4\u00e4kima \ud83d\ude0f ja juhtub olema t\u00e4na \u00f5htul eriti kiimas \ud83e\udd75.<\/span><\/li>\n<\/ul>","protected":false},"featured_media":1238,"comment_status":"open","ping_status":"closed","template":"","meta":[],"product_brand":[],"product_cat":[22],"product_tag":[33],"class_list":{"0":"post-676","1":"product","2":"type-product","3":"status-publish","4":"has-post-thumbnail","6":"product_cat-captions","7":"product_tag-men","8":"infinite-scroll-item","9":"no-featured-image-padding","10":"sales-flash-overlay","11":"woocommerce-text-align-center","12":"woocommerce-image-align-center","13":"wc-has-gallery","15":"first","16":"instock","17":"downloadable","18":"virtual","19":"sold-individually","20":"purchasable","21":"product-type-simple"},"aioseo_notices":[],"_links":{"self":[{"href":"https:\/\/subtomy.com\/et\/wp-json\/wp\/v2\/product\/676","targetHints":{"allow":["GET"]}}],"collection":[{"href":"https:\/\/subtomy.com\/et\/wp-json\/wp\/v2\/product"}],"about":[{"href":"https:\/\/subtomy.com\/et\/wp-json\/wp\/v2\/types\/product"}],"replies":[{"embeddable":true,"href":"https:\/\/subtomy.com\/et\/wp-json\/wp\/v2\/comments?post=676"}],"wp:featuredmedia":[{"embeddable":true,"href":"https:\/\/subtomy.com\/et\/wp-json\/wp\/v2\/media\/1238"}],"wp:attachment":[{"href":"https:\/\/subtomy.com\/et\/wp-json\/wp\/v2\/media?parent=676"}],"wp:term":[{"taxonomy":"product_brand","embeddable":true,"href":"https:\/\/subtomy.com\/et\/wp-json\/wp\/v2\/product_brand?post=676"},{"taxonomy":"product_cat","embeddable":true,"href":"https:\/\/subtomy.com\/et\/wp-json\/wp\/v2\/product_cat?post=676"},{"taxonomy":"product_tag","embeddable":true,"href":"https:\/\/subtomy.com\/et\/wp-json\/wp\/v2\/product_tag?post=676"}],"curies":[{"name":"wp","href":"https:\/\/api.w.org\/{rel}","templated":true}]}}