{"id":695,"date":"2023-04-18T13:17:03","date_gmt":"2023-04-18T18:17:03","guid":{"rendered":"https:\/\/shop.cammodelagency.com\/?post_type=product&#038;p=695"},"modified":"2024-04-01T18:47:40","modified_gmt":"2024-04-01T23:47:40","slug":"bbw-captions","status":"publish","type":"product","link":"https:\/\/subtomy.com\/et\/toode\/bbw-pealkirjad\/","title":{"rendered":"100+ BBW pildiallkirja sotsiaalmeedia, OnlyFans, Reddit jne jaoks."},"content":{"rendered":"<p>Tutvustame \u00fclimat lahendust BBW OnlyFans'i mudelitele, kes soovivad oma sotsiaalmeedia kohalolekut suurendada ja rohkem j\u00e4rgijaid ligi meelitada: BBW sotsiaalmeedia pildipakett (BBW Social Media Caption Pack). See pakett on m\u00f5eldud spetsiaalselt modellidele, kes soovivad n\u00e4idata oma unikaalset ilu ja eeliseid viisil, mis on nii seksikas kui ka v\u00f5imendav.<\/p>\n<p>BBW sotsiaalmeedia pildiallkirjade paketiga saate hulga kohandatud pildiallkirju, mis on kohandatud BBW-modellide vajadustele. Meie pildiallkirjad on kaasahaaravad, t\u00e4helepanu k\u00f6itvad ja hoolikalt koostatud, et tuua teie eelised parimas v\u00f5imalikus valguses esile. Meie tiitrid on m\u00f5eldud nii m\u00e4nguliste \u00fchev\u00e4rsiliste s\u00f5nade kui ka m\u00f5tlemapanevate k\u00fcsimusteni, et tekitada vestlust ja luua teie f\u00e4nnidega s\u00fcgavam kontakt.<\/p>\n<p>Meie kogenud sotsiaalmeedia ekspertide meeskond m\u00f5istab BBW-modellide ees seisvaid probleeme ja on selle paketi koostanud teie vajadusi silmas pidades. Me teame, kuidas r\u00f5hutada teie kurve ning panna teid tundma end enesekindlalt ja seksikalt, ilma et kasutataks ebarealistlikke v\u00f5i k\u00e4ttesaamatuid ilustandardeid.<\/p>\n<p>Olenemata sellest, kas alustate alles OnlyFansis v\u00f5i soovite oma \u00e4ri j\u00e4rgmisele tasemele viia, on BBW sotsiaalmeedia pildipakett ideaalne vahend teie n\u00e4htavuse suurendamiseks ja rohkemate j\u00e4lgijate leidmiseks. Meie tervikliku sotsiaalmeedia strateegia abil saate luua tugeva ja p\u00fchendunud j\u00e4lgijaskonna, kes hindab teie ainulaadset ilu ja toetab teie edu.<\/p>\n<p>Meie pildiallkirjad h\u00f5lmavad erinevaid teemasid, sealhulgas paks olemine, f\u00e4nnidega r\u00e4\u00e4kimine ja kiimas olemine. Me m\u00f5istame, et need on BBW-modellit\u00f6\u00f6stuse olulised elemendid, ja oleme loonud pildiallkirjad, mis k\u00e4sitlevad neid teemasid nii maitsekalt kui ka kaasahaaravalt.<\/p>\n<p><strong>N\u00e4ited on j\u00e4rgmised<\/strong><\/p>\n<ul>\n<li><span data-sheets-value=\"{&quot;1&quot;:2,&quot;2&quot;:&quot;What are you waiting for? \ud83d\udd25\ud83e\udd24 I'm a thick BBW who loves to talk naughty with my fans. Come get your fill of all this juicy goodness, you won't regret it! \ud83d\ude09 &quot;}\" data-sheets-userformat=\"{&quot;2&quot;:14656,&quot;9&quot;:0,&quot;11&quot;:4,&quot;14&quot;:{&quot;1&quot;:2,&quot;2&quot;:0},&quot;15&quot;:&quot;Verdana&quot;,&quot;16&quot;:11}\">Mida sa ootad? \ud83d\udd25\ud83e\udd24 Olen paks BBW, kes armastab oma f\u00e4nnidega ulakalt r\u00e4\u00e4kida. Tulge ja nautige k\u00f5ike seda mahlakat headust, te ei kahetse seda! \ud83d\ude09 <\/span><\/li>\n<li><span data-sheets-value=\"{&quot;1&quot;:2,&quot;2&quot;:&quot;Stunningly thick and oh so ready to talk \ud83d\udc45 DM me for a naughty chat. I'm feeling some major \ud83d\udd25\ud83d\udd25 tonight - let's share it together! &quot;}\" data-sheets-userformat=\"{&quot;2&quot;:14656,&quot;9&quot;:0,&quot;11&quot;:4,&quot;14&quot;:{&quot;1&quot;:2,&quot;2&quot;:0},&quot;15&quot;:&quot;Verdana&quot;,&quot;16&quot;:11}\">H\u00e4mmastavalt paks ja oh nii valmis r\u00e4\u00e4kima \ud83d\udc45 DM mind ulakas chat. Ma tunnen t\u00e4na \u00f5htul suurt \ud83d\udd25\ud83d\udd25\ud83d\udd25 - jagame seda koos! <\/span><\/li>\n<li><span data-sheets-value=\"{&quot;1&quot;:2,&quot;2&quot;:&quot;More curves than you can handle \ud83e\udd24 Thick thighs, juicy booty, and ready to get naughty! Come explore my world and let's have some fun \ud83d\udd25 &quot;}\" data-sheets-userformat=\"{&quot;2&quot;:14656,&quot;9&quot;:0,&quot;11&quot;:4,&quot;14&quot;:{&quot;1&quot;:2,&quot;2&quot;:0},&quot;15&quot;:&quot;Verdana&quot;,&quot;16&quot;:11}\">Rohkem k\u00f5verusi kui sa suudad \ud83e\udd24 Paksud reied, mahlakas tagumik ja valmis ulakas olema! Tule uuri minu maailma ja lase meil l\u00f5butseda \ud83d\udd25<\/span><\/li>\n<\/ul>\n<p>Miks siis oodata? Tellige BBW sotsiaalmeedia pildipakett juba t\u00e4na ja alustage oma OnlyFans'i ettev\u00f5tte viimist j\u00e4rgmisele tasemele. Meie ekspertide juhendamise ja professionaalsete vahendite abil saate uhkusega oma ilu ja varasid n\u00e4idata ning meelitada ligi publikut, keda te v\u00e4\u00e4rite.<\/p>","protected":false},"excerpt":{"rendered":"<p>Tutvustame \u00fclimat lahendust BBW OnlyFans'i mudelitele, kes soovivad oma sotsiaalmeedia kohalolekut suurendada ja rohkem j\u00e4rgijaid ligi meelitada!<\/p>\n<p>N\u00e4ited on j\u00e4rgmised<\/p>\n<ul>\n<li><span data-sheets-value=\"{&quot;1&quot;:2,&quot;2&quot;:&quot;What are you waiting for? \ud83d\udd25\ud83e\udd24 I'm a thick BBW who loves to talk naughty with my fans. Come get your fill of all this juicy goodness, you won't regret it! \ud83d\ude09 &quot;}\" data-sheets-userformat=\"{&quot;2&quot;:14656,&quot;9&quot;:0,&quot;11&quot;:4,&quot;14&quot;:{&quot;1&quot;:2,&quot;2&quot;:0},&quot;15&quot;:&quot;Verdana&quot;,&quot;16&quot;:11}\">Mida sa ootad? \ud83d\udd25\ud83e\udd24 Olen paks BBW, kes armastab oma f\u00e4nnidega ulakalt r\u00e4\u00e4kida. Tulge ja nautige k\u00f5ike seda mahlakat headust, te ei kahetse seda! \ud83d\ude09 <\/span><\/li>\n<li><span data-sheets-value=\"{&quot;1&quot;:2,&quot;2&quot;:&quot;Stunningly thick and oh so ready to talk \ud83d\udc45 DM me for a naughty chat. I'm feeling some major \ud83d\udd25\ud83d\udd25 tonight - let's share it together! &quot;}\" data-sheets-userformat=\"{&quot;2&quot;:14656,&quot;9&quot;:0,&quot;11&quot;:4,&quot;14&quot;:{&quot;1&quot;:2,&quot;2&quot;:0},&quot;15&quot;:&quot;Verdana&quot;,&quot;16&quot;:11}\">H\u00e4mmastavalt paks ja oh nii valmis r\u00e4\u00e4kima \ud83d\udc45 DM mind ulakas chat. Ma tunnen t\u00e4na \u00f5htul suurt \ud83d\udd25\ud83d\udd25\ud83d\udd25 - jagame seda koos! <\/span><\/li>\n<li><span data-sheets-value=\"{&quot;1&quot;:2,&quot;2&quot;:&quot;More curves than you can handle \ud83e\udd24 Thick thighs, juicy booty, and ready to get naughty! Come explore my world and let's have some fun \ud83d\udd25 &quot;}\" data-sheets-userformat=\"{&quot;2&quot;:14656,&quot;9&quot;:0,&quot;11&quot;:4,&quot;14&quot;:{&quot;1&quot;:2,&quot;2&quot;:0},&quot;15&quot;:&quot;Verdana&quot;,&quot;16&quot;:11}\">Rohkem k\u00f5verusi kui sa suudad \ud83e\udd24 Paksud reied, mahlakas tagumik ja valmis ulakas olema! Tule uuri minu maailma ja lase meil l\u00f5butseda \ud83d\udd25 <\/span><\/li>\n<\/ul>","protected":false},"featured_media":2340,"comment_status":"open","ping_status":"closed","template":"","meta":[],"product_brand":[],"product_cat":[22],"product_tag":[18],"class_list":{"0":"post-695","1":"product","2":"type-product","3":"status-publish","4":"has-post-thumbnail","6":"product_cat-captions","7":"product_tag-bbw","8":"infinite-scroll-item","9":"no-featured-image-padding","10":"sales-flash-overlay","11":"woocommerce-text-align-center","12":"woocommerce-image-align-center","13":"wc-has-gallery","15":"first","16":"instock","17":"downloadable","18":"virtual","19":"sold-individually","20":"purchasable","21":"product-type-simple"},"aioseo_notices":[],"_links":{"self":[{"href":"https:\/\/subtomy.com\/et\/wp-json\/wp\/v2\/product\/695","targetHints":{"allow":["GET"]}}],"collection":[{"href":"https:\/\/subtomy.com\/et\/wp-json\/wp\/v2\/product"}],"about":[{"href":"https:\/\/subtomy.com\/et\/wp-json\/wp\/v2\/types\/product"}],"replies":[{"embeddable":true,"href":"https:\/\/subtomy.com\/et\/wp-json\/wp\/v2\/comments?post=695"}],"wp:featuredmedia":[{"embeddable":true,"href":"https:\/\/subtomy.com\/et\/wp-json\/wp\/v2\/media\/2340"}],"wp:attachment":[{"href":"https:\/\/subtomy.com\/et\/wp-json\/wp\/v2\/media?parent=695"}],"wp:term":[{"taxonomy":"product_brand","embeddable":true,"href":"https:\/\/subtomy.com\/et\/wp-json\/wp\/v2\/product_brand?post=695"},{"taxonomy":"product_cat","embeddable":true,"href":"https:\/\/subtomy.com\/et\/wp-json\/wp\/v2\/product_cat?post=695"},{"taxonomy":"product_tag","embeddable":true,"href":"https:\/\/subtomy.com\/et\/wp-json\/wp\/v2\/product_tag?post=695"}],"curies":[{"name":"wp","href":"https:\/\/api.w.org\/{rel}","templated":true}]}}