{"id":701,"date":"2023-04-18T13:46:11","date_gmt":"2023-04-18T18:46:11","guid":{"rendered":"https:\/\/shop.cammodelagency.com\/?post_type=product&#038;p=701"},"modified":"2023-05-15T22:42:21","modified_gmt":"2023-05-16T03:42:21","slug":"100-booty-captions-for-social-media-onlyfans-reddit-etc","status":"publish","type":"product","link":"https:\/\/subtomy.com\/et\/toode\/100-jalg-peatused-sotsiaalmeedia-ainult-fannidele-reddit-etc\/","title":{"rendered":"100+ Booty Captions sotsiaalmeedia, OnlyFans, Reddit jne jaoks."},"content":{"rendered":"<p>Tutvustame \u00fclimat lahendust OnlyFans'i suurte tagumikega modellidele, kes soovivad suurendada oma sotsiaalmeedia kohalolekut ja meelitada rohkem j\u00e4rgijaid: Big Booty Social Media Caption Pack. See pakett on m\u00f5eldud spetsiaalselt modellidele, kes soovivad n\u00e4idata oma unikaalset ilu ja varasid nii seksikalt kui ka j\u00f5uliselt.<\/p>\n<p>Big Booty Social Media Caption Packiga saate terve rea kohandatud pealkirju, mis on kohandatud suurte tagumikega modellide vajadustele. Meie pildiallkirjad on kaasahaaravad, t\u00e4helepanu k\u00f6itvad ja hoolikalt koostatud, et tuua teie varad parimas v\u00f5imalikus valguses esile. Meie tiitrid on m\u00f5eldud nii m\u00e4nguliste \u00fchev\u00e4rsiliste s\u00f5nade kui ka m\u00f5tlemapanevate k\u00fcsimusteni, et tekitada vestlust ja luua teie f\u00e4nnidega s\u00fcgavam kontakt.<\/p>\n<p>Meie kogenud sotsiaalmeedia ekspertide meeskond m\u00f5istab, milliste v\u00e4ljakutsetega seisavad silmitsi suurte tagumikega modellid, ja on selle paketi koostanud just teie vajadusi silmas pidades. Me teame, kuidas r\u00f5hutada teie k\u00f5verusi ning panna teid tundma end enesekindlalt ja seksikalt, ilma et kasutataks ebarealistlikke v\u00f5i k\u00e4ttesaamatuid ilustandardeid.<\/p>\n<p>Kui te alles alustate OnlyFansis v\u00f5i soovite oma \u00e4ri j\u00e4rgmisele tasemele viia, on Big Booty Social Media Caption Pack ideaalne vahend teie n\u00e4htavuse suurendamiseks ja rohkemate j\u00e4lgijate leidmiseks. Meie tervikliku sotsiaalmeedia strateegia abil saate luua tugeva ja p\u00fchendunud j\u00e4lgijaskonna, kes hindab teie ainulaadset ilu ja toetab teie edu.<\/p>\n<p>Meie pildiallkirjad h\u00f5lmavad erinevaid teemasid, sealhulgas paks olemine, f\u00e4nnidega r\u00e4\u00e4kimine ja kiimas olemine. Me m\u00f5istame, et need on olulised elemendid suure tagumikuga modelleerimise t\u00f6\u00f6stuses, ja oleme loonud tiitlid, mis r\u00e4\u00e4givad neist teemadest nii maitsekalt kui ka kaasahaaravalt.<\/p>\n<p>Miks siis oodata? Tellige Big Booty sotsiaalmeedia pildipakett juba t\u00e4na ja alustage oma OnlyFans'i ettev\u00f5tte viimist j\u00e4rgmisele tasemele. Meie ekspertide juhendamise ja professionaalsete vahendite abil saate uhkusega oma ilu ja varasid n\u00e4idata ning meelitada ligi publikut, keda te v\u00e4\u00e4rite.<\/p>","protected":false},"excerpt":{"rendered":"<p>N\u00e4ited on j\u00e4rgmised:<\/p>\n<ul>\n<li><span data-sheets-value=\"{&quot;1&quot;:2,&quot;2&quot;:&quot;Flawless curves and a booty so thick you can bounce a quarter off it \ud83e\udd11 Come join me and let's explore my world of sensuality! I'm feeling extra naughty today, so come get to know me better...I promise you won't regret it \ud83d\ude09 &quot;}\" data-sheets-userformat=\"{&quot;2&quot;:14656,&quot;9&quot;:0,&quot;11&quot;:4,&quot;14&quot;:{&quot;1&quot;:2,&quot;2&quot;:0},&quot;15&quot;:&quot;Verdana&quot;,&quot;16&quot;:11}\">Veatud kurvid ja nii paks tagumik, et sellest saab veerandi maha p\u00f5rutada \ud83e\udd11 Tule minuga ja uurime minu sensuaalset maailma! Ma tunnen end t\u00e4na eriti ulakana, nii et tule ja tutvu minuga l\u00e4hemalt... ma luban, et sa ei kahetse seda \ud83d\ude09 <\/span><\/li>\n<li><span data-sheets-value=\"{&quot;1&quot;:2,&quot;2&quot;:&quot;Join the party \ud83c\udf89! I'm feeling extra thick and horny tonight, so come play with me. My booty is ready for some attention and I can't wait to talk naughty things with my fans \ud83e\udd29 &quot;}\" data-sheets-userformat=\"{&quot;2&quot;:14656,&quot;9&quot;:0,&quot;11&quot;:4,&quot;14&quot;:{&quot;1&quot;:2,&quot;2&quot;:0},&quot;15&quot;:&quot;Verdana&quot;,&quot;16&quot;:11}\">Liitu peoga \ud83c\udf89! Ma tunnen end t\u00e4na \u00f5htul eriti paksult ja kiimasena, nii et tulge minuga m\u00e4ngima. Minu tagumik on valmis t\u00e4helepanu saama ja ma ei saa oodata, et r\u00e4\u00e4kida oma f\u00e4nnidega ulakusi \ud83e\udd29. <\/span><\/li>\n<li><span data-sheets-value=\"{&quot;1&quot;:2,&quot;2&quot;:&quot;The most delicious \ud83c\udf51 in town! Come chat with me and find out what it's like to be this thick and horny. I'm ready to show you why my fans come back for more... \ud83d\ude09 &quot;}\" data-sheets-userformat=\"{&quot;2&quot;:14656,&quot;9&quot;:0,&quot;11&quot;:4,&quot;14&quot;:{&quot;1&quot;:2,&quot;2&quot;:0},&quot;15&quot;:&quot;Verdana&quot;,&quot;16&quot;:11}\">K\u00f5ige maitsvam \ud83c\udf51 linnas! Tule vestle minuga ja saa teada, mis tunne on olla nii paks ja kiimas. Olen valmis n\u00e4itama sulle, miks mu f\u00e4nnid tulevad tagasi rohkem... \ud83d\ude09 <\/span><\/li>\n<\/ul>","protected":false},"featured_media":1146,"comment_status":"open","ping_status":"closed","template":"","meta":[],"product_brand":[],"product_cat":[22],"product_tag":[20],"class_list":{"0":"post-701","1":"product","2":"type-product","3":"status-publish","4":"has-post-thumbnail","6":"product_cat-captions","7":"product_tag-booty","8":"infinite-scroll-item","9":"no-featured-image-padding","10":"sales-flash-overlay","11":"woocommerce-text-align-center","12":"woocommerce-image-align-center","13":"wc-has-gallery","15":"first","16":"instock","17":"downloadable","18":"virtual","19":"sold-individually","20":"purchasable","21":"product-type-simple"},"aioseo_notices":[],"_links":{"self":[{"href":"https:\/\/subtomy.com\/et\/wp-json\/wp\/v2\/product\/701","targetHints":{"allow":["GET"]}}],"collection":[{"href":"https:\/\/subtomy.com\/et\/wp-json\/wp\/v2\/product"}],"about":[{"href":"https:\/\/subtomy.com\/et\/wp-json\/wp\/v2\/types\/product"}],"replies":[{"embeddable":true,"href":"https:\/\/subtomy.com\/et\/wp-json\/wp\/v2\/comments?post=701"}],"wp:featuredmedia":[{"embeddable":true,"href":"https:\/\/subtomy.com\/et\/wp-json\/wp\/v2\/media\/1146"}],"wp:attachment":[{"href":"https:\/\/subtomy.com\/et\/wp-json\/wp\/v2\/media?parent=701"}],"wp:term":[{"taxonomy":"product_brand","embeddable":true,"href":"https:\/\/subtomy.com\/et\/wp-json\/wp\/v2\/product_brand?post=701"},{"taxonomy":"product_cat","embeddable":true,"href":"https:\/\/subtomy.com\/et\/wp-json\/wp\/v2\/product_cat?post=701"},{"taxonomy":"product_tag","embeddable":true,"href":"https:\/\/subtomy.com\/et\/wp-json\/wp\/v2\/product_tag?post=701"}],"curies":[{"name":"wp","href":"https:\/\/api.w.org\/{rel}","templated":true}]}}