{"id":1136,"date":"2023-05-11T20:21:26","date_gmt":"2023-05-12T01:21:26","guid":{"rendered":"https:\/\/subtomy.com\/?post_type=product&#038;p=1136"},"modified":"2024-03-02T21:54:02","modified_gmt":"2024-03-03T02:54:02","slug":"beta-humiliation-scripts","status":"publish","type":"product","link":"https:\/\/subtomy.com\/fi\/tuote\/beta-humiliation-scripts\/","title":{"rendered":"5 Beta Pay Pig n\u00f6yryytys Findom \/ Taloudellinen dominointi k\u00e4sikirjoitukset Pack"},"content":{"rendered":"<p>Hanki skriptit seuraaviin beta-uroksen n\u00f6yryytysskenaarioihin:<\/p>\n<ul>\n<li><strong>Beeta-uroksen saaminen maksamaan riitt\u00e4m\u00e4tt\u00f6myydest\u00e4\u00e4n<\/strong> - Vaadi beta-urosta maksamaan maksu, jos h\u00e4n ei pysty t\u00e4ytt\u00e4m\u00e4\u00e4n taloudellisia vaatimuksiaan. Laadi maksusuunnitelma ja vaadi beta-urokselta s\u00e4\u00e4nn\u00f6llisi\u00e4 maksuja muistuttaen h\u00e4nt\u00e4 riitt\u00e4m\u00e4tt\u00f6myydest\u00e4 ja kyvytt\u00f6myydest\u00e4 miellytt\u00e4\u00e4 esimiest\u00e4\u00e4n.<\/li>\n<li><strong>N\u00f6yryytt\u00e4\u00e4 beeta-urosta h\u00e4nen taloudellisen menestyksens\u00e4 puutteen vuoksi.<\/strong> - Pilkkaa ja v\u00e4h\u00e4ttele beetaurosta, koska h\u00e4n ei pysty tarjoamaan tarpeeksi rahaa tyydytt\u00e4\u00e4kseen hallitsevan miehen tarpeet ja toiveet. Uhkailla beta-uroksen taloudellisen tilanteen paljastamisella muille n\u00f6yryytyksen lis\u00e4\u00e4miseksi.<\/li>\n<li><strong>Pukeutuminen alas beeta-uros h\u00e4nen alemmuuttaan varten<\/strong> - Pakota beta-uros pukeutumaan n\u00f6yryytt\u00e4viin vaatteisiin tai suorittamaan alentavia teht\u00e4vi\u00e4. Beeta-uroksen on k\u00e4ytett\u00e4v\u00e4 halpoja tai ep\u00e4miellytt\u00e4vi\u00e4 vaatteita, kun taas hallitseva pr\u00f6yst\u00e4ilee varallisuudellaan ja ylellisyydell\u00e4\u00e4n.<\/li>\n<li><strong>Beta-uroksen julkinen n\u00f6yryytys<\/strong> - Vaaditaan panttivankeja suorittamaan n\u00f6yryytt\u00e4vi\u00e4 tekoja julkisesti, kuten pit\u00e4m\u00e4\u00e4n kyltti\u00e4, joka julistaa heid\u00e4n alemmuuttaan, tai pakotetaan heid\u00e4t kerj\u00e4\u00e4m\u00e4\u00e4n rahaa kadulla. N\u00f6yryytyst\u00e4 voi voimistaa muiden ihmisten l\u00e4sn\u00e4olo, jotka voivat todistaa betan riitt\u00e4m\u00e4tt\u00f6myyden.<\/li>\n<li><strong>Taloudellinen ylivalta beeta-uroksen pankkitilill\u00e4\u00a0<\/strong>- Tied\u00e4tte, mit\u00e4 t\u00e4\u00e4ll\u00e4 tapahtuu!<\/li>\n<\/ul>\n<p><em>Katsot, kun beta-uros polvistuu eteesi. H\u00e4nen p\u00e4\u00e4ns\u00e4 roikkuu alhaalla, h\u00e4nen kasvonsa ovat h\u00e4pe\u00e4n ja n\u00f6yryytyksen naamio. H\u00e4n on t\u00e4\u00e4ll\u00e4, koska h\u00e4n ei t\u00e4ytt\u00e4nyt taloudellisia tai muita odotuksiasi ja joutuu nyt k\u00e4rsim\u00e4\u00e4n seurauksista. Nautit t\u00e4st\u00e4 hetkest\u00e4, nautit h\u00e4nen palveluksellisuudestaan.<\/em><\/p>\n<p><em>\"Et pysty siihen\", sanot h\u00e4nelle halveksuen, \"joten nyt sinun on maksettava.\" Beta-uros siirtyy ep\u00e4mukavasti, mutta ei vastaa sinulle; h\u00e4n tiet\u00e4\u00e4, ettei h\u00e4nen kannata v\u00e4itt\u00e4\u00e4 vastaan paremmuuttasi. Silm\u00e4si viipyv\u00e4t h\u00e4ness\u00e4 ik\u00e4\u00e4n kuin haastaisit h\u00e4net tekem\u00e4\u00e4n asialle jotain, mit\u00e4 tahansa. Mutta h\u00e4n ei sano mit\u00e4\u00e4n muuta kuin hyv\u00e4ksyy sen, mit\u00e4 v\u00e4lill\u00e4nne tapahtuu, ja ymm\u00e4rt\u00e4\u00e4, ett\u00e4 raha vaihdetaan t\u00e4n\u00e4\u00e4n n\u00f6yryytykseen ja alennustilaan.<\/em><\/p>\n<p><em>H\u00e4n avaa lompakkonsa ja ojentaa k\u00e4teist\u00e4 - paljon v\u00e4hemm\u00e4n kuin mit\u00e4 l\u00f6yt\u00f6palvelusi vaativat, mutta enemm\u00e4n kuin tarpeeksi ottaen huomioon, miten arvoton h\u00e4n on sinuun verrattuna - mik\u00e4 saa huulillesi tyytyv\u00e4isen virneen. T\u00e4m\u00e4 aika on ollut t\u00e4h\u00e4n menness\u00e4 sen arvoista, mutta lis\u00e4\u00e4 hauskaa on viel\u00e4 j\u00e4ljell\u00e4!<\/em><\/p>\n<p><em>Osoitat m\u00e4\u00e4r\u00e4ilev\u00e4sti kohti maata, jonne kolikoita hajotettiin aiemmin er\u00e4\u00e4n ylivertaisuusn\u00e4yt\u00f6ksesi aikana, ja vaadit, ett\u00e4 jokainen kolikko on poimittava yksitellen, kunnes ne kaikki ovat taas kadonneet n\u00e4kyvist\u00e4. Beta-uros noudattaa kuuliaisesti my\u00f6s t\u00e4t\u00e4 pyynt\u00f6\u00e4 ja v\u00e4\u00e4ntelehtii hiljaa jokaisesta liikkeest\u00e4, vaikka tiet\u00e4\u00e4 hyvin, ett\u00e4 tottelemattomuus johtaisi my\u00f6hemmin viel\u00e4 kovempiin rangaistuksiin.<\/em><\/p>\n<p><em>Kun kaikki kolikot on viimein ker\u00e4tty, heid\u00e4n huomionsa k\u00e4\u00e4ntyy kuitenkin pois heist\u00e4 ja kohdistuu sen sijaan sinuun itseesi - odottaen innokkaasti mit\u00e4 tahansa muuta suuntaa tai k\u00e4sky\u00e4, jonka annat seuraavaksi...<\/em><\/p>","protected":false},"excerpt":{"rendered":"<p>Hanki v\u00e4lit\u00f6n p\u00e4\u00e4sy 5 skriptiin beta-uroksen n\u00f6yryytt\u00e4miseen! 1344 sanaa kultaa, jotka voidaan r\u00e4\u00e4t\u00e4l\u00f6id\u00e4 sek\u00e4 nauhoitettuja videoita ett\u00e4 virtuaalisia kahdenkeskisi\u00e4 kohtaamisia varten.<\/p>\n<p>Mit\u00e4 sin\u00e4 odotat? P\u00e4ivit\u00e4 dominointipelisi juuri nyt.<\/p>","protected":false},"featured_media":2257,"comment_status":"closed","ping_status":"closed","template":"","meta":[],"product_brand":[],"product_cat":[47],"product_tag":[28],"class_list":{"0":"post-1136","1":"product","2":"type-product","3":"status-publish","4":"has-post-thumbnail","6":"product_cat-scripts","7":"product_tag-findom","8":"infinite-scroll-item","9":"no-featured-image-padding","10":"sales-flash-overlay","11":"woocommerce-text-align-center","12":"woocommerce-image-align-center","13":"wc-has-gallery","15":"first","16":"instock","17":"downloadable","18":"virtual","19":"sold-individually","20":"purchasable","21":"product-type-simple"},"aioseo_notices":[],"_links":{"self":[{"href":"https:\/\/subtomy.com\/fi\/wp-json\/wp\/v2\/product\/1136","targetHints":{"allow":["GET"]}}],"collection":[{"href":"https:\/\/subtomy.com\/fi\/wp-json\/wp\/v2\/product"}],"about":[{"href":"https:\/\/subtomy.com\/fi\/wp-json\/wp\/v2\/types\/product"}],"replies":[{"embeddable":true,"href":"https:\/\/subtomy.com\/fi\/wp-json\/wp\/v2\/comments?post=1136"}],"wp:featuredmedia":[{"embeddable":true,"href":"https:\/\/subtomy.com\/fi\/wp-json\/wp\/v2\/media\/2257"}],"wp:attachment":[{"href":"https:\/\/subtomy.com\/fi\/wp-json\/wp\/v2\/media?parent=1136"}],"wp:term":[{"taxonomy":"product_brand","embeddable":true,"href":"https:\/\/subtomy.com\/fi\/wp-json\/wp\/v2\/product_brand?post=1136"},{"taxonomy":"product_cat","embeddable":true,"href":"https:\/\/subtomy.com\/fi\/wp-json\/wp\/v2\/product_cat?post=1136"},{"taxonomy":"product_tag","embeddable":true,"href":"https:\/\/subtomy.com\/fi\/wp-json\/wp\/v2\/product_tag?post=1136"}],"curies":[{"name":"wp","href":"https:\/\/api.w.org\/{rel}","templated":true}]}}