{"id":1372,"date":"2023-05-15T22:49:16","date_gmt":"2023-05-16T03:49:16","guid":{"rendered":"https:\/\/subtomy.com\/?post_type=product&#038;p=1372"},"modified":"2023-05-24T16:42:13","modified_gmt":"2023-05-24T21:42:13","slug":"findom-debt-contract-template","status":"publish","type":"product","link":"https:\/\/subtomy.com\/fi\/tuote\/findom-debt-sopimusmalli\/","title":{"rendered":"Findom velkasopimusmalli"},"content":{"rendered":"<h3 style=\"text-align: center;\">Esittelyss\u00e4 Findomin velkasopimus: Turvaa palkkasikasi taloudellinen toimittaminen<\/h3>\n<p>Lukitse palkkasikasi rikkoutumattomaan sopimukseen, jota he eiv\u00e4t voi vastustaa. Findomin velkasopimuksella voit vaatia alistujaltasi horjumatonta taloudellista kuuliaisuutta. T\u00e4m\u00e4 huolellisesti laadittu sopimus lis\u00e4\u00e4 roolipeliinne lis\u00e4\u00e4 intensiteetti\u00e4 ja varmistaa, ett\u00e4 maksusikasi sitoutuu t\u00e4ytt\u00e4m\u00e4\u00e4n taloudelliset velvoitteensa.<\/p>\n<p><strong>Mit\u00e4 saat:<\/strong><\/p>\n<ol>\n<li><strong>Mukautettava 698 sanan sopimus<\/strong>: Saat kattavan sopimuksen, joka kattaa kaikki rahoitusj\u00e4rjestelysi n\u00e4k\u00f6kohdat. T\u00e4m\u00e4 698 sanaa sis\u00e4lt\u00e4v\u00e4 asiakirja tarjoaa vankan perustan maksupossun velkaehtojen m\u00e4\u00e4ritt\u00e4miselle. Sopimus on k\u00e4tev\u00e4sti saatavilla Google Docsissa, mik\u00e4 mahdollistaa vaivattoman yleisen muokkauksen.<\/li>\n<li><strong>Henkil\u00f6kohtaiset osiot:<\/strong> Findom-velkasopimuksessa on korostettuja osioita, jotka voidaan mukauttaa saumattomasti omalla ja alistuvan nimell\u00e4si, mik\u00e4 lis\u00e4\u00e4 vallan dynamiikkaan henkil\u00f6kohtaisen kosketuksen. Uppoudu taloudellisen kontrollin illuusioon ja vahvista hallitsevuuttasi palkkasikasi suhteen.<\/li>\n<li><strong>Joustavuus r\u00e4\u00e4t\u00e4l\u00f6inti\u00e4 varten<\/strong>: R\u00e4\u00e4t\u00e4l\u00f6i sopimus toiveittesi ja mieltymystesi mukaiseksi. Lis\u00e4\u00e4 tai poista osioita helposti sopivaksi katsomallasi tavalla ja varmista, ett\u00e4 sopimus heijastaa roolipelisi syvyytt\u00e4 ja monimutkaisuutta. Tee siit\u00e4 todellinen ilmentym\u00e4 taloudellisista dominointifantasioistasi.<\/li>\n<li><strong>Roolileikkien teatteri<\/strong>: On t\u00e4rke\u00e4\u00e4 muistaa, ett\u00e4 Findomin velkasopimukset ovat luonteeltaan puhtaasti teatraalisia, ja ne on suunniteltu lis\u00e4\u00e4m\u00e4\u00e4n roolipelikokemuksen intensiteetti\u00e4 ja uppoutumista. Ne ovat tehokas v\u00e4line, jolla syvennet\u00e4\u00e4n alistumisen ja taloudellisen kontrollin dynamiikkaa, ja ne lis\u00e4\u00e4v\u00e4t sinun ja alistujasi v\u00e4list\u00e4 tunnesuhdetta.<\/li>\n<\/ol>\n<p>Syleile Findomin velkasopimuksen dramaattista vieh\u00e4tyst\u00e4, jossa fantasia kohtaa todellisuuden taloudellisen ylivallan maailmassa. Kun sinulla on t\u00e4m\u00e4 sopimus k\u00e4dess\u00e4si, voit kohottaa roolipeli\u00e4si, lujittaa auktoriteettisi ja varmistaa, ett\u00e4 maksusikasi ei voi muuta kuin t\u00e4ytt\u00e4\u00e4 taloudelliset velvoitteensa.<\/p>\n<p>Vaikka Findomin velkasopimukset lis\u00e4\u00e4v\u00e4t roolipelin syvyytt\u00e4, niill\u00e4 ei ole oikeudellista merkityst\u00e4. Suostumus, kommunikaatio ja luottamus ovat edelleen ensiarvoisen t\u00e4rkeit\u00e4 miss\u00e4 tahansa taloudellisen hallinnan dynamiikassa. K\u00e4yt\u00e4 sopimusta vastuullisesti ja sinun ja alistujasi v\u00e4listen rajojen puitteissa.<\/p>\n<p>Oletko valmis pident\u00e4m\u00e4\u00e4n talouden hallinnan rajoja ja vangitsemaan palkkasikasi vankkumattoman sitoutumisen? Hy\u00f6dynn\u00e4 Findomin velkasopimuksen voima ja katso, kuinka alistuva alistujasi luovuttaa vapaaehtoisesti taloudellisen vapautensa palvellakseen sinua.<\/p>","protected":false},"excerpt":{"rendered":"<p>Valmistaudu lukitsemaan palkkasikasi sopimukseen, jota heill\u00e4 ei ole muuta vaihtoehtoa kuin maksaa.<\/p>\n<p><strong>Mit\u00e4 saat:<\/strong><\/p>\n<ul>\n<li>Helposti muokattava 698 sanan sopimus, jossa on linkki Google Docs -tiedostoon yleist\u00e4 muokkausta varten.<\/li>\n<li>Korostetut osiot, jotka voidaan r\u00e4\u00e4t\u00e4l\u00f6id\u00e4 omalla nimell\u00e4si ja alistujasi nimell\u00e4.<\/li>\n<li>Lis\u00e4\u00e4 ja poista osioita helposti haluamallasi tavalla.<\/li>\n<\/ul>\n<p><em>Muista, ett\u00e4 findom-velkasopimukset ovat pelkk\u00e4\u00e4 teatteria, joka vain lis\u00e4\u00e4 roolipelin syvyytt\u00e4.\u00a0<\/em><\/p>","protected":false},"featured_media":1543,"comment_status":"closed","ping_status":"closed","template":"","meta":[],"product_brand":[],"product_cat":[140],"product_tag":[28],"class_list":{"0":"post-1372","1":"product","2":"type-product","3":"status-publish","4":"has-post-thumbnail","6":"product_cat-tools","7":"product_tag-findom","8":"infinite-scroll-item","9":"no-featured-image-padding","10":"sales-flash-overlay","11":"woocommerce-text-align-center","12":"woocommerce-image-align-center","14":"first","15":"instock","16":"downloadable","17":"virtual","18":"sold-individually","19":"purchasable","20":"product-type-simple"},"aioseo_notices":[],"_links":{"self":[{"href":"https:\/\/subtomy.com\/fi\/wp-json\/wp\/v2\/product\/1372","targetHints":{"allow":["GET"]}}],"collection":[{"href":"https:\/\/subtomy.com\/fi\/wp-json\/wp\/v2\/product"}],"about":[{"href":"https:\/\/subtomy.com\/fi\/wp-json\/wp\/v2\/types\/product"}],"replies":[{"embeddable":true,"href":"https:\/\/subtomy.com\/fi\/wp-json\/wp\/v2\/comments?post=1372"}],"wp:featuredmedia":[{"embeddable":true,"href":"https:\/\/subtomy.com\/fi\/wp-json\/wp\/v2\/media\/1543"}],"wp:attachment":[{"href":"https:\/\/subtomy.com\/fi\/wp-json\/wp\/v2\/media?parent=1372"}],"wp:term":[{"taxonomy":"product_brand","embeddable":true,"href":"https:\/\/subtomy.com\/fi\/wp-json\/wp\/v2\/product_brand?post=1372"},{"taxonomy":"product_cat","embeddable":true,"href":"https:\/\/subtomy.com\/fi\/wp-json\/wp\/v2\/product_cat?post=1372"},{"taxonomy":"product_tag","embeddable":true,"href":"https:\/\/subtomy.com\/fi\/wp-json\/wp\/v2\/product_tag?post=1372"}],"curies":[{"name":"wp","href":"https:\/\/api.w.org\/{rel}","templated":true}]}}