{"id":1540,"date":"2023-05-24T16:39:17","date_gmt":"2023-05-24T21:39:17","guid":{"rendered":"https:\/\/subtomy.com\/?post_type=product&#038;p=1540"},"modified":"2024-03-02T22:05:11","modified_gmt":"2024-03-03T03:05:11","slug":"findom-question-pack","status":"publish","type":"product","link":"https:\/\/subtomy.com\/fi\/tuote\/findom-question-pack\/","title":{"rendered":"Findom 100 kysymyksen paketti OnlyFansille, Loyalfansille, Redditille, Twitterille jne."},"content":{"rendered":"<h3 style=\"text-align: center;\">Esittelyss\u00e4 FinDom 100 kysymyksen paketti: FinDom: Vapauta taloudellinen valta-asemasi<\/h3>\n<p>Kutsumme kaikkia taloushallinnon hallitsijoita! Oletko valmis nostamaan hallintaa, vangitsemaan yleis\u00f6si ja varmistamaan, ett\u00e4 asiakkaasi himoitsevat taloudellista valta-asemaanne enemm\u00e4n kuin koskaan ennen? Astu valokeilaan FinDom 100-kysymyspaketin avulla, joka on tehokas ty\u00f6kalu, joka on suunniteltu OnlyFansin, Loyalfansin, Redditin, Twitterin ja muiden sosiaalisen median kanavien kaltaisille alustoille.<\/p>\n<ol>\n<li><strong>Hallitse markkinoitasi<\/strong>: Hanki kilpailuetua taloushallinnossa t\u00e4m\u00e4n huolellisesti kuratoidun kysymyspaketin avulla. Vangitse yleis\u00f6si, houkuttele uusia potentiaalisia asiakkaita ja j\u00e4t\u00e4 l\u00e4htem\u00e4t\u00f6n j\u00e4lki nykyisiin asiakkaisiisi, kun otat vaivattomasti haltuun heid\u00e4n toiveensa.<\/li>\n<li><strong>Sytyt\u00e4 heid\u00e4n halunsa<\/strong>: Vapauta tunteiden py\u00f6rremyrsky ja her\u00e4t\u00e4 seuraajiesi kyltym\u00e4t\u00f6n halu taloudelliseen alistumiseen. Jokainen kysymys on laadittu tarkasti, ja se on suunniteltu her\u00e4tt\u00e4m\u00e4\u00e4n voimakkaan odotuksen, kaipuun ja ylivoimaisen tarpeen t\u00e4ytt\u00e4\u00e4 heid\u00e4n syvimm\u00e4t taloudelliset fantasiansa.<\/li>\n<li><strong>Polttoaineen asiakkaiden kulutuksen<\/strong>: Vie asiakkaasi matkalle, jossa nautinto ja rahank\u00e4ytt\u00f6 kietoutuvat yhteen. Hy\u00f6dynt\u00e4m\u00e4ll\u00e4 strategisesti FinDomin 100 kysymyksen pakettia voit vapauttaa heid\u00e4n halukkuutensa investoida enemm\u00e4n ja lis\u00e4t\u00e4 heid\u00e4n haluaan miellytt\u00e4\u00e4 ja palvella sinua taloudellisesti.<\/li>\n<li><strong>Henkil\u00f6kohtainen l\u00e4hestymistapa<\/strong>: R\u00e4\u00e4t\u00e4l\u00f6i kyselystrategia yksil\u00f6lliseen tyyliisi ja mieltymyksiisi sopivaksi. Piditp\u00e4 sitten hallitsevasta auktoriteetista tai hienovaraisesta manipuloinnista, n\u00e4iden kysymysten avulla voit hienos\u00e4\u00e4t\u00e4\u00e4 l\u00e4hestymistapasi ja varmistaa maksimaalisen vaikutuksen jokaisessa vuorovaikutuksessa.<\/li>\n<li><strong>Viljele uskollisuutta<\/strong>: Syvenn\u00e4 yhteytt\u00e4si nykyiseen asiakaskuntaasi tarjoamalla heille ainutlaatuisen ja mukaansatempaavan kokemuksen. FinDom 100-kysymyspaketti edist\u00e4\u00e4 uskollisuutta, tekee sinusta kiist\u00e4m\u00e4tt\u00f6m\u00e4n auktoriteetin taloushallinnon alalla ja kannustaa uusintak\u00e4ynteihin.<\/li>\n<li><strong>Vahvista sitoutumista<\/strong>: Kannusta seuraajiasi osallistumaan aktiivisesti sis\u00e4lt\u00f6\u00f6si ja keskusteluihisi. Kipin\u00f6i stimuloivia keskusteluja, kutsu heit\u00e4 jakamaan toiveensa ja rajojaan ja luo yhteis\u00f6, jossa taloudelliset alistujat ja hallitsijat voivat yhdist\u00e4\u00e4 ja tukea toisiaan.<\/li>\n<li><strong>Empower Your Dominance<\/strong>: Paljasta vastustamattoman taloudellisen ylivallan salaisuudet ja paljasta asiakkaidesi piilotetut toiveet. FinDom 100 kysymyksen paketti oppaanasi, voit esitell\u00e4 asiantuntemustasi, lis\u00e4t\u00e4 odotusta ja lujittaa asemaasi hallitsevana voimana, jota asiakkaat kaipaavat.<\/li>\n<\/ol>\n<p>P\u00e4\u00e4st\u00e4 FinDom 100 kysymyksen paketin voima valloilleen ja seuraa, kun taloudellinen valta-asemasi nousee uusiin korkeuksiin. Astu rajattomaan hallintaan, vertaansa vailla olevaan tyytyv\u00e4isyyteen ja uskolliseen asiakaskuntaan, joka alistuu auliisti taloudelliseen kyvykkyyteesi.<\/p>","protected":false},"excerpt":{"rendered":"<p>Esittelyss\u00e4 FinDom 100 kysymyksen paketti: FinDom: Vapauta taloudellinen valta-asemasi<\/p>\n<p>Kutsumme kaikkia taloushallinnon hallitsijoita! Oletko valmis nostamaan hallintaa, vangitsemaan yleis\u00f6si ja varmistamaan, ett\u00e4 asiakkaasi himoitsevat taloudellista valta-asemaanne enemm\u00e4n kuin koskaan ennen? Astu valokeilaan FinDom 100-kysymyspaketin avulla, joka on tehokas ty\u00f6kalu, joka on suunniteltu yksinomaan OnlyFansin, Loyalfansin, Redditin, Twitterin ja muiden sosiaalisen median kanavien kaltaisille alustoille.<\/p>\n<ul>\n<li><em>Mihin haluat minun laittavan saappaani? \ud83c\udf86 Alistu ja maksa n\u00f6yryytyksest\u00e4si nyt, possu! \ud83d\udcb8<\/em><\/li>\n<li><em>Kuka haluaa olla taloudellinen alistajani ja tehd\u00e4 mit\u00e4 tahansa \ud83d\udcb8 tehd\u00e4kseen minut onnelliseksi? Olen valmis ottamaan hallinnan ja n\u00f6yryytt\u00e4m\u00e4\u00e4n sinua, kunnes et voi muuta kuin kerj\u00e4t\u00e4 lis\u00e4\u00e4. \ud83d\ude08<\/em><\/li>\n<li><em>Kuka on valmis saamaan \ud83e\udd11\ud83d\udcb8taked to the limit by their sexy Findom? \ud83d\udd25Oletko valmis luopumaan kaikesta hallinnasta ja olemaan t\u00e4ysin paljastettu, n\u00f6yryytetty ja laitettu omalle paikallesi minun vuokseni? \ud83d\ude08<\/em><\/li>\n<\/ul>","protected":false},"featured_media":2259,"comment_status":"closed","ping_status":"closed","template":"","meta":[],"product_brand":[],"product_cat":[35],"product_tag":[28],"class_list":{"0":"post-1540","1":"product","2":"type-product","3":"status-publish","4":"has-post-thumbnail","6":"product_cat-question-packs","7":"product_tag-findom","8":"infinite-scroll-item","9":"no-featured-image-padding","10":"sales-flash-overlay","11":"woocommerce-text-align-center","12":"woocommerce-image-align-center","13":"wc-has-gallery","15":"first","16":"instock","17":"downloadable","18":"virtual","19":"sold-individually","20":"purchasable","21":"product-type-simple"},"aioseo_notices":[],"_links":{"self":[{"href":"https:\/\/subtomy.com\/fi\/wp-json\/wp\/v2\/product\/1540","targetHints":{"allow":["GET"]}}],"collection":[{"href":"https:\/\/subtomy.com\/fi\/wp-json\/wp\/v2\/product"}],"about":[{"href":"https:\/\/subtomy.com\/fi\/wp-json\/wp\/v2\/types\/product"}],"replies":[{"embeddable":true,"href":"https:\/\/subtomy.com\/fi\/wp-json\/wp\/v2\/comments?post=1540"}],"wp:featuredmedia":[{"embeddable":true,"href":"https:\/\/subtomy.com\/fi\/wp-json\/wp\/v2\/media\/2259"}],"wp:attachment":[{"href":"https:\/\/subtomy.com\/fi\/wp-json\/wp\/v2\/media?parent=1540"}],"wp:term":[{"taxonomy":"product_brand","embeddable":true,"href":"https:\/\/subtomy.com\/fi\/wp-json\/wp\/v2\/product_brand?post=1540"},{"taxonomy":"product_cat","embeddable":true,"href":"https:\/\/subtomy.com\/fi\/wp-json\/wp\/v2\/product_cat?post=1540"},{"taxonomy":"product_tag","embeddable":true,"href":"https:\/\/subtomy.com\/fi\/wp-json\/wp\/v2\/product_tag?post=1540"}],"curies":[{"name":"wp","href":"https:\/\/api.w.org\/{rel}","templated":true}]}}