{"id":1561,"date":"2023-05-25T10:39:07","date_gmt":"2023-05-25T15:39:07","guid":{"rendered":"https:\/\/subtomy.com\/?post_type=product&#038;p=1561"},"modified":"2024-03-20T18:06:00","modified_gmt":"2024-03-20T23:06:00","slug":"findom-good-morning-messages","status":"publish","type":"product","link":"https:\/\/subtomy.com\/fi\/tuote\/findom-hyvaa-aamua-viestit-2\/","title":{"rendered":"Findom 65 Good Morning Messages Pack (joukkoviesti, 1-on-1)"},"content":{"rendered":"<h3 style=\"text-align: center;\">Esittelyss\u00e4 Findom 65 Good Morning Messages Pack: Taloudellinen herruus: Empower Your Financial Domination: Empower Your Financial Domination<\/h3>\n<p>Nouskaa ja loistakaa, taloudelliset hallitsijat! Ota alistujasi p\u00e4iv\u00e4 haltuun heti her\u00e4\u00e4misest\u00e4 l\u00e4htien Findom 65 Good Morning Messages Packin avulla. T\u00e4m\u00e4 kokoelma provosoivia ja houkuttelevia viestej\u00e4 on suunniteltu massaviestint\u00e4\u00e4 ja henkil\u00f6kohtaista kahdenkeskist\u00e4 vuorovaikutusta varten, ja se varmistaa, ett\u00e4 hallitsevuutesi heid\u00e4n raha-asioitaan kohtaan tuntuu heti jokaisen p\u00e4iv\u00e4n alusta alkaen. Anna sanojesi voiman ohjata heid\u00e4n taloudellista alistumistaan ja lujittaa hallintaasi.<\/p>\n<ol>\n<li><strong>Aseta hallinnan s\u00e4vy<\/strong>: Tartu tilaisuuteen ja vakiinnuta valta-asema aloittamalla p\u00e4iv\u00e4si viestill\u00e4, joka vahvistaa taloudellista m\u00e4\u00e4r\u00e4ysvaltaasi. Muistuta heit\u00e4 siit\u00e4, ett\u00e4 laskuja on maksettava ja ett\u00e4 sin\u00e4 olet heid\u00e4n taloudellisen ep\u00e4vakauden ja tyytym\u00e4tt\u00f6myyden taustalla.<\/li>\n<li><strong>Vapauta aamuinen nautinto<\/strong>: Aloita heid\u00e4n p\u00e4iv\u00e4ns\u00e4 houkuttelevalla lupauksella nautinnosta ja tyydytyksest\u00e4. Anna heid\u00e4n tiet\u00e4\u00e4, ett\u00e4 luovuttamalla taloudellisen valtansa sinulle, he voivat kokea riemastuttavan kiireen, joka syntyy palvelemalla kaltaistasi voimakasta taloudellista hallitsijaa.<\/li>\n<li><strong>Kipin\u00e4n odotus<\/strong>: Sytyt\u00e4 heid\u00e4n innostuksensa tulevaa p\u00e4iv\u00e4\u00e4 varten kiusaamalla heit\u00e4 n\u00e4kym\u00e4ll\u00e4 ilahduttavia rahavirtoja ja nautintoa rahapelien harrastamisesta. Rakenna odotusta siit\u00e4 vauraudesta, jonka he vapaaehtoisesti antavat imperiumillesi.<\/li>\n<li><strong>Ravitse alistuvaa ajattelutapaa<\/strong>: Kannusta alistuvaa ajattelutapaa heti p\u00e4iv\u00e4n alusta alkaen. Istuta siemen, ett\u00e4 he haluavat palvella ja miellytt\u00e4\u00e4 sinua taloudellisesti, ja muistuta heit\u00e4 siit\u00e4 nautinnosta ja t\u00e4yttymyksest\u00e4, joka odottaa heit\u00e4, kun he omaksuvat roolinsa omistautuneena palkkasikana.<\/li>\n<li><strong>Henkil\u00f6kohtaista viestej\u00e4si<\/strong>: R\u00e4\u00e4t\u00e4l\u00f6i aamuviestit kullekin yksil\u00f6lle, jotta he tuntevat itsens\u00e4 erityiseksi ja halutuksi. K\u00e4yt\u00e4 heid\u00e4n nime\u00e4\u00e4n, viittaa tiettyihin rahoitustapahtumiin tai ota huomioon heid\u00e4n ainutlaatuiset toiveensa. Henkil\u00f6kohtaistaminen lis\u00e4\u00e4 kosketusta, joka syvent\u00e4\u00e4 heid\u00e4n yhteytt\u00e4\u00e4n sinuun heid\u00e4n hallitsijanaan.<\/li>\n<li><strong>Jatkuvan viestinn\u00e4n edist\u00e4minen<\/strong>: K\u00e4yt\u00e4 Good Morning Messages Pack -pakettia yll\u00e4pit\u00e4\u00e4ksesi avointa viestint\u00e4\u00e4 alistujiesi kanssa.<\/li>\n<li><strong>Laajenna taloudellista imperiumiasi<\/strong>: Findom 65 Good Morning Messages Pack -paketin avulla sinulla on k\u00e4yt\u00f6ss\u00e4nne tehokas ty\u00f6kalu, jolla voit viljell\u00e4 ja laajentaa taloudellista imperiumianne. Vahvista suhteitasi alistettuihin, inspiroi lis\u00e4\u00e4ntyvi\u00e4 taloudellisia panostuksia ja vakiinnuta asemasi heid\u00e4n perimm\u00e4isen\u00e4 taloudellisena hallitsijanaan.<\/li>\n<\/ol>\n<p>Aloita jokainen p\u00e4iv\u00e4 Findom 65 Hyv\u00e4\u00e4 huomenta -viestipaketilla ja todista sanojesi vaikutus alistujiesi taloudelliseen alistumiseen. Vahvista valta-asemasi, sytyt\u00e4 heid\u00e4n halunsa palvella ja seuraa, kuinka heid\u00e4n omistautumisensa taloudelliselle imperiumillesi syvenee. Hy\u00f6dynn\u00e4 hyvin laaditun aamuviestin voima ja ota heid\u00e4n taloutensa hallintaasi ennenn\u00e4kem\u00e4tt\u00f6m\u00e4ll\u00e4 tavalla.<\/p>\n<p>Harjoittele vastuullista taloudellista dominointia, kunnioittaen rajoja, suostumusta ja avointa viestint\u00e4\u00e4 kaikissa vuorovaikutustilanteissa.<\/p>","protected":false},"excerpt":{"rendered":"<h3 style=\"text-align: center;\">Esittelyss\u00e4 Findom 65 Good Morning Messages Pack: Taloudellinen herruus: Empower Your Financial Domination: Empower Your Financial Domination<\/h3>\n<p><strong>Sis\u00e4lt\u00e4\u00e4 viestej\u00e4 kuten<\/strong><\/p>\n<ul>\n<li>Uskomaton aamu. T\u00e4st\u00e4 tulee hieno p\u00e4iv\u00e4 rahapelille! Odotan jo innolla kaikkia tuhmia ja herkullisia rahavirtoja, jotka tulevat t\u00e4n\u00e4\u00e4n. \ud83d\ude09 #Hyv\u00e4\u00e4huomenta #FinancialDomination #Findom<\/li>\n<li>Ilmoitan, ett\u00e4 alkaa uusi p\u00e4iv\u00e4, joka on t\u00e4ynn\u00e4 mahdollisuuksia! \ud83d\udcb8 Toivottavasti olet valmis tekem\u00e4\u00e4n minusta entist\u00e4kin rikkaamman t\u00e4n\u00e4\u00e4n, tuhma pikku palkkasikani. \ud83d\ude09 #Findom #Femdom #FinancialDomination<\/li>\n<li><span data-sheets-value=\"{&quot;1&quot;:2,&quot;2&quot;:&quot;I know it's been a while since I gave you something to be grateful for, so here's your chance: open your wallet and pay tribute to me this morning \u2615\ufe0f \ud83d\ude09&quot;}\" data-sheets-userformat=\"{&quot;2&quot;:8961,&quot;3&quot;:{&quot;1&quot;:0},&quot;11&quot;:4,&quot;12&quot;:0,&quot;16&quot;:12}\">Tied\u00e4n, ett\u00e4 siit\u00e4 on aikaa, kun viimeksi annoin teille jotain, mist\u00e4 voitte olla kiitollisia, joten t\u00e4ss\u00e4 on tilaisuutenne: avatkaa lompakkonne ja osoittakaa kunnioitusta minulle t\u00e4n\u00e4 aamuna! \u2615\ufe0f \ud83d\ude09<\/span><\/li>\n<\/ul>","protected":false},"featured_media":2284,"comment_status":"closed","ping_status":"closed","template":"","meta":[],"product_brand":[],"product_cat":[141],"product_tag":[28],"class_list":{"0":"post-1561","1":"product","2":"type-product","3":"status-publish","4":"has-post-thumbnail","6":"product_cat-messaging","7":"product_tag-findom","8":"infinite-scroll-item","9":"no-featured-image-padding","10":"sales-flash-overlay","11":"woocommerce-text-align-center","12":"woocommerce-image-align-center","13":"wc-has-gallery","15":"first","16":"instock","17":"downloadable","18":"virtual","19":"sold-individually","20":"purchasable","21":"product-type-simple"},"aioseo_notices":[],"_links":{"self":[{"href":"https:\/\/subtomy.com\/fi\/wp-json\/wp\/v2\/product\/1561","targetHints":{"allow":["GET"]}}],"collection":[{"href":"https:\/\/subtomy.com\/fi\/wp-json\/wp\/v2\/product"}],"about":[{"href":"https:\/\/subtomy.com\/fi\/wp-json\/wp\/v2\/types\/product"}],"replies":[{"embeddable":true,"href":"https:\/\/subtomy.com\/fi\/wp-json\/wp\/v2\/comments?post=1561"}],"wp:featuredmedia":[{"embeddable":true,"href":"https:\/\/subtomy.com\/fi\/wp-json\/wp\/v2\/media\/2284"}],"wp:attachment":[{"href":"https:\/\/subtomy.com\/fi\/wp-json\/wp\/v2\/media?parent=1561"}],"wp:term":[{"taxonomy":"product_brand","embeddable":true,"href":"https:\/\/subtomy.com\/fi\/wp-json\/wp\/v2\/product_brand?post=1561"},{"taxonomy":"product_cat","embeddable":true,"href":"https:\/\/subtomy.com\/fi\/wp-json\/wp\/v2\/product_cat?post=1561"},{"taxonomy":"product_tag","embeddable":true,"href":"https:\/\/subtomy.com\/fi\/wp-json\/wp\/v2\/product_tag?post=1561"}],"curies":[{"name":"wp","href":"https:\/\/api.w.org\/{rel}","templated":true}]}}