{"id":1687,"date":"2023-05-29T18:49:25","date_gmt":"2023-05-29T23:49:25","guid":{"rendered":"https:\/\/subtomy.com\/?post_type=product&#038;p=1687"},"modified":"2024-03-24T06:28:12","modified_gmt":"2024-03-24T11:28:12","slug":"dominatrix-evening-messages-pack","status":"publish","type":"product","link":"https:\/\/subtomy.com\/fi\/tuote\/dominatrix-ilta-viestit-paketti\/","title":{"rendered":"Dominatrix 69 Ilta viestit Pack for DMs: 1 vs. 1 tai massaviestit"},"content":{"rendered":"<h3 style=\"text-align: center;\">Esittelyss\u00e4 Dominatrix 69 Ilta viestit Pack: Hallitse heid\u00e4n iltojaan voimalla ja viettelyll\u00e4<\/h3>\n<p>Hallitse alistujiesi iltoja Dominatrix 69 -iltaviestipaketilla. T\u00e4m\u00e4 kokoelma voimakkaita ja viettelevi\u00e4 viestej\u00e4 on suunniteltu kahdenkeskisi\u00e4 DM-viestej\u00e4 tai joukkoviestej\u00e4 varten, ja sen avulla varmistat, ett\u00e4 hallitset heid\u00e4n ajatuksiaan ja ohjaat heid\u00e4n toimiaan, kun he valmistautuvat tulevaan iltaan. Komentele heid\u00e4n huomiotaan ja j\u00e4t\u00e4 pysyv\u00e4 vaikutelma jokaisella l\u00e4hett\u00e4m\u00e4ll\u00e4si viestill\u00e4.<\/p>\n<ol>\n<li><strong>Hallitsevuuden ruumiillistaminen<\/strong>: Vahvista l\u00e4sn\u00e4olosi heti illan alussa. Muistuta heit\u00e4 auktoriteetistasi ja m\u00e4\u00e4r\u00e4ysvallastasi k\u00e4ytt\u00e4m\u00e4ll\u00e4 komentavaa kielt\u00e4 ja itsevarmoja lausuntoja. Anna heid\u00e4n tiet\u00e4\u00e4, ett\u00e4 heid\u00e4n alistumisensa ei ole vain toivottua vaan my\u00f6s odotettua.<\/li>\n<li><strong>Viljele tottelevaisuutta<\/strong>: Kannusta heit\u00e4 tottelevaisuuteen ja vahvista heid\u00e4n alistuvaa ajattelutapaansa viesteill\u00e4, joissa korostetaan heid\u00e4n velvollisuuttaan palvella ja miellytt\u00e4\u00e4 sinua. Muistuta heit\u00e4 siit\u00e4 nautinnosta ja tyydytyksest\u00e4, joka syntyy siit\u00e4, ett\u00e4 he antautuvat valta-asemallesi, mik\u00e4 antaa s\u00e4vyn heid\u00e4n omistautuneen kuuliaisuuden illalleen.<\/li>\n<li><strong>Henkil\u00f6kohtainen l\u00e4hestymistapa<\/strong>: R\u00e4\u00e4t\u00e4l\u00f6i iltasanomasi kullekin yksil\u00f6lle, jolloin he tuntevat itsens\u00e4 n\u00e4hdyksi ja halutuksi. Puhuttele heit\u00e4 nimelt\u00e4, ota huomioon heid\u00e4n erityispiirteens\u00e4 tai toiveensa ja anna heid\u00e4n tiet\u00e4\u00e4, ett\u00e4 heid\u00e4n omistautumisensa tunnustetaan ja palkitaan. Henkil\u00f6kohtaistaminen syvent\u00e4\u00e4 yhteytt\u00e4 ja tehostaa heid\u00e4n sitoutumistaan dominointiisi.<\/li>\n<li><strong>Sytyt\u00e4 odotus<\/strong>: Kipin\u00f6i heid\u00e4n mieless\u00e4\u00e4n odotusta kiusaamalla heit\u00e4 lupaamalla j\u00e4nnitt\u00e4vi\u00e4 aktiviteetteja tai teht\u00e4vi\u00e4 illaksi. Istuta siemen, joka her\u00e4tt\u00e4\u00e4 odotuksen siit\u00e4 nautinnosta, jonka he kokevat, kun he t\u00e4ytt\u00e4v\u00e4t toiveesi ja alistuvat k\u00e4skyihisi.<\/li>\n<li><strong>Aseta selke\u00e4t ohjeet<\/strong>: Kerro selke\u00e4sti, mit\u00e4 teht\u00e4vi\u00e4, rituaaleja tai alistumista odotat heilt\u00e4 illan aikana. Anna heille tarkat ohjeet siit\u00e4, miten he voivat miellytt\u00e4\u00e4 ja palvella sinua. Vahvista ajatusta siit\u00e4, ett\u00e4 heid\u00e4n tottelevaisuutensa on v\u00e4ltt\u00e4m\u00e4t\u00f6nt\u00e4 ja syv\u00e4sti tyydytt\u00e4v\u00e4\u00e4 teille molemmille.<\/li>\n<li><strong>Viestinn\u00e4n edist\u00e4minen<\/strong>: Kannusta heit\u00e4 avoimeen kommunikointiin k\u00e4ytt\u00e4m\u00e4ll\u00e4 Ilta-Sanomat-pakettia tilaisuutena, jossa he voivat kertoa ajatuksistaan, huolenaiheistaan tai toiveistaan. Luo turvallinen tila ilmaista itse\u00e4\u00e4n ja syvent\u00e4\u00e4 heid\u00e4n yhteytt\u00e4\u00e4n dominointiisi.<\/li>\n<li><strong>Laajenna hallitsevaa vaikutusvaltaasi<\/strong>: Dominatrix 69 Evening Messages Packin avulla sinulla on tehokas ty\u00f6kalu, jolla voit laajentaa dominatrix-persoonaasi. Vahvista vaikutusvaltaasi alistujiin, her\u00e4t\u00e4 lis\u00e4\u00e4ntynytt\u00e4 kuuliaisuutta ja omistautumista ja vakiinnuta asemasi heid\u00e4n ylimp\u00e4n\u00e4 dominaattorina, joka hallitsee heid\u00e4n iltojaan ja t\u00e4ytt\u00e4\u00e4 heid\u00e4n syvimm\u00e4t toiveensa.<\/li>\n<\/ol>\n<p>Hy\u00f6dynn\u00e4 Dominatrix 69 Ilta viestit -paketin voima ja todista sanojesi syv\u00e4llinen vaikutus alistujiesi alistumiseen. Hallitse heid\u00e4n ajatuksiaan, ohjaa heid\u00e4n toimiaan ja luo syv\u00e4llisen alistumisen ja nautinnon ilta. Ota haltuun hyvin laaditun iltasanoman auktoriteetti ja j\u00e4t\u00e4 l\u00e4htem\u00e4t\u00f6n j\u00e4lki heid\u00e4n alistuvaan psyykeeseens\u00e4.<\/p>\n<p>Harjoittele vastuullista dominointia, rajojen kunnioittamista, suostumusta ja avointa viestint\u00e4\u00e4 kaikissa vuorovaikutustilanteissa.<\/p>","protected":false},"excerpt":{"rendered":"<p>Introducing the Dominatrix 69 Evening Messages Pack: Rule Their Nights with Power and Seduction<\/p>\n<p>Examples include<\/p>\n<ul>\n<li><span data-sheets-value=\"{&quot;1&quot;:2,&quot;2&quot;:&quot;Sensual and alluring, I'm counting down the seconds until I can sink my teeth into you \ud83d\udc8b Goodnight my naughty little submissive. \ud83d\ude08\ud83d\udd25&quot;}\" data-sheets-formula=\"=CONCATENATE(R[0]C[-2],R[0]C[-1])\">Sensual and alluring, I&#8217;m counting down the seconds until I can sink my teeth into you \ud83d\udc8b Goodnight my naughty little submissive. \ud83d\ude08\ud83d\udd25<\/span><\/li>\n<li><span data-sheets-value=\"{&quot;1&quot;:2,&quot;2&quot;:&quot;Favorite pet, I'm ready to explore all your desires tonight. \ud83d\udd25Let me be your guiding light and take you on a journey of pleasure that will leave you feeling completely satisfied. \ud83d\ude09Good night, my naughty little one.&quot;}\" data-sheets-formula=\"=CONCATENATE(R[0]C[-2],R[0]C[-1])\">Favorite pet, I&#8217;m ready to explore all your desires tonight. \ud83d\udd25Let me be your guiding light and take you on a journey of pleasure that will leave you feeling completely satisfied. \ud83d\ude09Good night, my naughty little one.<\/span><\/li>\n<li><span data-sheets-value=\"{&quot;1&quot;:2,&quot;2&quot;:&quot;Because you've been so obedient tonight, I'm going to reward you with something special. Imagine me whispering in your ear as I trail my fingers down your back. \ud83d\udc8bYou won't be able to resist the temptation of my touch when it's time for bed. Sweet dreams, slave. \ud83c\udf19&quot;}\" data-sheets-formula=\"=CONCATENATE(R[0]C[-2],R[0]C[-1])\">Because you&#8217;ve been so obedient tonight, I&#8217;m going to reward you with something special. Imagine me whispering in your ear as I trail my fingers down your back. \ud83d\udc8bYou won&#8217;t be able to resist the temptation of my touch when it&#8217;s time for bed. Sweet dreams, slave. \ud83c\udf19<\/span><\/li>\n<\/ul>\n","protected":false},"featured_media":2301,"comment_status":"closed","ping_status":"closed","template":"","meta":[],"product_brand":[],"product_cat":[141],"product_tag":[26],"class_list":{"0":"post-1687","1":"product","2":"type-product","3":"status-publish","4":"has-post-thumbnail","6":"product_cat-messaging","7":"product_tag-dominatrix","8":"infinite-scroll-item","9":"no-featured-image-padding","10":"sales-flash-overlay","11":"woocommerce-text-align-center","12":"woocommerce-image-align-center","13":"wc-has-gallery","15":"first","16":"instock","17":"downloadable","18":"virtual","19":"sold-individually","20":"purchasable","21":"product-type-simple"},"aioseo_notices":[],"_links":{"self":[{"href":"https:\/\/subtomy.com\/fi\/wp-json\/wp\/v2\/product\/1687","targetHints":{"allow":["GET"]}}],"collection":[{"href":"https:\/\/subtomy.com\/fi\/wp-json\/wp\/v2\/product"}],"about":[{"href":"https:\/\/subtomy.com\/fi\/wp-json\/wp\/v2\/types\/product"}],"replies":[{"embeddable":true,"href":"https:\/\/subtomy.com\/fi\/wp-json\/wp\/v2\/comments?post=1687"}],"wp:featuredmedia":[{"embeddable":true,"href":"https:\/\/subtomy.com\/fi\/wp-json\/wp\/v2\/media\/2301"}],"wp:attachment":[{"href":"https:\/\/subtomy.com\/fi\/wp-json\/wp\/v2\/media?parent=1687"}],"wp:term":[{"taxonomy":"product_brand","embeddable":true,"href":"https:\/\/subtomy.com\/fi\/wp-json\/wp\/v2\/product_brand?post=1687"},{"taxonomy":"product_cat","embeddable":true,"href":"https:\/\/subtomy.com\/fi\/wp-json\/wp\/v2\/product_cat?post=1687"},{"taxonomy":"product_tag","embeddable":true,"href":"https:\/\/subtomy.com\/fi\/wp-json\/wp\/v2\/product_tag?post=1687"}],"curies":[{"name":"wp","href":"https:\/\/api.w.org\/{rel}","templated":true}]}}