{"id":585,"date":"2023-04-13T23:44:56","date_gmt":"2023-04-14T04:44:56","guid":{"rendered":"https:\/\/shop.cammodelagency.com\/?post_type=product&#038;p=585"},"modified":"2024-03-26T19:39:22","modified_gmt":"2024-03-27T00:39:22","slug":"onlyfans-captions","status":"publish","type":"product","link":"https:\/\/subtomy.com\/fi\/tuote\/onlyfans-captions-2\/","title":{"rendered":"100+ OnlyFans-, Reddit- ja sosiaalisen median kuvatekstipakettia"},"content":{"rendered":"<p>Haluatko pit\u00e4\u00e4 OnlyFansin sis\u00e4ll\u00f6n tuoreena ja kiinnostavana? Sosiaalisen median kuvatekstipakettimme aikuisille malleille on katettu!<\/p>\n<p>Osoitteessa <strong>YLI 100 ainutlaatuista kuvateksti\u00e4<\/strong> Pakettimme on suunniteltu erityisesti aikuissis\u00e4lt\u00f6\u00e4 varten, ja se auttaa sinua kiinnitt\u00e4m\u00e4\u00e4n yleis\u00f6si huomion ja pit\u00e4m\u00e4\u00e4n heid\u00e4t kiinnostuneina. Kuvateksteiss\u00e4mme on paljon erilaisia aiheita ja skenaarioita flirttailevasta eksplisiittiseen, joten l\u00f6yd\u00e4t t\u00e4ydellisen kuvatekstin jokaiseen postaukseen.<\/p>\n<p>Helppok\u00e4ytt\u00f6isen formaattimme ansiosta voit kopioida ja liitt\u00e4\u00e4 valitsemasi kuvatekstin OnlyFans-postaukseen, mik\u00e4 s\u00e4\u00e4st\u00e4\u00e4 aikaa ja vaivaa. Lis\u00e4ksi sinulla on niin paljon vaihtoehtoja, ett\u00e4 ideat eiv\u00e4t koskaan lopu kesken.<\/p>\n<p>Halusitpa sitten esitell\u00e4 uusinta alusvaatesetti\u00e4si, jakaa h\u00f6yry\u00e4v\u00e4n tarinan tai vain olla yhteydess\u00e4 yleis\u00f6\u00f6si henkil\u00f6kohtaisemmalla tasolla, sosiaalisen median kuvatekstipaketissamme on kaikki, mit\u00e4 tarvitset saadaksesi OnlyFans-sis\u00e4lt\u00f6si erottumaan.<\/p>\n<p>Miksi siis odottaa? Tilaa OnlyFansin sosiaalisen median kuvatekstipaketti jo t\u00e4n\u00e4\u00e4n ja vie sis\u00e4lt\u00f6si seuraavalle tasolle!<\/p>\n<p>Pakkaus sis\u00e4lt\u00e4\u00e4 <strong>100+ ainutlaatuista kuvateksti\u00e4<\/strong> jotka on suunniteltu erityisesti OnlyFans-sis\u00e4lt\u00f6\u00e4 varten, jotta voit kiinnitt\u00e4\u00e4 seuraajiesi huomion ja saada heid\u00e4t palaamaan takaisin. Halusitpa sitten esitell\u00e4 uusinta alusvaatesetti\u00e4si, jakaa h\u00f6yry\u00e4v\u00e4n suihkukohtauksen tai antaa seuraajillesi n\u00e4kym\u00e4n kulissien taakse p\u00e4ivitt\u00e4isist\u00e4 rutiineistasi, kuvatekstimme auttavat sinua tekem\u00e4\u00e4n vaikutuksen.<\/p>\n<p>Kuvateksteiss\u00e4mme on monenlaisia teemoja leikkis\u00e4st\u00e4 provosoivaan ja kaikkea silt\u00e4 v\u00e4lilt\u00e4. Halusitpa sitten kiusoitella seuraajiasi salakatselulla tai houkutella heit\u00e4 vieh\u00e4tt\u00e4v\u00e4ll\u00e4 viestill\u00e4, meilt\u00e4 l\u00f6ytyy kaikki mit\u00e4 tarvitset. Helppok\u00e4ytt\u00f6isen formaattimme ansiosta voit kopioida ja liitt\u00e4\u00e4 haluamasi kuvatekstin OnlyFans-julkaisuihisi nopeasti ja helposti, mik\u00e4 s\u00e4\u00e4st\u00e4\u00e4 aikaa ja vaivaa.<\/p>\n<p>Jos siis olet valmis nostamaan OnlyFans-sis\u00e4lt\u00f6si seuraavalle tasolle ja pit\u00e4m\u00e4\u00e4n seuraajasi sitoutuneina ja innostuneina, tilaa sosiaalisen median kuvatekstipakettimme jo t\u00e4n\u00e4\u00e4n!<\/p>","protected":false},"excerpt":{"rendered":"<p><strong>Elinik\u00e4iset p\u00e4ivitykset!<\/strong><\/p>\n<p>Haluatko saada OnlyFans-sis\u00e4lt\u00f6si erottumaan joukosta? Katso vain sosiaalisen median kuvatekstipakettimme aikuisille malleille!<\/p>\n<p>Esimerkkej\u00e4<\/p>\n<ul>\n<li><span data-sheets-value=\"{&quot;1&quot;:2,&quot;2&quot;:&quot;Easy as 1-2-3, let's get naughty \ud83d\udc8b Ready to unleash my wild side - who's ready to join me? #ReadyToPlay \ud83d\ude08&quot;}\" data-sheets-userformat=\"{&quot;2&quot;:8961,&quot;3&quot;:{&quot;1&quot;:0},&quot;11&quot;:4,&quot;12&quot;:0,&quot;16&quot;:12}\">Helppo kuin 1-2-3, tehd\u00e4\u00e4n tuhmia \ud83d\udc8b Valmis vapauttamaan villin puoleni - kuka on valmis liittym\u00e4\u00e4n seuraani? #ReadyToPlay \ud83d\ude08 \ud83d\ude08<\/span><\/li>\n<li><span data-sheets-value=\"{&quot;1&quot;:2,&quot;2&quot;:&quot;Love to tease you with my \ud83d\udc8b\ud83e\udd75 Let's chat and explore our wildest fantasies together! #sexytime&quot;}\" data-sheets-userformat=\"{&quot;2&quot;:8961,&quot;3&quot;:{&quot;1&quot;:0},&quot;11&quot;:4,&quot;12&quot;:0,&quot;16&quot;:12}\">Rakastan kiusata sinua minun \ud83d\udc8b\ud83e\udd75 Jutellaan ja tutkitaan yhdess\u00e4 villeimpi\u00e4 fantasioitamme! #sexytime<\/span><\/li>\n<li><span data-sheets-value=\"{&quot;1&quot;:2,&quot;2&quot;:&quot;Reward yourself with some pleasure \ud83d\udca6 I'm feeling extra naughty today, wanna join me? \ud83d\ude09 #LetMeTeaseYou&quot;}\" data-sheets-userformat=\"{&quot;2&quot;:8961,&quot;3&quot;:{&quot;1&quot;:0},&quot;11&quot;:4,&quot;12&quot;:0,&quot;16&quot;:12}\">Palkitse itsesi nautinnolla \ud83d\udca6 Olen erityisen tuhma t\u00e4n\u00e4\u00e4n, haluatko liitty\u00e4 seuraani? \ud83d\ude09 #LetMeTeaseYou<\/span><\/li>\n<\/ul>\n<p><strong>(Sis\u00e4lt\u00e4\u00e4 my\u00f6s hashtagittomat versiot jokaisesta kuvatekstist\u00e4)<\/strong><\/p>","protected":false},"featured_media":2318,"comment_status":"open","ping_status":"closed","template":"","meta":[],"product_brand":[],"product_cat":[22],"product_tag":[142],"class_list":{"0":"post-585","1":"product","2":"type-product","3":"status-publish","4":"has-post-thumbnail","6":"product_cat-captions","7":"product_tag-onlyfans","8":"infinite-scroll-item","9":"no-featured-image-padding","10":"sales-flash-overlay","11":"woocommerce-text-align-center","12":"woocommerce-image-align-center","13":"wc-has-gallery","15":"first","16":"instock","17":"downloadable","18":"virtual","19":"sold-individually","20":"purchasable","21":"product-type-simple"},"aioseo_notices":[],"_links":{"self":[{"href":"https:\/\/subtomy.com\/fi\/wp-json\/wp\/v2\/product\/585","targetHints":{"allow":["GET"]}}],"collection":[{"href":"https:\/\/subtomy.com\/fi\/wp-json\/wp\/v2\/product"}],"about":[{"href":"https:\/\/subtomy.com\/fi\/wp-json\/wp\/v2\/types\/product"}],"replies":[{"embeddable":true,"href":"https:\/\/subtomy.com\/fi\/wp-json\/wp\/v2\/comments?post=585"}],"wp:featuredmedia":[{"embeddable":true,"href":"https:\/\/subtomy.com\/fi\/wp-json\/wp\/v2\/media\/2318"}],"wp:attachment":[{"href":"https:\/\/subtomy.com\/fi\/wp-json\/wp\/v2\/media?parent=585"}],"wp:term":[{"taxonomy":"product_brand","embeddable":true,"href":"https:\/\/subtomy.com\/fi\/wp-json\/wp\/v2\/product_brand?post=585"},{"taxonomy":"product_cat","embeddable":true,"href":"https:\/\/subtomy.com\/fi\/wp-json\/wp\/v2\/product_cat?post=585"},{"taxonomy":"product_tag","embeddable":true,"href":"https:\/\/subtomy.com\/fi\/wp-json\/wp\/v2\/product_tag?post=585"}],"curies":[{"name":"wp","href":"https:\/\/api.w.org\/{rel}","templated":true}]}}