{"id":59,"date":"2022-06-06T15:46:47","date_gmt":"2022-06-06T20:46:47","guid":{"rendered":"https:\/\/shop.cammodelagency.com\/?post_type=product&#038;p=59"},"modified":"2023-09-03T00:47:37","modified_gmt":"2023-09-03T05:47:37","slug":"how-to-sell-your-dick-pics-to-1000-per-month","status":"publish","type":"product","link":"https:\/\/subtomy.com\/fi\/tuote\/how-to-sell-your-dick-pics-to-1000-per-month\/","title":{"rendered":"Kuinka myyd\u00e4 D*-kuvasi $1,000 kuukaudessa"},"content":{"rendered":"<h2 style=\"text-align: center;\">Miten voit tehd\u00e4 $1,000 tai enemm\u00e4n kuukaudessa myym\u00e4ll\u00e4 Dick Pics vapauttamalla t\u00e4m\u00e4n t\u00e4ydellisen suunnitelman<\/h2>\n<p><img loading=\"lazy\" decoding=\"async\" class=\"aligncenter wp-image-61 size-full\" src=\"https:\/\/subtomy.com\/wp-content\/uploads\/2022\/06\/Selling-Your.jpg\" alt=\"\" width=\"960\" height=\"540\" srcset=\"https:\/\/subtomy.com\/wp-content\/uploads\/2022\/06\/Selling-Your.jpg 960w, https:\/\/subtomy.com\/wp-content\/uploads\/2022\/06\/Selling-Your-600x338.jpg 600w, https:\/\/subtomy.com\/wp-content\/uploads\/2022\/06\/Selling-Your-300x169.jpg 300w, https:\/\/subtomy.com\/wp-content\/uploads\/2022\/06\/Selling-Your-768x432.jpg 768w, https:\/\/subtomy.com\/wp-content\/uploads\/2022\/06\/Selling-Your-18x10.jpg 18w\" sizes=\"auto, (max-width: 960px) 100vw, 960px\" \/><\/p>\n<p style=\"text-align: center;\"><strong><span style=\"color: #008000;\">Opi tarkalleen, miten teen yli $1,100 kuukaudessa (Autopilotti!)<\/span><\/strong><\/p>\n<p>Rakastat kuvien ottamista, mutta et tied\u00e4, miten tehd\u00e4 niill\u00e4 rahaa. Olet yritt\u00e4nyt myyd\u00e4 niit\u00e4 verkossa ennenkin, mutta et ole koskaan saanut mit\u00e4\u00e4n myyty\u00e4.<\/p>\n<p>Nyt t\u00e4ss\u00e4 on kurssi, joka opettaa sinulle, miten myyd\u00e4 munakuvasi verkossa $1,000 tai enemm\u00e4n kuukausituloja. T\u00e4m\u00e4 ei ole mik\u00e4\u00e4n rikastu nopeasti -ohjelma, vaan vaiheittainen opas, joka n\u00e4ytt\u00e4\u00e4 sinulle, miten rakennat menestyksekk\u00e4\u00e4n peniskuvabisneksen tyhj\u00e4st\u00e4.<\/p>\n<p>Opi myym\u00e4\u00e4n mulkkukuvasi verkossa ja tienaa kokop\u00e4iv\u00e4ist\u00e4 elantoa tekem\u00e4ll\u00e4 sit\u00e4, mit\u00e4 rakastat! T\u00e4ll\u00e4 videokurssilla k\u00e4yd\u00e4\u00e4n l\u00e4pi kaikki, mit\u00e4 sinun tarvitsee tiet\u00e4\u00e4, aina oikeiden markkinoiden l\u00f6yt\u00e4misest\u00e4 kuvillesi ja asiakkaiden hallinnasta.<\/p>\n<p>T\u00e4m\u00e4n <strong>videokurssi<\/strong>, saat tietopaketin kaikesta, mist\u00e4 on kyse<\/p>\n<ul>\n<li>Mit\u00e4 alustaa k\u00e4ytt\u00e4\u00e4<\/li>\n<li>Miten hallita asiakkaita<\/li>\n<li>Kuinka kasvattaa asiakaskuntaasi<\/li>\n<li>Tapa automatisoida liiketoiminnan 97% osa-alueet<\/li>\n<\/ul>\n<p>Mit\u00e4 sis\u00e4ll\u00e4 on:<\/p>\n<ul>\n<li>12 videota, joissa k\u00e4yd\u00e4\u00e4n l\u00e4pi <strong>T\u00c4YSIN<\/strong> miten p\u00e4\u00e4st\u00e4 alkuun<\/li>\n<li>PDF-tiedosto koko esityksest\u00e4, jotta voit helposti viitata kurssin keskeisiin kohtiin.<\/li>\n<\/ul>\n<p>On olemassa paljon ihmisi\u00e4, jotka ovat kiinnostuneita myym\u00e4\u00e4n mulkkukuvia verkossa. Loppujen lopuksi se on loistava tapa ansaita ylim\u00e4\u00e4r\u00e4ist\u00e4 rahaa. Ja kukapa ei rakastaisi penist\u00e4?<\/p>\n<p>Ennen kuin voit alkaa myyd\u00e4 valokuviasi, sinun on kuitenkin tiedett\u00e4v\u00e4, miten se tehd\u00e4\u00e4n. T\u00e4ss\u00e4 kohtaa videokurssimme tulee kuvaan. Opetamme sinulle kaiken, mit\u00e4 sinun on tiedett\u00e4v\u00e4, aina siit\u00e4, miten l\u00f6yd\u00e4t oikeat ostajat ja millaisia kuvia he etsiv\u00e4t.<\/p>\n<p>Olitpa sitten kokenut ammattilainen tai vasta aloittelija, kurssimme auttaa sinua saamaan peniskuvistasi kaiken irti.<\/p>\n<p>Joten mit\u00e4 sin\u00e4 odotat?<\/p>","protected":false},"excerpt":{"rendered":"<p>Opi myym\u00e4\u00e4n mulkkukuvasi verkossa ja tienaa kokop\u00e4iv\u00e4ist\u00e4 elantoa tekem\u00e4ll\u00e4 sit\u00e4, mit\u00e4 rakastat! T\u00e4ll\u00e4 videokurssilla k\u00e4yd\u00e4\u00e4n l\u00e4pi kaikki, mit\u00e4 sinun tarvitsee tiet\u00e4\u00e4, aina oikeiden markkinoiden l\u00f6yt\u00e4misest\u00e4 kuvillesi ja asiakkaiden hallinnasta.<\/p>\n<p><strong>Vierit\u00e4 alasp\u00e4in ja katso video siit\u00e4, mit\u00e4 saat t\u00e4ll\u00e4 kurssilla \ud83d\udc47\ud83c\udffe.<\/strong><\/p>","protected":false},"featured_media":1539,"comment_status":"open","ping_status":"closed","template":"","meta":[],"product_brand":[],"product_cat":[41],"product_tag":[33,40],"class_list":{"0":"post-59","1":"product","2":"type-product","3":"status-publish","4":"has-post-thumbnail","6":"product_cat-video-course","7":"product_tag-men","8":"product_tag-video","9":"infinite-scroll-item","10":"no-featured-image-padding","11":"sales-flash-overlay","12":"woocommerce-text-align-center","13":"woocommerce-image-align-center","15":"first","16":"instock","17":"downloadable","18":"virtual","19":"sold-individually","20":"purchasable","21":"product-type-simple"},"aioseo_notices":[],"_links":{"self":[{"href":"https:\/\/subtomy.com\/fi\/wp-json\/wp\/v2\/product\/59","targetHints":{"allow":["GET"]}}],"collection":[{"href":"https:\/\/subtomy.com\/fi\/wp-json\/wp\/v2\/product"}],"about":[{"href":"https:\/\/subtomy.com\/fi\/wp-json\/wp\/v2\/types\/product"}],"replies":[{"embeddable":true,"href":"https:\/\/subtomy.com\/fi\/wp-json\/wp\/v2\/comments?post=59"}],"wp:featuredmedia":[{"embeddable":true,"href":"https:\/\/subtomy.com\/fi\/wp-json\/wp\/v2\/media\/1539"}],"wp:attachment":[{"href":"https:\/\/subtomy.com\/fi\/wp-json\/wp\/v2\/media?parent=59"}],"wp:term":[{"taxonomy":"product_brand","embeddable":true,"href":"https:\/\/subtomy.com\/fi\/wp-json\/wp\/v2\/product_brand?post=59"},{"taxonomy":"product_cat","embeddable":true,"href":"https:\/\/subtomy.com\/fi\/wp-json\/wp\/v2\/product_cat?post=59"},{"taxonomy":"product_tag","embeddable":true,"href":"https:\/\/subtomy.com\/fi\/wp-json\/wp\/v2\/product_tag?post=59"}],"curies":[{"name":"wp","href":"https:\/\/api.w.org\/{rel}","templated":true}]}}