{"id":608,"date":"2023-04-14T19:14:00","date_gmt":"2023-04-15T00:14:00","guid":{"rendered":"https:\/\/shop.cammodelagency.com\/?post_type=product&#038;p=608"},"modified":"2024-03-02T21:46:54","modified_gmt":"2024-03-03T02:46:54","slug":"findom-caption-pack","status":"publish","type":"product","link":"https:\/\/subtomy.com\/fi\/tuote\/findom-caption-pack\/","title":{"rendered":"100+ FinDom\/Financial Domination Caption Pack sosiaaliseen mediaan, Redditiin, Onlyfansiin jne."},"content":{"rendered":"<p>Jos olet aikuismalli, joka tarjoaa taloudellista dominointia ja haluat sitouttaa maksumiehesi ja rahaorjasi, taloudellinen dominointi sosiaalisessa mediassa on juuri sit\u00e4, mit\u00e4 tarvitset!<\/p>\n<p>Paketti sis\u00e4lt\u00e4\u00e4 100 ainutlaatuista kuvateksti\u00e4, jotka on suunniteltu auttamaan sinua vahvistamaan valta-asemasi, saamaan seuraajasi tuntemaan itsens\u00e4 alistuviksi ja lopulta lis\u00e4\u00e4m\u00e4\u00e4n tulojasi. Olipa kyse sitten design-vaatteiden esittelyst\u00e4, ylellisest\u00e4 el\u00e4m\u00e4ntyylist\u00e4si tai vain siit\u00e4, ett\u00e4 muistutat seuraajiasi siit\u00e4, kuka on johdossa, kuvatekstimme auttavat sinua tekem\u00e4\u00e4n vaikutuksen.<\/p>\n<p>Kuvateksteiss\u00e4mme on monenlaisia aiheita, kiusoittelusta pilkkaamiseen ja kaikkea silt\u00e4 v\u00e4lilt\u00e4. Haluatpa sitten innostaa seuraajasi osoittamaan kunnioitusta, tarjota yksinoikeussis\u00e4lt\u00f6\u00e4 parhaille maksumiehillesi tai muistuttaa kaikkia heid\u00e4n paikastaan maailmassasi, meilt\u00e4 l\u00f6ytyy kaikki tarvittava. Helppok\u00e4ytt\u00f6isen muotomme ansiosta voit kopioida ja liitt\u00e4\u00e4 valitsemasi kuvatekstin nopeasti ja helposti sosiaalisen median viesteihisi, mik\u00e4 s\u00e4\u00e4st\u00e4\u00e4 aikaa ja vaivaa.<\/p>\n<p>Jos siis olet valmis viem\u00e4\u00e4n taloushallintopelisi seuraavalle tasolle ja maksimoimaan tulosi, tilaa taloushallintopakettimme sosiaalisen median caption pack jo t\u00e4n\u00e4\u00e4n!<\/p>","protected":false},"excerpt":{"rendered":"<p>Paketti sis\u00e4lt\u00e4\u00e4 100 ainutlaatuista kuvateksti\u00e4, jotka on suunniteltu auttamaan sinua vangitsemaan findom-seuraajasi ja saamaan heid\u00e4t avaamaan lompakkonsa sinulle. L\u00e4het\u00e4tp\u00e4 sitten kuvan itsest\u00e4si ylellisess\u00e4 asussa, esittelet rikkauttasi ja valtaasi tai vain l\u00e4het\u00e4t provosoivan viestin, kuvatekstimme auttavat sinua tekem\u00e4\u00e4n vaikutuksen.<\/p>\n<p><strong>Esimerkkej\u00e4:<\/strong><\/p>\n<ul>\n<li><span data-sheets-value=\"{&quot;1&quot;:2,&quot;2&quot;:&quot;Better start counting those coins, boys. \ud83d\udcb0 I'm not here to play nice - I'm here to take your hard earned cash and put it in my pocket where it belongs. Come and get a taste of what you can't resist...you know you want to! \ud83d\ude08 #Goddess&quot;}\" data-sheets-userformat=\"{&quot;2&quot;:8961,&quot;3&quot;:{&quot;1&quot;:0},&quot;11&quot;:4,&quot;12&quot;:0,&quot;16&quot;:12}\">Parasta alkaa laskea kolikoita, pojat. \ud83d\udcb0 En ole t\u00e4\u00e4ll\u00e4 leikkim\u00e4ss\u00e4 kiltisti - olen t\u00e4\u00e4ll\u00e4 ottaakseni kovalla ty\u00f6ll\u00e4 ansaitsemanne rahat ja laittaakseni ne taskuuni, minne ne kuuluvat. Tulkaa maistamaan sit\u00e4, mit\u00e4 ette voi vastustaa... tied\u00e4tte, ett\u00e4 haluatte! \ud83d\ude08 #Goddess<\/span><\/li>\n<li><span data-sheets-value=\"{&quot;1&quot;:2,&quot;2&quot;:&quot;Flawless and in control, I live for the power games that come with financial domination. Your extravagance is my pleasure; you will beg to be my pay pig \ud83e\udd11\ud83d\udcb0&quot;}\" data-sheets-userformat=\"{&quot;2&quot;:8961,&quot;3&quot;:{&quot;1&quot;:0},&quot;11&quot;:4,&quot;12&quot;:0,&quot;16&quot;:12}\">El\u00e4n virheett\u00f6m\u00e4n\u00e4 ja hallitsevana taloudellisen ylivallan mukanaan tuomista valtapeleist\u00e4. Ylellisyytesi on minun nautintoni; kerj\u00e4\u00e4t olla palkkasikani \ud83e\udd11\ud83d\udcb0.<\/span><\/li>\n<li><span data-sheets-value=\"{&quot;1&quot;:2,&quot;2&quot;:&quot;Look at you, so desperate and thirsty for a Goddess like me. You're nothing more than my piggy bank, ready to do whatever it takes to be allowed to worship me \ud83d\udcb0\ud83d\udc51&quot;}\" data-sheets-userformat=\"{&quot;2&quot;:8961,&quot;3&quot;:{&quot;1&quot;:0},&quot;11&quot;:4,&quot;12&quot;:0,&quot;16&quot;:12}\">Katso nyt itse\u00e4si, niin ep\u00e4toivoinen ja janoinen minunlaiseni jumalattaren suhteen. Olet pelkk\u00e4 s\u00e4\u00e4st\u00f6possuni, valmis tekem\u00e4\u00e4n mit\u00e4 tahansa saadaksesi palvoa minua \ud83d\udcb0\ud83d\udc51.<\/span><\/li>\n<\/ul>","protected":false},"featured_media":2252,"comment_status":"open","ping_status":"closed","template":"","meta":[],"product_brand":[],"product_cat":[22],"product_tag":[28],"class_list":{"0":"post-608","1":"product","2":"type-product","3":"status-publish","4":"has-post-thumbnail","6":"product_cat-captions","7":"product_tag-findom","8":"infinite-scroll-item","9":"no-featured-image-padding","10":"sales-flash-overlay","11":"woocommerce-text-align-center","12":"woocommerce-image-align-center","13":"wc-has-gallery","15":"first","16":"instock","17":"downloadable","18":"virtual","19":"sold-individually","20":"purchasable","21":"product-type-simple"},"aioseo_notices":[],"_links":{"self":[{"href":"https:\/\/subtomy.com\/fi\/wp-json\/wp\/v2\/product\/608","targetHints":{"allow":["GET"]}}],"collection":[{"href":"https:\/\/subtomy.com\/fi\/wp-json\/wp\/v2\/product"}],"about":[{"href":"https:\/\/subtomy.com\/fi\/wp-json\/wp\/v2\/types\/product"}],"replies":[{"embeddable":true,"href":"https:\/\/subtomy.com\/fi\/wp-json\/wp\/v2\/comments?post=608"}],"wp:featuredmedia":[{"embeddable":true,"href":"https:\/\/subtomy.com\/fi\/wp-json\/wp\/v2\/media\/2252"}],"wp:attachment":[{"href":"https:\/\/subtomy.com\/fi\/wp-json\/wp\/v2\/media?parent=608"}],"wp:term":[{"taxonomy":"product_brand","embeddable":true,"href":"https:\/\/subtomy.com\/fi\/wp-json\/wp\/v2\/product_brand?post=608"},{"taxonomy":"product_cat","embeddable":true,"href":"https:\/\/subtomy.com\/fi\/wp-json\/wp\/v2\/product_cat?post=608"},{"taxonomy":"product_tag","embeddable":true,"href":"https:\/\/subtomy.com\/fi\/wp-json\/wp\/v2\/product_tag?post=608"}],"curies":[{"name":"wp","href":"https:\/\/api.w.org\/{rel}","templated":true}]}}