{"id":664,"date":"2023-04-17T20:43:03","date_gmt":"2023-04-18T01:43:03","guid":{"rendered":"https:\/\/shop.cammodelagency.com\/?post_type=product&#038;p=664"},"modified":"2024-04-02T17:57:06","modified_gmt":"2024-04-02T22:57:06","slug":"stoner-girl-captions","status":"publish","type":"product","link":"https:\/\/subtomy.com\/fi\/tuote\/stoner-girl-captions\/","title":{"rendered":"100+ Stoner Girl -kuvateksti\u00e4 OnlyFansiin, Redditiin, sosiaaliseen mediaan jne."},"content":{"rendered":"<p>Oletko OnlyFans-malli, joka rakastaa 420-yst\u00e4v\u00e4llist\u00e4 hauskanpitoa ja pit\u00e4\u00e4 yhteytt\u00e4 seuraajiin sosiaalisessa mediassa? Meid\u00e4n stoner girls -mediatekstipakettimme on t\u00e4\u00e4ll\u00e4 auttamassa sinua mainostamaan palveluitasi ja sitouttamaan yleis\u00f6si!<\/p>\n<p>Paketti sis\u00e4lt\u00e4\u00e4 yli 100 ainutlaatuista kuvateksti\u00e4, jotka on suunniteltu auttamaan sinua osoittamaan rakkautesi kannabista kohtaan ja mainostamaan videopalvelujasi. L\u00e4het\u00e4tp\u00e4 sitten kuvan itsest\u00e4si nauttimassa jointista tai jaat viestin, jossa korostat suosikkikantojasi, kuvatekstiemme avulla voit kiinnitt\u00e4\u00e4 yleis\u00f6si huomion ja esitell\u00e4 pilvist\u00e4 el\u00e4m\u00e4ntyyli\u00e4si.<\/p>\n<p>Kuvateksteiss\u00e4mme on monenlaisia aiheita, aina viile\u00e4st\u00e4 huumoriin ja kaikkea silt\u00e4 v\u00e4lilt\u00e4. Halusitpa sitten jakaa suosikkip\u00f6ssyttelij\u00e4sitaattisi tai korostaa p\u00f6ssyttelij\u00e4yst\u00e4v\u00e4llisi\u00e4 aktiviteettejasi, meilt\u00e4 l\u00f6ytyy kaikki tarvittava. Helppok\u00e4ytt\u00f6isen muotomme ansiosta voit kopioida ja liitt\u00e4\u00e4 valitsemasi kuvatekstin nopeasti ja helposti sosiaalisen median viesteihisi, mik\u00e4 s\u00e4\u00e4st\u00e4\u00e4 aikaa ja vaivaa.<\/p>\n<p>Esimerkkej\u00e4:<\/p>\n<ul>\n<li><span data-sheets-value=\"{&quot;1&quot;:2,&quot;2&quot;:&quot;Could this be any sexier? \ud83d\udd25 I'm a stoner slut, ready to get high and have some fun. Come join me if you're down for an unforgettable experience of being pretty and sexy while we share our mutual love for marijuana. Let's chat and see what kind of mischief we can get into! \ud83d\ude09 &quot;}\" data-sheets-userformat=\"{&quot;2&quot;:14656,&quot;9&quot;:0,&quot;11&quot;:4,&quot;14&quot;:{&quot;1&quot;:2,&quot;2&quot;:0},&quot;15&quot;:&quot;Verdana&quot;,&quot;16&quot;:11}\">Voisiko t\u00e4m\u00e4 olla yht\u00e4\u00e4n seksikk\u00e4\u00e4mp\u00e4\u00e4? \ud83d\udd25 Olen pilvess\u00e4 oleva lutka, valmis pilveen ja pit\u00e4m\u00e4\u00e4n hauskaa. Tule mukaani, jos olet valmis unohtumattomaan kokemukseen olla kaunis ja seksik\u00e4s samalla kun jaamme yhteisen rakkautemme marihuanaan. Jutellaan ja katsotaan millaisiin kepposiin voimme joutua \ud83d\ude09. <\/span><\/li>\n<li><span data-sheets-value=\"{&quot;1&quot;:2,&quot;2&quot;:&quot;Half price \ud83e\udd11 tonight only! \ud83d\ude18 I'm feeling extra sexy, so let's get high and see where the night takes us. \ud83d\udca8 Who knows, with the right person we might just melt into each other. \ud83d\udc45 DM me if you're up for a wild ride. &quot;}\" data-sheets-userformat=\"{&quot;2&quot;:14656,&quot;9&quot;:0,&quot;11&quot;:4,&quot;14&quot;:{&quot;1&quot;:2,&quot;2&quot;:0},&quot;15&quot;:&quot;Verdana&quot;,&quot;16&quot;:11}\">Puoleen hintaan \ud83e\udd11 vain t\u00e4n\u00e4 iltana! \ud83d\ude18 Olo on erityisen seksik\u00e4s, joten vedet\u00e4\u00e4np\u00e4 pilve\u00e4 ja katsotaan minne y\u00f6 vie meid\u00e4t. \ud83d\udca8 Kuka tiet\u00e4\u00e4, oikean ihmisen kanssa saatamme sulautua toisiimme. \ud83d\udc45 DM mulle jos oot valmis villiin kyytiin. <\/span><\/li>\n<li><span data-sheets-value=\"{&quot;1&quot;:2,&quot;2&quot;:&quot;Right now, I'm feeling \ud83d\udd25\ud83d\udd25: high on life and higher with weed. Come join me in my smoky haze of pleasure\u2014we can get lost together in this sexy stoner slut paradise. \ud83d\udca8&quot;}\" data-sheets-userformat=\"{&quot;2&quot;:8961,&quot;3&quot;:{&quot;1&quot;:0},&quot;11&quot;:4,&quot;12&quot;:0,&quot;16&quot;:12}\">Juuri nyt mulla on \ud83d\udd25\ud83d\udd25\ud83d\udd25 fiilis: pilvess\u00e4 el\u00e4m\u00e4st\u00e4 ja korkeammalla ruoholla. Tule mukaani savuiseen nautinnon haamuun - voimme eksy\u00e4 yhdess\u00e4 t\u00e4h\u00e4n seksikk\u00e4\u00e4seen pilvihuoran paratiisiin. \ud83d\udca8<\/span><\/li>\n<\/ul>\n<p>Jos olet siis stoner-tytt\u00f6, joka haluaa sitouttaa seuraajansa ja mainostaa palveluitaan OnlyFansissa, tilaa stoner-tytt\u00f6jen mediatekstipakettimme jo t\u00e4n\u00e4\u00e4n!<\/p>","protected":false},"excerpt":{"rendered":"<p>Oletko OnlyFans-malli, joka rakastaa 420-yst\u00e4v\u00e4llist\u00e4 hauskanpitoa ja pit\u00e4\u00e4 yhteytt\u00e4 seuraajiin sosiaalisessa mediassa? Meid\u00e4n stoner girls -mediatekstipakettimme on t\u00e4\u00e4ll\u00e4 auttamassa sinua mainostamaan palveluitasi ja sitouttamaan yleis\u00f6si!<\/p>\n<p>Esimerkkej\u00e4:<\/p>\n<ul>\n<li><span data-sheets-value=\"{&quot;1&quot;:2,&quot;2&quot;:&quot;Could this be any sexier? \ud83d\udd25 I'm a stoner slut, ready to get high and have some fun. Come join me if you're down for an unforgettable experience of being pretty and sexy while we share our mutual love for marijuana. Let's chat and see what kind of mischief we can get into! \ud83d\ude09 &quot;}\" data-sheets-userformat=\"{&quot;2&quot;:14656,&quot;9&quot;:0,&quot;11&quot;:4,&quot;14&quot;:{&quot;1&quot;:2,&quot;2&quot;:0},&quot;15&quot;:&quot;Verdana&quot;,&quot;16&quot;:11}\">Voisiko t\u00e4m\u00e4 olla yht\u00e4\u00e4n seksikk\u00e4\u00e4mp\u00e4\u00e4? \ud83d\udd25 Olen pilvess\u00e4 oleva lutka, valmis pilveen ja pit\u00e4m\u00e4\u00e4n hauskaa. Tule mukaani, jos olet valmis unohtumattomaan kokemukseen olla kaunis ja seksik\u00e4s samalla kun jaamme yhteisen rakkautemme marihuanaan. Jutellaan ja katsotaan millaisiin kepposiin voimme joutua \ud83d\ude09. <\/span><\/li>\n<li><span data-sheets-value=\"{&quot;1&quot;:2,&quot;2&quot;:&quot;Half price \ud83e\udd11 tonight only! \ud83d\ude18 I'm feeling extra sexy, so let's get high and see where the night takes us. \ud83d\udca8 Who knows, with the right person we might just melt into each other. \ud83d\udc45 DM me if you're up for a wild ride. &quot;}\" data-sheets-userformat=\"{&quot;2&quot;:14656,&quot;9&quot;:0,&quot;11&quot;:4,&quot;14&quot;:{&quot;1&quot;:2,&quot;2&quot;:0},&quot;15&quot;:&quot;Verdana&quot;,&quot;16&quot;:11}\">Puoleen hintaan \ud83e\udd11 vain t\u00e4n\u00e4 iltana! \ud83d\ude18 Olo on erityisen seksik\u00e4s, joten vedet\u00e4\u00e4np\u00e4 pilve\u00e4 ja katsotaan minne y\u00f6 vie meid\u00e4t. \ud83d\udca8 Kuka tiet\u00e4\u00e4, oikean ihmisen kanssa saatamme sulautua toisiimme. \ud83d\udc45 DM mulle jos oot valmis villiin kyytiin. <\/span><\/li>\n<li><span data-sheets-value=\"{&quot;1&quot;:2,&quot;2&quot;:&quot;Right now, I'm feeling \ud83d\udd25\ud83d\udd25: high on life and higher with weed. Come join me in my smoky haze of pleasure\u2014we can get lost together in this sexy stoner slut paradise. \ud83d\udca8&quot;}\" data-sheets-userformat=\"{&quot;2&quot;:8961,&quot;3&quot;:{&quot;1&quot;:0},&quot;11&quot;:4,&quot;12&quot;:0,&quot;16&quot;:12}\">Juuri nyt mulla on \ud83d\udd25\ud83d\udd25\ud83d\udd25 fiilis: pilvess\u00e4 el\u00e4m\u00e4st\u00e4 ja korkeammalla ruoholla. Tule mukaani savuiseen nautinnon haamuun - voimme eksy\u00e4 yhdess\u00e4 t\u00e4h\u00e4n seksikk\u00e4\u00e4seen pilvihuoran paratiisiin. \ud83d\udca8<\/span><\/li>\n<\/ul>","protected":false},"featured_media":2342,"comment_status":"open","ping_status":"closed","template":"","meta":[],"product_brand":[],"product_cat":[22],"product_tag":[39],"class_list":{"0":"post-664","1":"product","2":"type-product","3":"status-publish","4":"has-post-thumbnail","6":"product_cat-captions","7":"product_tag-stoner","8":"infinite-scroll-item","9":"no-featured-image-padding","10":"sales-flash-overlay","11":"woocommerce-text-align-center","12":"woocommerce-image-align-center","13":"wc-has-gallery","15":"first","16":"instock","17":"downloadable","18":"virtual","19":"sold-individually","20":"purchasable","21":"product-type-simple"},"aioseo_notices":[],"_links":{"self":[{"href":"https:\/\/subtomy.com\/fi\/wp-json\/wp\/v2\/product\/664","targetHints":{"allow":["GET"]}}],"collection":[{"href":"https:\/\/subtomy.com\/fi\/wp-json\/wp\/v2\/product"}],"about":[{"href":"https:\/\/subtomy.com\/fi\/wp-json\/wp\/v2\/types\/product"}],"replies":[{"embeddable":true,"href":"https:\/\/subtomy.com\/fi\/wp-json\/wp\/v2\/comments?post=664"}],"wp:featuredmedia":[{"embeddable":true,"href":"https:\/\/subtomy.com\/fi\/wp-json\/wp\/v2\/media\/2342"}],"wp:attachment":[{"href":"https:\/\/subtomy.com\/fi\/wp-json\/wp\/v2\/media?parent=664"}],"wp:term":[{"taxonomy":"product_brand","embeddable":true,"href":"https:\/\/subtomy.com\/fi\/wp-json\/wp\/v2\/product_brand?post=664"},{"taxonomy":"product_cat","embeddable":true,"href":"https:\/\/subtomy.com\/fi\/wp-json\/wp\/v2\/product_cat?post=664"},{"taxonomy":"product_tag","embeddable":true,"href":"https:\/\/subtomy.com\/fi\/wp-json\/wp\/v2\/product_tag?post=664"}],"curies":[{"name":"wp","href":"https:\/\/api.w.org\/{rel}","templated":true}]}}