{"id":676,"date":"2023-04-17T23:52:47","date_gmt":"2023-04-18T04:52:47","guid":{"rendered":"https:\/\/shop.cammodelagency.com\/?post_type=product&#038;p=676"},"modified":"2023-05-15T22:42:47","modified_gmt":"2023-05-16T03:42:47","slug":"strong-male-captions","status":"publish","type":"product","link":"https:\/\/subtomy.com\/fi\/tuote\/strong-male-captions\/","title":{"rendered":"100+ vahvaa mieskuvateksti\u00e4 OnlyFansiin, Redditiin, sosiaaliseen mediaan jne."},"content":{"rendered":"<p>Esittelemme lopullisen ratkaisun OnlyFansin malleille, jotka haluavat parantaa l\u00e4sn\u00e4oloaan sosiaalisessa mediassa ja houkutella lis\u00e4\u00e4 seuraajia: Strong Male Social Media Caption Pack. T\u00e4m\u00e4 paketti on suunniteltu erityisesti malleille, jotka myyv\u00e4t palveluja OnlyFansissa ja muilla faniklubisivustoilla, ja se sis\u00e4lt\u00e4\u00e4 laajan valikoiman mukaansatempaavia ja huomiota her\u00e4tt\u00e4vi\u00e4 kuvatekstej\u00e4, jotka saavat varmasti yleis\u00f6si puhumaan.<\/p>\n<p>Haluatpa sitten esitell\u00e4 uusinta sis\u00e4lt\u00f6\u00e4si, mainostaa tulevia tapahtumia tai yksinkertaisesti pit\u00e4\u00e4 seuraajasi viihdytt\u00e4v\u00e4n\u00e4 ja sitoutuneena, t\u00e4ss\u00e4 kuvatekstipaketissa on kaikki tarvitsemasi. Kuvatekstit on suunniteltu huolella niin, ett\u00e4 ne vetoavat erilaisiin yleis\u00f6ihin ja pit\u00e4v\u00e4t sis\u00e4lt\u00f6si tuoreena ja j\u00e4nnitt\u00e4v\u00e4n\u00e4.<\/p>\n<p>Jos siis olet valmis viem\u00e4\u00e4n OnlyFans-liiketoimintasi seuraavalle tasolle, \u00e4l\u00e4 odota en\u00e4\u00e4. Tilaa Strong Male Social Media Caption Pack jo t\u00e4n\u00e4\u00e4n ja ala erottua joukosta!<\/p>\n<p>Esimerkkej\u00e4 ovat<\/p>\n<ul>\n<li><span data-sheets-value=\"{&quot;1&quot;:2,&quot;2&quot;:&quot;Do you desire a \ud83d\udcaa\ud83c\udffc man that's hung, handsome and horny? I'm your guy! DM me for hot conversations and let's explore our wildest fantasies together #sexy #horny #hungAF \ud83e\udd75&quot;}\" data-sheets-userformat=\"{&quot;2&quot;:8961,&quot;3&quot;:{&quot;1&quot;:0},&quot;11&quot;:4,&quot;12&quot;:0,&quot;16&quot;:12}\">Haluatko \ud83d\udcaa\ud83c\udffc miehen, joka on roikkuva, komea ja kiimainen? Min\u00e4 olen sinun miehesi! DM minulle kuumia keskusteluja ja tutkitaan villeimm\u00e4t fantasiat yhdess\u00e4 #sexy #horny #hungAF \ud83e\udd75<\/span><\/li>\n<li><span data-sheets-value=\"{&quot;1&quot;:2,&quot;2&quot;:&quot;Favorite thing to do? \ud83d\udd25 Let me show you!\ud83d\udca6I'm hung, handsome and strong. Come talk with me and let's explore our wildest fantasies together! I'm always horny for more \ud83d\ude1c &quot;}\" data-sheets-userformat=\"{&quot;2&quot;:14656,&quot;9&quot;:0,&quot;11&quot;:4,&quot;14&quot;:{&quot;1&quot;:2,&quot;2&quot;:0},&quot;15&quot;:&quot;Verdana&quot;,&quot;16&quot;:11}\">Lempipuuhaa? \ud83d\udd25 Anna kun n\u00e4yt\u00e4n! \ud83d\udca6Olen komea, komea ja vahva. Tule juttelemaan kanssani ja tutkitaan yhdess\u00e4 villeimpi\u00e4 fantasioitamme! Olen aina kiimassa lis\u00e4\u00e4 \ud83d\ude1c <\/span><\/li>\n<li><span data-sheets-value=\"{&quot;1&quot;:2,&quot;2&quot;:&quot;Shoulders back, abs tight. Come explore this strong and handsome \ud83e\udd29\ud83d\udcaa man who's always ready to talk with ya'll \ud83d\ude0f and just so happens to be extra horny tonight \ud83e\udd75 &quot;}\" data-sheets-userformat=\"{&quot;2&quot;:14656,&quot;9&quot;:0,&quot;11&quot;:4,&quot;14&quot;:{&quot;1&quot;:2,&quot;2&quot;:0},&quot;15&quot;:&quot;Verdana&quot;,&quot;16&quot;:11}\">Hartiat taakse, vatsalihakset kire\u00e4ll\u00e4. Tule tutustumaan t\u00e4h\u00e4n vahvaan ja komeaan \ud83e\udd29\ud83d\udcaa mieheen, joka on aina valmis juttelemaan kanssanne \ud83d\ude0f ja sattuu olemaan t\u00e4n\u00e4\u00e4n erityisen kiimainen \ud83e\udd75. <\/span><\/li>\n<\/ul>","protected":false},"excerpt":{"rendered":"<p>Esittelemme lopullisen ratkaisun OnlyFansin malleille, jotka haluavat parantaa l\u00e4sn\u00e4oloaan sosiaalisessa mediassa ja houkutella lis\u00e4\u00e4 seuraajia: Strong Male Social Media Caption Pack.<\/p>\n<p><strong>Esimerkkej\u00e4 ovat<\/strong><\/p>\n<ul>\n<li><span data-sheets-value=\"{&quot;1&quot;:2,&quot;2&quot;:&quot;Do you desire a \ud83d\udcaa\ud83c\udffc man that's hung, handsome and horny? I'm your guy! DM me for hot conversations and let's explore our wildest fantasies together #sexy #horny #hungAF \ud83e\udd75&quot;}\" data-sheets-userformat=\"{&quot;2&quot;:8961,&quot;3&quot;:{&quot;1&quot;:0},&quot;11&quot;:4,&quot;12&quot;:0,&quot;16&quot;:12}\">Haluatko \ud83d\udcaa\ud83c\udffc miehen, joka on roikkuva, komea ja kiimainen? Min\u00e4 olen sinun miehesi! DM minulle kuumia keskusteluja ja tutkitaan villeimm\u00e4t fantasiat yhdess\u00e4 #sexy #horny #hungAF \ud83e\udd75<\/span><\/li>\n<li><span data-sheets-value=\"{&quot;1&quot;:2,&quot;2&quot;:&quot;Favorite thing to do? \ud83d\udd25 Let me show you!\ud83d\udca6I'm hung, handsome and strong. Come talk with me and let's explore our wildest fantasies together! I'm always horny for more \ud83d\ude1c &quot;}\" data-sheets-userformat=\"{&quot;2&quot;:14656,&quot;9&quot;:0,&quot;11&quot;:4,&quot;14&quot;:{&quot;1&quot;:2,&quot;2&quot;:0},&quot;15&quot;:&quot;Verdana&quot;,&quot;16&quot;:11}\">Lempipuuhaa? \ud83d\udd25 Anna kun n\u00e4yt\u00e4n! \ud83d\udca6Olen komea, komea ja vahva. Tule juttelemaan kanssani ja tutkitaan yhdess\u00e4 villeimpi\u00e4 fantasioitamme! Olen aina kiimassa lis\u00e4\u00e4 \ud83d\ude1c <\/span><\/li>\n<li><span data-sheets-value=\"{&quot;1&quot;:2,&quot;2&quot;:&quot;Shoulders back, abs tight. Come explore this strong and handsome \ud83e\udd29\ud83d\udcaa man who's always ready to talk with ya'll \ud83d\ude0f and just so happens to be extra horny tonight \ud83e\udd75 &quot;}\" data-sheets-userformat=\"{&quot;2&quot;:14656,&quot;9&quot;:0,&quot;11&quot;:4,&quot;14&quot;:{&quot;1&quot;:2,&quot;2&quot;:0},&quot;15&quot;:&quot;Verdana&quot;,&quot;16&quot;:11}\">Hartiat taakse, vatsalihakset kire\u00e4ll\u00e4. Tule tutustumaan t\u00e4h\u00e4n vahvaan ja komeaan \ud83e\udd29\ud83d\udcaa mieheen, joka on aina valmis juttelemaan kanssanne \ud83d\ude0f ja sattuu olemaan t\u00e4n\u00e4\u00e4n erityisen kiimainen \ud83e\udd75.<\/span><\/li>\n<\/ul>","protected":false},"featured_media":1238,"comment_status":"open","ping_status":"closed","template":"","meta":[],"product_brand":[],"product_cat":[22],"product_tag":[33],"class_list":{"0":"post-676","1":"product","2":"type-product","3":"status-publish","4":"has-post-thumbnail","6":"product_cat-captions","7":"product_tag-men","8":"infinite-scroll-item","9":"no-featured-image-padding","10":"sales-flash-overlay","11":"woocommerce-text-align-center","12":"woocommerce-image-align-center","13":"wc-has-gallery","15":"first","16":"instock","17":"downloadable","18":"virtual","19":"sold-individually","20":"purchasable","21":"product-type-simple"},"aioseo_notices":[],"_links":{"self":[{"href":"https:\/\/subtomy.com\/fi\/wp-json\/wp\/v2\/product\/676","targetHints":{"allow":["GET"]}}],"collection":[{"href":"https:\/\/subtomy.com\/fi\/wp-json\/wp\/v2\/product"}],"about":[{"href":"https:\/\/subtomy.com\/fi\/wp-json\/wp\/v2\/types\/product"}],"replies":[{"embeddable":true,"href":"https:\/\/subtomy.com\/fi\/wp-json\/wp\/v2\/comments?post=676"}],"wp:featuredmedia":[{"embeddable":true,"href":"https:\/\/subtomy.com\/fi\/wp-json\/wp\/v2\/media\/1238"}],"wp:attachment":[{"href":"https:\/\/subtomy.com\/fi\/wp-json\/wp\/v2\/media?parent=676"}],"wp:term":[{"taxonomy":"product_brand","embeddable":true,"href":"https:\/\/subtomy.com\/fi\/wp-json\/wp\/v2\/product_brand?post=676"},{"taxonomy":"product_cat","embeddable":true,"href":"https:\/\/subtomy.com\/fi\/wp-json\/wp\/v2\/product_cat?post=676"},{"taxonomy":"product_tag","embeddable":true,"href":"https:\/\/subtomy.com\/fi\/wp-json\/wp\/v2\/product_tag?post=676"}],"curies":[{"name":"wp","href":"https:\/\/api.w.org\/{rel}","templated":true}]}}