{"id":691,"date":"2023-04-18T12:33:29","date_gmt":"2023-04-18T17:33:29","guid":{"rendered":"https:\/\/shop.cammodelagency.com\/?post_type=product&#038;p=691"},"modified":"2024-04-01T13:59:54","modified_gmt":"2024-04-01T18:59:54","slug":"small-boobs-captions","status":"publish","type":"product","link":"https:\/\/subtomy.com\/fi\/tuote\/small-boobs-captions\/","title":{"rendered":"100+ pienten tissien kuvateksti\u00e4 OnlyFansille, Redditille, sosiaaliseen mediaan jne."},"content":{"rendered":"<p>Esittelemme lopullisen ratkaisun OnlyFansin pienirintaisille malleille, jotka haluavat parantaa l\u00e4sn\u00e4oloaan sosiaalisessa mediassa ja houkutella lis\u00e4\u00e4 seuraajia: Small Boobs Social Media Caption Pack. T\u00e4m\u00e4 paketti on suunniteltu erityisesti malleille, jotka haluavat esitell\u00e4 ainutlaatuista kauneuttaan ja voimavarojaan seksikk\u00e4\u00e4ll\u00e4 ja tyylikk\u00e4\u00e4ll\u00e4 tavalla.<\/p>\n<p>Small Boobs Social Media Caption Packin avulla saat valikoiman r\u00e4\u00e4t\u00e4l\u00f6ityj\u00e4 kuvatekstej\u00e4, jotka on r\u00e4\u00e4t\u00e4l\u00f6ity pienirintaisten mallien tarpeisiin. N\u00e4m\u00e4 kuvatekstit ovat mukaansatempaavia, huomiota her\u00e4tt\u00e4vi\u00e4 ja huolellisesti laadittuja, jotta ne korostavat voimavarojasi parhaassa mahdollisessa valossa. Leikkisist\u00e4 yksiviivaisista lauseista ajatuksia her\u00e4tt\u00e4viin kysymyksiin, kuvatekstimme auttavat sinua erottumaan joukosta ja houkuttelemaan uskollisia ja sitoutuneita seuraajia.<\/p>\n<p>Kokeneista sosiaalisen median asiantuntijoista koostuva tiimimme ymm\u00e4rt\u00e4\u00e4 pienirintaisten mallien haasteet ja on suunnitellut t\u00e4m\u00e4n paketin juuri sinun tarpeesi huomioon ottaen. Tied\u00e4mme, miten korostaa kurvejasi ja saada pienet tissisi n\u00e4ytt\u00e4m\u00e4\u00e4n parhaimmilta ilman, ett\u00e4 turvaudut ep\u00e4realistisiin tai saavuttamattomiin kauneusvaatimuksiin.<\/p>\n<p>Olitpa sitten vasta aloittamassa OnlyFansissa tai haluamassa vied\u00e4 yrityksesi seuraavalle tasolle, Small Boobs Social Media Caption Pack on t\u00e4ydellinen ty\u00f6kalu n\u00e4kyvyytesi parantamiseen ja uusien seuraajien houkuttelemiseen. Kattavan sosiaalisen median strategiamme avulla voit rakentaa vahvan ja sitoutuneen seuraajakunnan, joka arvostaa ainutlaatuista kauneuttasi ja tukee menestyst\u00e4si.<\/p>\n<p><strong>Esimerkkej\u00e4:<\/strong><\/p>\n<ul>\n<li><span data-sheets-value=\"{&quot;1&quot;:2,&quot;2&quot;:&quot;Don't you wish you could \ud83e\udd24feel my petite boobies? I'm getting so horny just thinking about it \ud83d\ude0f. Slide into my DMs and let's explore the possibilities together! &quot;}\" data-sheets-userformat=\"{&quot;2&quot;:14656,&quot;9&quot;:0,&quot;11&quot;:4,&quot;14&quot;:{&quot;1&quot;:2,&quot;2&quot;:0},&quot;15&quot;:&quot;Verdana&quot;,&quot;16&quot;:11}\">Etk\u00f6 toivoisi, ett\u00e4 voisit \ud83e\udd24kokeilla mun siroja tissej\u00e4? Mua kiihottaa niin paljon jo pelkk\u00e4 ajatuskin siit\u00e4 \ud83d\ude0f. Liuku mun DM:\u00e4\u00e4n ja tutkitaan mahdollisuuksia yhdess\u00e4! <\/span><\/li>\n<li><span data-sheets-value=\"{&quot;1&quot;:2,&quot;2&quot;:&quot;Gorgeous \ud83d\udd25 and oh-so-sexy small boob goddess here! Who's ready to get naughty with me? \ud83d\ude09 DM me if you wanna chat, I'm feeling extra horny today. #SmallBoobs #SexyAF #ComePlayWithMe&quot;}\" data-sheets-userformat=\"{&quot;2&quot;:8961,&quot;3&quot;:{&quot;1&quot;:0},&quot;11&quot;:4,&quot;12&quot;:0,&quot;16&quot;:12}\">Upea \ud83d\udd25 ja ah-niin-seksik\u00e4s pikkutissijumalatar t\u00e4\u00e4ll\u00e4! Kuka on valmis tuhmuuteen kanssani? \ud83d\ude09 Laita minulle DM jos haluat jutella, olen erityisen kiimainen t\u00e4n\u00e4\u00e4n. #SmallBoobs #SexyAF #ComePlayWithMe<\/span><\/li>\n<li><span data-sheets-value=\"{&quot;1&quot;:2,&quot;2&quot;:&quot;Shoulders back, small boobs out! \ud83e\udd29 Come talk to me and let's get a little naughty. I'm feeling extra horny tonight, so let's make it an unforgettable night for us both. &quot;}\" data-sheets-userformat=\"{&quot;2&quot;:14656,&quot;9&quot;:0,&quot;11&quot;:4,&quot;14&quot;:{&quot;1&quot;:2,&quot;2&quot;:0},&quot;15&quot;:&quot;Verdana&quot;,&quot;16&quot;:11}\">Hartiat taakse, pienet rinnat ulos! \ud83e\udd29 Tule puhumaan minulle ja ollaan v\u00e4h\u00e4n tuhmia. Tunnen itseni erityisen kiimaiseksi t\u00e4n\u00e4 iltana, joten tehd\u00e4\u00e4n siit\u00e4 unohtumaton ilta meille molemmille.<\/span><\/li>\n<\/ul>\n<p>Miksi siis odottaa? Tilaa Small Boobs Social Media Caption Pack jo t\u00e4n\u00e4\u00e4n ja aloita OnlyFans-liiketoimintasi nostaminen seuraavalle tasolle. Asiantuntijaopastuksemme ja ammattimaisten resurssiemme avulla voit esitell\u00e4 pieni\u00e4 tissej\u00e4si ylpeydell\u00e4 ja houkutella ansaitsemasi yleis\u00f6n.<\/p>","protected":false},"excerpt":{"rendered":"<p>Esittelemme lopullisen ratkaisun OnlyFansin pienirintaisille malleille, jotka haluavat parantaa sosiaalisen median l\u00e4sn\u00e4oloaan ja houkutella lis\u00e4\u00e4 seuraajia!<\/p>\n<p>Esimerkkej\u00e4:<\/p>\n<ul>\n<li><span data-sheets-value=\"{&quot;1&quot;:2,&quot;2&quot;:&quot;Don't you wish you could \ud83e\udd24feel my petite boobies? I'm getting so horny just thinking about it \ud83d\ude0f. Slide into my DMs and let's explore the possibilities together! &quot;}\" data-sheets-userformat=\"{&quot;2&quot;:14656,&quot;9&quot;:0,&quot;11&quot;:4,&quot;14&quot;:{&quot;1&quot;:2,&quot;2&quot;:0},&quot;15&quot;:&quot;Verdana&quot;,&quot;16&quot;:11}\">Etk\u00f6 toivoisi, ett\u00e4 voisit \ud83e\udd24kokeilla mun siroja tissej\u00e4? Mua kiihottaa niin paljon jo pelkk\u00e4 ajatuskin siit\u00e4 \ud83d\ude0f. Liuku mun DM:\u00e4\u00e4n ja tutkitaan mahdollisuuksia yhdess\u00e4! <\/span><\/li>\n<li><span data-sheets-value=\"{&quot;1&quot;:2,&quot;2&quot;:&quot;Gorgeous \ud83d\udd25 and oh-so-sexy small boob goddess here! Who's ready to get naughty with me? \ud83d\ude09 DM me if you wanna chat, I'm feeling extra horny today. #SmallBoobs #SexyAF #ComePlayWithMe&quot;}\" data-sheets-userformat=\"{&quot;2&quot;:8961,&quot;3&quot;:{&quot;1&quot;:0},&quot;11&quot;:4,&quot;12&quot;:0,&quot;16&quot;:12}\">Upea \ud83d\udd25 ja ah-niin-seksik\u00e4s pikkutissijumalatar t\u00e4\u00e4ll\u00e4! Kuka on valmis tuhmuuteen kanssani? \ud83d\ude09 Laita minulle DM jos haluat jutella, olen erityisen kiimainen t\u00e4n\u00e4\u00e4n. #SmallBoobs #SexyAF #ComePlayWithMe<\/span><\/li>\n<li><span data-sheets-value=\"{&quot;1&quot;:2,&quot;2&quot;:&quot;Shoulders back, small boobs out! \ud83e\udd29 Come talk to me and let's get a little naughty. I'm feeling extra horny tonight, so let's make it an unforgettable night for us both. &quot;}\" data-sheets-userformat=\"{&quot;2&quot;:14656,&quot;9&quot;:0,&quot;11&quot;:4,&quot;14&quot;:{&quot;1&quot;:2,&quot;2&quot;:0},&quot;15&quot;:&quot;Verdana&quot;,&quot;16&quot;:11}\">Hartiat taakse, pienet rinnat ulos! \ud83e\udd29 Tule puhumaan minulle ja ollaan v\u00e4h\u00e4n tuhmia. Tunnen itseni erityisen kiimaiseksi t\u00e4n\u00e4 iltana, joten tehd\u00e4\u00e4n siit\u00e4 unohtumaton ilta meille molemmille. <\/span><\/li>\n<\/ul>","protected":false},"featured_media":2336,"comment_status":"open","ping_status":"closed","template":"","meta":[],"product_brand":[],"product_cat":[22],"product_tag":[36],"class_list":{"0":"post-691","1":"product","2":"type-product","3":"status-publish","4":"has-post-thumbnail","6":"product_cat-captions","7":"product_tag-small-boobs","8":"infinite-scroll-item","9":"no-featured-image-padding","10":"sales-flash-overlay","11":"woocommerce-text-align-center","12":"woocommerce-image-align-center","13":"wc-has-gallery","15":"first","16":"instock","17":"downloadable","18":"virtual","19":"sold-individually","20":"purchasable","21":"product-type-simple"},"aioseo_notices":[],"_links":{"self":[{"href":"https:\/\/subtomy.com\/fi\/wp-json\/wp\/v2\/product\/691","targetHints":{"allow":["GET"]}}],"collection":[{"href":"https:\/\/subtomy.com\/fi\/wp-json\/wp\/v2\/product"}],"about":[{"href":"https:\/\/subtomy.com\/fi\/wp-json\/wp\/v2\/types\/product"}],"replies":[{"embeddable":true,"href":"https:\/\/subtomy.com\/fi\/wp-json\/wp\/v2\/comments?post=691"}],"wp:featuredmedia":[{"embeddable":true,"href":"https:\/\/subtomy.com\/fi\/wp-json\/wp\/v2\/media\/2336"}],"wp:attachment":[{"href":"https:\/\/subtomy.com\/fi\/wp-json\/wp\/v2\/media?parent=691"}],"wp:term":[{"taxonomy":"product_brand","embeddable":true,"href":"https:\/\/subtomy.com\/fi\/wp-json\/wp\/v2\/product_brand?post=691"},{"taxonomy":"product_cat","embeddable":true,"href":"https:\/\/subtomy.com\/fi\/wp-json\/wp\/v2\/product_cat?post=691"},{"taxonomy":"product_tag","embeddable":true,"href":"https:\/\/subtomy.com\/fi\/wp-json\/wp\/v2\/product_tag?post=691"}],"curies":[{"name":"wp","href":"https:\/\/api.w.org\/{rel}","templated":true}]}}