{"id":1811,"date":"2023-06-05T18:34:17","date_gmt":"2023-06-05T23:34:17","guid":{"rendered":"https:\/\/subtomy.com\/?post_type=product&#038;p=1811"},"modified":"2024-04-01T12:26:19","modified_gmt":"2024-04-01T17:26:19","slug":"joi-evening-messages-pack","status":"publish","type":"product","link":"https:\/\/subtomy.com\/fr\/produit\/pack-messages-de-soiree-de-joi\/","title":{"rendered":"65 JOI Evening Messages Pack pour les messages de masse et les entretiens individuels"},"content":{"rendered":"<h3 style=\"text-align: center;\">Voici le pack 65 messages du soir JOI : Guidez leur plaisir jusqu'au bout de la nuit<\/h3>\n<p>Lib\u00e9rez votre pouvoir de s\u00e9duction avec le Pack 65 messages du soir JOI. Con\u00e7ue pour la messagerie de masse et les interactions personnalis\u00e9es, cette collection de messages all\u00e9chants et imp\u00e9rieux prendra le contr\u00f4le du plaisir de vos abonn\u00e9s au fur et \u00e0 mesure que la nuit se d\u00e9roulera. Des instructions explicites aux sc\u00e9narios s\u00e9duisants, ces messages les guideront vers de nouveaux sommets d'extase.<\/p>\n<ol>\n<li><strong>Pr\u00e9sentation du commandant<\/strong>: Commencez chaque message par une introduction convaincante et excitante. Utilisez un langage provocateur, des images s\u00e9duisantes ou des \u00e9mojis aguicheurs pour captiver leur attention et donner le ton d'une soir\u00e9e inoubliable.<\/li>\n<li><strong>Adresse personnalis\u00e9e<\/strong>: \u00c9tablissez un lien personnel en vous adressant \u00e0 vos abonn\u00e9s par leur nom ou en tenant compte de leurs centres d'int\u00e9r\u00eat. Faites en sorte qu'ils se sentent vus et d\u00e9sir\u00e9s, ce qui intensifie leur impatience et rend leur exp\u00e9rience adapt\u00e9e \u00e0 leurs d\u00e9sirs.<\/li>\n<li><strong>Instructions d\u00e9taill\u00e9es :<\/strong> Donnez des instructions explicites pour guider leur plaisir. D\u00e9crivez la mani\u00e8re dont vous voulez qu'ils se touchent, les points sur lesquels ils doivent porter leur attention et le rythme \u00e0 suivre. Encouragez-les \u00e0 se soumettre \u00e0 vos ordres et \u00e0 \u00e9prouver le plaisir ultime sous votre direction.<\/li>\n<li><strong>Sc\u00e9narios sensuels<\/strong>: Peindre des sc\u00e9narios sensuels qui stimulent leur imagination et augmentent leur excitation. D\u00e9crire des sc\u00e9narios s\u00e9duisants ou adapt\u00e9s \u00e0 leurs kinks sp\u00e9cifiques, en les invitant \u00e0 se plonger dans un monde de plaisir et de d\u00e9sir.<\/li>\n<li><strong>Stimulation progressive<\/strong>: Anticipez et intensifiez leur plaisir en les guidant \u00e0 travers les sensations. Demandez-leur de commencer lentement, en augmentant progressivement l'intensit\u00e9 et le rythme jusqu'\u00e0 ce qu'ils atteignent l'apog\u00e9e de leur plaisir.<\/li>\n<li><strong>Encouragement verbal<\/strong>: Utilisez un langage s\u00e9duisant et encourageant pour alimenter leur excitation et les motiver. Rappelez-leur le plaisir qu'ils vous procurent et la satisfaction qu'ils \u00e9prouvent en se soumettant \u00e0 vos ordres.<\/li>\n<li><strong>Teasing Teasers<\/strong>: Attirez leurs sens avec des aper\u00e7us all\u00e9chants de ce qui est \u00e0 venir. Faites des allusions \u00e0 des s\u00e9ances \u00e0 venir, \u00e0 de nouvelles techniques ou \u00e0 des contenus exclusifs, pour qu'ils soient impatients de vous rencontrer \u00e0 l'avenir.<\/li>\n<li><strong>Engagement interactif<\/strong>: Encouragez l'interaction en les invitant \u00e0 partager leurs exp\u00e9riences, leurs fantasmes ou leurs demandes. Cr\u00e9ez un espace s\u00fbr pour un dialogue ouvert, leur permettant d'explorer leurs d\u00e9sirs et d'approfondir leur connexion \u00e0 votre guidance.<\/li>\n<li><strong>R\u00e9flexion post-session<\/strong>: Apr\u00e8s la session, offrez un moment de r\u00e9flexion et d'attention. Encouragez-les \u00e0 partager leurs pens\u00e9es, leurs \u00e9motions ou tout commentaire qu'ils pourraient avoir. Remerciez-les de leur confiance et de leur engagement \u00e0 suivre vos conseils.<\/li>\n<\/ol>\n<p>Avec le Pack 65 messages du soir JOI, vous pouvez guider le plaisir de vos abonn\u00e9s jusqu'au bout de la nuit. Enflammez leurs d\u00e9sirs, commandez leur attention et entra\u00eenez-les dans un voyage d'extase qu'ils n'oublieront jamais.<\/p>\n<p>N'oubliez pas de donner la priorit\u00e9 au consentement, \u00e0 la communication et \u00e0 la cr\u00e9ation d'un environnement s\u00fbr pour vos abonn\u00e9s. Encouragez-les \u00e0 explorer leurs limites \u00e0 leur propre rythme et respectez toujours leurs limites.<\/p>","protected":false},"excerpt":{"rendered":"<h3 style=\"text-align: center;\">Voici le pack 65 messages du soir JOI : Guidez leur plaisir jusqu'au bout de la nuit<\/h3>\n<p>En voici quelques exemples :<\/p>\n<ul>\n<li><em>Exquis, j'ai h\u00e2te d'entendre tes g\u00e9missements lorsque tu suivras mes instructions et que tu te perdras dans l'extase \u2728\ud83d\udca6 Pr\u00e9pare-toi \u00e0 une nuit de pur plaisir et de f\u00e9licit\u00e9 - je suis l\u00e0 pour m'assurer que chaque centim\u00e8tre de ton corps est pris en charge \ud83d\udd25\ud83d\ude08.<\/em><\/li>\n<li><em>Avez-vous envie d'un JOI doux et all\u00e9chant pour terminer votre nuit ? \ud83e\udd24 Je peux penser \u00e0 quelques id\u00e9es qui vous feront fl\u00e9chir avant de vous laisser tomber dans le pays des r\u00eaves. \ud83d\ude09 Laissez-moi prendre le contr\u00f4le et vous pr\u00e9parer pour le lit avec mes mots sulfureux \u2764\ufe0f<\/em><\/li>\n<li><em>R\u00e9compensez-vous d'une dure journ\u00e9e de travail avec du plaisir coquin ce soir \ud83d\udc8b Fermez les yeux et laissez-moi vous emmener dans une aventure \u00e9rotique qui vous fera supplier pour plus \ud83e\udd24 \ud83e\udd24.<\/em><\/li>\n<\/ul>","protected":false},"featured_media":2333,"comment_status":"closed","ping_status":"closed","template":"","meta":[],"product_brand":[],"product_cat":[141],"product_tag":[48],"class_list":{"0":"post-1811","1":"product","2":"type-product","3":"status-publish","4":"has-post-thumbnail","6":"product_cat-messaging","7":"product_tag-joi","8":"infinite-scroll-item","9":"no-featured-image-padding","10":"sales-flash-overlay","11":"woocommerce-text-align-center","12":"woocommerce-image-align-center","13":"wc-has-gallery","15":"first","16":"instock","17":"downloadable","18":"virtual","19":"sold-individually","20":"purchasable","21":"product-type-simple"},"aioseo_notices":[],"_links":{"self":[{"href":"https:\/\/subtomy.com\/fr\/wp-json\/wp\/v2\/product\/1811","targetHints":{"allow":["GET"]}}],"collection":[{"href":"https:\/\/subtomy.com\/fr\/wp-json\/wp\/v2\/product"}],"about":[{"href":"https:\/\/subtomy.com\/fr\/wp-json\/wp\/v2\/types\/product"}],"replies":[{"embeddable":true,"href":"https:\/\/subtomy.com\/fr\/wp-json\/wp\/v2\/comments?post=1811"}],"wp:featuredmedia":[{"embeddable":true,"href":"https:\/\/subtomy.com\/fr\/wp-json\/wp\/v2\/media\/2333"}],"wp:attachment":[{"href":"https:\/\/subtomy.com\/fr\/wp-json\/wp\/v2\/media?parent=1811"}],"wp:term":[{"taxonomy":"product_brand","embeddable":true,"href":"https:\/\/subtomy.com\/fr\/wp-json\/wp\/v2\/product_brand?post=1811"},{"taxonomy":"product_cat","embeddable":true,"href":"https:\/\/subtomy.com\/fr\/wp-json\/wp\/v2\/product_cat?post=1811"},{"taxonomy":"product_tag","embeddable":true,"href":"https:\/\/subtomy.com\/fr\/wp-json\/wp\/v2\/product_tag?post=1811"}],"curies":[{"name":"wp","href":"https:\/\/api.w.org\/{rel}","templated":true}]}}