{"id":2024,"date":"2023-08-02T19:40:03","date_gmt":"2023-08-03T00:40:03","guid":{"rendered":"https:\/\/subtomy.com\/?post_type=product&#038;p=2024"},"modified":"2023-08-02T22:38:53","modified_gmt":"2023-08-03T03:38:53","slug":"custom-captions-and-scripts","status":"publish","type":"product","link":"https:\/\/subtomy.com\/fr\/produit\/legendes-et-scripts-personnalises\/","title":{"rendered":"L\u00e9gendes personnalis\u00e9es, scripts, etc."},"content":{"rendered":"<h2 style=\"text-align: center;\">Vous avez du mal \u00e0 cr\u00e9er du contenu attrayant et captivant pour vos plateformes de m\u00e9dias sociaux ?<\/h2>\n<p><strong>Ce que nous offrons :<\/strong><\/p>\n<ol>\n<li><strong>30 l\u00e9gendes pour les m\u00e9dias sociaux :<\/strong> Lib\u00e9rez le pouvoir d'une narration percutante avec 30 l\u00e9gendes de m\u00e9dias sociaux con\u00e7ues par des professionnels. Notre \u00e9quipe de r\u00e9dacteurs exp\u00e9riment\u00e9s d\u00e9veloppera des l\u00e9gendes captivantes et adapt\u00e9es \u00e0 votre marque, qui trouveront un \u00e9cho aupr\u00e8s de votre public cible et lui donneront envie de s'engager dans votre contenu.<\/li>\n<li><strong>10 DM personnalis\u00e9s (messages de masse ou 1 contre 1) :<\/strong> Forgez des liens plus profonds avec vos followers gr\u00e2ce \u00e0 des DM personnalis\u00e9s. Nos DM personnalis\u00e9s sont con\u00e7us pour cr\u00e9er des interactions authentiques, favoriser les relations et conduire des conversations significatives, vous aidant ainsi \u00e0 construire une communaut\u00e9 loyale et engag\u00e9e.<\/li>\n<li><strong>3 scripts vid\u00e9o :<\/strong> Laissez nos sc\u00e9naristes comp\u00e9tents cr\u00e9er des scripts vid\u00e9o convaincants, adapt\u00e9s \u00e0 la personnalit\u00e9 et aux objectifs de votre marque. Nos scripts captiveront votre public et laisseront un impact durable.<\/li>\n<\/ol>\n<p><strong>Comment cela fonctionne-t-il ?<\/strong><\/p>\n<ol>\n<li><strong>Questionnaire :<\/strong> Nous commen\u00e7ons par un questionnaire approfondi pour comprendre votre marque, votre public cible et vos objectifs en mati\u00e8re de contenu. Nous nous assurons ainsi que notre contenu s'aligne parfaitement sur votre vision.<\/li>\n<li><strong>Cr\u00e9ation de contenu sur mesure :<\/strong> Notre \u00e9quipe d'experts \u00e9labore chaque contenu de mani\u00e8re cr\u00e9ative et pr\u00e9cise, en veillant \u00e0 ce qu'il trouve un \u00e9cho aupr\u00e8s de votre public et qu'il renforce l'identit\u00e9 de votre marque.<\/li>\n<li><strong>Livraison mensuelle :<\/strong> Chaque mois, vous recevrez un lot de 30 l\u00e9gendes r\u00e9dig\u00e9es par des professionnels, 10 DM personnalis\u00e9s, 3 scripts vid\u00e9o et bien plus encore, pr\u00eats \u00e0 booster votre activit\u00e9.<\/li>\n<\/ol>\n<p>Tout ce contenu exceptionnel et cette cr\u00e9ativit\u00e9 sont propos\u00e9s \u00e0 un prix avantageux de seulement $99\/mois. Notre objectif est de renforcer la strat\u00e9gie de votre entreprise sans vous ruiner.<\/p>\n<p><strong>Pourquoi nous choisir ?<\/strong><\/p>\n<ul>\n<li><strong>Expertise dans l'industrie :<\/strong> Nous avons une grande exp\u00e9rience de l'industrie adulte, ce qui nous permet de cr\u00e9er des contenus qui respectent les directives de la plateforme tout en stimulant l'engagement.<\/li>\n<li><strong>Excellence cr\u00e9ative :<\/strong> Notre \u00e9quipe de r\u00e9dacteurs et de sc\u00e9naristes qualifi\u00e9s se consacre \u00e0 la production d'un contenu de premier ordre qui \u00e9l\u00e8ve votre marque au-dessus du bruit.<\/li>\n<li><strong>Coh\u00e9rence et commodit\u00e9 :<\/strong> Dites adieu au stress de la cr\u00e9ation de contenu. Gr\u00e2ce \u00e0 notre mod\u00e8le d'abonnement mensuel, vous recevrez r\u00e9guli\u00e8rement du contenu frais et de haute qualit\u00e9, sans aucun souci.<\/li>\n<\/ul>\n<p>Pr\u00eat \u00e0 \u00e9lever votre niveau de jeu dans les m\u00e9dias sociaux et \u00e0 laisser une impression durable sur votre public ?<\/p>","protected":false},"excerpt":{"rendered":"<p><strong>Obtenez 30 l\u00e9gendes professionnelles, 10 DM personnalis\u00e9s pour des connexions plus profondes avec vos followers, et 3 scripts vid\u00e9o captivants adapt\u00e9s \u00e0 votre marque.<\/strong><\/p>\n<p>Notre processus comprend un questionnaire approfondi pour comprendre votre vision et garantir l'alignement du contenu.<\/p>\n<p>Vous recevrez chaque mois un contenu frais et de haute qualit\u00e9 pour seulement $99\/mois.<\/p>\n<p>Am\u00e9liorez votre jeu sur les m\u00e9dias sociaux et laissez une impression durable sur votre public.<\/p>\n<p>Rejoignez-nous d\u00e8s maintenant et boostez votre activit\u00e9 !<\/p>\n<p><strong>Une fois l'achat effectu\u00e9, vous recevrez une note sur votre re\u00e7u avec un lien vers un questionnaire \u00e0 remplir. Si vous ne le trouvez pas, <a href=\"https:\/\/subtomy.com\/fr\/custom-content-questionnaire\/\">cliquez ici pour acc\u00e9der \u00e0 la page du questionnaire<\/a>.\u00a0<\/strong><\/p>","protected":false},"featured_media":2025,"comment_status":"open","ping_status":"closed","template":"","meta":[],"product_brand":[],"product_cat":[179],"product_tag":[],"class_list":{"0":"post-2024","1":"product","2":"type-product","3":"status-publish","4":"has-post-thumbnail","6":"product_cat-micro-services","7":"infinite-scroll-item","8":"no-featured-image-padding","9":"sales-flash-overlay","10":"woocommerce-text-align-center","11":"woocommerce-image-align-center","13":"first","14":"instock","15":"featured","16":"virtual","17":"product-type-subscription"},"aioseo_notices":[],"_links":{"self":[{"href":"https:\/\/subtomy.com\/fr\/wp-json\/wp\/v2\/product\/2024","targetHints":{"allow":["GET"]}}],"collection":[{"href":"https:\/\/subtomy.com\/fr\/wp-json\/wp\/v2\/product"}],"about":[{"href":"https:\/\/subtomy.com\/fr\/wp-json\/wp\/v2\/types\/product"}],"replies":[{"embeddable":true,"href":"https:\/\/subtomy.com\/fr\/wp-json\/wp\/v2\/comments?post=2024"}],"wp:featuredmedia":[{"embeddable":true,"href":"https:\/\/subtomy.com\/fr\/wp-json\/wp\/v2\/media\/2025"}],"wp:attachment":[{"href":"https:\/\/subtomy.com\/fr\/wp-json\/wp\/v2\/media?parent=2024"}],"wp:term":[{"taxonomy":"product_brand","embeddable":true,"href":"https:\/\/subtomy.com\/fr\/wp-json\/wp\/v2\/product_brand?post=2024"},{"taxonomy":"product_cat","embeddable":true,"href":"https:\/\/subtomy.com\/fr\/wp-json\/wp\/v2\/product_cat?post=2024"},{"taxonomy":"product_tag","embeddable":true,"href":"https:\/\/subtomy.com\/fr\/wp-json\/wp\/v2\/product_tag?post=2024"}],"curies":[{"name":"wp","href":"https:\/\/api.w.org\/{rel}","templated":true}]}}