{"id":585,"date":"2023-04-13T23:44:56","date_gmt":"2023-04-14T04:44:56","guid":{"rendered":"https:\/\/shop.cammodelagency.com\/?post_type=product&#038;p=585"},"modified":"2024-03-26T19:39:22","modified_gmt":"2024-03-27T00:39:22","slug":"onlyfans-captions","status":"publish","type":"product","link":"https:\/\/subtomy.com\/fr\/produit\/legende-des-fans-2\/","title":{"rendered":"Pack de 100+ l\u00e9gendes OnlyFans, Reddit et m\u00e9dias sociaux"},"content":{"rendered":"<p>Vous voulez que votre contenu OnlyFans reste frais et attrayant ? Notre pack de l\u00e9gendes de m\u00e9dias sociaux pour les mannequins adultes a tout pr\u00e9vu !<\/p>\n<p>Avec <strong>Plus de 100 l\u00e9gendes uniques<\/strong> Con\u00e7u sp\u00e9cialement pour les contenus pour adultes, notre pack vous aidera \u00e0 capter l'attention de votre public et \u00e0 le faire revenir. Du flirt \u00e0 l'explicite, nos l\u00e9gendes couvrent un large \u00e9ventail de th\u00e8mes et de sc\u00e9narios, ce qui vous permet de trouver la l\u00e9gende id\u00e9ale pour chaque message.<\/p>\n<p>Notre format facile \u00e0 utiliser vous permet de copier et de coller la l\u00e9gende de votre choix dans votre message OnlyFans, ce qui vous fait gagner du temps et de l'\u00e9nergie. De plus, gr\u00e2ce aux nombreuses options disponibles, vous ne serez jamais \u00e0 court d'id\u00e9es pour votre contenu.<\/p>\n<p>Que vous souhaitiez pr\u00e9senter votre dernier ensemble de lingerie, partager une histoire torride ou simplement communiquer avec votre public \u00e0 un niveau plus personnel, notre pack de l\u00e9gendes pour les m\u00e9dias sociaux contient tout ce dont vous avez besoin pour faire ressortir votre contenu OnlyFans.<\/p>\n<p>Alors pourquoi attendre ? Commandez d\u00e8s aujourd'hui notre pack de l\u00e9gendes pour les m\u00e9dias sociaux OnlyFans et faites passer votre contenu au niveau sup\u00e9rieur !<\/p>\n<p>Notre pack comprend <strong>Plus de 100 l\u00e9gendes uniques<\/strong> sp\u00e9cialement con\u00e7ues pour le contenu OnlyFans, afin que vous puissiez capter l'attention de vos followers et les inciter \u00e0 revenir. Que vous souhaitiez pr\u00e9senter votre dernier ensemble de lingerie, partager une sc\u00e8ne de douche torride ou donner \u00e0 vos followers un aper\u00e7u des coulisses de votre routine quotidienne, nos l\u00e9gendes vous aideront \u00e0 vous d\u00e9marquer.<\/p>\n<p>Nos l\u00e9gendes couvrent un large \u00e9ventail de th\u00e8mes, allant de l'espi\u00e8glerie \u00e0 la provocation, en passant par tout ce qui se trouve entre les deux. Que vous souhaitiez attirer l'attention de vos followers avec un aper\u00e7u ou les s\u00e9duire avec un message sulfureux, nous avons ce qu'il vous faut. Et gr\u00e2ce \u00e0 notre format facile \u00e0 utiliser, vous pouvez rapidement et facilement copier et coller la l\u00e9gende de votre choix dans vos posts OnlyFans, ce qui vous permet d'\u00e9conomiser du temps et des efforts.<\/p>\n<p>Alors si vous \u00eates pr\u00eat \u00e0 faire passer votre contenu OnlyFans au niveau sup\u00e9rieur et \u00e0 garder vos followers engag\u00e9s et enthousiastes, commandez notre pack de l\u00e9gendes pour les m\u00e9dias sociaux d\u00e8s aujourd'hui !<\/p>","protected":false},"excerpt":{"rendered":"<p><strong>Mises \u00e0 jour \u00e0 vie !<\/strong><\/p>\n<p>Vous voulez que votre contenu OnlyFans sorte du lot ? Ne cherchez pas plus loin que notre pack de l\u00e9gendes de m\u00e9dias sociaux pour mod\u00e8les adultes !<\/p>\n<p>Exemples<\/p>\n<ul>\n<li><span data-sheets-value=\"{&quot;1&quot;:2,&quot;2&quot;:&quot;Easy as 1-2-3, let's get naughty \ud83d\udc8b Ready to unleash my wild side - who's ready to join me? #ReadyToPlay \ud83d\ude08&quot;}\" data-sheets-userformat=\"{&quot;2&quot;:8961,&quot;3&quot;:{&quot;1&quot;:0},&quot;11&quot;:4,&quot;12&quot;:0,&quot;16&quot;:12}\">Facile comme 1-2-3, devenons coquins \ud83d\udc8b Pr\u00eat \u00e0 lib\u00e9rer mon c\u00f4t\u00e9 sauvage - qui est pr\u00eat \u00e0 se joindre \u00e0 moi ? #ReadyToPlay \ud83d\ude08<\/span><\/li>\n<li><span data-sheets-value=\"{&quot;1&quot;:2,&quot;2&quot;:&quot;Love to tease you with my \ud83d\udc8b\ud83e\udd75 Let's chat and explore our wildest fantasies together! #sexytime&quot;}\" data-sheets-userformat=\"{&quot;2&quot;:8961,&quot;3&quot;:{&quot;1&quot;:0},&quot;11&quot;:4,&quot;12&quot;:0,&quot;16&quot;:12}\">J'adore vous taquiner avec mes \ud83d\udc8b\ud83e\udd75 Discutons et explorons ensemble nos fantasmes les plus fous ! #sexytime<\/span><\/li>\n<li><span data-sheets-value=\"{&quot;1&quot;:2,&quot;2&quot;:&quot;Reward yourself with some pleasure \ud83d\udca6 I'm feeling extra naughty today, wanna join me? \ud83d\ude09 #LetMeTeaseYou&quot;}\" data-sheets-userformat=\"{&quot;2&quot;:8961,&quot;3&quot;:{&quot;1&quot;:0},&quot;11&quot;:4,&quot;12&quot;:0,&quot;16&quot;:12}\">R\u00e9compensez-vous en vous faisant plaisir \ud83d\udca6 Je me sens tr\u00e8s coquine aujourd'hui, tu veux te joindre \u00e0 moi ? \ud83d\ude09 #LetMeTeaseYou<\/span><\/li>\n<\/ul>\n<p><strong>(Comprend \u00e9galement les versions sans hashtag de chaque l\u00e9gende)<\/strong><\/p>","protected":false},"featured_media":2318,"comment_status":"open","ping_status":"closed","template":"","meta":[],"product_brand":[],"product_cat":[22],"product_tag":[142],"class_list":{"0":"post-585","1":"product","2":"type-product","3":"status-publish","4":"has-post-thumbnail","6":"product_cat-captions","7":"product_tag-onlyfans","8":"infinite-scroll-item","9":"no-featured-image-padding","10":"sales-flash-overlay","11":"woocommerce-text-align-center","12":"woocommerce-image-align-center","13":"wc-has-gallery","15":"first","16":"instock","17":"downloadable","18":"virtual","19":"sold-individually","20":"purchasable","21":"product-type-simple"},"aioseo_notices":[],"_links":{"self":[{"href":"https:\/\/subtomy.com\/fr\/wp-json\/wp\/v2\/product\/585","targetHints":{"allow":["GET"]}}],"collection":[{"href":"https:\/\/subtomy.com\/fr\/wp-json\/wp\/v2\/product"}],"about":[{"href":"https:\/\/subtomy.com\/fr\/wp-json\/wp\/v2\/types\/product"}],"replies":[{"embeddable":true,"href":"https:\/\/subtomy.com\/fr\/wp-json\/wp\/v2\/comments?post=585"}],"wp:featuredmedia":[{"embeddable":true,"href":"https:\/\/subtomy.com\/fr\/wp-json\/wp\/v2\/media\/2318"}],"wp:attachment":[{"href":"https:\/\/subtomy.com\/fr\/wp-json\/wp\/v2\/media?parent=585"}],"wp:term":[{"taxonomy":"product_brand","embeddable":true,"href":"https:\/\/subtomy.com\/fr\/wp-json\/wp\/v2\/product_brand?post=585"},{"taxonomy":"product_cat","embeddable":true,"href":"https:\/\/subtomy.com\/fr\/wp-json\/wp\/v2\/product_cat?post=585"},{"taxonomy":"product_tag","embeddable":true,"href":"https:\/\/subtomy.com\/fr\/wp-json\/wp\/v2\/product_tag?post=585"}],"curies":[{"name":"wp","href":"https:\/\/api.w.org\/{rel}","templated":true}]}}