{"id":59,"date":"2022-06-06T15:46:47","date_gmt":"2022-06-06T20:46:47","guid":{"rendered":"https:\/\/shop.cammodelagency.com\/?post_type=product&#038;p=59"},"modified":"2023-09-03T00:47:37","modified_gmt":"2023-09-03T05:47:37","slug":"how-to-sell-your-dick-pics-to-1000-per-month","status":"publish","type":"product","link":"https:\/\/subtomy.com\/fr\/produit\/how-to-sell-your-dick-pics-to-1000-per-month\/","title":{"rendered":"Comment vendre vos photos D* \u00e0 $1 000 euros par mois"},"content":{"rendered":"<h2 style=\"text-align: center;\">Comment vous pouvez gagner $1,000 ou PLUS par mois en vendant des photos de bites en d\u00e9voilant ce plan complet.<\/h2>\n<p><img loading=\"lazy\" decoding=\"async\" class=\"aligncenter wp-image-61 size-full\" src=\"https:\/\/subtomy.com\/wp-content\/uploads\/2022\/06\/Selling-Your.jpg\" alt=\"\" width=\"960\" height=\"540\" srcset=\"https:\/\/subtomy.com\/wp-content\/uploads\/2022\/06\/Selling-Your.jpg 960w, https:\/\/subtomy.com\/wp-content\/uploads\/2022\/06\/Selling-Your-600x338.jpg 600w, https:\/\/subtomy.com\/wp-content\/uploads\/2022\/06\/Selling-Your-300x169.jpg 300w, https:\/\/subtomy.com\/wp-content\/uploads\/2022\/06\/Selling-Your-768x432.jpg 768w, https:\/\/subtomy.com\/wp-content\/uploads\/2022\/06\/Selling-Your-18x10.jpg 18w\" sizes=\"auto, (max-width: 960px) 100vw, 960px\" \/><\/p>\n<p style=\"text-align: center;\"><strong><span style=\"color: #008000;\">Apprenez exactement comment je gagne plus de $1,100 par mois (en autopilote !)<\/span><\/strong><\/p>\n<p>Vous aimez prendre des photos, mais vous ne savez pas comment les rentabiliser. Vous avez d\u00e9j\u00e0 essay\u00e9 de les vendre en ligne, mais vous n'avez jamais r\u00e9alis\u00e9 de ventes.<\/p>\n<p>Voici maintenant un cours qui vous apprendra \u00e0 vendre vos photos de bites en ligne pour obtenir un revenu mensuel de $1 000 ou plus. Il ne s'agit pas d'un plan pour devenir riche rapidement ; c'est un guide \u00e9tape par \u00e9tape qui vous montrera comment cr\u00e9er une entreprise prosp\u00e8re de photos de p\u00e9nis \u00e0 partir de z\u00e9ro.<\/p>\n<p>Apprenez \u00e0 vendre vos photos de malade en ligne et \u00e0 gagner votre vie \u00e0 plein temps en faisant ce que vous aimez ! Ce cours vid\u00e9o vous explique tout ce que vous devez savoir, de la recherche du bon march\u00e9 pour vos photos \u00e0 la gestion des clients.<\/p>\n<p>Avec cette <strong>cours vid\u00e9o<\/strong>vous obtiendrez un condens\u00e9 de connaissances sur tous les aspects de la vie de l'entreprise, de l'\u00e9ducation \u00e0 la sant\u00e9 en passant par la sant\u00e9 publique.<\/p>\n<ul>\n<li>Quelle plateforme utiliser ?<\/li>\n<li>Comment g\u00e9rer les clients<\/li>\n<li>Comment d\u00e9velopper votre client\u00e8le<\/li>\n<li>Un moyen d'automatiser 97% de l'entreprise<\/li>\n<\/ul>\n<p>Ce qu'il y a \u00e0 l'int\u00e9rieur :<\/p>\n<ul>\n<li>12 vid\u00e9os vous guident \u00e0 travers <strong>EXACTEMENT<\/strong> comment commencer<\/li>\n<li>Un PDF de l'ensemble de la pr\u00e9sentation afin que vous puissiez facilement vous r\u00e9f\u00e9rer aux points cl\u00e9s pr\u00e9sent\u00e9s tout au long du cours.<\/li>\n<\/ul>\n<p>De nombreuses personnes sont int\u00e9ress\u00e9es par la vente en ligne de photos de poules. Apr\u00e8s tout, c'est un excellent moyen de gagner de l'argent. Et qui n'aime pas les p\u00e9nis ?<\/p>\n<p>Cependant, avant de commencer \u00e0 vendre vos photos, vous devez savoir comment proc\u00e9der. C'est l\u00e0 que notre cours vid\u00e9o entre en jeu. Nous vous apprendrons tout ce que vous devez savoir, depuis la mani\u00e8re de trouver les bons acheteurs jusqu'au type de photos qu'ils recherchent.<\/p>\n<p>Que vous soyez un professionnel chevronn\u00e9 ou que vous d\u00e9butiez, notre cours vous aidera \u00e0 tirer le meilleur parti de vos photos de p\u00e9nis.<\/p>\n<p>Qu'attendez-vous donc ?<\/p>","protected":false},"excerpt":{"rendered":"<p>Apprenez \u00e0 vendre vos photos de malade en ligne et \u00e0 gagner votre vie \u00e0 plein temps en faisant ce que vous aimez ! Ce cours vid\u00e9o vous explique tout ce que vous devez savoir, de la recherche du bon march\u00e9 pour vos photos \u00e0 la gestion des clients.<\/p>\n<p><strong>Faites d\u00e9filer vers le bas pour regarder la vid\u00e9o sur ce que vous obtiendrez dans ce cours \ud83d\udc47\ud83c\udffe<\/strong><\/p>","protected":false},"featured_media":1539,"comment_status":"open","ping_status":"closed","template":"","meta":[],"product_brand":[],"product_cat":[41],"product_tag":[33,40],"class_list":{"0":"post-59","1":"product","2":"type-product","3":"status-publish","4":"has-post-thumbnail","6":"product_cat-video-course","7":"product_tag-men","8":"product_tag-video","9":"infinite-scroll-item","10":"no-featured-image-padding","11":"sales-flash-overlay","12":"woocommerce-text-align-center","13":"woocommerce-image-align-center","15":"first","16":"instock","17":"downloadable","18":"virtual","19":"sold-individually","20":"purchasable","21":"product-type-simple"},"aioseo_notices":[],"_links":{"self":[{"href":"https:\/\/subtomy.com\/fr\/wp-json\/wp\/v2\/product\/59","targetHints":{"allow":["GET"]}}],"collection":[{"href":"https:\/\/subtomy.com\/fr\/wp-json\/wp\/v2\/product"}],"about":[{"href":"https:\/\/subtomy.com\/fr\/wp-json\/wp\/v2\/types\/product"}],"replies":[{"embeddable":true,"href":"https:\/\/subtomy.com\/fr\/wp-json\/wp\/v2\/comments?post=59"}],"wp:featuredmedia":[{"embeddable":true,"href":"https:\/\/subtomy.com\/fr\/wp-json\/wp\/v2\/media\/1539"}],"wp:attachment":[{"href":"https:\/\/subtomy.com\/fr\/wp-json\/wp\/v2\/media?parent=59"}],"wp:term":[{"taxonomy":"product_brand","embeddable":true,"href":"https:\/\/subtomy.com\/fr\/wp-json\/wp\/v2\/product_brand?post=59"},{"taxonomy":"product_cat","embeddable":true,"href":"https:\/\/subtomy.com\/fr\/wp-json\/wp\/v2\/product_cat?post=59"},{"taxonomy":"product_tag","embeddable":true,"href":"https:\/\/subtomy.com\/fr\/wp-json\/wp\/v2\/product_tag?post=59"}],"curies":[{"name":"wp","href":"https:\/\/api.w.org\/{rel}","templated":true}]}}