{"id":604,"date":"2023-04-14T18:59:44","date_gmt":"2023-04-14T23:59:44","guid":{"rendered":"https:\/\/shop.cammodelagency.com\/?post_type=product&#038;p=604"},"modified":"2024-03-21T14:20:51","modified_gmt":"2024-03-21T19:20:51","slug":"foot-fetish-captions","status":"publish","type":"product","link":"https:\/\/subtomy.com\/fr\/produit\/legende-des-fetiches-de-pieds\/","title":{"rendered":"Plus de 100 l\u00e9gendes de f\u00e9tiches de pieds pour les m\u00e9dias sociaux, Reddit, OnlyFans, etc."},"content":{"rendered":"<p>Si vous \u00eates un mod\u00e8le adulte qui vend du contenu sur les pieds, vous savez que les l\u00e9gendes sont essentielles pour attirer l'attention des adeptes du f\u00e9tichisme des pieds. C'est pourquoi nous avons cr\u00e9\u00e9 l'ultime pack de l\u00e9gendes pour f\u00e9tichistes des pieds sur les r\u00e9seaux sociaux pour les mannequins adultes comme vous !<\/p>\n<p>Notre pack comprend 100 l\u00e9gendes uniques con\u00e7ues sp\u00e9cialement pour le contenu sur les pieds, afin que vous puissiez mettre en valeur vos magnifiques pieds et faire en sorte que vos followers en redemandent. Que vous montriez votre derni\u00e8re p\u00e9dicure, que vous fassiez un massage des pieds ou que vous partagiez votre paire de talons pr\u00e9f\u00e9r\u00e9e, nos l\u00e9gendes vous aideront \u00e0 vous d\u00e9marquer.<\/p>\n<p>Nos l\u00e9gendes couvrent un large \u00e9ventail de th\u00e8mes, du flirt \u00e0 la domination et tout ce qui se trouve entre les deux. Que vous souhaitiez taquiner vos followers avec une description all\u00e9chante ou leur donner un ordre auquel ils ne pourront pas r\u00e9sister, nous avons ce qu'il vous faut. Et gr\u00e2ce \u00e0 notre format facile \u00e0 utiliser, vous pouvez rapidement et facilement copier et coller la l\u00e9gende de votre choix dans vos publications sur les m\u00e9dias sociaux, ce qui vous permet d'\u00e9conomiser du temps et des efforts.<\/p>\n<p>Alors si vous \u00eates pr\u00eat \u00e0 faire passer votre contenu sur les pieds au niveau sup\u00e9rieur et \u00e0 attirer un public fid\u00e8le d'adeptes du f\u00e9tichisme des pieds, commandez d\u00e8s aujourd'hui notre pack de l\u00e9gendes pour les m\u00e9dias sociaux sur le f\u00e9tichisme des pieds !<\/p>","protected":false},"excerpt":{"rendered":"<p><strong>Mises \u00e0 jour \u00e0 vie !<\/strong><\/p>\n<p>Si vous \u00eates un mod\u00e8le adulte qui vend du contenu sur les pieds et que vous cherchez \u00e0 attirer votre public f\u00e9tichiste des pieds, notre pack de l\u00e9gendes pour les m\u00e9dias sociaux sur les pieds est exactement ce qu'il vous faut !<\/p>\n<p><strong>Exemples de l\u00e9gendes :<\/strong><\/p>\n<ul>\n<li><span data-sheets-value=\"{&quot;1&quot;:2,&quot;2&quot;:&quot;As good as my feet look in heels, they feel even better out of them \ud83d\ude09 &quot;}\" data-sheets-userformat=\"{&quot;2&quot;:8192,&quot;16&quot;:12}\">Si mes pieds sont beaux avec des talons, ils se sentent encore mieux sans eux \ud83d\ude09 . <\/span><\/li>\n<li><span data-sheets-value=\"{&quot;1&quot;:2,&quot;2&quot;:&quot;Flawless feet that will make you go \ud83e\udd24\ud83d\udca6\ud83d\ude0d Time to come and worship at my altar! #FeetLoversWelcome&quot;}\" data-sheets-userformat=\"{&quot;2&quot;:8961,&quot;3&quot;:{&quot;1&quot;:0},&quot;11&quot;:4,&quot;12&quot;:0,&quot;16&quot;:12}\">Des pieds impeccables qui vous feront aller \ud83e\udd24\ud83d\udca6\ud83d\ude0d Il est temps de venir adorer sur mon autel ! #FeetLoversWelcome<\/span><\/li>\n<li><span data-sheets-value=\"{&quot;1&quot;:2,&quot;2&quot;:&quot;Only my feet can make you feel this way \ud83d\udc8b Come explore the pleasure and let me show you just how good it can be. \ud83e\udd24 #FeetLover&quot;}\" data-sheets-userformat=\"{&quot;2&quot;:8961,&quot;3&quot;:{&quot;1&quot;:0},&quot;11&quot;:4,&quot;12&quot;:0,&quot;16&quot;:12}\">Seuls mes pieds peuvent vous faire ressentir cela \ud83d\udc8b Venez explorer le plaisir, et laissez-moi vous montrer \u00e0 quel point il peut \u00eatre bon. \ud83e\udd24 #FeetLover<\/span><\/li>\n<\/ul>\n<p>Toutes les l\u00e9gendes avec hashtags ont une version alternative sans hashtags pour faciliter le copier-coller.<\/p>","protected":false},"featured_media":2288,"comment_status":"open","ping_status":"closed","template":"","meta":[],"product_brand":[],"product_cat":[22],"product_tag":[30],"class_list":{"0":"post-604","1":"product","2":"type-product","3":"status-publish","4":"has-post-thumbnail","6":"product_cat-captions","7":"product_tag-foot-fetish","8":"infinite-scroll-item","9":"no-featured-image-padding","10":"sales-flash-overlay","11":"woocommerce-text-align-center","12":"woocommerce-image-align-center","13":"wc-has-gallery","15":"first","16":"instock","17":"downloadable","18":"virtual","19":"sold-individually","20":"purchasable","21":"product-type-simple"},"aioseo_notices":[],"_links":{"self":[{"href":"https:\/\/subtomy.com\/fr\/wp-json\/wp\/v2\/product\/604","targetHints":{"allow":["GET"]}}],"collection":[{"href":"https:\/\/subtomy.com\/fr\/wp-json\/wp\/v2\/product"}],"about":[{"href":"https:\/\/subtomy.com\/fr\/wp-json\/wp\/v2\/types\/product"}],"replies":[{"embeddable":true,"href":"https:\/\/subtomy.com\/fr\/wp-json\/wp\/v2\/comments?post=604"}],"wp:featuredmedia":[{"embeddable":true,"href":"https:\/\/subtomy.com\/fr\/wp-json\/wp\/v2\/media\/2288"}],"wp:attachment":[{"href":"https:\/\/subtomy.com\/fr\/wp-json\/wp\/v2\/media?parent=604"}],"wp:term":[{"taxonomy":"product_brand","embeddable":true,"href":"https:\/\/subtomy.com\/fr\/wp-json\/wp\/v2\/product_brand?post=604"},{"taxonomy":"product_cat","embeddable":true,"href":"https:\/\/subtomy.com\/fr\/wp-json\/wp\/v2\/product_cat?post=604"},{"taxonomy":"product_tag","embeddable":true,"href":"https:\/\/subtomy.com\/fr\/wp-json\/wp\/v2\/product_tag?post=604"}],"curies":[{"name":"wp","href":"https:\/\/api.w.org\/{rel}","templated":true}]}}