{"id":608,"date":"2023-04-14T19:14:00","date_gmt":"2023-04-15T00:14:00","guid":{"rendered":"https:\/\/shop.cammodelagency.com\/?post_type=product&#038;p=608"},"modified":"2024-03-02T21:46:54","modified_gmt":"2024-03-03T02:46:54","slug":"findom-caption-pack","status":"publish","type":"product","link":"https:\/\/subtomy.com\/fr\/produit\/findom-caption-pack\/","title":{"rendered":"100+ FinDom\/Financial Domination Caption Pack for Social Media, Reddit, Onlyfans, etc."},"content":{"rendered":"<p>Si vous \u00eates un mod\u00e8le adulte offrant des services de domination financi\u00e8re et que vous cherchez \u00e0 engager vos paypigs et vos esclaves financiers, notre pack de l\u00e9gendes de domination financi\u00e8re sur les m\u00e9dias sociaux est exactement ce qu'il vous faut !<\/p>\n<p>Notre pack comprend 100 l\u00e9gendes uniques con\u00e7ues pour vous aider \u00e0 affirmer votre domination, \u00e0 faire en sorte que vos followers se sentent soumis et, en fin de compte, \u00e0 augmenter vos revenus. Qu'il s'agisse de montrer vos v\u00eatements de marque, d'afficher votre style de vie luxueux ou de rappeler \u00e0 vos followers qui est le chef, nos l\u00e9gendes vous aideront \u00e0 vous imposer.<\/p>\n<p>Nos l\u00e9gendes couvrent un large \u00e9ventail de th\u00e8mes, de la taquinerie \u00e0 la moquerie, et tout ce qui se trouve entre les deux. Que vous souhaitiez inciter vos followers \u00e0 vous rendre hommage, offrir un contenu exclusif \u00e0 vos meilleurs payeurs ou rappeler \u00e0 chacun la place qu'il occupe dans votre monde, nous avons ce qu'il vous faut. Et gr\u00e2ce \u00e0 notre format facile \u00e0 utiliser, vous pouvez rapidement et facilement copier et coller la l\u00e9gende de votre choix dans vos publications sur les m\u00e9dias sociaux, ce qui vous permet d'\u00e9conomiser du temps et des efforts.<\/p>\n<p>Si vous \u00eates pr\u00eat \u00e0 passer \u00e0 la vitesse sup\u00e9rieure et \u00e0 maximiser vos revenus, commandez d\u00e8s aujourd'hui notre pack de l\u00e9gendes pour la domination financi\u00e8re sur les m\u00e9dias sociaux !<\/p>","protected":false},"excerpt":{"rendered":"<p>Notre pack comprend 100 l\u00e9gendes uniques con\u00e7ues pour vous aider \u00e0 captiver vos followers findom et les inciter \u00e0 ouvrir leur portefeuille pour vous. Que vous postiez une photo de vous dans une tenue luxueuse, que vous fassiez \u00e9talage de votre richesse et de votre pouvoir ou que vous lanciez simplement un message provocateur, nos l\u00e9gendes vous aideront \u00e0 marquer les esprits.<\/p>\n<p><strong>Exemples :<\/strong><\/p>\n<ul>\n<li><span data-sheets-value=\"{&quot;1&quot;:2,&quot;2&quot;:&quot;Better start counting those coins, boys. \ud83d\udcb0 I'm not here to play nice - I'm here to take your hard earned cash and put it in my pocket where it belongs. Come and get a taste of what you can't resist...you know you want to! \ud83d\ude08 #Goddess&quot;}\" data-sheets-userformat=\"{&quot;2&quot;:8961,&quot;3&quot;:{&quot;1&quot;:0},&quot;11&quot;:4,&quot;12&quot;:0,&quot;16&quot;:12}\">Vous feriez mieux de commencer \u00e0 compter vos pi\u00e8ces, les gars. \ud83d\udcb0 Je ne suis pas l\u00e0 pour jouer les gentils - je suis l\u00e0 pour prendre votre argent durement gagn\u00e9 et le mettre dans ma poche, l\u00e0 o\u00f9 il doit \u00eatre. Venez go\u00fbter \u00e0 ce \u00e0 quoi vous ne pouvez pas r\u00e9sister... vous savez que vous le voulez ! \ud83d\ude08 #Goddess<\/span><\/li>\n<li><span data-sheets-value=\"{&quot;1&quot;:2,&quot;2&quot;:&quot;Flawless and in control, I live for the power games that come with financial domination. Your extravagance is my pleasure; you will beg to be my pay pig \ud83e\udd11\ud83d\udcb0&quot;}\" data-sheets-userformat=\"{&quot;2&quot;:8961,&quot;3&quot;:{&quot;1&quot;:0},&quot;11&quot;:4,&quot;12&quot;:0,&quot;16&quot;:12}\">Sans faille et en contr\u00f4le, je vis pour les jeux de pouvoir qui viennent avec la domination financi\u00e8re. Votre extravagance est mon plaisir ; vous supplierez pour \u00eatre mon cochon de paye \ud83e\udd11\ud83d\udcb0\ud83d\udcb0.<\/span><\/li>\n<li><span data-sheets-value=\"{&quot;1&quot;:2,&quot;2&quot;:&quot;Look at you, so desperate and thirsty for a Goddess like me. You're nothing more than my piggy bank, ready to do whatever it takes to be allowed to worship me \ud83d\udcb0\ud83d\udc51&quot;}\" data-sheets-userformat=\"{&quot;2&quot;:8961,&quot;3&quot;:{&quot;1&quot;:0},&quot;11&quot;:4,&quot;12&quot;:0,&quot;16&quot;:12}\">Regarde-toi, si d\u00e9sesp\u00e9r\u00e9e et assoiff\u00e9e d'une d\u00e9esse comme moi. Tu n'es rien d'autre que ma tirelire, pr\u00eat \u00e0 faire tout ce qu'il faut pour \u00eatre autoris\u00e9 \u00e0 m'adorer \ud83d\udcb0\ud83d\udc51.<\/span><\/li>\n<\/ul>","protected":false},"featured_media":2252,"comment_status":"open","ping_status":"closed","template":"","meta":[],"product_brand":[],"product_cat":[22],"product_tag":[28],"class_list":{"0":"post-608","1":"product","2":"type-product","3":"status-publish","4":"has-post-thumbnail","6":"product_cat-captions","7":"product_tag-findom","8":"infinite-scroll-item","9":"no-featured-image-padding","10":"sales-flash-overlay","11":"woocommerce-text-align-center","12":"woocommerce-image-align-center","13":"wc-has-gallery","15":"first","16":"instock","17":"downloadable","18":"virtual","19":"sold-individually","20":"purchasable","21":"product-type-simple"},"aioseo_notices":[],"_links":{"self":[{"href":"https:\/\/subtomy.com\/fr\/wp-json\/wp\/v2\/product\/608","targetHints":{"allow":["GET"]}}],"collection":[{"href":"https:\/\/subtomy.com\/fr\/wp-json\/wp\/v2\/product"}],"about":[{"href":"https:\/\/subtomy.com\/fr\/wp-json\/wp\/v2\/types\/product"}],"replies":[{"embeddable":true,"href":"https:\/\/subtomy.com\/fr\/wp-json\/wp\/v2\/comments?post=608"}],"wp:featuredmedia":[{"embeddable":true,"href":"https:\/\/subtomy.com\/fr\/wp-json\/wp\/v2\/media\/2252"}],"wp:attachment":[{"href":"https:\/\/subtomy.com\/fr\/wp-json\/wp\/v2\/media?parent=608"}],"wp:term":[{"taxonomy":"product_brand","embeddable":true,"href":"https:\/\/subtomy.com\/fr\/wp-json\/wp\/v2\/product_brand?post=608"},{"taxonomy":"product_cat","embeddable":true,"href":"https:\/\/subtomy.com\/fr\/wp-json\/wp\/v2\/product_cat?post=608"},{"taxonomy":"product_tag","embeddable":true,"href":"https:\/\/subtomy.com\/fr\/wp-json\/wp\/v2\/product_tag?post=608"}],"curies":[{"name":"wp","href":"https:\/\/api.w.org\/{rel}","templated":true}]}}