{"id":631,"date":"2023-04-17T15:27:14","date_gmt":"2023-04-17T20:27:14","guid":{"rendered":"https:\/\/shop.cammodelagency.com\/?post_type=product&#038;p=631"},"modified":"2024-03-24T06:16:29","modified_gmt":"2024-03-24T11:16:29","slug":"dominatrix-captions","status":"publish","type":"product","link":"https:\/\/subtomy.com\/fr\/produit\/dominatrix-captions\/","title":{"rendered":"100+ Dominatrix Captions pour Onlyfans, Reddit, Social Media, etc."},"content":{"rendered":"<p>Vous \u00eates un mod\u00e8le OnlyFans qui respire le pouvoir et le contr\u00f4le et vous souhaitez promouvoir vos services vid\u00e9o de dominatrice sur les m\u00e9dias sociaux ? Notre pack de l\u00e9gendes pour m\u00e9dias dominateurs est l\u00e0 pour vous aider !<\/p>\n<p>Notre pack comprend plus de 100 l\u00e9gendes uniques con\u00e7ues pour vous aider \u00e0 montrer votre c\u00f4t\u00e9 dominant et autoritaire tout en s\u00e9duisant votre public. Que vous postiez une photo de vous dans votre tenue en latex pr\u00e9f\u00e9r\u00e9e ou que vous partagiez un message qui attire l'attention, nos l\u00e9gendes vous aideront \u00e0 attirer l'attention de vos followers et \u00e0 promouvoir vos services vid\u00e9o.<\/p>\n<p>Nos l\u00e9gendes couvrent un large \u00e9ventail de th\u00e8mes, du commandement \u00e0 la s\u00e9duction, et tout ce qui se trouve entre les deux. Que vous souhaitiez mettre en avant votre domination ou donner \u00e0 vos followers un aper\u00e7u de votre c\u00f4t\u00e9 s\u00e9ducteur, nous avons ce qu'il vous faut. Et gr\u00e2ce \u00e0 notre format facile \u00e0 utiliser, vous pouvez rapidement et facilement copier et coller la l\u00e9gende de votre choix dans vos publications sur les m\u00e9dias sociaux, ce qui vous permet d'\u00e9conomiser du temps et des efforts.<\/p>\n<p>Si vous \u00eates pr\u00eat \u00e0 montrer votre pouvoir et votre contr\u00f4le et \u00e0 promouvoir vos services vid\u00e9o de dominatrice sur OnlyFans, commandez notre pack de l\u00e9gendes dominatrices d\u00e8s aujourd'hui !<\/p>","protected":false},"excerpt":{"rendered":"<p><strong>Mises \u00e0 jour et acc\u00e8s \u00e0 vie !<\/strong><\/p>\n<p>Vous \u00eates un mod\u00e8le OnlyFans qui respire le pouvoir et le contr\u00f4le et vous souhaitez promouvoir vos services vid\u00e9o de dominatrice sur les m\u00e9dias sociaux ? Notre pack de l\u00e9gendes pour m\u00e9dias dominateurs est l\u00e0 pour vous aider !<\/p>\n<p><strong>Exemples :<\/strong><\/p>\n<ul>\n<li><span data-sheets-value=\"{&quot;1&quot;:2,&quot;2&quot;:&quot;Should you kneel at the feet of a goddess? \ud83e\udd34I'm here to show you that I always get my way. My power and beauty knows no bounds, so come spoil me with your attention! &quot;}\" data-sheets-userformat=\"{&quot;2&quot;:14656,&quot;9&quot;:0,&quot;11&quot;:4,&quot;14&quot;:{&quot;1&quot;:2,&quot;2&quot;:0},&quot;15&quot;:&quot;Verdana&quot;,&quot;16&quot;:11}\">Devriez-vous vous agenouiller aux pieds d'une d\u00e9esse ? \ud83e\udd34I'm here to show you that I always get my way. Ma puissance et ma beaut\u00e9 ne connaissent pas de limites, alors venez me g\u00e2ter avec votre attention ! <\/span><\/li>\n<li><span data-sheets-value=\"{&quot;1&quot;:2,&quot;2&quot;:&quot;Do you want to be my submissive? \ud83d\ude08 I'm always in control and never let anyone stand in the way of getting what I want. My beauty is undeniable and I love talking with my fans, so come spoil me! \ud83d\udc8b &quot;}\" data-sheets-userformat=\"{&quot;2&quot;:14656,&quot;9&quot;:0,&quot;11&quot;:4,&quot;14&quot;:{&quot;1&quot;:2,&quot;2&quot;:0},&quot;15&quot;:&quot;Verdana&quot;,&quot;16&quot;:11}\">Veux-tu \u00eatre ma soumise ? \ud83d\ude08 Je suis toujours en contr\u00f4le et je ne laisse jamais personne se mettre en travers de mon chemin pour obtenir ce que je veux. Ma beaut\u00e9 est ind\u00e9niable et j'adore parler avec mes fans, alors venez me g\u00e2ter ! \ud83d\udc8b <\/span><\/li>\n<li><span data-sheets-value=\"{&quot;1&quot;:2,&quot;2&quot;:&quot;Gorgeous and powerful \ud83d\udc81\ud83c\udffb\u200d\u2640\ufe0f I get what I want when I want it, so let's talk about how you can make that happen. Spoil me with gifts and attention - who knows what might come of it... \ud83d\ude09 &quot;}\" data-sheets-userformat=\"{&quot;2&quot;:14656,&quot;9&quot;:0,&quot;11&quot;:4,&quot;14&quot;:{&quot;1&quot;:2,&quot;2&quot;:0},&quot;15&quot;:&quot;Verdana&quot;,&quot;16&quot;:11}\">Magnifique et puissant \ud83d\udc81\ud83c\udffb\u200d\u2640\ufe0f J'obtiens ce que je veux quand je le veux, alors parlons de la fa\u00e7on dont vous pouvez faire en sorte que cela se produise. G\u00e2tez-moi avec des cadeaux et de l'attention - qui sait ce qui pourrait en r\u00e9sulter... \ud83d\ude09 <\/span><\/li>\n<\/ul>","protected":false},"featured_media":2298,"comment_status":"open","ping_status":"closed","template":"","meta":[],"product_brand":[],"product_cat":[22],"product_tag":[26],"class_list":{"0":"post-631","1":"product","2":"type-product","3":"status-publish","4":"has-post-thumbnail","6":"product_cat-captions","7":"product_tag-dominatrix","8":"infinite-scroll-item","9":"no-featured-image-padding","10":"sales-flash-overlay","11":"woocommerce-text-align-center","12":"woocommerce-image-align-center","13":"wc-has-gallery","15":"first","16":"instock","17":"downloadable","18":"virtual","19":"sold-individually","20":"purchasable","21":"product-type-simple"},"aioseo_notices":[],"_links":{"self":[{"href":"https:\/\/subtomy.com\/fr\/wp-json\/wp\/v2\/product\/631","targetHints":{"allow":["GET"]}}],"collection":[{"href":"https:\/\/subtomy.com\/fr\/wp-json\/wp\/v2\/product"}],"about":[{"href":"https:\/\/subtomy.com\/fr\/wp-json\/wp\/v2\/types\/product"}],"replies":[{"embeddable":true,"href":"https:\/\/subtomy.com\/fr\/wp-json\/wp\/v2\/comments?post=631"}],"wp:featuredmedia":[{"embeddable":true,"href":"https:\/\/subtomy.com\/fr\/wp-json\/wp\/v2\/media\/2298"}],"wp:attachment":[{"href":"https:\/\/subtomy.com\/fr\/wp-json\/wp\/v2\/media?parent=631"}],"wp:term":[{"taxonomy":"product_brand","embeddable":true,"href":"https:\/\/subtomy.com\/fr\/wp-json\/wp\/v2\/product_brand?post=631"},{"taxonomy":"product_cat","embeddable":true,"href":"https:\/\/subtomy.com\/fr\/wp-json\/wp\/v2\/product_cat?post=631"},{"taxonomy":"product_tag","embeddable":true,"href":"https:\/\/subtomy.com\/fr\/wp-json\/wp\/v2\/product_tag?post=631"}],"curies":[{"name":"wp","href":"https:\/\/api.w.org\/{rel}","templated":true}]}}