{"id":637,"date":"2023-04-17T16:13:24","date_gmt":"2023-04-17T21:13:24","guid":{"rendered":"https:\/\/shop.cammodelagency.com\/?post_type=product&#038;p=637"},"modified":"2024-04-02T18:10:44","modified_gmt":"2024-04-02T23:10:44","slug":"milf-captions","status":"publish","type":"product","link":"https:\/\/subtomy.com\/fr\/produit\/milf-captions\/","title":{"rendered":"100+ l\u00e9gendes MILF pour OnlyFans, Reddit, Social Media"},"content":{"rendered":"<p>\u00cates-vous un mod\u00e8le OnlyFans qui incarne l'\u00e9nergie sexy et confiante d'une MILF ? Notre pack de l\u00e9gendes MILF est l\u00e0 pour vous aider \u00e0 mettre en valeur votre allure irr\u00e9sistible et \u00e0 promouvoir vos services sur les m\u00e9dias sociaux !<\/p>\n<p>Notre pack comprend plus de 100 l\u00e9gendes uniques con\u00e7ues pour vous aider \u00e0 susciter l'int\u00e9r\u00eat de vos followers et \u00e0 promouvoir vos services vid\u00e9o. Que vous postiez une photo de vous dans votre lingerie pr\u00e9f\u00e9r\u00e9e ou que vous partagiez un message qui respire la confiance et le sex-appeal, nos l\u00e9gendes vous aideront \u00e0 capter l'attention de votre public et \u00e0 le faire revenir.<\/p>\n<p>Nos l\u00e9gendes couvrent un large \u00e9ventail de th\u00e8mes, du flirt au sulfureux, et tout ce qui se trouve entre les deux. Que vous souhaitiez attirer l'attention de vos followers avec un soup\u00e7on de myst\u00e8re ou mettre en avant votre c\u00f4t\u00e9 confiant et s\u00e9duisant, nous avons tout ce qu'il vous faut. Et gr\u00e2ce \u00e0 notre format facile \u00e0 utiliser, vous pouvez rapidement et facilement copier et coller la l\u00e9gende de votre choix dans vos publications sur les m\u00e9dias sociaux, ce qui vous permet d'\u00e9conomiser du temps et des efforts.<\/p>\n<p>Si vous \u00eates une MILF sexy et s\u00fbre d'elle, et que vous souhaitez attirer l'attention de vos followers et promouvoir vos services sur OnlyFans, commandez notre pack de l\u00e9gendes MILF d\u00e8s aujourd'hui !<\/p>","protected":false},"excerpt":{"rendered":"<p><strong>Acc\u00e8s et mises \u00e0 jour \u00e0 vie !<\/strong><\/p>\n<p>\u00cates-vous un mod\u00e8le OnlyFans qui incarne l'\u00e9nergie sexy et confiante d'une MILF ? Notre pack de l\u00e9gendes MILF est l\u00e0 pour vous aider \u00e0 mettre en valeur votre allure irr\u00e9sistible et \u00e0 promouvoir vos services sur les m\u00e9dias sociaux !<\/p>\n<p><strong>En voici quelques exemples :<\/strong><\/p>\n<ul>\n<li><span data-sheets-value=\"{&quot;1&quot;:2,&quot;2&quot;:&quot;Do you desire I'm feeling \ud83d\udc8bsexy and ready to show off my MILFy curves! Who wants to come talk with me, spoil me a bit, and watch as I milk my mommy titties? \ud83d\ude09 &quot;}\" data-sheets-userformat=\"{&quot;2&quot;:14656,&quot;9&quot;:0,&quot;11&quot;:4,&quot;14&quot;:{&quot;1&quot;:2,&quot;2&quot;:0},&quot;15&quot;:&quot;Verdana&quot;,&quot;16&quot;:11}\">Vous d\u00e9sirez que je me sente \ud83d\udc8bsexy et pr\u00eate \u00e0 montrer mes courbes de MILFy ! Qui veut venir parler avec moi, me g\u00e2ter un peu, et regarder comme je traire mes seins de maman ? \ud83d\ude09 <\/span><\/li>\n<li><span data-sheets-value=\"{&quot;1&quot;:2,&quot;2&quot;:&quot;I'm the naughty MILF you've been looking for! \ud83c\udf51 Come talk to me and let me know what turns you on. I'm here to be spoiled and pampered, so make sure to bring your best game. Dare I say, my mommy milkers are out of this world? \ud83d\ude09 &quot;}\" data-sheets-userformat=\"{&quot;2&quot;:14656,&quot;9&quot;:0,&quot;11&quot;:4,&quot;14&quot;:{&quot;1&quot;:2,&quot;2&quot;:0},&quot;15&quot;:&quot;Verdana&quot;,&quot;16&quot;:11}\">Je suis la MILF coquine que tu cherchais ! \ud83c\udf51 Venez me parler et faites-moi savoir ce qui vous excite. Je suis ici pour \u00eatre g\u00e2t\u00e9e et choy\u00e9e, alors assurez-vous d'apporter votre meilleur jeu.<\/span><\/li>\n<li><span data-sheets-value=\"{&quot;1&quot;:2,&quot;2&quot;:&quot;Pay the price and get the pleasure! \ud83d\udc8b I'm your MILF next door come to life. Come join me, be my naughty little secret. Let's talk dirty and explore each other's desires while I show off my hot body in lingerie that hugs me just right. &quot;}\" data-sheets-userformat=\"{&quot;2&quot;:14656,&quot;9&quot;:0,&quot;11&quot;:4,&quot;14&quot;:{&quot;1&quot;:2,&quot;2&quot;:0},&quot;15&quot;:&quot;Verdana&quot;,&quot;16&quot;:11}\">Payez le prix et obtenez le plaisir ! \ud83d\udc8b Je suis votre MILF next door qui prend vie. Venez me rejoindre, soyez mon petit secret coquin. Parlons cochon et explorons nos d\u00e9sirs mutuels pendant que je montre mon corps chaud dans une lingerie qui m'\u00e9treint juste comme il faut. <\/span><\/li>\n<\/ul>","protected":false},"featured_media":2344,"comment_status":"open","ping_status":"closed","template":"","meta":[],"product_brand":[],"product_cat":[22],"product_tag":[34],"class_list":{"0":"post-637","1":"product","2":"type-product","3":"status-publish","4":"has-post-thumbnail","6":"product_cat-captions","7":"product_tag-milfs","8":"infinite-scroll-item","9":"no-featured-image-padding","10":"sales-flash-overlay","11":"woocommerce-text-align-center","12":"woocommerce-image-align-center","13":"wc-has-gallery","15":"first","16":"instock","17":"downloadable","18":"virtual","19":"sold-individually","20":"purchasable","21":"product-type-simple"},"aioseo_notices":[],"_links":{"self":[{"href":"https:\/\/subtomy.com\/fr\/wp-json\/wp\/v2\/product\/637","targetHints":{"allow":["GET"]}}],"collection":[{"href":"https:\/\/subtomy.com\/fr\/wp-json\/wp\/v2\/product"}],"about":[{"href":"https:\/\/subtomy.com\/fr\/wp-json\/wp\/v2\/types\/product"}],"replies":[{"embeddable":true,"href":"https:\/\/subtomy.com\/fr\/wp-json\/wp\/v2\/comments?post=637"}],"wp:featuredmedia":[{"embeddable":true,"href":"https:\/\/subtomy.com\/fr\/wp-json\/wp\/v2\/media\/2344"}],"wp:attachment":[{"href":"https:\/\/subtomy.com\/fr\/wp-json\/wp\/v2\/media?parent=637"}],"wp:term":[{"taxonomy":"product_brand","embeddable":true,"href":"https:\/\/subtomy.com\/fr\/wp-json\/wp\/v2\/product_brand?post=637"},{"taxonomy":"product_cat","embeddable":true,"href":"https:\/\/subtomy.com\/fr\/wp-json\/wp\/v2\/product_cat?post=637"},{"taxonomy":"product_tag","embeddable":true,"href":"https:\/\/subtomy.com\/fr\/wp-json\/wp\/v2\/product_tag?post=637"}],"curies":[{"name":"wp","href":"https:\/\/api.w.org\/{rel}","templated":true}]}}