{"id":670,"date":"2023-04-17T20:59:22","date_gmt":"2023-04-18T01:59:22","guid":{"rendered":"https:\/\/shop.cammodelagency.com\/?post_type=product&#038;p=670"},"modified":"2023-05-15T22:42:56","modified_gmt":"2023-05-16T03:42:56","slug":"squirting-captions","status":"publish","type":"product","link":"https:\/\/subtomy.com\/fr\/produit\/legendes-decureuils\/","title":{"rendered":"100+ Captions pour OnlyFans, Reddit, Social Media, etc."},"content":{"rendered":"<p>Vous \u00eates un mod\u00e8le OnlyFans qui aime montrer ses talents de squirteuse et communiquer avec vos followers sur les m\u00e9dias sociaux ? Notre pack de l\u00e9gendes pour les m\u00e9dias est l\u00e0 pour vous aider \u00e0 promouvoir vos services et \u00e0 engager votre public !<\/p>\n<p>Notre pack comprend 100 l\u00e9gendes uniques con\u00e7ues pour vous aider \u00e0 mettre en valeur vos talents de squirteur et \u00e0 promouvoir vos services vid\u00e9o. Que vous postiez une photo ou une vid\u00e9o de vous en train de squirter ou que vous partagiez un message mettant en avant vos comp\u00e9tences, nos l\u00e9gendes vous aideront \u00e0 capter l'attention de votre public et \u00e0 mettre en avant votre talent.<\/p>\n<p>Nos l\u00e9gendes couvrent un large \u00e9ventail de th\u00e8mes, des plus coquins aux plus ludiques, et tout ce qui se trouve entre les deux. Que vous souhaitiez donner un avant-go\u00fbt \u00e0 vos followers ou partager un message mettant en valeur vos capacit\u00e9s uniques, nous avons ce qu'il vous faut. Et gr\u00e2ce \u00e0 notre format facile \u00e0 utiliser, vous pouvez rapidement et facilement copier et coller la l\u00e9gende de votre choix dans vos publications sur les m\u00e9dias sociaux, ce qui vous permet d'\u00e9conomiser du temps et des efforts.<\/p>\n<p>Exemples :<\/p>\n<ul>\n<li><span data-sheets-value=\"{&quot;1&quot;:2,&quot;2&quot;:&quot;Don't settle for anything less than \ud83d\udd25! I'm ready to get wet, wild, and naughty with you. Come explore my world of pleasure where squirting is a specialty. Ready to chat with my fans and satisfy all your desires? Let's make it happen! \ud83d\ude0f &quot;}\" data-sheets-userformat=\"{&quot;2&quot;:14656,&quot;9&quot;:0,&quot;11&quot;:4,&quot;14&quot;:{&quot;1&quot;:2,&quot;2&quot;:0},&quot;15&quot;:&quot;Verdana&quot;,&quot;16&quot;:11}\">Ne vous contentez pas de moins que \ud83d\udd25 ! Je suis pr\u00eate \u00e0 me mouiller, \u00e0 me d\u00e9cha\u00eener et \u00e0 devenir coquine avec vous. Venez explorer mon monde de plaisir o\u00f9 le squirting est une sp\u00e9cialit\u00e9. Pr\u00eate \u00e0 discuter avec mes fans et \u00e0 satisfaire tous vos d\u00e9sirs ? C'est parti ! \ud83d\ude0f <\/span><\/li>\n<li><span data-sheets-value=\"{&quot;1&quot;:2,&quot;2&quot;:&quot;Love getting naughty and talking with my fans \ud83e\udd29 I'm so horny, wet, and ready to squirt all over you \ud83d\ude09 Let's have some fun together \ud83d\udca6 Come talk to me on OnlyFans and let's get nasty \ud83d\udd25\ud83d\ude08&quot;}\" data-sheets-userformat=\"{&quot;2&quot;:8961,&quot;3&quot;:{&quot;1&quot;:0},&quot;11&quot;:4,&quot;12&quot;:0,&quot;16&quot;:12}\">J'adore \u00eatre coquine et parler avec mes fans \ud83e\udd29 Je suis tellement excit\u00e9e, mouill\u00e9e et pr\u00eate \u00e0 te gicler dessus \ud83d\ude09 Prenons du plaisir ensemble \ud83d\udca6 Viens me parler sur OnlyFans et soyons coquins \ud83d\udd25\ud83d\ude08\ud83d\ude08\ud83d\udd25\ud83d\ude08\ud83d\ude08.<\/span><\/li>\n<li><span data-sheets-value=\"{&quot;1&quot;:2,&quot;2&quot;:&quot;The top of my thighs are \ud83d\udd25 and I'm feeling extra horny tonight! Come join me, let's get freaky together. I love squirting for all my fans and can't wait to hear what naughty things you have in mind for us. Let's make it a night to remember \ud83d\udca6&quot;}\" data-sheets-userformat=\"{&quot;2&quot;:8961,&quot;3&quot;:{&quot;1&quot;:0},&quot;11&quot;:4,&quot;12&quot;:0,&quot;16&quot;:12}\">Le haut de mes cuisses est \ud83d\udd25 et je me sens tr\u00e8s excit\u00e9e ce soir ! Venez me rejoindre, nous allons \u00eatre freaky ensemble. J'adore gicler pour tous mes fans et j'ai h\u00e2te d'entendre les choses coquines que vous avez en t\u00eate pour nous. Faisons de cette soir\u00e9e un moment inoubliable \ud83d\udca6<\/span><\/li>\n<\/ul>\n<p>Alors si vous \u00eates une fille qui pratique le squirting et que vous souhaitez engager vos followers et promouvoir vos services sur OnlyFans, commandez d\u00e8s aujourd'hui notre pack de l\u00e9gendes m\u00e9diatiques pour les filles qui pratiquent le squirting !<\/p>","protected":false},"excerpt":{"rendered":"<p>Vous \u00eates un mod\u00e8le OnlyFans qui aime montrer ses talents de squirteuse et communiquer avec vos followers sur les m\u00e9dias sociaux ? Notre pack de l\u00e9gendes pour les m\u00e9dias est l\u00e0 pour vous aider \u00e0 promouvoir vos services et \u00e0 engager votre public !<\/p>\n<p>Exemples :<\/p>\n<ul>\n<li><span data-sheets-value=\"{&quot;1&quot;:2,&quot;2&quot;:&quot;Don't settle for anything less than \ud83d\udd25! I'm ready to get wet, wild, and naughty with you. Come explore my world of pleasure where squirting is a specialty. Ready to chat with my fans and satisfy all your desires? Let's make it happen! \ud83d\ude0f &quot;}\" data-sheets-userformat=\"{&quot;2&quot;:14656,&quot;9&quot;:0,&quot;11&quot;:4,&quot;14&quot;:{&quot;1&quot;:2,&quot;2&quot;:0},&quot;15&quot;:&quot;Verdana&quot;,&quot;16&quot;:11}\">Ne vous contentez pas de moins que \ud83d\udd25 ! Je suis pr\u00eate \u00e0 me mouiller, \u00e0 me d\u00e9cha\u00eener et \u00e0 devenir coquine avec vous. Venez explorer mon monde de plaisir o\u00f9 le squirting est une sp\u00e9cialit\u00e9. Pr\u00eate \u00e0 discuter avec mes fans et \u00e0 satisfaire tous vos d\u00e9sirs ? C'est parti ! \ud83d\ude0f <\/span><\/li>\n<li><span data-sheets-value=\"{&quot;1&quot;:2,&quot;2&quot;:&quot;Love getting naughty and talking with my fans \ud83e\udd29 I'm so horny, wet, and ready to squirt all over you \ud83d\ude09 Let's have some fun together \ud83d\udca6 Come talk to me on OnlyFans and let's get nasty \ud83d\udd25\ud83d\ude08&quot;}\" data-sheets-userformat=\"{&quot;2&quot;:8961,&quot;3&quot;:{&quot;1&quot;:0},&quot;11&quot;:4,&quot;12&quot;:0,&quot;16&quot;:12}\">J'adore \u00eatre coquine et parler avec mes fans \ud83e\udd29 Je suis tellement excit\u00e9e, mouill\u00e9e et pr\u00eate \u00e0 te gicler dessus \ud83d\ude09 Prenons du plaisir ensemble \ud83d\udca6 Viens me parler sur OnlyFans et soyons coquins \ud83d\udd25\ud83d\ude08\ud83d\ude08\ud83d\udd25\ud83d\ude08\ud83d\ude08.<\/span><\/li>\n<li><span data-sheets-value=\"{&quot;1&quot;:2,&quot;2&quot;:&quot;The top of my thighs are \ud83d\udd25 and I'm feeling extra horny tonight! Come join me, let's get freaky together. I love squirting for all my fans and can't wait to hear what naughty things you have in mind for us. Let's make it a night to remember \ud83d\udca6&quot;}\" data-sheets-userformat=\"{&quot;2&quot;:8961,&quot;3&quot;:{&quot;1&quot;:0},&quot;11&quot;:4,&quot;12&quot;:0,&quot;16&quot;:12}\">Le haut de mes cuisses est \ud83d\udd25 et je me sens tr\u00e8s excit\u00e9e ce soir ! Venez me rejoindre, nous allons \u00eatre freaky ensemble. J'adore gicler pour tous mes fans et j'ai h\u00e2te d'entendre les choses coquines que vous avez en t\u00eate pour nous. Faisons de cette soir\u00e9e un moment inoubliable \ud83d\udca6<\/span><\/li>\n<\/ul>","protected":false},"featured_media":1236,"comment_status":"open","ping_status":"closed","template":"","meta":[],"product_brand":[],"product_cat":[22],"product_tag":[38],"class_list":{"0":"post-670","1":"product","2":"type-product","3":"status-publish","4":"has-post-thumbnail","6":"product_cat-captions","7":"product_tag-squirting","8":"infinite-scroll-item","9":"no-featured-image-padding","10":"sales-flash-overlay","11":"woocommerce-text-align-center","12":"woocommerce-image-align-center","13":"wc-has-gallery","15":"first","16":"instock","17":"downloadable","18":"virtual","19":"sold-individually","20":"purchasable","21":"product-type-simple"},"aioseo_notices":[],"_links":{"self":[{"href":"https:\/\/subtomy.com\/fr\/wp-json\/wp\/v2\/product\/670","targetHints":{"allow":["GET"]}}],"collection":[{"href":"https:\/\/subtomy.com\/fr\/wp-json\/wp\/v2\/product"}],"about":[{"href":"https:\/\/subtomy.com\/fr\/wp-json\/wp\/v2\/types\/product"}],"replies":[{"embeddable":true,"href":"https:\/\/subtomy.com\/fr\/wp-json\/wp\/v2\/comments?post=670"}],"wp:featuredmedia":[{"embeddable":true,"href":"https:\/\/subtomy.com\/fr\/wp-json\/wp\/v2\/media\/1236"}],"wp:attachment":[{"href":"https:\/\/subtomy.com\/fr\/wp-json\/wp\/v2\/media?parent=670"}],"wp:term":[{"taxonomy":"product_brand","embeddable":true,"href":"https:\/\/subtomy.com\/fr\/wp-json\/wp\/v2\/product_brand?post=670"},{"taxonomy":"product_cat","embeddable":true,"href":"https:\/\/subtomy.com\/fr\/wp-json\/wp\/v2\/product_cat?post=670"},{"taxonomy":"product_tag","embeddable":true,"href":"https:\/\/subtomy.com\/fr\/wp-json\/wp\/v2\/product_tag?post=670"}],"curies":[{"name":"wp","href":"https:\/\/api.w.org\/{rel}","templated":true}]}}