{"id":679,"date":"2023-04-18T00:06:28","date_gmt":"2023-04-18T05:06:28","guid":{"rendered":"https:\/\/shop.cammodelagency.com\/?post_type=product&#038;p=679"},"modified":"2024-03-28T00:36:42","modified_gmt":"2024-03-28T05:36:42","slug":"gay-male-captions","status":"publish","type":"product","link":"https:\/\/subtomy.com\/fr\/produit\/captures-dhommes-gays\/","title":{"rendered":"100+ l\u00e9gendes masculines gays pour OnlyFans, Reddit, les m\u00e9dias sociaux, etc."},"content":{"rendered":"<p>Voici la solution ultime pour les mod\u00e8les OnlyFans masculins gays qui cherchent \u00e0 am\u00e9liorer leur pr\u00e9sence sur les m\u00e9dias sociaux et \u00e0 attirer plus de followers : le Gay Male Social Media Caption Pack (pack de l\u00e9gendes pour les m\u00e9dias sociaux masculins gays). Ce pack est sp\u00e9cialement con\u00e7u pour les mod\u00e8les qui vendent des services sur OnlyFans et comprend un large \u00e9ventail de l\u00e9gendes attrayantes et captivantes qui ne manqueront pas de faire parler de vous.<\/p>\n<p>Que vous cherchiez \u00e0 pr\u00e9senter votre dernier contenu, \u00e0 promouvoir vos prochains \u00e9v\u00e9nements ou simplement \u00e0 divertir vos followers, ce pack de l\u00e9gendes contient tout ce dont vous avez besoin. Qu'il s'agisse de plaisanteries ou de questions provocantes, nos l\u00e9gendes sont soigneusement con\u00e7ues pour plaire \u00e0 un public masculin gay et pour que votre contenu reste frais et excitant.<\/p>\n<p>Exemples :<\/p>\n<ul>\n<li><span data-sheets-value=\"{&quot;1&quot;:2,&quot;2&quot;:&quot;Don't you wish you could be my \ud83e\udd0e? Come get to know me better on OnlyFans and see what I'm all about. \ud83d\udd25 Let's explore every inch of each other and have some naughty fun. #gayonlyfans&quot;}\" data-sheets-userformat=\"{&quot;2&quot;:8961,&quot;3&quot;:{&quot;1&quot;:0},&quot;11&quot;:4,&quot;12&quot;:0,&quot;16&quot;:12}\">N'aimeriez-vous pas \u00eatre mon \ud83e\udd0e ? Viens faire plus ample connaissance avec moi sur OnlyFans et d\u00e9couvre ce que je suis. \ud83d\udd25 Explorons chaque centim\u00e8tre carr\u00e9 l'un de l'autre et amusons-nous de fa\u00e7on coquine. #gayonlyfans<\/span><\/li>\n<li><span data-sheets-value=\"{&quot;1&quot;:2,&quot;2&quot;:&quot;I'm the \ud83d\udd25 gay boy you dream about! Let's chat and flirt, and who knows where it might lead? I'm always looking for new adventures with my fans\u2014let's get wild together! &quot;}\" data-sheets-userformat=\"{&quot;2&quot;:14656,&quot;9&quot;:0,&quot;11&quot;:4,&quot;14&quot;:{&quot;1&quot;:2,&quot;2&quot;:0},&quot;15&quot;:&quot;Verdana&quot;,&quot;16&quot;:11}\">Je suis le \ud83d\udd25 gar\u00e7on gay dont vous r\u00eavez ! Discutons et flirtons, et qui sait o\u00f9 cela pourrait nous mener ? Je suis toujours \u00e0 la recherche de nouvelles aventures avec mes fans - devenons sauvages ensemble ! <\/span><\/li>\n<li><span data-sheets-value=\"{&quot;1&quot;:2,&quot;2&quot;:&quot;Sexy, single &amp; ready to mingle \ud83e\udd29\ud83d\udca6 Interested in getting to know me better? DM me and let's get the conversation started \ud83d\ude0c #gay #horny #singleandreadytomingle&quot;}\" data-sheets-userformat=\"{&quot;2&quot;:8961,&quot;3&quot;:{&quot;1&quot;:0},&quot;11&quot;:4,&quot;12&quot;:0,&quot;16&quot;:12}\">Sexy, c\u00e9libataire &amp; pr\u00eat \u00e0 se m\u00ealer \ud83e\udd29\ud83d\udca6 Int\u00e9ress\u00e9 pour apprendre \u00e0 mieux me conna\u00eetre ? DM moi et commen\u00e7ons la conversation \ud83d\ude0c #gay #horny #singleandreadytomingle<\/span><\/li>\n<\/ul>\n<p>Si vous \u00eates pr\u00eat \u00e0 faire passer votre entreprise OnlyFans au niveau sup\u00e9rieur, n'attendez plus. Commandez le Gay Male Social Media Caption Pack d\u00e8s aujourd'hui et commencez \u00e0 vous d\u00e9marquer !<\/p>","protected":false},"excerpt":{"rendered":"<p>Voici la solution ultime pour les mod\u00e8les OnlyFans masculins gays qui cherchent \u00e0 am\u00e9liorer leur pr\u00e9sence sur les m\u00e9dias sociaux et \u00e0 attirer plus de followers : le Gay Male Social Media Caption Pack (pack de l\u00e9gendes pour les m\u00e9dias sociaux masculins gays).<\/p>\n<p>Exemples :<\/p>\n<ul>\n<li><span data-sheets-value=\"{&quot;1&quot;:2,&quot;2&quot;:&quot;Don't you wish you could be my \ud83e\udd0e? Come get to know me better on OnlyFans and see what I'm all about. \ud83d\udd25 Let's explore every inch of each other and have some naughty fun. #gayonlyfans&quot;}\" data-sheets-userformat=\"{&quot;2&quot;:8961,&quot;3&quot;:{&quot;1&quot;:0},&quot;11&quot;:4,&quot;12&quot;:0,&quot;16&quot;:12}\">N'aimeriez-vous pas \u00eatre mon \ud83e\udd0e ? Viens faire plus ample connaissance avec moi sur OnlyFans et d\u00e9couvre ce que je suis. \ud83d\udd25 Explorons chaque centim\u00e8tre carr\u00e9 l'un de l'autre et amusons-nous de fa\u00e7on coquine. #gayonlyfans<\/span><\/li>\n<li><span data-sheets-value=\"{&quot;1&quot;:2,&quot;2&quot;:&quot;I'm the \ud83d\udd25 gay boy you dream about! Let's chat and flirt, and who knows where it might lead? I'm always looking for new adventures with my fans\u2014let's get wild together! &quot;}\" data-sheets-userformat=\"{&quot;2&quot;:14656,&quot;9&quot;:0,&quot;11&quot;:4,&quot;14&quot;:{&quot;1&quot;:2,&quot;2&quot;:0},&quot;15&quot;:&quot;Verdana&quot;,&quot;16&quot;:11}\">Je suis le \ud83d\udd25 gar\u00e7on gay dont vous r\u00eavez ! Discutons et flirtons, et qui sait o\u00f9 cela pourrait nous mener ? Je suis toujours \u00e0 la recherche de nouvelles aventures avec mes fans - devenons sauvages ensemble ! <\/span><\/li>\n<li><span data-sheets-value=\"{&quot;1&quot;:2,&quot;2&quot;:&quot;Sexy, single &amp; ready to mingle \ud83e\udd29\ud83d\udca6 Interested in getting to know me better? DM me and let's get the conversation started \ud83d\ude0c #gay #horny #singleandreadytomingle&quot;}\" data-sheets-userformat=\"{&quot;2&quot;:8961,&quot;3&quot;:{&quot;1&quot;:0},&quot;11&quot;:4,&quot;12&quot;:0,&quot;16&quot;:12}\">Sexy, c\u00e9libataire &amp; pr\u00eat \u00e0 se m\u00ealer \ud83e\udd29\ud83d\udca6 Int\u00e9ress\u00e9 pour apprendre \u00e0 mieux me conna\u00eetre ? DM moi et commen\u00e7ons la conversation \ud83d\ude0c #gay #horny #singleandreadytomingle<\/span><\/li>\n<\/ul>","protected":false},"featured_media":2324,"comment_status":"open","ping_status":"closed","template":"","meta":[],"product_brand":[],"product_cat":[22],"product_tag":[33],"class_list":{"0":"post-679","1":"product","2":"type-product","3":"status-publish","4":"has-post-thumbnail","6":"product_cat-captions","7":"product_tag-men","8":"infinite-scroll-item","9":"no-featured-image-padding","10":"sales-flash-overlay","11":"woocommerce-text-align-center","12":"woocommerce-image-align-center","13":"wc-has-gallery","15":"first","16":"instock","17":"downloadable","18":"virtual","19":"sold-individually","20":"purchasable","21":"product-type-simple"},"aioseo_notices":[],"_links":{"self":[{"href":"https:\/\/subtomy.com\/fr\/wp-json\/wp\/v2\/product\/679","targetHints":{"allow":["GET"]}}],"collection":[{"href":"https:\/\/subtomy.com\/fr\/wp-json\/wp\/v2\/product"}],"about":[{"href":"https:\/\/subtomy.com\/fr\/wp-json\/wp\/v2\/types\/product"}],"replies":[{"embeddable":true,"href":"https:\/\/subtomy.com\/fr\/wp-json\/wp\/v2\/comments?post=679"}],"wp:featuredmedia":[{"embeddable":true,"href":"https:\/\/subtomy.com\/fr\/wp-json\/wp\/v2\/media\/2324"}],"wp:attachment":[{"href":"https:\/\/subtomy.com\/fr\/wp-json\/wp\/v2\/media?parent=679"}],"wp:term":[{"taxonomy":"product_brand","embeddable":true,"href":"https:\/\/subtomy.com\/fr\/wp-json\/wp\/v2\/product_brand?post=679"},{"taxonomy":"product_cat","embeddable":true,"href":"https:\/\/subtomy.com\/fr\/wp-json\/wp\/v2\/product_cat?post=679"},{"taxonomy":"product_tag","embeddable":true,"href":"https:\/\/subtomy.com\/fr\/wp-json\/wp\/v2\/product_tag?post=679"}],"curies":[{"name":"wp","href":"https:\/\/api.w.org\/{rel}","templated":true}]}}