{"id":1390,"date":"2023-05-16T16:45:09","date_gmt":"2023-05-16T21:45:09","guid":{"rendered":"https:\/\/subtomy.com\/?page_id=1390"},"modified":"2023-05-16T16:45:10","modified_gmt":"2023-05-16T21:45:10","slug":"freebies","status":"publish","type":"page","link":"https:\/\/subtomy.com\/hu\/ingyenes-ajandekok\/","title":{"rendered":"Freebies"},"content":{"rendered":"<p>N\u00e9zz meg n\u00e9h\u00e1ny ingyenes lehet\u0151s\u00e9get, amit felfedezhetsz. <\/p>\n\n\n\n<div class=\"_form_1\"><\/div><script src=\"https:\/\/cammodelagency.activehosted.com\/f\/embed.php?id=1\" type=\"text\/javascript\" charset=\"utf-8\"><\/script>\n\n\n\n<h2 class=\"gb-headline gb-headline-eb5180d9 gb-headline-text\">30 nap \u00e9s $3,000 k\u00f6z\u00f6tt<\/h2>\n\n\n\n<p>Egy r\u00f6vid ebook \u00e9s j\u00e1t\u00e9kterv, amely lefekteti az alapokat, hogy mit kell tennie a siker \u00e9rdek\u00e9ben. A k\u00e9pre kattintva a PDF let\u00f6lt\u00e9s\u00e9hez. <\/p>\n\n\n\n<figure class=\"wp-block-image size-large\"><a href=\"https:\/\/subtomy.com\/wp-content\/uploads\/2022\/06\/30-days-to-3000.pdf\" target=\"_blank\" rel=\"noreferrer noopener\"><img loading=\"lazy\" decoding=\"async\" width=\"1024\" height=\"576\" src=\"https:\/\/subtomy.com\/wp-content\/uploads\/2022\/06\/30-days-to-3000-1-1024x576.jpg\" alt=\"\" class=\"wp-image-21\" srcset=\"https:\/\/subtomy.com\/wp-content\/uploads\/2022\/06\/30-days-to-3000-1-1024x576.jpg 1024w, https:\/\/subtomy.com\/wp-content\/uploads\/2022\/06\/30-days-to-3000-1-600x338.jpg 600w, https:\/\/subtomy.com\/wp-content\/uploads\/2022\/06\/30-days-to-3000-1-300x169.jpg 300w, https:\/\/subtomy.com\/wp-content\/uploads\/2022\/06\/30-days-to-3000-1-768x432.jpg 768w, https:\/\/subtomy.com\/wp-content\/uploads\/2022\/06\/30-days-to-3000-1-1536x864.jpg 1536w, https:\/\/subtomy.com\/wp-content\/uploads\/2022\/06\/30-days-to-3000-1-18x10.jpg 18w, https:\/\/subtomy.com\/wp-content\/uploads\/2022\/06\/30-days-to-3000-1.jpg 1920w\" sizes=\"auto, (max-width: 1024px) 100vw, 1024px\" \/><\/a><\/figure>\n\n\n\n<h2 class=\"gb-headline gb-headline-daeecd36 gb-headline-text\">Vedd el a p\u00e9nz\u00fcket<\/h2>\n\n\n\n<p>Az els\u0151 ebookot m\u00e9g 2020-ban k\u00e9sz\u00edtett\u00fck. M\u00e1r nem el\u00e9g j\u00f3 ahhoz, hogy eladjuk, ez\u00e9rt elaj\u00e1nd\u00e9kozzuk az inform\u00e1ci\u00f3kat. Nem sz\u00fcks\u00e9ges opt-in; ne feledd, hogy n\u00e9h\u00e1ny \u00e9ve \u00edr\u00f3dott, \u00edgy n\u00e9h\u00e1ny platformon lehet, hogy m\u00e1r le\u00e1ll\u00edtott\u00e1k \ud83d\ude22 Kattints az al\u00e1bbi k\u00e9pre, hogy megn\u00e9zd.<\/p>\n\n\n\n<figure class=\"gb-block-image gb-block-image-bda75b36\"><a href=\"https:\/\/subtomy.com\/wp-content\/uploads\/2023\/05\/Take-Their-Money.pdf\" target=\"_blank\" rel=\"noopener noreferrer\"><img loading=\"lazy\" decoding=\"async\" width=\"724\" height=\"1024\" class=\"gb-image gb-image-bda75b36\" src=\"https:\/\/subtomy.com\/wp-content\/uploads\/2023\/04\/Take-their-money-724x1024.jpg\" alt=\"\" title=\"Vedd el a p\u00e9nz\u00fcket.jpg\" srcset=\"https:\/\/subtomy.com\/wp-content\/uploads\/2023\/04\/Take-their-money-724x1024.jpg 724w, https:\/\/subtomy.com\/wp-content\/uploads\/2023\/04\/Take-their-money-212x300.jpg 212w, https:\/\/subtomy.com\/wp-content\/uploads\/2023\/04\/Take-their-money-768x1086.jpg 768w, https:\/\/subtomy.com\/wp-content\/uploads\/2023\/04\/Take-their-money-1086x1536.jpg 1086w, https:\/\/subtomy.com\/wp-content\/uploads\/2023\/04\/Take-their-money-8x12.jpg 8w, https:\/\/subtomy.com\/wp-content\/uploads\/2023\/04\/Take-their-money-600x849.jpg 600w, https:\/\/subtomy.com\/wp-content\/uploads\/2023\/04\/Take-their-money.jpg 1414w\" sizes=\"auto, (max-width: 724px) 100vw, 724px\" \/><\/a><\/figure>\n\n\n\n<h2 class=\"gb-headline gb-headline-b5c96cea gb-headline-text\">N\u00f6velje k\u00f6z\u00f6ns\u00e9g\u00e9t<\/h2>\n\n\n\n<p>A Take Their Money, Grow Your Audience c\u00edm\u0171 k\u00f6nyv 2020-ban \u00edr\u00f3dott, \u00e9s n\u00e9h\u00e1ny m\u00f3dszert k\u00edn\u00e1l az alkot\u00f3knak arra, hogyan haszn\u00e1lhatj\u00e1k ki a k\u00fcl\u00f6nb\u00f6z\u0151 platformokat \u00e9s marketingkezdem\u00e9nyez\u00e9seket, hogy n\u00f6velj\u00e9k a fi\u00f3kjaikat.<\/p>\n\n\n\n<figure class=\"gb-block-image gb-block-image-e702cc2d\"><a href=\"https:\/\/subtomy.com\/wp-content\/uploads\/2023\/05\/Grow-Your-Audience.pdf\" target=\"_blank\" rel=\"noopener noreferrer\"><img loading=\"lazy\" decoding=\"async\" width=\"724\" height=\"1024\" class=\"gb-image gb-image-e702cc2d\" src=\"https:\/\/subtomy.com\/wp-content\/uploads\/2023\/04\/Grow-Your-Audience-724x1024.png\" alt=\"\" title=\"N\u00f6veld a k\u00f6z\u00f6ns\u00e9ged.png\" srcset=\"https:\/\/subtomy.com\/wp-content\/uploads\/2023\/04\/Grow-Your-Audience-724x1024.png 724w, https:\/\/subtomy.com\/wp-content\/uploads\/2023\/04\/Grow-Your-Audience-212x300.png 212w, https:\/\/subtomy.com\/wp-content\/uploads\/2023\/04\/Grow-Your-Audience-768x1086.png 768w, https:\/\/subtomy.com\/wp-content\/uploads\/2023\/04\/Grow-Your-Audience-1086x1536.png 1086w, https:\/\/subtomy.com\/wp-content\/uploads\/2023\/04\/Grow-Your-Audience-8x12.png 8w, https:\/\/subtomy.com\/wp-content\/uploads\/2023\/04\/Grow-Your-Audience-600x849.png 600w, https:\/\/subtomy.com\/wp-content\/uploads\/2023\/04\/Grow-Your-Audience.png 1414w\" sizes=\"auto, (max-width: 724px) 100vw, 724px\" \/><\/a><\/figure>","protected":false},"excerpt":{"rendered":"<p>N\u00e9zz meg n\u00e9h\u00e1ny ingyenes lehet\u0151s\u00e9get, amit felfedezhetsz. 30 nap az $3,000-ig Egy r\u00f6vid ebook \u00e9s j\u00e1t\u00e9kterv, amely lefekteti az alapokat, hogy mit kell tenned a sikerhez. Kattints a k\u00e9pre, hogy eljuss a PDF-hez, ahonnan let\u00f6ltheted. Vedd el a p\u00e9nz\u00fcket Az els\u0151 ebook, amit <\/p>\n<p class=\"read-more-container\"><a title=\"Freebies\" class=\"read-more button\" href=\"https:\/\/subtomy.com\/hu\/ingyenes-ajandekok\/#more-1390\" aria-label=\"Read more about Freebies\">Olvass tov\u00e1bb<\/a><\/p>","protected":false},"author":1,"featured_media":0,"parent":0,"menu_order":0,"comment_status":"closed","ping_status":"closed","template":"","meta":{"footnotes":""},"class_list":{"0":"post-1390","1":"page","2":"type-page","3":"status-publish","5":"infinite-scroll-item","6":"no-featured-image-padding"},"aioseo_notices":[],"_links":{"self":[{"href":"https:\/\/subtomy.com\/hu\/wp-json\/wp\/v2\/pages\/1390","targetHints":{"allow":["GET"]}}],"collection":[{"href":"https:\/\/subtomy.com\/hu\/wp-json\/wp\/v2\/pages"}],"about":[{"href":"https:\/\/subtomy.com\/hu\/wp-json\/wp\/v2\/types\/page"}],"author":[{"embeddable":true,"href":"https:\/\/subtomy.com\/hu\/wp-json\/wp\/v2\/users\/1"}],"replies":[{"embeddable":true,"href":"https:\/\/subtomy.com\/hu\/wp-json\/wp\/v2\/comments?post=1390"}],"version-history":[{"count":2,"href":"https:\/\/subtomy.com\/hu\/wp-json\/wp\/v2\/pages\/1390\/revisions"}],"predecessor-version":[{"id":1395,"href":"https:\/\/subtomy.com\/hu\/wp-json\/wp\/v2\/pages\/1390\/revisions\/1395"}],"wp:attachment":[{"href":"https:\/\/subtomy.com\/hu\/wp-json\/wp\/v2\/media?parent=1390"}],"curies":[{"name":"wp","href":"https:\/\/api.w.org\/{rel}","templated":true}]}}