{"id":1540,"date":"2023-05-24T16:39:17","date_gmt":"2023-05-24T21:39:17","guid":{"rendered":"https:\/\/subtomy.com\/?post_type=product&#038;p=1540"},"modified":"2024-03-02T22:05:11","modified_gmt":"2024-03-03T03:05:11","slug":"findom-question-pack","status":"publish","type":"product","link":"https:\/\/subtomy.com\/hu\/termek\/findom-question-pack\/","title":{"rendered":"Findom 100 k\u00e9rd\u00e9ses csomag OnlyFans, Loyalfans, Reddit, Twitter, stb. sz\u00e1m\u00e1ra."},"content":{"rendered":"<h3 style=\"text-align: center;\">Bemutatjuk a FinDom 100 k\u00e9rd\u00e9ses csomagot: P\u00e9nz\u00fcgyi dominanci\u00e1d felszabad\u00edt\u00e1sa<\/h3>\n<p>Felh\u00edv\u00e1s minden p\u00e9nz\u00fcgyi uralkod\u00f3nak! K\u00e9szen \u00e1ll arra, hogy felemelje az ir\u00e1ny\u00edt\u00e1st, mag\u00e1val ragadja a k\u00f6z\u00f6ns\u00e9g\u00e9t, \u00e9s biztos\u00edtsa, hogy \u00fcgyfelei \u00fagy v\u00e1gyjanak az \u00d6n p\u00e9nz\u00fcgyi dominanci\u00e1j\u00e1ra, mint m\u00e9g soha? L\u00e9pjen a reflektorf\u00e9nybe a FinDom 100-k\u00e9rd\u00e9scsomaggal, amely egy olyan platformokhoz tervezett hat\u00e9kony eszk\u00f6z, mint az OnlyFans, a Loyalfans, a Reddit, a Twitter \u00e9s m\u00e1s k\u00f6z\u00f6ss\u00e9gi m\u00e9diacsatorn\u00e1k.<\/p>\n<ol>\n<li><strong>Uralkodjon a piacon<\/strong>: Szerezzen versenyel\u0151nyt a p\u00e9nz\u00fcgyi uralomban ezzel a gondosan \u00f6ssze\u00e1ll\u00edtott k\u00e9rd\u00e9scsomaggal. Mag\u00e1val ragadja k\u00f6z\u00f6ns\u00e9g\u00e9t, cs\u00e1b\u00edtson el \u00faj \u00e9rdekl\u0151d\u0151ket, \u00e9s hagyjon kit\u00f6r\u00f6lhetetlen nyomot megl\u00e9v\u0151 \u00fcgyfeleiben, mik\u00f6zben k\u00f6nnyed\u00e9n \u00e1tveszi az ir\u00e1ny\u00edt\u00e1st v\u00e1gyaik felett.<\/li>\n<li><strong>Gy\u00fajtsd fel a v\u00e1gyukat<\/strong>: Engedje szabadj\u00e1ra az \u00e9rzelmek forg\u00f3sz\u00e9l\u00e9t, \u00e9s \u00e9bressze fel k\u00f6vet\u0151i kiel\u00e9g\u00edthetetlen v\u00e1gy\u00e1t a p\u00e9nz\u00fcgyi al\u00e1vetetts\u00e9gre. A prec\u00edzen kidolgozott k\u00e9rd\u00e9seket \u00fagy tervezt\u00e9k, hogy intenz\u00edv v\u00e1rakoz\u00e1st, v\u00e1gyakoz\u00e1st \u00e9s a legm\u00e9lyebb p\u00e9nz\u00fcgyi fant\u00e1zi\u00e1k beteljes\u00fcl\u00e9s\u00e9nek els\u00f6pr\u0151 sz\u00fcks\u00e9g\u00e9t kelts\u00e9k.<\/li>\n<li><strong>\u00dczemanyag \u00fcgyf\u00e9l k\u00f6lt\u00e9s<\/strong>: Vigye el \u00fcgyfeleit egy olyan utaz\u00e1sra, ahol az \u00e9lvezet \u00e9s a k\u00f6ltekez\u00e9s \u00f6sszefon\u00f3dik. A FinDom 100 k\u00e9rd\u00e9ses csomag strat\u00e9giai kihaszn\u00e1l\u00e1s\u00e1val felszabad\u00edthatja a hajland\u00f3s\u00e1gukat arra, hogy t\u00f6bbet fektessenek be, feler\u0151s\u00edtve a v\u00e1gyukat, hogy \u00f6r\u00f6met okozzanak \u00d6nnek \u00e9s p\u00e9nz\u00fcgyileg is szolg\u00e1lj\u00e1k.<\/li>\n<li><strong>Szem\u00e9lyre szabott megk\u00f6zel\u00edt\u00e9s<\/strong>: Szabja a k\u00e9rdez\u00e9si strat\u00e9gi\u00e1t az egy\u00e9ni st\u00edlus\u00e1nak \u00e9s preferenci\u00e1inak megfelel\u0151en. Ak\u00e1r a tekint\u00e9lyt parancsol\u00f3 tekint\u00e9lyt, ak\u00e1r a finom manipul\u00e1ci\u00f3t kedveli, ezek a k\u00e9rd\u00e9sek lehet\u0151v\u00e9 teszik, hogy finomhangolja a megk\u00f6zel\u00edt\u00e9s\u00e9t, \u00edgy biztos\u00edtva a maxim\u00e1lis hat\u00e1st minden interakci\u00f3 sor\u00e1n.<\/li>\n<li><strong>H\u0171s\u00e9g \u00e1pol\u00e1sa<\/strong>: M\u00e9ly\u00edtse el kapcsolat\u00e1t megl\u00e9v\u0151 \u00fcgyf\u00e9lk\u00f6r\u00e9vel az\u00e1ltal, hogy egyedi \u00e9s mag\u00e1val ragad\u00f3 \u00e9lm\u00e9nyt k\u00edn\u00e1l nekik. A FinDom 100-k\u00e9rd\u00e9ses csomag el\u0151seg\u00edti a h\u0171s\u00e9get, \u00d6nt a p\u00e9nz\u00fcgyi dominancia vitathatatlan tekint\u00e9ly\u00e9v\u00e9 teszi, \u00e9s \u00f6szt\u00f6nzi a visszat\u00e9r\u0151 \u00fcgyfeleket.<\/li>\n<li><strong>Az elk\u00f6telezetts\u00e9g fokoz\u00e1sa<\/strong>: B\u00e1tor\u00edtsa k\u00f6vet\u0151it, hogy akt\u00edvan vegyenek r\u00e9szt a tartalmaiban \u00e9s a vit\u00e1kban. Sz\u00edtson \u00f6szt\u00f6nz\u0151 besz\u00e9lget\u00e9seket, h\u00edvja \u0151ket, hogy ossz\u00e1k meg v\u00e1gyaikat \u00e9s hat\u00e1raikat, \u00e9s hozzon l\u00e9tre egy olyan k\u00f6z\u00f6ss\u00e9get, ahol a p\u00e9nz\u00fcgyi al\u00e1rendeltek \u00e9s uralkod\u00f3k \u00f6sszekapcsol\u00f3dhatnak \u00e9s t\u00e1mogathatj\u00e1k egym\u00e1st.<\/li>\n<li><strong>Empower Your Dominance<\/strong>: Fedje fel az ellen\u00e1llhatatlan p\u00e9nz\u00fcgyi dominancia titkait, \u00e9s fedje fel \u00fcgyfelei rejtett v\u00e1gyait. A FinDom 100 k\u00e9rd\u00e9ses csomaggal, mint \u00fatmutat\u00f3val, megmutathatja szak\u00e9rtelm\u00e9t, fokozhatja a v\u00e1rakoz\u00e1st, \u00e9s megszil\u00e1rd\u00edthatja poz\u00edci\u00f3j\u00e1t, mint az \u00e1ltaluk \u00e1h\u00edtott domin\u00e1ns er\u0151.<\/li>\n<\/ol>\n<p>Engedje szabadj\u00e1ra a FinDom 100-k\u00e9rd\u00e9ses csomag erej\u00e9t, \u00e9s n\u00e9zze, ahogy p\u00e9nz\u00fcgyi dominanci\u00e1ja \u00faj magass\u00e1gokba emelkedik. L\u00e9pjen bele a korl\u00e1tlan ir\u00e1ny\u00edt\u00e1sba, a p\u00e1ratlan el\u00e9gedetts\u00e9gbe \u00e9s egy h\u0171s\u00e9ges \u00fcgyf\u00e9lk\u00f6rbe, amely k\u00e9szs\u00e9gesen engedelmeskedik az \u00d6n p\u00e9nz\u00fcgyi hatalm\u00e1nak.<\/p>","protected":false},"excerpt":{"rendered":"<p>Bemutatjuk a FinDom 100 k\u00e9rd\u00e9ses csomagot: P\u00e9nz\u00fcgyi dominanci\u00e1d felszabad\u00edt\u00e1sa<\/p>\n<p>Felh\u00edv\u00e1s minden p\u00e9nz\u00fcgyi uralkod\u00f3nak! K\u00e9szen \u00e1ll arra, hogy felemelje az ir\u00e1ny\u00edt\u00e1st, mag\u00e1val ragadja a k\u00f6z\u00f6ns\u00e9g\u00e9t, \u00e9s biztos\u00edtsa, hogy \u00fcgyfelei \u00fagy v\u00e1gyjanak az \u00d6n p\u00e9nz\u00fcgyi dominanci\u00e1j\u00e1ra, mint m\u00e9g soha? L\u00e9pjen a reflektorf\u00e9nybe a FinDom 100-k\u00e9rd\u00e9scsomaggal, amely egy olyan hat\u00e9kony eszk\u00f6z, amelyet kiz\u00e1r\u00f3lag olyan platformokra terveztek, mint az OnlyFans, a Loyalfans, a Reddit, a Twitter \u00e9s m\u00e1s k\u00f6z\u00f6ss\u00e9gi m\u00e9diacsatorn\u00e1k.<\/p>\n<ul>\n<li><em>Hova tegyem a csizm\u00e1mat? \ud83c\udf86 Add meg magad \u00e9s fizess a megal\u00e1ztat\u00e1sod\u00e9rt, malacka! \ud83d\udcb8<\/em><\/li>\n<li><em>Ki akar az \u00e9n p\u00e9nz\u00fcgyi al\u00e1rendeltem lenni, \u00e9s b\u00e1rmit megtesz \ud83d\udcb8 hogy boldogg\u00e1 tegyen? K\u00e9szen \u00e1llok arra, hogy \u00e1tvegyem az ir\u00e1ny\u00edt\u00e1st \u00e9s megal\u00e1zzalak, am\u00edg nem tudsz nem k\u00f6ny\u00f6r\u00f6gni m\u00e9g t\u00f6bb\u00e9rt. \ud83d\ude08<\/em><\/li>\n<li><em>Ki \u00e1ll k\u00e9szen arra, hogy \ud83e\udd11\ud83d\udcb8taked to the limit by their sexy Findom? \ud83d\udd25K\u00e9sz vagy feladni minden kontrollt \u00e9s teljesen kiszolg\u00e1ltatott\u00e1, megal\u00e1zott\u00e1 \u00e9s a helyedre tenni magad nekem? \ud83d\ude08<\/em><\/li>\n<\/ul>","protected":false},"featured_media":2259,"comment_status":"closed","ping_status":"closed","template":"","meta":[],"product_brand":[],"product_cat":[35],"product_tag":[28],"class_list":{"0":"post-1540","1":"product","2":"type-product","3":"status-publish","4":"has-post-thumbnail","6":"product_cat-question-packs","7":"product_tag-findom","8":"infinite-scroll-item","9":"no-featured-image-padding","10":"sales-flash-overlay","11":"woocommerce-text-align-center","12":"woocommerce-image-align-center","13":"wc-has-gallery","15":"first","16":"instock","17":"downloadable","18":"virtual","19":"sold-individually","20":"purchasable","21":"product-type-simple"},"aioseo_notices":[],"_links":{"self":[{"href":"https:\/\/subtomy.com\/hu\/wp-json\/wp\/v2\/product\/1540","targetHints":{"allow":["GET"]}}],"collection":[{"href":"https:\/\/subtomy.com\/hu\/wp-json\/wp\/v2\/product"}],"about":[{"href":"https:\/\/subtomy.com\/hu\/wp-json\/wp\/v2\/types\/product"}],"replies":[{"embeddable":true,"href":"https:\/\/subtomy.com\/hu\/wp-json\/wp\/v2\/comments?post=1540"}],"wp:featuredmedia":[{"embeddable":true,"href":"https:\/\/subtomy.com\/hu\/wp-json\/wp\/v2\/media\/2259"}],"wp:attachment":[{"href":"https:\/\/subtomy.com\/hu\/wp-json\/wp\/v2\/media?parent=1540"}],"wp:term":[{"taxonomy":"product_brand","embeddable":true,"href":"https:\/\/subtomy.com\/hu\/wp-json\/wp\/v2\/product_brand?post=1540"},{"taxonomy":"product_cat","embeddable":true,"href":"https:\/\/subtomy.com\/hu\/wp-json\/wp\/v2\/product_cat?post=1540"},{"taxonomy":"product_tag","embeddable":true,"href":"https:\/\/subtomy.com\/hu\/wp-json\/wp\/v2\/product_tag?post=1540"}],"curies":[{"name":"wp","href":"https:\/\/api.w.org\/{rel}","templated":true}]}}