{"id":1549,"date":"2023-05-24T19:35:24","date_gmt":"2023-05-25T00:35:24","guid":{"rendered":"https:\/\/subtomy.com\/?post_type=product&#038;p=1549"},"modified":"2023-05-24T19:35:58","modified_gmt":"2023-05-25T00:35:58","slug":"small-boobs-question-pack","status":"publish","type":"product","link":"https:\/\/subtomy.com\/hu\/termek\/kis-mellek-kerdescsomag\/","title":{"rendered":"Small Boobs 100 k\u00e9rd\u00e9scsomag OnlyFans, Reddit, Twitter, stb. sz\u00e1m\u00e1ra."},"content":{"rendered":"<h3 style=\"text-align: center;\">Bemutatjuk a Small Boobs 100 k\u00e9rd\u00e9scsomagot: A kism\u00e9ret\u0171 mellek sz\u00e9ps\u00e9ge \u00e9s \u00e9rz\u00e9kis\u00e9ge: Fogadja el a sz\u00e9ps\u00e9get \u00e9s az \u00e9rz\u00e9kis\u00e9get!<\/h3>\n<p>\u00dcnnepelje a kis mellek vonzerej\u00e9t, mint m\u00e9g soha a Small Boobs 100 k\u00e9rd\u00e9scsomaggal. Az olyan platformokra, mint az OnlyFans, a Reddit, a Twitter \u00e9s m\u00e1sok, tervezett, gondolat\u00e9breszt\u0151 k\u00e9rd\u00e9sek \u00e1tfog\u00f3 gy\u0171jtem\u00e9nye k\u00e9pess\u00e9 teszi a kismell\u0171 egy\u00e9neket arra, hogy felfedezz\u00e9k \u00e9rz\u00e9kis\u00e9g\u00fck m\u00e9lys\u00e9geit, \u00faj lehet\u0151s\u00e9geket fedezzenek fel, \u00e9s elfogadj\u00e1k egyedi sz\u00e9ps\u00e9g\u00fcket. Ak\u00e1r fel akarod f\u0171szerezni a dolgokat, ak\u00e1r egyszer\u0171en csak inspir\u00e1ci\u00f3t keresel, ez a csomag a v\u00e9gs\u0151 \u00fatmutat\u00f3 a kis melleid vonzerej\u00e9nek fokoz\u00e1s\u00e1hoz.<\/p>\n<ol>\n<li><strong>Fogadd el az egyedis\u00e9gedet<\/strong>: Fedezze fel a sz\u00e9ps\u00e9get a kis m\u00e9ret\u0171 mellekben, mik\u00f6zben v\u00e1laszol 100 gondosan \u00f6ssze\u00e1ll\u00edtott k\u00e9rd\u00e9sre, amelyek a b\u00e1jt \u00e9s az \u00e9rz\u00e9kis\u00e9get \u00fcnneplik. Fedezd fel a kis melleid \u00e1rnyalatait, fogadd el alakjukat, \u00e9s szerezz \u00faj \u00e9rt\u00e9kel\u00e9st saj\u00e1tos vonzerej\u00fcknek.<\/li>\n<li><strong>Fokozza a bizalmat<\/strong>: N\u00f6velje \u00f6nbizalm\u00e1t \u00e9s magabiztoss\u00e1g\u00e1t, mik\u00f6zben belemer\u00fcl a teste elfogad\u00e1s\u00e1nak megvitat\u00e1s\u00e1ba. Fedezze fel a kis mellekben rejl\u0151 \u00e9rz\u00e9kis\u00e9g \u00e9s sz\u00e9ps\u00e9g hat\u00e1rtalan lehet\u0151s\u00e9g\u00e9t, \u00e9s engedje meg mag\u00e1nak, hogy \u00f6nbizalmat \u00e9s cs\u00e1b\u00edt\u00e1st sug\u00e1rozzon.<\/li>\n<li><strong>Engedd szabadj\u00e1ra a szexualit\u00e1sodat<\/strong>: Fedezze fel a szexualit\u00e1s \u00e9s az \u00e9rz\u00e9kis\u00e9g kifejez\u00e9s\u00e9nek sz\u00e1mos m\u00f3dj\u00e1t a kis mellekkel, mint a k\u00f6z\u00e9ppontban. A cs\u00e1b\u00edt\u00f3 feh\u00e9rnem\u0171v\u00e1laszt\u00e1st\u00f3l kezdve a kreat\u00edv p\u00f3zol\u00e1son \u00e1t a mellbimb\u00f3stimul\u00e1ci\u00f3ig, a Small Boobs 100 k\u00e9rd\u00e9scsomag beind\u00edtja a k\u00e9pzeletedet, \u00e9s k\u00e9pess\u00e9 tesz az \u00e9lvezet \u00e9s a cs\u00e1b\u00edt\u00e1s \u00faj \u00fatjainak felfedez\u00e9s\u00e9re.<\/li>\n<li><strong>\u00dcnnepelj\u00fck a kis mellek eszt\u00e9tik\u00e1j\u00e1t<\/strong>: Fogadja el kis melleinek egyedis\u00e9g\u00e9t \u00e9s az \u00e1ltaluk k\u00edn\u00e1lt m\u0171v\u00e9szi lehet\u0151s\u00e9geket. Mer\u00fclj el a fot\u00f3z\u00e1sr\u00f3l, a body artr\u00f3l \u00e9s a divatr\u00f3l sz\u00f3l\u00f3 besz\u00e9lget\u00e9sekben, amelyek kiemelik \u00e9s hangs\u00falyozz\u00e1k a kis melleidet, lehet\u0151v\u00e9 t\u00e9ve, hogy kifejezd egy\u00e9nis\u00e9gedet \u00e9s elb\u0171v\u00f6ld a k\u00f6z\u00f6ns\u00e9gedet.<\/li>\n<li><strong>Csatlakozzon hasonl\u00f3an gondolkod\u00f3 egy\u00e9nekhez<\/strong>: Csatlakozzon a kis mellek rajong\u00f3inak t\u00e1mogat\u00f3 \u00e9s \u00e9l\u00e9nk k\u00f6z\u00f6ss\u00e9g\u00e9hez. Ossza meg tapasztalatait, t\u00f6rt\u00e9neteit \u00e9s tippjeit olyan t\u00e1rsaival, akik \u00fcnneplik \u00e9s elfogadj\u00e1k a kism\u00e9ret\u0171 mellek sz\u00e9ps\u00e9g\u00e9t. Tal\u00e1ljon inspir\u00e1ci\u00f3t, b\u00e1tor\u00edt\u00e1st \u00e9s a kis mellek szerelmeseinek er\u0151t ad\u00f3 h\u00e1l\u00f3zat\u00e1t.<\/li>\n<li><strong>Szem\u00e9lyre szabott utaz\u00e1s<\/strong>: Szabja a Small Boobs 100 k\u00e9rd\u00e9scsomagot a v\u00e1gyainak \u00e9s t\u00f6rekv\u00e9seinek megfelel\u0151en. Ak\u00e1r az \u00e9rz\u00e9ki \u00f6nkifejez\u00e9s felfedez\u00e9s\u00e9re, a partnerrel val\u00f3 intimit\u00e1s fokoz\u00e1s\u00e1ra, ak\u00e1r a kismell\u0171 egy\u00e9n \u00f6nbizalm\u00e1nak n\u00f6vel\u00e9s\u00e9re t\u00f6rekszik, ezek a k\u00e9rd\u00e9sek platformot biztos\u00edtanak az \u00f6nfelfedez\u00e9shez \u00e9s a szem\u00e9lyes fejl\u0151d\u00e9shez.<\/li>\n<li><strong>Besz\u00e9lget\u00e9sek felgy\u00fajt\u00e1sa<\/strong>: Haszn\u00e1lja a Small Boobs 100 k\u00e9rd\u00e9scsomagot, hogy izgalmas vit\u00e1kat ind\u00edtson, \u00e9s elk\u00f6telezett k\u00f6z\u00f6ns\u00e9get vonzzon az \u00d6n \u00e1ltal prefer\u00e1lt platformokon. \u00d6szt\u00f6n\u00f6zze a p\u00e1rbesz\u00e9det, ossza meg tapasztalatait, \u00e9s mutassa be egyedi n\u00e9z\u0151pontj\u00e1t a kis mellek \u00e9rz\u00e9kis\u00e9g\u00e9r\u0151l \u00e9s sz\u00e9ps\u00e9g\u00e9r\u0151l. Legyen hangja a kis mellek k\u00f6z\u00f6ss\u00e9g\u00e9nek, \u00e9s adjon er\u0151t m\u00e1soknak, hogy elfogadj\u00e1k saj\u00e1t sz\u00e9ps\u00e9g\u00fcket.<\/li>\n<\/ol>\n<p>\u00dcnnepelje a kis mellek eleganci\u00e1j\u00e1t \u00e9s var\u00e1zs\u00e1t a Small Boobs 100 k\u00e9rd\u00e9ses csomaggal. Engedje szabadj\u00e1ra \u00e9rz\u00e9kis\u00e9g\u00e9t, fedezze fel \u00faj m\u00f3dj\u00e1t annak, hogyan v\u00e1llalhatja fel egyedi sz\u00e9ps\u00e9g\u00e9t, \u00e9s kapcsol\u00f3djon egy olyan k\u00f6z\u00f6ss\u00e9ghez, amely nagyra \u00e9rt\u00e9keli a kis m\u00e9ret\u0171 mellek b\u00e1j\u00e1t. \u00d6lelje magabiztosan kis melleit, \u00e9s engedje, hogy megkezd\u0151dj\u00f6n az \u00f6nszeretet \u00e9s \u00f6nkifejez\u00e9s \u00fatja.<\/p>\n<p>Felh\u00edvjuk figyelm\u00e9t, hogy a Small Boobs 100 k\u00e9rd\u00e9scsomag feln\u0151tt k\u00f6z\u00f6ns\u00e9gnek sz\u00f3l, \u00e9s felel\u0151ss\u00e9gteljesen kell haszn\u00e1lni, tiszteletben tartva a beleegyez\u00e9st, a testpozitivit\u00e1st \u00e9s a ny\u00edlt kommunik\u00e1ci\u00f3t.<\/p>","protected":false},"excerpt":{"rendered":"<p><strong>Bemutatjuk a Small Boobs 100 k\u00e9rd\u00e9scsomagot: A kism\u00e9ret\u0171 mellek sz\u00e9ps\u00e9ge \u00e9s \u00e9rz\u00e9kis\u00e9ge: Fogadja el a sz\u00e9ps\u00e9get \u00e9s az \u00e9rz\u00e9kis\u00e9get!<\/strong><\/p>\n<p>P\u00e9ld\u00e1k:<\/p>\n<ul>\n<li><em>Mit tudok m\u00e9g kezdeni a \ud83e\udd0e kis melleimmel, azon k\u00edv\u00fcl, hogy egyszer\u0171en csak cuki vagyok? Valami \u00f6tlet, hogy feldobjam a dolgokat? #SmallBoobLover \ud83d\udd25<\/em><\/li>\n<li><em>Ki \u00e1ll k\u00e9szen arra, hogy \ud83d\udd25 feldobja az \u00e9jszak\u00e1t? \ud83d\udc59V\u00e1gysz egy kis extr\u00e1ra egy olyan kismell\u0171 istenn\u0151t\u0151l, mint \u00e9n?\ud83d\udc83 Legyen meg! \ud83d\ude09\u00a0<\/em><\/li>\n<li><em>Szerinted mit\u0151l \ud83d\udc59 lesz m\u00e9g szexibb a \ud83c\udf52 kis mellkasom? \ud83e\udd14\ud83d\ude09 <\/em><\/li>\n<\/ul>","protected":false},"featured_media":1550,"comment_status":"closed","ping_status":"closed","template":"","meta":[],"product_brand":[],"product_cat":[35],"product_tag":[36],"class_list":{"0":"post-1549","1":"product","2":"type-product","3":"status-publish","4":"has-post-thumbnail","6":"product_cat-question-packs","7":"product_tag-small-boobs","8":"infinite-scroll-item","9":"no-featured-image-padding","10":"sales-flash-overlay","11":"woocommerce-text-align-center","12":"woocommerce-image-align-center","14":"first","15":"instock","16":"downloadable","17":"virtual","18":"sold-individually","19":"purchasable","20":"product-type-simple"},"aioseo_notices":[],"_links":{"self":[{"href":"https:\/\/subtomy.com\/hu\/wp-json\/wp\/v2\/product\/1549","targetHints":{"allow":["GET"]}}],"collection":[{"href":"https:\/\/subtomy.com\/hu\/wp-json\/wp\/v2\/product"}],"about":[{"href":"https:\/\/subtomy.com\/hu\/wp-json\/wp\/v2\/types\/product"}],"replies":[{"embeddable":true,"href":"https:\/\/subtomy.com\/hu\/wp-json\/wp\/v2\/comments?post=1549"}],"wp:featuredmedia":[{"embeddable":true,"href":"https:\/\/subtomy.com\/hu\/wp-json\/wp\/v2\/media\/1550"}],"wp:attachment":[{"href":"https:\/\/subtomy.com\/hu\/wp-json\/wp\/v2\/media?parent=1549"}],"wp:term":[{"taxonomy":"product_brand","embeddable":true,"href":"https:\/\/subtomy.com\/hu\/wp-json\/wp\/v2\/product_brand?post=1549"},{"taxonomy":"product_cat","embeddable":true,"href":"https:\/\/subtomy.com\/hu\/wp-json\/wp\/v2\/product_cat?post=1549"},{"taxonomy":"product_tag","embeddable":true,"href":"https:\/\/subtomy.com\/hu\/wp-json\/wp\/v2\/product_tag?post=1549"}],"curies":[{"name":"wp","href":"https:\/\/api.w.org\/{rel}","templated":true}]}}