{"id":1561,"date":"2023-05-25T10:39:07","date_gmt":"2023-05-25T15:39:07","guid":{"rendered":"https:\/\/subtomy.com\/?post_type=product&#038;p=1561"},"modified":"2024-03-20T18:06:00","modified_gmt":"2024-03-20T23:06:00","slug":"findom-good-morning-messages","status":"publish","type":"product","link":"https:\/\/subtomy.com\/hu\/termek\/findom-good-morning-messages-2\/","title":{"rendered":"Findom 65 Good Morning Messages Pack (t\u00f6meges \u00fczenet, 1-on-1)"},"content":{"rendered":"<h3 style=\"text-align: center;\">Bemutatjuk a Findom 65 J\u00f3 reggelt \u00fczenetcsomagot: P\u00e9nz\u00fcgyi dominanci\u00e1d meger\u0151s\u00edt\u00e9se<\/h3>\n<p>Felkelni \u00e9s ragyogni, p\u00e9nz\u00fcgyi urak! Vedd \u00e1t az ir\u00e1ny\u00edt\u00e1st al\u00e1rendelted napja felett att\u00f3l a pillanatt\u00f3l kezdve, hogy fel\u00e9brednek a Findom 65 J\u00f3 reggelt \u00fczenetcsomaggal. Ez a provokat\u00edv \u00e9s cs\u00e1b\u00edt\u00f3 \u00fczenetekb\u0151l \u00e1ll\u00f3 gy\u0171jtem\u00e9ny t\u00f6meges \u00fczenetk\u00fcld\u00e9sre \u00e9s szem\u00e9lyre szabott egyszem\u00e9lyes interakci\u00f3kra k\u00e9sz\u00fclt, \u00e9s biztos\u00edtja, hogy a p\u00e9nz\u00fcgyek feletti dominanci\u00e1d minden nap kezdet\u00e9t\u0151l fogva \u00e9rezhet\u0151 legyen. Hagyja, hogy a szavai ereje ir\u00e1ny\u00edtsa a p\u00e9nz\u00fcgyi al\u00e1vetetts\u00e9g\u00fcket, \u00e9s megszil\u00e1rd\u00edtsa az \u00d6n ir\u00e1ny\u00edt\u00e1s\u00e1t.<\/p>\n<ol>\n<li><strong>\u00c1ll\u00edtsa be az ir\u00e1ny\u00edt\u00e1s hangnem\u00e9t<\/strong>: Ragadja meg a lehet\u0151s\u00e9get, hogy megalapozza a dominanci\u00e1t azzal, hogy a napj\u00e1t egy olyan \u00fczenettel kezdi, amely meger\u0151s\u00edti a p\u00e9nz\u00fcgyi ir\u00e1ny\u00edt\u00e1st. Eml\u00e9keztesse \u0151ket, hogy vannak sz\u00e1ml\u00e1k, amelyeket ki kell fizetni, \u00e9s hogy \u00d6n a p\u00e9nz\u00fcgyi instabilit\u00e1suk \u00e9s el\u00e9gedetlens\u00e9g\u00fck mozgat\u00f3rug\u00f3ja.<\/li>\n<li><strong>Engedje szabadj\u00e1ra a reggeli \u00f6r\u00f6m\u00f6t<\/strong>: Kezdj\u00e9k a napjukat az \u00e9lvezet \u00e9s a kiel\u00e9g\u00fcl\u00e9s cs\u00e1b\u00edt\u00f3 \u00edg\u00e9ret\u00e9vel. Tudasd vel\u00fck, hogy ha \u00e1tadj\u00e1k neked a p\u00e9nz\u00fcgyi hatalmukat, megtapasztalhatj\u00e1k azt a felemel\u0151 \u00e9rz\u00e9st, amit egy olyan hatalmas p\u00e9nz\u00fcgyi uralkod\u00f3 kiszolg\u00e1l\u00e1sa jelent, mint te magad.<\/li>\n<li><strong>Szikra v\u00e1rakoz\u00e1s<\/strong>: Gy\u00fajtsa fel izgalmukat az el\u0151tt\u00fck \u00e1ll\u00f3 napra azzal, hogy a kellemes p\u00e9nzmozg\u00e1sok kil\u00e1t\u00e1s\u00e1val \u00e9s a p\u00e9nzes j\u00e1t\u00e9k \u00f6r\u00f6m\u00e9vel ingerli \u0151ket. \u00c9p\u00edtsd fel a v\u00e1rakoz\u00e1st a gazdags\u00e1gra, amellyel sz\u00edvesen hozz\u00e1j\u00e1rulnak majd a birodalmadhoz.<\/li>\n<li><strong>\u00c1polja az engedelmes gondolkod\u00e1sm\u00f3dot<\/strong>: \u00d6szt\u00f6n\u00f6zze az al\u00e1rendelt gondolkod\u00e1sm\u00f3dot m\u00e1r a nap kezdet\u00e9t\u0151l fogva. \u00dcltesse el a magj\u00e1t annak a v\u00e1gynak, hogy anyagilag is szolg\u00e1lja \u00e9s kiel\u00e9g\u00edtse \u00d6nt, eml\u00e9keztesse \u0151ket arra az \u00f6r\u00f6mre \u00e9s beteljesed\u00e9sre, ami v\u00e1r r\u00e1juk, ha elfogadj\u00e1k az \u00d6n odaad\u00f3 zsoldosak\u00e9nt bet\u00f6lt\u00f6tt szerep\u00fcket.<\/li>\n<li><strong>Szem\u00e9lyre szabhatja \u00fczeneteit<\/strong>: Szabja a reggeli \u00fczeneteket minden egyes szem\u00e9lyre, hogy k\u00fcl\u00f6nlegesnek \u00e9s k\u00edv\u00e1natosnak \u00e9rezz\u00e9k magukat. Haszn\u00e1lja a nev\u00fcket, utaljon konkr\u00e9t p\u00e9nz\u00fcgyi tranzakci\u00f3kra, vagy ismerje el egyedi v\u00e1gyaikat. A szem\u00e9lyre szab\u00e1s olyan \u00e9rint\u00e9st ad, amely elm\u00e9ly\u00edti a veled, mint uralkod\u00f3jukkal val\u00f3 kapcsolatukat.<\/li>\n<li><strong>Folyamatos kommunik\u00e1ci\u00f3 el\u0151seg\u00edt\u00e9se<\/strong>: Haszn\u00e1lja a J\u00f3 reggelt \u00fczenetcsomagot, hogy nyitott kommunik\u00e1ci\u00f3s vonalakat tartson fenn az al\u00e1rendeltjeivel.<\/li>\n<li><strong>B\u0151v\u00edtse p\u00e9nz\u00fcgyi birodalm\u00e1t<\/strong>: A Findom 65 J\u00f3 reggelt \u00fczenetcsomaggal egy hat\u00e9kony eszk\u00f6z \u00e1ll a rendelkez\u00e9s\u00e9re, amellyel p\u00e9nz\u00fcgyi birodalm\u00e1t \u00e1polhatja \u00e9s b\u0151v\u00edtheti. Er\u0151s\u00edtsd meg az al\u00e1rendeltekkel val\u00f3 kapcsolataidat, inspir\u00e1lj megn\u00f6vekedett p\u00e9nz\u00fcgyi hozz\u00e1j\u00e1rul\u00e1sokra, \u00e9s szil\u00e1rd\u00edtsd meg a poz\u00edci\u00f3dat, mint a v\u00e9gs\u0151 p\u00e9nz\u00fcgyi domin\u00e1nsuk.<\/li>\n<\/ol>\n<p>Kezdje minden napj\u00e1t a Findom 65 J\u00f3 reggelt \u00fczenetcsomaggal, \u00e9s legyen tan\u00faja, hogy szavai milyen hat\u00e1ssal vannak al\u00e1rendeltjei p\u00e9nz\u00fcgyi al\u00e1vetetts\u00e9g\u00e9re. Alapozd meg a dominanci\u00e1dat, gy\u00fajtsd fel benn\u00fck a szolg\u00e1lat ir\u00e1nti v\u00e1gyat, \u00e9s figyeld, ahogy a p\u00e9nz\u00fcgyi birodalmad ir\u00e1nti elk\u00f6telezetts\u00e9g\u00fck egyre m\u00e9ly\u00fcl. Haszn\u00e1ld ki a j\u00f3l megfogalmazott reggeli \u00fczenetek erej\u00e9t, \u00e9s ragadd meg az ir\u00e1ny\u00edt\u00e1st a p\u00e9nz\u00fcgyeik felett, mint m\u00e9g soha.<\/p>\n<p>K\u00e9rj\u00fck, gyakorolja a felel\u0151s p\u00e9nz\u00fcgyi dominanci\u00e1t, a hat\u00e1rok tiszteletben tart\u00e1s\u00e1t, a beleegyez\u00e9st \u00e9s a ny\u00edlt kommunik\u00e1ci\u00f3t minden interakci\u00f3ban.<\/p>","protected":false},"excerpt":{"rendered":"<h3 style=\"text-align: center;\">Bemutatjuk a Findom 65 J\u00f3 reggelt \u00fczenetcsomagot: P\u00e9nz\u00fcgyi dominanci\u00e1d meger\u0151s\u00edt\u00e9se<\/h3>\n<p><strong>Olyan \u00fczeneteket tartalmaz, mint<\/strong><\/p>\n<ul>\n<li>Csod\u00e1latos reggel. Ez egy nagyszer\u0171 nap lesz a p\u00e9nzj\u00e1t\u00e9khoz! M\u00e1r alig v\u00e1rom a ma \u00e9rkez\u0151 pajkos \u00e9s finom p\u00e9nzmozg\u00e1sokat. \ud83d\ude09 #GoodMorning #FinancialDomination #Findom<\/li>\n<li>Bejelentem egy \u00fajabb lehet\u0151s\u00e9gekkel teli nap kezdet\u00e9t! \ud83d\udcb8 Rem\u00e9lem, k\u00e9szen \u00e1llsz arra, hogy ma m\u00e9g gazdagabb\u00e1 tegy\u00e9l engem, pajkos kis fizet\u0151s diszn\u00f3m. \ud83d\ude09 #Findom #Femdom #Financi\u00e1lisDomination<\/li>\n<li><span data-sheets-value=\"{&quot;1&quot;:2,&quot;2&quot;:&quot;I know it's been a while since I gave you something to be grateful for, so here's your chance: open your wallet and pay tribute to me this morning \u2615\ufe0f \ud83d\ude09&quot;}\" data-sheets-userformat=\"{&quot;2&quot;:8961,&quot;3&quot;:{&quot;1&quot;:0},&quot;11&quot;:4,&quot;12&quot;:0,&quot;16&quot;:12}\">Tudom, hogy r\u00e9gen volt m\u00e1r, hogy adtam nektek valamit, ami\u00e9rt h\u00e1l\u00e1sak lehettek, \u00fagyhogy itt a lehet\u0151s\u00e9g: nyiss\u00e1tok ki a p\u00e9nzt\u00e1rc\u00e1tokat \u00e9s ad\u00f3zzatok nekem ma reggel! \u2615\ufe0f \ud83d\ude09<\/span><\/li>\n<\/ul>","protected":false},"featured_media":2284,"comment_status":"closed","ping_status":"closed","template":"","meta":[],"product_brand":[],"product_cat":[141],"product_tag":[28],"class_list":{"0":"post-1561","1":"product","2":"type-product","3":"status-publish","4":"has-post-thumbnail","6":"product_cat-messaging","7":"product_tag-findom","8":"infinite-scroll-item","9":"no-featured-image-padding","10":"sales-flash-overlay","11":"woocommerce-text-align-center","12":"woocommerce-image-align-center","13":"wc-has-gallery","15":"first","16":"instock","17":"downloadable","18":"virtual","19":"sold-individually","20":"purchasable","21":"product-type-simple"},"aioseo_notices":[],"_links":{"self":[{"href":"https:\/\/subtomy.com\/hu\/wp-json\/wp\/v2\/product\/1561","targetHints":{"allow":["GET"]}}],"collection":[{"href":"https:\/\/subtomy.com\/hu\/wp-json\/wp\/v2\/product"}],"about":[{"href":"https:\/\/subtomy.com\/hu\/wp-json\/wp\/v2\/types\/product"}],"replies":[{"embeddable":true,"href":"https:\/\/subtomy.com\/hu\/wp-json\/wp\/v2\/comments?post=1561"}],"wp:featuredmedia":[{"embeddable":true,"href":"https:\/\/subtomy.com\/hu\/wp-json\/wp\/v2\/media\/2284"}],"wp:attachment":[{"href":"https:\/\/subtomy.com\/hu\/wp-json\/wp\/v2\/media?parent=1561"}],"wp:term":[{"taxonomy":"product_brand","embeddable":true,"href":"https:\/\/subtomy.com\/hu\/wp-json\/wp\/v2\/product_brand?post=1561"},{"taxonomy":"product_cat","embeddable":true,"href":"https:\/\/subtomy.com\/hu\/wp-json\/wp\/v2\/product_cat?post=1561"},{"taxonomy":"product_tag","embeddable":true,"href":"https:\/\/subtomy.com\/hu\/wp-json\/wp\/v2\/product_tag?post=1561"}],"curies":[{"name":"wp","href":"https:\/\/api.w.org\/{rel}","templated":true}]}}