{"id":1692,"date":"2023-05-29T22:59:25","date_gmt":"2023-05-30T03:59:25","guid":{"rendered":"https:\/\/subtomy.com\/?post_type=product&#038;p=1692"},"modified":"2024-03-25T19:23:43","modified_gmt":"2024-03-26T00:23:43","slug":"onlyfans-morning-messages-pack","status":"publish","type":"product","link":"https:\/\/subtomy.com\/hu\/termek\/onlyfans-morning-messages-pack\/","title":{"rendered":"67 OnlyFans Morning Messages Pack for Mass DMs and 1-on-1s, K\u00f6z\u00f6ss\u00e9gi m\u00e9dia"},"content":{"rendered":"<h3 style=\"text-align: center;\">Bemutatjuk a 67 OnlyFans reggeli \u00fczenetcsomagot: Foglalja le a feliratkoz\u00f3it m\u00e1r hajnalt\u00f3l kezdve<\/h3>\n<p>Emelje jelenl\u00e9t\u00e9t az OnlyFans-en a 67 reggeli \u00fczenetcsomaggal. A t\u00f6meges DM-ekhez \u00e9s szem\u00e9lyre szabott 1 az 1 elleni interakci\u00f3khoz tervezett, mag\u00e1val ragad\u00f3 \u00e9s cs\u00e1b\u00edt\u00f3 \u00fczenetek gy\u0171jtem\u00e9nye m\u00e1r \u00e9bred\u00e9s\u00fck pillanat\u00e1t\u00f3l fogva mag\u00e1val ragadja el\u0151fizet\u0151idet. Adja meg az alaphangot a napjukhoz, \u00e9bressze fel a v\u00e1gyukat, \u00e9s tartsa vissza \u0151ket a tov\u00e1bbiak\u00e9rt.<\/p>\n<ol>\n<li><strong>Ellen\u00e1llhatatlan \u00fcdv\u00f6zlet<\/strong>: Ragadja meg a figyelm\u00fcket egy mag\u00e1val ragad\u00f3 \u00fcdv\u00f6zl\u00e9ssel, amely arra k\u00e9szteti \u0151ket, hogy felfedezz\u00e9k a tartalm\u00e1t. Haszn\u00e1ljon cs\u00e1b\u00edt\u00f3 szavakat, j\u00e1t\u00e9kos emojikat \u00e9s egy csipetnyi cs\u00e1b\u00edt\u00e1st, hogy maradand\u00f3 benyom\u00e1st hagyjon a reggeli rutinjukban.<\/li>\n<li><strong>Szem\u00e9lyes kapcsolat<\/strong>: Szem\u00e9lyes kapcsolat kialak\u00edt\u00e1sa a feliratkoz\u00f3k n\u00e9v szerinti megsz\u00f3l\u00edt\u00e1s\u00e1val vagy az \u00e9rdekl\u0151d\u00e9si k\u00f6r\u00fckre val\u00f3 hivatkoz\u00e1ssal. \u00c9reztesse vel\u00fck, hogy k\u00fcl\u00f6nlegesek \u00e9s \u00e9rt\u00e9kesnek \u00e9rzik magukat, \u00e9s teremtse meg az intimit\u00e1s \u00e9rz\u00e9s\u00e9t, amely megtartja \u0151ket a tartalom ir\u00e1nti elk\u00f6telezetts\u00e9g\u00fckben \u00e9s befektet\u00e9s\u00fckben.<\/li>\n<li><strong>Exkluz\u00edv tartalom teaserek<\/strong>: Kicsit \u00edzel\u00edt\u0151t adjon el\u0151fizet\u0151inek az \u00d6nt\u0151l v\u00e1rhat\u00f3 exkluz\u00edv tartalmakb\u00f3l. \u00c9p\u00edtse fel a v\u00e1rakoz\u00e1st \u00e9s a v\u00e1gyat azzal, hogy kiemeli a cs\u00e1b\u00edt\u00f3 k\u00e9pi anyagokat, a mag\u00e1val ragad\u00f3 t\u00f6rt\u00e9neteket vagy az egyed\u00fcl\u00e1ll\u00f3 \u00e9lm\u00e9nyeket, amelyekhez hozz\u00e1f\u00e9rhetnek.<\/li>\n<li><strong>Reggeli motiv\u00e1ci\u00f3<\/strong>: T\u00f6lts\u00f6n pozit\u00edv hangulatot \u00e9s motiv\u00e1ci\u00f3t a reggelekbe inspir\u00e1l\u00f3 id\u00e9zetek, meger\u0151s\u00edt\u00e9sek vagy b\u00e1tor\u00edt\u00f3 szavak megoszt\u00e1s\u00e1val. Eml\u00e9keztesse \u0151ket, hogy egy t\u00e1mogat\u00f3 k\u00f6z\u00f6ss\u00e9g r\u00e9szei, \u00e9s hogy \u00d6n az\u00e9rt van ott, hogy felemelje \u00e9s inspir\u00e1lja \u0151ket.<\/li>\n<li><strong>Interakt\u00edv k\u00e9rd\u00e9sek<\/strong>: Elgondolkodtat\u00f3 k\u00e9rd\u00e9sek feltev\u00e9s\u00e9vel vagy a v\u00e9lem\u00e9ny\u00fck megoszt\u00e1s\u00e1ra val\u00f3 felk\u00e9r\u00e9ssel \u00f6szt\u00f6n\u00f6zze a r\u00e9sztvev\u0151ket. \u00d6szt\u00f6n\u00f6zze \u0151ket arra, hogy interakci\u00f3ba l\u00e9pjenek a tartalmaival, besz\u00e9lget\u00e9seket gener\u00e1lva \u00e9s k\u00f6z\u00f6ss\u00e9get \u00e9p\u00edtve az el\u0151fizet\u0151i k\u00f6z\u00f6tt.<\/li>\n<li><strong>Exkluz\u00edv aj\u00e1nlatok<\/strong>: Jutalmazza meg h\u0171s\u00e9g\u00fcket \u00e9s t\u00e1mogat\u00e1sukat azzal, hogy reggeli \u00fczeneteiben exkluz\u00edv aj\u00e1nlatokat vagy prom\u00f3ci\u00f3kat tesz k\u00f6zz\u00e9. Adjon nekik okot arra, hogy folyamatosan visszat\u00e9rjenek a profilj\u00e1ra, \u00e9s mutassa ki elismer\u00e9s\u00e9t, ami\u00e9rt az OnlyFans k\u00f6z\u00f6ss\u00e9g\u00e9nek tagjai.<\/li>\n<li><strong>Szem\u00e9lyre szabott ki\u00e1lt\u00e1sok<\/strong>: Lepje meg \u00e9s \u00f6rvendeztesse meg el\u0151fizet\u0151it azzal, hogy id\u0151nk\u00e9nt szerepelteti felhaszn\u00e1l\u00f3nev\u00fcket vagy profiljukat a reggeli \u00fczeneteiben. \u00c9rezz\u00e9k magukat VIP-nek, \u00e9s tudass\u00e1k vel\u00fck, hogy t\u00e1mogat\u00e1sukat elismerik \u00e9s nagyra \u00e9rt\u00e9kelik.<\/li>\n<li><strong>Interakci\u00f3ra \u00f6szt\u00f6nz\u00e9s<\/strong>: \u00d6szt\u00f6n\u00f6zze a feliratkoz\u00f3kat, hogy l\u00e1jkolj\u00e1k, komment\u00e1lj\u00e1k \u00e9s ossz\u00e1k meg a tartalm\u00e1t. K\u00e9rje visszajelz\u00e9seiket, javaslataikat vagy k\u00e9r\u00e9seiket, hogy k\u00e9tir\u00e1ny\u00fa kapcsolatot teremtsen, amely r\u00e9v\u00e9n \u00fagy \u00e9rzik, hogy r\u00e9szt vesznek a munk\u00e1ban \u00e9s megbecs\u00fclik \u0151ket.<\/li>\n<li><strong>Friss\u00edt\u00e9sek biztos\u00edt\u00e1sa<\/strong>: T\u00e1j\u00e9koztassa el\u0151fizet\u0151it az \u00faj tartalmakr\u00f3l, k\u00f6zelg\u0151 esem\u00e9nyekr\u0151l vagy exkluz\u00edv kiadv\u00e1nyokr\u00f3l. Keltse az izgalom \u00e9s a v\u00e1rakoz\u00e1s \u00e9rz\u00e9s\u00e9t azzal, hogy megosztja, mire sz\u00e1m\u00edthatnak a profilj\u00e1t\u00f3l a k\u00f6zelj\u00f6v\u0151ben.<\/li>\n<\/ol>\n<p>Haszn\u00e1lja ki a 67 OnlyFans Morning Messages csomag erej\u00e9t, \u00e9s legyen tan\u00faja szavainak m\u00e9lyrehat\u00f3 hat\u00e1s\u00e1nak az el\u0151fizet\u0151k elk\u00f6telezetts\u00e9g\u00e9re \u00e9s h\u0171s\u00e9g\u00e9re. Ragadja meg a figyelm\u00fcket, keltse fel a v\u00e1gyaikat, \u00e9s t\u00e1pl\u00e1lja a k\u00f6z\u00f6ss\u00e9g \u00e9rz\u00e9s\u00e9t, ami miatt visszat\u00e9rnek m\u00e9g t\u00f6bb\u00e9rt. Haszn\u00e1lja ki a lehet\u0151s\u00e9get, hogy minden egyes reggeli \u00fczenettel maradand\u00f3 benyom\u00e1st keltsen.<\/p>\n<p>Ne feledd, hogy tartsd be az OnlyFans ir\u00e1nyelveit \u00e9s szab\u00e1lyait, tartsd tiszteletben az el\u0151fizet\u0151k hat\u00e1rait, \u00e9s minden interakci\u00f3dban t\u00e1mogasd a biztons\u00e1gos \u00e9s befogad\u00f3 k\u00f6rnyezetet.<\/p>","protected":false},"excerpt":{"rendered":"<h3 style=\"text-align: center;\">Introducing the 67 OnlyFans Morning Messages Pack: Captivate Your Subscribers from the Break of Dawn<\/h3>\n<p>Examples include:<\/p>\n<ul>\n<li>Exquisite morning, \ud83d\udd25\ud83d\udca6 I hope you are ready for a day of pleasure and seduction. Let me be your guide to the most tantalizing experience ever! \ud83d\ude18<\/li>\n<li>Sensual \ud83d\udd25morning, [name]! I&#8217;m already thinking about all the naughty things I want to do with you. Let&#8217;s make this day extra special&#8230; \ud83d\ude09<\/li>\n<li>Get what you want this morning! \ud83d\udc83 I&#8217;m feeling so naughty and ready for you to show me how you want it. Let&#8217;s make the most of this day, together \ud83d\ude09<\/li>\n<\/ul>\n","protected":false},"featured_media":2314,"comment_status":"closed","ping_status":"closed","template":"","meta":[],"product_brand":[],"product_cat":[141],"product_tag":[142],"class_list":{"0":"post-1692","1":"product","2":"type-product","3":"status-publish","4":"has-post-thumbnail","6":"product_cat-messaging","7":"product_tag-onlyfans","8":"infinite-scroll-item","9":"no-featured-image-padding","10":"sales-flash-overlay","11":"woocommerce-text-align-center","12":"woocommerce-image-align-center","13":"wc-has-gallery","15":"first","16":"instock","17":"downloadable","18":"virtual","19":"sold-individually","20":"purchasable","21":"product-type-simple"},"aioseo_notices":[],"_links":{"self":[{"href":"https:\/\/subtomy.com\/hu\/wp-json\/wp\/v2\/product\/1692","targetHints":{"allow":["GET"]}}],"collection":[{"href":"https:\/\/subtomy.com\/hu\/wp-json\/wp\/v2\/product"}],"about":[{"href":"https:\/\/subtomy.com\/hu\/wp-json\/wp\/v2\/types\/product"}],"replies":[{"embeddable":true,"href":"https:\/\/subtomy.com\/hu\/wp-json\/wp\/v2\/comments?post=1692"}],"wp:featuredmedia":[{"embeddable":true,"href":"https:\/\/subtomy.com\/hu\/wp-json\/wp\/v2\/media\/2314"}],"wp:attachment":[{"href":"https:\/\/subtomy.com\/hu\/wp-json\/wp\/v2\/media?parent=1692"}],"wp:term":[{"taxonomy":"product_brand","embeddable":true,"href":"https:\/\/subtomy.com\/hu\/wp-json\/wp\/v2\/product_brand?post=1692"},{"taxonomy":"product_cat","embeddable":true,"href":"https:\/\/subtomy.com\/hu\/wp-json\/wp\/v2\/product_cat?post=1692"},{"taxonomy":"product_tag","embeddable":true,"href":"https:\/\/subtomy.com\/hu\/wp-json\/wp\/v2\/product_tag?post=1692"}],"curies":[{"name":"wp","href":"https:\/\/api.w.org\/{rel}","templated":true}]}}