{"id":1811,"date":"2023-06-05T18:34:17","date_gmt":"2023-06-05T23:34:17","guid":{"rendered":"https:\/\/subtomy.com\/?post_type=product&#038;p=1811"},"modified":"2024-04-01T12:26:19","modified_gmt":"2024-04-01T17:26:19","slug":"joi-evening-messages-pack","status":"publish","type":"product","link":"https:\/\/subtomy.com\/hu\/termek\/joi-evening-messages-pack\/","title":{"rendered":"65 JOI Esti \u00fczenetcsomag t\u00f6meges \u00fczenetk\u00fcld\u00e9shez \u00e9s 1 az 1 ellen 1 tal\u00e1lkoz\u00f3khoz"},"content":{"rendered":"<h3 style=\"text-align: center;\">Bemutatjuk a 65 JOI esti \u00fczenetcsomagot: Vezesd \u00f6r\u00f6m\u00fcket az \u00e9jszak\u00e1ba<\/h3>\n<p>Engedje szabadj\u00e1ra cs\u00e1b\u00edt\u00f3 erej\u00e9t a 65 JOI esti \u00fczenetcsomaggal. A t\u00f6meges \u00fczenetk\u00fcld\u00e9shez \u00e9s szem\u00e9lyre szabott 1 az 1 elleni interakci\u00f3khoz tervezett, cs\u00e1b\u00edt\u00f3 \u00e9s parancsol\u00f3 \u00fczenetek gy\u0171jtem\u00e9nye \u00e1tveszi az ir\u00e1ny\u00edt\u00e1st el\u0151fizet\u0151id \u00e9lvezete felett az \u00e9jszaka folyam\u00e1n. A kifejezett utas\u00edt\u00e1sokt\u00f3l a cs\u00e1b\u00edt\u00f3 forgat\u00f3k\u00f6nyvekig ezek az \u00fczenetek az ext\u00e1zis \u00faj magass\u00e1gaiba vezetik \u0151ket.<\/p>\n<ol>\n<li><strong>Parancsnoki bemutatkoz\u00e1s<\/strong>: Kezdje minden \u00fczenet\u00e9t egy parancsol\u00f3 \u00e9s izgat\u00f3 bevezet\u0151vel. Haszn\u00e1ljon provokat\u00edv nyelvezetet, cs\u00e1b\u00edt\u00f3 k\u00e9peket vagy incselked\u0151 emojikat, hogy megragadja a figyelm\u00fcket, \u00e9s megadja az alaphangot egy felejthetetlen est\u00e9hez.<\/li>\n<li><strong>Szem\u00e9lyre szabott c\u00edm<\/strong>: Teremtsen szem\u00e9lyes kapcsolatot az\u00e1ltal, hogy n\u00e9v szerint sz\u00f3l\u00edtja meg a feliratkoz\u00f3kat, vagy figyelembe veszi az \u00e9rdekl\u0151d\u00e9si k\u00f6r\u00fcket. \u00c9reztesse vel\u00fck, hogy l\u00e1tj\u00e1k \u00e9s k\u00edv\u00e1natosnak \u00e9rzik magukat, fokozva a v\u00e1rakoz\u00e1sukat \u00e9s a v\u00e1gyaikhoz igaz\u00edtva az \u00e9lm\u00e9nyt.<\/li>\n<li><strong>R\u00e9szletes utas\u00edt\u00e1sok:<\/strong> Adjon egy\u00e9rtelm\u0171 utas\u00edt\u00e1sokat, hogy ir\u00e1ny\u00edtsa az \u00f6r\u00f6m\u00fcket. \u00cdrja le, hogyan \u00e9rints\u00e9k meg magukat, hov\u00e1 \u00f6sszpontos\u00edts\u00e1k figyelm\u00fcket, \u00e9s milyen \u00fctemben haladjanak. B\u00e1tor\u00edtsa \u0151ket, hogy engedjenek a parancsainak, \u00e9s az \u00d6n ir\u00e1ny\u00edt\u00e1sa alatt \u00e9lj\u00e9k \u00e1t a v\u00e9gs\u0151 \u00e9lvezetet.<\/li>\n<li><strong>\u00c9rz\u00e9ki forgat\u00f3k\u00f6nyvek<\/strong>: Fessen \u00e9rz\u00e9ki forgat\u00f3k\u00f6nyveket, amelyek serkentik a k\u00e9pzelet\u00fcket \u00e9s fokozz\u00e1k az izgalmukat. \u00cdrjon le cs\u00e1b\u00edt\u00f3 forgat\u00f3k\u00f6nyveket vagy a saj\u00e1tos perverzi\u00f3ikra szabott forgat\u00f3k\u00f6nyveket, megh\u00edvva \u0151ket, hogy mer\u00fcljenek el a gy\u00f6ny\u00f6r \u00e9s a v\u00e1gy vil\u00e1g\u00e1ban.<\/li>\n<li><strong>Progressz\u00edv stimul\u00e1ci\u00f3<\/strong>: \u00c9p\u00edtsd fel a v\u00e1rakoz\u00e1st \u00e9s fokozd az \u00f6r\u00f6m\u00fcket az\u00e1ltal, hogy v\u00e9gigvezeted \u0151ket az \u00e9rz\u00e9seken. Utas\u00edtsa \u0151ket, hogy lassan kezdj\u00e9k, fokozatosan n\u00f6velj\u00e9k az intenzit\u00e1st \u00e9s a temp\u00f3t, am\u00edg el nem \u00e9rik az \u00e9lvezet cs\u00facspontj\u00e1t.<\/li>\n<li><strong>Sz\u00f3beli b\u00e1tor\u00edt\u00e1s<\/strong>: Haszn\u00e1ljon cs\u00e1b\u00edt\u00f3 \u00e9s b\u00e1tor\u00edt\u00f3 nyelvezetet, hogy felpezsd\u00edtse az izgalmukat \u00e9s motiv\u00e1lja az izgalmukat. Eml\u00e9keztesse \u0151ket arra az \u00f6r\u00f6mre, amit \u00f6nnek okoznak, \u00e9s a kiel\u00e9g\u00fcl\u00e9sre, amit akkor tapasztalnak, ha engedelmeskednek a parancsainak.<\/li>\n<li><strong>Teasing Teasers<\/strong>: Cs\u00e1b\u00edtsa az \u00e9rz\u00e9keiket k\u00ednz\u00f3 pillant\u00e1sokkal arra, hogy mi fog k\u00f6vetkezni. Tegy\u00e9l utal\u00e1sokat a k\u00f6zelg\u0151 \u00fcl\u00e9sekre, \u00faj technik\u00e1kra vagy exkluz\u00edv tartalmakra, hogy alig v\u00e1rj\u00e1k a j\u00f6v\u0151beni tal\u00e1lkoz\u00e1sokat veled.<\/li>\n<li><strong>Interakt\u00edv elk\u00f6telezetts\u00e9g<\/strong>: \u00d6szt\u00f6n\u00f6zze az interakci\u00f3t azzal, hogy megh\u00edvja \u0151ket, hogy ossz\u00e1k meg tapasztalataikat, fant\u00e1zi\u00e1ikat vagy k\u00e9r\u00e9seiket. Hozzon l\u00e9tre egy biztons\u00e1gos teret a ny\u00edlt p\u00e1rbesz\u00e9dhez, lehet\u0151v\u00e9 t\u00e9ve sz\u00e1mukra, hogy felfedezz\u00e9k v\u00e1gyaikat \u00e9s elm\u00e9ly\u00edts\u00e9k kapcsolatukat az \u00d6n \u00fatmutat\u00e1s\u00e1val.<\/li>\n<li><strong>Az \u00fcl\u00e9s ut\u00e1ni reflexi\u00f3<\/strong>: A foglalkoz\u00e1s ut\u00e1n adjon egy pillanatot az elm\u00e9lked\u00e9sre \u00e9s a gondoskod\u00e1sra. B\u00e1tor\u00edtsa \u0151ket, hogy ossz\u00e1k meg gondolataikat, \u00e9rzelmeiket vagy b\u00e1rmilyen visszajelz\u00e9s\u00fcket. Mutassa ki elismer\u00e9s\u00e9t a bizalmuk\u00e9rt \u00e9s a vezet\u00e9s ir\u00e1nti elk\u00f6telezetts\u00e9g\u00fck\u00e9rt.<\/li>\n<\/ol>\n<p>A 65 JOI esti \u00fczenetcsomaggal az el\u0151fizet\u0151k \u00f6r\u00f6m\u00e9t az \u00e9jszak\u00e1ba is elkalauzolhatja. Gy\u00fajtsd fel a v\u00e1gyaikat, parancsolj a figyelm\u00fcknek, \u00e9s vezesd \u0151ket egy olyan ext\u00e1zisos utaz\u00e1sra, amit soha nem fognak elfelejteni.<\/p>\n<p>Ne feledje, hogy a beleegyez\u00e9st, a kommunik\u00e1ci\u00f3t \u00e9s a biztons\u00e1gos k\u00f6rnyezet megteremt\u00e9s\u00e9t kell el\u0151t\u00e9rbe helyeznie az el\u0151fizet\u0151k sz\u00e1m\u00e1ra. B\u00e1tor\u00edtsa \u0151ket, hogy a saj\u00e1t temp\u00f3jukban fedezz\u00e9k fel a hat\u00e1raikat, \u00e9s mindig tartsa tiszteletben a hat\u00e1raikat.<\/p>","protected":false},"excerpt":{"rendered":"<h3 style=\"text-align: center;\">Bemutatjuk a 65 JOI esti \u00fczenetcsomagot: Vezesd \u00f6r\u00f6m\u00fcket az \u00e9jszak\u00e1ba<\/h3>\n<p>P\u00e9ld\u00e1k:<\/p>\n<ul>\n<li><em>Kiv\u00e1l\u00f3, alig v\u00e1rom, hogy halljam a ny\u00f6g\u00e9seidet, ahogy k\u00f6veted az utas\u00edt\u00e1saimat \u00e9s elveszel az ext\u00e1zisban \u2728\ud83d\udca6 K\u00e9sz\u00fclj fel a tiszta \u00e9lvezet \u00e9s boldogs\u00e1g \u00e9jszak\u00e1j\u00e1ra - itt vagyok, hogy biztos\u00edtsam, hogy tested minden centim\u00e9tere gondj\u00e1t viseli \ud83d\udd25\ud83d\ude08.<\/em><\/li>\n<li><em>\u00c9des, cs\u00e1b\u00edt\u00f3 JOI-ra v\u00e1gysz, hogy befejezd az \u00e9jszak\u00e1t? \ud83e\udd24 Tudok n\u00e9h\u00e1ny \u00f6tletet, amit\u0151l elgyeng\u00fcl a t\u00e9rded, miel\u0151tt \u00e1lomorsz\u00e1gba mer\u00fcln\u00e9l. \ud83d\ude09 Hadd vegyem \u00e1t az ir\u00e1ny\u00edt\u00e1st, \u00e9s k\u00e9sz\u00edtselek fel az \u00e1gyra a f\u00fclledt szavaimmal \u2764\ufe0f \u2764\ufe0f<\/em><\/li>\n<li><em>Jutalmazd meg magad egy kem\u00e9ny munkanap\u00e9rt egy kis pajkos sz\u00f3rakoz\u00e1ssal ma este \ud83d\udc8b Csukd be a szemed \u00e9s hagyd, hogy elvigyelek egy erotikus kalandra, amit\u0151l m\u00e9g t\u00f6bb\u00e9rt fogsz k\u00f6ny\u00f6r\u00f6gni \ud83d\ude09 \ud83e\udd24<\/em><\/li>\n<\/ul>","protected":false},"featured_media":2333,"comment_status":"closed","ping_status":"closed","template":"","meta":[],"product_brand":[],"product_cat":[141],"product_tag":[48],"class_list":{"0":"post-1811","1":"product","2":"type-product","3":"status-publish","4":"has-post-thumbnail","6":"product_cat-messaging","7":"product_tag-joi","8":"infinite-scroll-item","9":"no-featured-image-padding","10":"sales-flash-overlay","11":"woocommerce-text-align-center","12":"woocommerce-image-align-center","13":"wc-has-gallery","15":"first","16":"instock","17":"downloadable","18":"virtual","19":"sold-individually","20":"purchasable","21":"product-type-simple"},"aioseo_notices":[],"_links":{"self":[{"href":"https:\/\/subtomy.com\/hu\/wp-json\/wp\/v2\/product\/1811","targetHints":{"allow":["GET"]}}],"collection":[{"href":"https:\/\/subtomy.com\/hu\/wp-json\/wp\/v2\/product"}],"about":[{"href":"https:\/\/subtomy.com\/hu\/wp-json\/wp\/v2\/types\/product"}],"replies":[{"embeddable":true,"href":"https:\/\/subtomy.com\/hu\/wp-json\/wp\/v2\/comments?post=1811"}],"wp:featuredmedia":[{"embeddable":true,"href":"https:\/\/subtomy.com\/hu\/wp-json\/wp\/v2\/media\/2333"}],"wp:attachment":[{"href":"https:\/\/subtomy.com\/hu\/wp-json\/wp\/v2\/media?parent=1811"}],"wp:term":[{"taxonomy":"product_brand","embeddable":true,"href":"https:\/\/subtomy.com\/hu\/wp-json\/wp\/v2\/product_brand?post=1811"},{"taxonomy":"product_cat","embeddable":true,"href":"https:\/\/subtomy.com\/hu\/wp-json\/wp\/v2\/product_cat?post=1811"},{"taxonomy":"product_tag","embeddable":true,"href":"https:\/\/subtomy.com\/hu\/wp-json\/wp\/v2\/product_tag?post=1811"}],"curies":[{"name":"wp","href":"https:\/\/api.w.org\/{rel}","templated":true}]}}