{"id":1816,"date":"2023-06-05T18:57:25","date_gmt":"2023-06-05T23:57:25","guid":{"rendered":"https:\/\/subtomy.com\/?post_type=product&#038;p=1816"},"modified":"2024-04-01T12:21:59","modified_gmt":"2024-04-01T17:21:59","slug":"joi-morning-messages-pack","status":"publish","type":"product","link":"https:\/\/subtomy.com\/hu\/termek\/joi-morning-messages-pack\/","title":{"rendered":"65 JOI reggeli \u00fczenetcsomag t\u00f6meges \u00fczenetk\u00fcld\u00e9shez \u00e9s 1 az 1-on-1-ekhez"},"content":{"rendered":"<h3 style=\"text-align: center;\">Bemutatjuk a 65 JOI reggeli \u00fczenetcsomagot: Kezdj\u00e9k a napjukat \u00e9rz\u00e9ki \u00fatmutat\u00e1ssal<\/h3>\n<p>Emelje fel el\u0151fizet\u0151inek reggeli \u00f6r\u00f6m\u00e9t a 65 JOI reggeli \u00fczenetcsomaggal. A t\u00f6meges \u00fczenetk\u00fcld\u00e9shez \u00e9s szem\u00e9lyre szabott 1 az 1 elleni interakci\u00f3khoz \u00f6ssze\u00e1ll\u00edtott, cs\u00e1b\u00edt\u00f3 \u00e9s parancsol\u00f3 \u00fczenetek gy\u0171jtem\u00e9nye fel\u00e9breszti v\u00e1gyaikat \u00e9s ir\u00e1ny\u00edtja \u00f6r\u00f6m\u00fcket a napjuk kezdet\u00e9n.<\/p>\n<ol>\n<li><strong>Cs\u00e1b\u00edt\u00f3 \u00fcdv\u00f6zlet<\/strong>: Cs\u00e1b\u00edt\u00f3 \u00e9s mag\u00e1val ragad\u00f3 \u00fcdv\u00f6zletekkel ragadja meg a figyelm\u00fcket m\u00e1r az \u00e9bred\u00e9s pillanat\u00e1t\u00f3l kezdve. Haszn\u00e1ljon provokat\u00edv nyelvezetet, szuggeszt\u00edv hangulatjeleket vagy cs\u00e1b\u00edt\u00f3 k\u00e9pi \u00e1br\u00e1kat, hogy megadja az alaphangot egy felejthetetlen reggeli \u00f6r\u00f6m\u00f6kkel teli reggelhez.<\/li>\n<li><strong>Szem\u00e9lyre szabott c\u00edm<\/strong>: Teremtsen szem\u00e9lyes kapcsolatot az\u00e1ltal, hogy n\u00e9v szerint sz\u00f3l\u00edtja meg a feliratkoz\u00f3it, vagy figyelembe veszi az \u0151 konkr\u00e9t \u00e9rdekl\u0151d\u00e9si k\u00f6r\u00fcket. \u00c9reztesse vel\u00fck, hogy l\u00e1tj\u00e1k \u00e9s k\u00edv\u00e1natosnak \u00e9rzik magukat, \u00e9s teremtse meg az intimit\u00e1s \u00e9rz\u00e9s\u00e9t, ami fokozza a v\u00e1rakoz\u00e1sukat az el\u0151tt\u00fck \u00e1ll\u00f3 \u00e9lvezetek ir\u00e1nt.<\/li>\n<li><strong>Kifejezett utas\u00edt\u00e1sok<\/strong>: Adjon r\u00e9szletes utas\u00edt\u00e1sokat az \u00f6r\u00f6m\u00fckh\u00f6z. \u00cdrja le, hogyan szeretn\u00e9, hogy meg\u00e9rints\u00e9k magukat, milyen technik\u00e1kat haszn\u00e1ljanak, \u00e9s milyen temp\u00f3t k\u00f6vessenek. Vedd \u00e1t az ir\u00e1ny\u00edt\u00e1st a reggeli \u00e9lvezet\u00fck felett, \u00e9s vezesd \u0151ket az ext\u00e1zis \u00faj magass\u00e1gaiba.<\/li>\n<li><strong>\u00c9rz\u00e9ki forgat\u00f3k\u00f6nyvek<\/strong>: Fessen \u00e9rz\u00e9ki forgat\u00f3k\u00f6nyveket, amelyek beind\u00edtj\u00e1k a k\u00e9pzelet\u00fcket \u00e9s fokozz\u00e1k az izgalmukat. \u00cdrjon le cs\u00e1b\u00edt\u00f3 forgat\u00f3k\u00f6nyveket vagy konkr\u00e9t fant\u00e1zi\u00e1jukra szabott forgat\u00f3k\u00f6nyveket, \u00e9s h\u00edvja \u0151ket arra, hogy az \u00d6n szak\u00e9rt\u0151 ir\u00e1ny\u00edt\u00e1sa alatt engedjenek v\u00e1gyaiknak.<\/li>\n<li><strong>Progressz\u00edv stimul\u00e1ci\u00f3<\/strong>: Vezesse \u0151ket a fokoz\u00f3d\u00f3 \u00e9lvezet \u00fatj\u00e1ra, utas\u00edtva \u0151ket, hogy lassan kezdj\u00e9k, \u00e9s fokozatosan n\u00f6velj\u00e9k az intenzit\u00e1st. Vezesse \u0151ket k\u00fcl\u00f6nb\u00f6z\u0151 \u00e9rz\u00e9seken \u00e9s technik\u00e1kon kereszt\u00fcl, lehet\u0151v\u00e9 t\u00e9ve sz\u00e1mukra, hogy megtapasztalj\u00e1k a fokozatosan n\u00f6vekv\u0151 \u00e9lvezetet.<\/li>\n<li><strong>Sz\u00f3beli b\u00e1tor\u00edt\u00e1s<\/strong>: Haszn\u00e1ljon cs\u00e1b\u00edt\u00f3 \u00e9s b\u00e1tor\u00edt\u00f3 nyelvezetet, hogy felpezsd\u00edtse az izgalmukat \u00e9s motiv\u00e1lja az izgalmukat. Eml\u00e9keztesse \u0151ket arra az \u00f6r\u00f6mre, amit \u00f6nnek okoznak, \u00e9s a kiel\u00e9g\u00fcl\u00e9sre, amit akkor tapasztalnak, ha engedelmeskednek a parancsainak.<\/li>\n<li><strong>Teasing Teasers<\/strong>: Cs\u00e1b\u00edtsd el az \u00e9rz\u00e9keiket a k\u00f6zelg\u0151 \u00fcl\u00e9sek, \u00faj technik\u00e1k vagy exkluz\u00edv tartalmak k\u00ednz\u00f3 pillant\u00e1saival. Teremtsen v\u00e1rakoz\u00e1st az \u00d6nnel val\u00f3 j\u00f6v\u0151beli tal\u00e1lkoz\u00e1sokra, \u00e9s hagyja, hogy v\u00e1gyakozzanak m\u00e9g t\u00f6bbre.<\/li>\n<li><strong>Interakt\u00edv elk\u00f6telezetts\u00e9g<\/strong>: \u00d6szt\u00f6n\u00f6zze az interakci\u00f3t azzal, hogy megh\u00edvja \u0151ket, hogy ossz\u00e1k meg tapasztalataikat, fant\u00e1zi\u00e1ikat vagy k\u00e9r\u00e9seiket. Hozzon l\u00e9tre egy biztons\u00e1gos teret a ny\u00edlt p\u00e1rbesz\u00e9dhez, lehet\u0151v\u00e9 t\u00e9ve sz\u00e1mukra, hogy felfedezz\u00e9k v\u00e1gyaikat \u00e9s elm\u00e9ly\u00edts\u00e9k kapcsolatukat az \u00d6n \u00fatmutat\u00e1s\u00e1val.<\/li>\n<li><strong>Az \u00fcl\u00e9s ut\u00e1ni reflexi\u00f3<\/strong>: A foglalkoz\u00e1s ut\u00e1n adjon egy pillanatot az elm\u00e9lked\u00e9sre \u00e9s a gondoskod\u00e1sra. B\u00e1tor\u00edtsa \u0151ket, hogy ossz\u00e1k meg gondolataikat, \u00e9rzelmeiket vagy b\u00e1rmilyen visszajelz\u00e9s\u00fcket. Mutassa ki elismer\u00e9s\u00e9t a bizalmuk\u00e9rt \u00e9s a vezet\u00e9s ir\u00e1nti elk\u00f6telezetts\u00e9g\u00fck\u00e9rt.<\/li>\n<\/ol>\n<p>A 65 JOI reggeli \u00fczenetcsomaggal hatalmadban \u00e1ll, hogy el\u0151fizet\u0151id napj\u00e1t \u00e9rz\u00e9ki \u00fatmutat\u00e1ssal \u00e9s \u00e9lvezetekkel kezdd. \u00c9breszd fel a v\u00e1gyaikat, parancsolj a figyelm\u00fcknek, \u00e9s vezesd \u0151ket egy olyan ext\u00e1zisos utaz\u00e1sra, amit nem fognak egyhamar elfelejteni.<\/p>\n<p>Ne feledje, hogy a beleegyez\u00e9st, a kommunik\u00e1ci\u00f3t \u00e9s a biztons\u00e1gos k\u00f6rnyezet megteremt\u00e9s\u00e9t kell el\u0151t\u00e9rbe helyeznie az el\u0151fizet\u0151k sz\u00e1m\u00e1ra. B\u00e1tor\u00edtsa \u0151ket, hogy a saj\u00e1t temp\u00f3jukban fedezz\u00e9k fel a hat\u00e1raikat, \u00e9s mindig tartsa tiszteletben a hat\u00e1raikat.<\/p>","protected":false},"excerpt":{"rendered":"<h3 style=\"text-align: center;\">Introducing the 65 JOI Morning Messages Pack: Start Their Day with Sensual Guidance<\/h3>\n<p>Examples include:<\/p>\n<ul>\n<li><em>Exquisite morning, my love \ud83d\udc8b I can almost feel your touch as I imagine you stroking yourself with me in mind. My instructions will leave you trembling with desire and aching for more. Let&#8217;s make this morning special; how about starting the day off right?\u00a0<\/em><\/li>\n<li><em>Hurry up and wake up, [Name], I&#8217;m feeling naughty and ready to give you the best JOI experience of your life \ud83e\udd29 Start your day off right with my voice guiding you through every stroke until pleasure takes over. \ud83d\ude09<\/em><\/li>\n<li><em>More than just a good morning, I want to give you something special \ud83e\udd29. I&#8217;m going to whisper naughty instructions in your ear and make all your fantasies come true \ud83d\udc45. Let me take control of you for the day and show you how hot it can be when we play together \u2764\ufe0f<\/em><\/li>\n<\/ul>\n","protected":false},"featured_media":2331,"comment_status":"closed","ping_status":"closed","template":"","meta":[],"product_brand":[],"product_cat":[141],"product_tag":[48],"class_list":{"0":"post-1816","1":"product","2":"type-product","3":"status-publish","4":"has-post-thumbnail","6":"product_cat-messaging","7":"product_tag-joi","8":"infinite-scroll-item","9":"no-featured-image-padding","10":"sales-flash-overlay","11":"woocommerce-text-align-center","12":"woocommerce-image-align-center","13":"wc-has-gallery","15":"first","16":"instock","17":"downloadable","18":"virtual","19":"sold-individually","20":"purchasable","21":"product-type-simple"},"aioseo_notices":[],"_links":{"self":[{"href":"https:\/\/subtomy.com\/hu\/wp-json\/wp\/v2\/product\/1816","targetHints":{"allow":["GET"]}}],"collection":[{"href":"https:\/\/subtomy.com\/hu\/wp-json\/wp\/v2\/product"}],"about":[{"href":"https:\/\/subtomy.com\/hu\/wp-json\/wp\/v2\/types\/product"}],"replies":[{"embeddable":true,"href":"https:\/\/subtomy.com\/hu\/wp-json\/wp\/v2\/comments?post=1816"}],"wp:featuredmedia":[{"embeddable":true,"href":"https:\/\/subtomy.com\/hu\/wp-json\/wp\/v2\/media\/2331"}],"wp:attachment":[{"href":"https:\/\/subtomy.com\/hu\/wp-json\/wp\/v2\/media?parent=1816"}],"wp:term":[{"taxonomy":"product_brand","embeddable":true,"href":"https:\/\/subtomy.com\/hu\/wp-json\/wp\/v2\/product_brand?post=1816"},{"taxonomy":"product_cat","embeddable":true,"href":"https:\/\/subtomy.com\/hu\/wp-json\/wp\/v2\/product_cat?post=1816"},{"taxonomy":"product_tag","embeddable":true,"href":"https:\/\/subtomy.com\/hu\/wp-json\/wp\/v2\/product_tag?post=1816"}],"curies":[{"name":"wp","href":"https:\/\/api.w.org\/{rel}","templated":true}]}}