{"id":572,"date":"2023-04-13T17:31:30","date_gmt":"2023-04-13T22:31:30","guid":{"rendered":"https:\/\/shop.cammodelagency.com\/?post_type=product&#038;p=572"},"modified":"2023-05-15T22:44:09","modified_gmt":"2023-05-16T03:44:09","slug":"christmas-captions","status":"publish","type":"product","link":"https:\/\/subtomy.com\/hu\/termek\/karacsonyi-feliratok\/","title":{"rendered":"100+ kar\u00e1csonyi k\u00e9pal\u00e1\u00edr\u00e1s a k\u00f6z\u00f6ss\u00e9gi m\u00e9di\u00e1hoz, Reddit, OnlyFans, stb. sz\u00e1m\u00e1ra"},"content":{"rendered":"<p>A t\u00f6k\u00e9letes k\u00f6z\u00f6ss\u00e9gi m\u00e9dia feliratokat keresed a kar\u00e1csonyi fot\u00f3z\u00e1sokhoz? Ne keressen tov\u00e1bb! A feln\u0151tt modelleknek sz\u00f3l\u00f3 kar\u00e1csonyi k\u00f6z\u00f6ss\u00e9gi m\u00e9dia feliratcsomagunkban mindent megtal\u00e1lsz.<\/p>\n<p>Csomagunk sz\u00e1mos olyan feliratot tartalmaz, amelyek t\u00f6k\u00e9letesen illenek az \u00fcnnepi szezonhoz, ak\u00e1r humorral, romantik\u00e1val, ak\u00e1r egyszer\u0171en csak \u00fcnnepi hangulatot szeretn\u00e9l kelteni. T\u00f6bb mint 100 felirat k\u00f6z\u00fcl v\u00e1laszthatsz, \u00edgy rengeteg lehet\u0151s\u00e9ged lesz arra, hogy a fot\u00f3idat kiemelked\u0151v\u00e9 tedd az OnlyFans, az Instagram, a Twitter, a Facebook \u00e9s m\u00e1s oldalakon.<\/p>\n<p>Feliratainkat kifejezetten feln\u0151tt modellek sz\u00e1m\u00e1ra tervezt\u00fck, \u00edgy biztos lehet benne, hogy megfelel\u0151ek \u00e9s a m\u00e1rk\u00e1nak megfelel\u0151ek a k\u00f6z\u00f6ns\u00e9g\u00e9nek. R\u00e1ad\u00e1sul k\u00f6nnyen haszn\u00e1lhat\u00f3ak - egyszer\u0171en m\u00e1sold be a k\u00edv\u00e1nt feliratot a k\u00f6z\u00f6ss\u00e9gi m\u00e9di\u00e1ban k\u00f6zz\u00e9tett posztodba, \u00e9s m\u00e1ris j\u00f6nnek a l\u00e1jkok.<\/p>\n<p>Ha teh\u00e1t a kar\u00e1csonyi szezonban a k\u00f6z\u00f6ss\u00e9gi m\u00e9di\u00e1t szeretn\u00e9 feldobni, a feliratcsomagunk kihagyhatatlan. Rendeld meg most, \u00e9s kezdj el \u00fcnnepi hangulatot terjeszteni leny\u0171g\u00f6z\u0151 fot\u00f3iddal!<\/p>\n<p><strong>P\u00e9ld\u00e1k<\/strong>:<\/p>\n<ul>\n<li><span data-sheets-value=\"{&quot;1&quot;:2,&quot;2&quot;:&quot;Your Christmas present is here \ud83c\udf81 I'm ready to spread holiday cheer with my saucy style and naughty moves! \ud83d\udc83\ud83c\udffc Time to bring out the mistletoe, eggnog, and gingerbread cookies \ud83e\udd5b\ud83c\udf6a #ChristmasVibes&quot;}\" data-sheets-userformat=\"{&quot;2&quot;:8705,&quot;3&quot;:{&quot;1&quot;:0},&quot;12&quot;:0,&quot;16&quot;:12}\">Itt a kar\u00e1csonyi aj\u00e1nd\u00e9kod \ud83c\udf81 K\u00e9szen \u00e1llok arra, hogy pimasz st\u00edlusommal \u00e9s pajkos mozdulataimmal \u00fcnnepi hangulatot terjesszek! \ud83d\udc83\ud83c\udffc Ideje el\u0151venni a fagy\u00f6ngy\u00f6t, a toj\u00e1slik\u0151rt \u00e9s a m\u00e9zeskal\u00e1cs s\u00fctiket \ud83e\udd5b\ud83c\udf6a #ChristmasVibes<\/span><\/li>\n<li><span data-sheets-value=\"{&quot;1&quot;:2,&quot;2&quot;:&quot;Santa \ud83c\udf85 isn't the only one bringing gifts this year! Get ready for a special holiday treat from me - warm, spicy, and more than a little naughty. #HoHoHO \ud83d\ude09&quot;}\" data-sheets-userformat=\"{&quot;2&quot;:8705,&quot;3&quot;:{&quot;1&quot;:0},&quot;12&quot;:0,&quot;16&quot;:12}\">Id\u00e9n nem csak a Mikul\u00e1s \ud83c\udf85 hoz aj\u00e1nd\u00e9kot! K\u00e9sz\u00fclj fel egy k\u00fcl\u00f6nleges \u00fcnnepi csemeg\u00e9re t\u0151lem - meleg, f\u0171szeres \u00e9s t\u00f6bb mint egy kicsit pajkos. #HoHoHO \ud83d\ude09<\/span><\/li>\n<li><span data-sheets-value=\"{&quot;1&quot;:2,&quot;2&quot;:&quot;Christmas \ud83c\udf84 is here! Time to get cozy with some hot chocolate, cookies \ud83c\udf6a, and a naughty present from me ;) #ChristmasCheer #NaughtySanta&quot;}\" data-sheets-userformat=\"{&quot;2&quot;:8705,&quot;3&quot;:{&quot;1&quot;:0},&quot;12&quot;:0,&quot;16&quot;:12}\">Itt a kar\u00e1csony \ud83c\udf84 itt van! Itt az ideje, hogy meghitt hangulatban legy\u00fcnk egy kis forr\u00f3 csokival, s\u00fctivel \ud83c\udf6a, \u00e9s egy pajkos aj\u00e1nd\u00e9kkal t\u0151lem \ud83d\ude09 #Car\u00e1csonyiCsiri\u00f3 1TP5PajkosMikul\u00e1s 1TP5PajkosMikul\u00e1s<\/span><\/li>\n<\/ul>\n<p><span style=\"color: #ff0000;\"><strong>K\u00e9rj\u00fck, ossza meg ezt bar\u00e1taival.\u00a0<\/strong><\/span>Ha vannak olyan bar\u00e1tai az ipar\u00e1gban, akiknek sz\u00fcks\u00e9g\u00fck van egy kis lend\u00fcletre vagy n\u00e9h\u00e1ny p\u00e9ld\u00e1ra, ossza meg vel\u00fck ezt a t\u00e1bl\u00e1zatot. Csak n\u00e9h\u00e1ny doll\u00e1rr\u00f3l van sz\u00f3 (r\u00e1ad\u00e1sul mi sem tudn\u00e1nk meg\u00e1ll\u00edtani, ha megpr\u00f3b\u00e1ln\u00e1nk \ud83d\ude02).<\/p>\n<p>A kifejezetten feln\u0151tt modellek sz\u00e1m\u00e1ra tervezett 100 egyedi feliratot tartalmaz\u00f3 csomagunk seg\u00edt megragadni az \u00fcnnepi hangulatot, mik\u00f6zben h\u0171 marad a m\u00e1rk\u00e1j\u00e1hoz. Ak\u00e1r a leg\u00fajabb feh\u00e9rnem\u0171 szettedet, ak\u00e1r a legszexibb \u00fcnnepi jelmezedet vagy az \u00fcnnepi hangulatodat szeretn\u00e9d bemutatni, felirataink seg\u00edteni fognak, hogy kifejezd magad.<\/p>\n<p>Felirataink a t\u00e9m\u00e1k sz\u00e9les sk\u00e1l\u00e1j\u00e1t \u00f6lelik fel, a huncuts\u00e1gt\u00f3l a kedvess\u00e9gig \u00e9s minden k\u00f6ztes t\u00e9m\u00e1t. Ak\u00e1r a j\u00e1t\u00e9kos oldaladat, ak\u00e1r a f\u00fclledt oldaladat, ak\u00e1r a kedves oldaladat szeretn\u00e9d kiemelni, n\u00e1lunk megtal\u00e1lod a megfelel\u0151t. K\u00f6nnyen haszn\u00e1lhat\u00f3 form\u00e1tumunkkal pedig egyszer\u0171en bem\u00e1solhatod \u00e9s beillesztheted a v\u00e1lasztott feliratot a posztodba, \u00edgy id\u0151t \u00e9s energi\u00e1t takar\u00edthatsz meg.<\/p>\n<p>Ha teh\u00e1t k\u00e9szen \u00e1llsz arra, hogy az \u00fcnnepi posztjaidat a k\u00f6vetkez\u0151 szintre emeld, rendeld meg m\u00e9g ma a kar\u00e1csonyi k\u00f6z\u00f6ss\u00e9gi m\u00e9dia feliratcsomagunkat!<\/p>","protected":false},"excerpt":{"rendered":"<p><strong>\u00c9letre sz\u00f3l\u00f3 friss\u00edt\u00e9sek!<\/strong><\/p>\n<p>A t\u00f6k\u00e9letes k\u00e9pal\u00e1\u00edr\u00e1sokat keresed, hogy az \u00fcnnepi posztjaid kit\u0171njenek? Ne keress tov\u00e1bb, mint a kar\u00e1csonyi k\u00f6z\u00f6ss\u00e9gi m\u00e9dia feliratcsomagunk feln\u0151tt modelleknek!<\/p>\n<ul>\n<li><span data-sheets-value=\"{&quot;1&quot;:2,&quot;2&quot;:&quot;Your Christmas present is here \ud83c\udf81 I'm ready to spread holiday cheer with my saucy style and naughty moves! \ud83d\udc83\ud83c\udffc Time to bring out the mistletoe, eggnog, and gingerbread cookies \ud83e\udd5b\ud83c\udf6a #ChristmasVibes&quot;}\" data-sheets-userformat=\"{&quot;2&quot;:8705,&quot;3&quot;:{&quot;1&quot;:0},&quot;12&quot;:0,&quot;16&quot;:12}\">Itt a kar\u00e1csonyi aj\u00e1nd\u00e9kod \ud83c\udf81 K\u00e9szen \u00e1llok arra, hogy pimasz st\u00edlusommal \u00e9s pajkos mozdulataimmal \u00fcnnepi hangulatot terjesszek! \ud83d\udc83\ud83c\udffc Ideje el\u0151venni a fagy\u00f6ngy\u00f6t, a toj\u00e1slik\u0151rt \u00e9s a m\u00e9zeskal\u00e1cs s\u00fctiket \ud83e\udd5b\ud83c\udf6a #ChristmasVibes<\/span><\/li>\n<li><span data-sheets-value=\"{&quot;1&quot;:2,&quot;2&quot;:&quot;Santa \ud83c\udf85 isn't the only one bringing gifts this year! Get ready for a special holiday treat from me - warm, spicy, and more than a little naughty. #HoHoHO \ud83d\ude09&quot;}\" data-sheets-userformat=\"{&quot;2&quot;:8705,&quot;3&quot;:{&quot;1&quot;:0},&quot;12&quot;:0,&quot;16&quot;:12}\">Id\u00e9n nem csak a Mikul\u00e1s \ud83c\udf85 hoz aj\u00e1nd\u00e9kot! K\u00e9sz\u00fclj fel egy k\u00fcl\u00f6nleges \u00fcnnepi csemeg\u00e9re t\u0151lem - meleg, f\u0171szeres \u00e9s t\u00f6bb mint egy kicsit pajkos. #HoHoHO \ud83d\ude09<\/span><\/li>\n<li><span data-sheets-value=\"{&quot;1&quot;:2,&quot;2&quot;:&quot;Christmas \ud83c\udf84 is here! Time to get cozy with some hot chocolate, cookies \ud83c\udf6a, and a naughty present from me ;) #ChristmasCheer #NaughtySanta&quot;}\" data-sheets-userformat=\"{&quot;2&quot;:8705,&quot;3&quot;:{&quot;1&quot;:0},&quot;12&quot;:0,&quot;16&quot;:12}\">Itt a kar\u00e1csony \ud83c\udf84 itt van! Itt az ideje, hogy meghitt hangulatban legy\u00fcnk egy kis forr\u00f3 csokival, s\u00fctivel \ud83c\udf6a, \u00e9s egy pajkos aj\u00e1nd\u00e9kkal t\u0151lem \ud83d\ude09 #Car\u00e1csonyiCsiri\u00f3 1TP5PajkosMikul\u00e1s 1TP5PajkosMikul\u00e1s<\/span><\/li>\n<\/ul>\n<p><strong>(Minden felirat hashtag n\u00e9lk\u00fcli v\u00e1ltozat\u00e1t is tartalmazza)<\/strong><\/p>","protected":false},"featured_media":1242,"comment_status":"open","ping_status":"closed","template":"","meta":[],"product_brand":[],"product_cat":[22],"product_tag":[23],"class_list":{"0":"post-572","1":"product","2":"type-product","3":"status-publish","4":"has-post-thumbnail","6":"product_cat-captions","7":"product_tag-christmas","8":"infinite-scroll-item","9":"no-featured-image-padding","10":"sales-flash-overlay","11":"woocommerce-text-align-center","12":"woocommerce-image-align-center","13":"wc-has-gallery","15":"first","16":"instock","17":"downloadable","18":"virtual","19":"sold-individually","20":"purchasable","21":"product-type-simple"},"aioseo_notices":[],"_links":{"self":[{"href":"https:\/\/subtomy.com\/hu\/wp-json\/wp\/v2\/product\/572","targetHints":{"allow":["GET"]}}],"collection":[{"href":"https:\/\/subtomy.com\/hu\/wp-json\/wp\/v2\/product"}],"about":[{"href":"https:\/\/subtomy.com\/hu\/wp-json\/wp\/v2\/types\/product"}],"replies":[{"embeddable":true,"href":"https:\/\/subtomy.com\/hu\/wp-json\/wp\/v2\/comments?post=572"}],"wp:featuredmedia":[{"embeddable":true,"href":"https:\/\/subtomy.com\/hu\/wp-json\/wp\/v2\/media\/1242"}],"wp:attachment":[{"href":"https:\/\/subtomy.com\/hu\/wp-json\/wp\/v2\/media?parent=572"}],"wp:term":[{"taxonomy":"product_brand","embeddable":true,"href":"https:\/\/subtomy.com\/hu\/wp-json\/wp\/v2\/product_brand?post=572"},{"taxonomy":"product_cat","embeddable":true,"href":"https:\/\/subtomy.com\/hu\/wp-json\/wp\/v2\/product_cat?post=572"},{"taxonomy":"product_tag","embeddable":true,"href":"https:\/\/subtomy.com\/hu\/wp-json\/wp\/v2\/product_tag?post=572"}],"curies":[{"name":"wp","href":"https:\/\/api.w.org\/{rel}","templated":true}]}}