{"id":604,"date":"2023-04-14T18:59:44","date_gmt":"2023-04-14T23:59:44","guid":{"rendered":"https:\/\/shop.cammodelagency.com\/?post_type=product&#038;p=604"},"modified":"2024-03-21T14:20:51","modified_gmt":"2024-03-21T19:20:51","slug":"foot-fetish-captions","status":"publish","type":"product","link":"https:\/\/subtomy.com\/hu\/termek\/foot-fetish-captions\/","title":{"rendered":"100+ Foot Fetish k\u00e9pal\u00e1\u00edr\u00e1s a k\u00f6z\u00f6ss\u00e9gi m\u00e9di\u00e1hoz, Reddit, OnlyFans, stb."},"content":{"rendered":"<p>Ha \u00d6n egy feln\u0151tt modell, aki l\u00e1btartalmakat \u00e1rul, tudja, hogy a feliratok kulcsfontoss\u00e1g\u00faak a l\u00e1bf\u00e9tis rajong\u00f3k figyelm\u00e9nek felkelt\u00e9s\u00e9ben. Ez\u00e9rt hoztuk l\u00e9tre a t\u00f6k\u00e9letes l\u00e1bfetisiszta k\u00f6z\u00f6ss\u00e9gi m\u00e9dia feliratcsomagot a hozz\u00e1d hasonl\u00f3 feln\u0151tt modellek sz\u00e1m\u00e1ra!<\/p>\n<p>Csomagunk 100 egyedi, kifejezetten l\u00e1btartalmakhoz tervezett feliratot tartalmaz, \u00edgy bemutathatod gy\u00f6ny\u00f6r\u0171 l\u00e1baidat, \u00e9s a k\u00f6vet\u0151id mindig visszat\u00e9rhetnek hozz\u00e1d. Ak\u00e1r a leg\u00fajabb pedik\u0171r\u00f6s\u00f6dr\u0151l, ak\u00e1r l\u00e1bmassz\u00e1zst adsz, vagy megosztod a kedvenc magassark\u00fa cip\u0151d, felirataink seg\u00edtenek, hogy nagyot sz\u00f3lj.<\/p>\n<p>A feliratok t\u00e9m\u00e1k sz\u00e9les sk\u00e1l\u00e1j\u00e1t \u00f6lelik fel, a kac\u00e9rkod\u00e1st\u00f3l a domin\u00e1nsig \u00e9s a kett\u0151 k\u00f6z\u00f6tt mindent. Ak\u00e1r egy incselked\u0151 le\u00edr\u00e1ssal akarod ingerelni a k\u00f6vet\u0151idet, ak\u00e1r olyan parancsot adsz nekik, aminek nem tudnak ellen\u00e1llni, n\u00e1lunk megtal\u00e1lod a megfelel\u0151t. K\u00f6nnyen haszn\u00e1lhat\u00f3 form\u00e1tumunkkal pedig gyorsan \u00e9s egyszer\u0171en bem\u00e1solhatod \u00e9s beillesztheted a kiv\u00e1lasztott feliratot a k\u00f6z\u00f6ss\u00e9gi m\u00e9di\u00e1ban k\u00f6zz\u00e9tett bejegyz\u00e9seidbe, \u00edgy id\u0151t \u00e9s energi\u00e1t takar\u00edthatsz meg.<\/p>\n<p>Ha teh\u00e1t k\u00e9szen \u00e1llsz arra, hogy a l\u00e1btartalmadat a k\u00f6vetkez\u0151 szintre emeld, \u00e9s a l\u00e1bf\u00e9tis rajong\u00f3k h\u0171s\u00e9ges k\u00f6vet\u0151it vonzd magadhoz, rendeld meg a l\u00e1bf\u00e9tis k\u00f6z\u00f6ss\u00e9gi m\u00e9dia feliratcsomagunkat m\u00e9g ma!<\/p>","protected":false},"excerpt":{"rendered":"<p><strong>\u00c9letre sz\u00f3l\u00f3 friss\u00edt\u00e9sek!<\/strong><\/p>\n<p>Ha \u00d6n egy feln\u0151tt modell, aki l\u00e1bakkal kapcsolatos tartalmakat \u00e1rul, \u00e9s szeretn\u00e9 bevonni a l\u00e1bfetisiszta k\u00f6z\u00f6ns\u00e9g\u00e9t, a l\u00e1bfetisiszta k\u00f6z\u00f6ss\u00e9gi m\u00e9dia feliratcsomagunk pontosan az, amire sz\u00fcks\u00e9ge van!<\/p>\n<p><strong>P\u00e9lda feliratok:<\/strong><\/p>\n<ul>\n<li><span data-sheets-value=\"{&quot;1&quot;:2,&quot;2&quot;:&quot;As good as my feet look in heels, they feel even better out of them \ud83d\ude09 &quot;}\" data-sheets-userformat=\"{&quot;2&quot;:8192,&quot;16&quot;:12}\">Amilyen j\u00f3l n\u00e9z ki a l\u00e1bam a magassark\u00fa cip\u0151ben, olyan j\u00f3l \u00e9rzem magam an\u00e9lk\u00fcl \ud83d\ude09. <\/span><\/li>\n<li><span data-sheets-value=\"{&quot;1&quot;:2,&quot;2&quot;:&quot;Flawless feet that will make you go \ud83e\udd24\ud83d\udca6\ud83d\ude0d Time to come and worship at my altar! #FeetLoversWelcome&quot;}\" data-sheets-userformat=\"{&quot;2&quot;:8961,&quot;3&quot;:{&quot;1&quot;:0},&quot;11&quot;:4,&quot;12&quot;:0,&quot;16&quot;:12}\">Hib\u00e1tlan l\u00e1bak, amikt\u0151l azt mondod \ud83e\udd24\ud83d\udca6\ud83d\ude0d Ideje j\u00f6nni \u00e9s im\u00e1dkozni az olt\u00e1romn\u00e1l! #FeetLoversWelcome<\/span><\/li>\n<li><span data-sheets-value=\"{&quot;1&quot;:2,&quot;2&quot;:&quot;Only my feet can make you feel this way \ud83d\udc8b Come explore the pleasure and let me show you just how good it can be. \ud83e\udd24 #FeetLover&quot;}\" data-sheets-userformat=\"{&quot;2&quot;:8961,&quot;3&quot;:{&quot;1&quot;:0},&quot;11&quot;:4,&quot;12&quot;:0,&quot;16&quot;:12}\">Csak a l\u00e1bam k\u00e9pes ilyen \u00e9rz\u00e9seket kelteni benned \ud83d\udc8b Gyere, fedezd fel az \u00e9lvezetet, \u00e9s hadd mutassam meg, milyen j\u00f3 lehet. \ud83e\udd24 #FeetLover<\/span><\/li>\n<\/ul>\n<p>Minden hashtaggel ell\u00e1tott feliratnak van egy alternat\u00edv, hashtag n\u00e9lk\u00fcli v\u00e1ltozata is, \u00edgy k\u00f6nnyen m\u00e1solhat\u00f3 \u00e9s beilleszthet\u0151.<\/p>","protected":false},"featured_media":2288,"comment_status":"open","ping_status":"closed","template":"","meta":[],"product_brand":[],"product_cat":[22],"product_tag":[30],"class_list":{"0":"post-604","1":"product","2":"type-product","3":"status-publish","4":"has-post-thumbnail","6":"product_cat-captions","7":"product_tag-foot-fetish","8":"infinite-scroll-item","9":"no-featured-image-padding","10":"sales-flash-overlay","11":"woocommerce-text-align-center","12":"woocommerce-image-align-center","13":"wc-has-gallery","15":"first","16":"instock","17":"downloadable","18":"virtual","19":"sold-individually","20":"purchasable","21":"product-type-simple"},"aioseo_notices":[],"_links":{"self":[{"href":"https:\/\/subtomy.com\/hu\/wp-json\/wp\/v2\/product\/604","targetHints":{"allow":["GET"]}}],"collection":[{"href":"https:\/\/subtomy.com\/hu\/wp-json\/wp\/v2\/product"}],"about":[{"href":"https:\/\/subtomy.com\/hu\/wp-json\/wp\/v2\/types\/product"}],"replies":[{"embeddable":true,"href":"https:\/\/subtomy.com\/hu\/wp-json\/wp\/v2\/comments?post=604"}],"wp:featuredmedia":[{"embeddable":true,"href":"https:\/\/subtomy.com\/hu\/wp-json\/wp\/v2\/media\/2288"}],"wp:attachment":[{"href":"https:\/\/subtomy.com\/hu\/wp-json\/wp\/v2\/media?parent=604"}],"wp:term":[{"taxonomy":"product_brand","embeddable":true,"href":"https:\/\/subtomy.com\/hu\/wp-json\/wp\/v2\/product_brand?post=604"},{"taxonomy":"product_cat","embeddable":true,"href":"https:\/\/subtomy.com\/hu\/wp-json\/wp\/v2\/product_cat?post=604"},{"taxonomy":"product_tag","embeddable":true,"href":"https:\/\/subtomy.com\/hu\/wp-json\/wp\/v2\/product_tag?post=604"}],"curies":[{"name":"wp","href":"https:\/\/api.w.org\/{rel}","templated":true}]}}