{"id":628,"date":"2023-04-17T15:11:27","date_gmt":"2023-04-17T20:11:27","guid":{"rendered":"https:\/\/shop.cammodelagency.com\/?post_type=product&#038;p=628"},"modified":"2024-03-25T00:24:30","modified_gmt":"2024-03-25T05:24:30","slug":"bratty-captions","status":"publish","type":"product","link":"https:\/\/subtomy.com\/hu\/termek\/pimasz-feliratok\/","title":{"rendered":"100+ Pimasz k\u00e9pal\u00e1\u00edr\u00e1s OnlyFans, Reddit, k\u00f6z\u00f6ss\u00e9gi m\u00e9dia sz\u00e1m\u00e1ra"},"content":{"rendered":"<p>\u00d6n egy OnlyFans modell, aki szereti mutogatni f\u00e9ny\u0171z\u0151 \u00e9letst\u00edlus\u00e1t, \u00e9s szeretn\u00e9 elk\u00f6telezni k\u00f6z\u00f6ns\u00e9g\u00e9t a k\u00f6z\u00f6ss\u00e9gi m\u00e9di\u00e1ban? A mi elk\u00e9nyeztetett k\u00f6z\u00f6ss\u00e9gi m\u00e9dia feliratcsomagunk pont az, amire sz\u00fcks\u00e9ge van!<\/p>\n<p>Csomagunk t\u00f6bb mint 100 egyedi k\u00e9pal\u00e1\u00edr\u00e1st tartalmaz, amelyeket \u00fagy tervezt\u00fcnk, hogy seg\u00edtsenek bemutatni a pazar \u00e9s f\u00e9ny\u0171z\u0151 \u00e9letst\u00edlusodat, mik\u00f6zben kapcsolatot teremtesz a k\u00f6vet\u0151iddel. Ak\u00e1r olyan fot\u00f3t posztolsz, amelyen high-end \u00fczletekben v\u00e1s\u00e1rolsz, luxusban utazol, vagy egyszer\u0171en csak a diz\u00e1jner ruh\u00e1idat mutatod be, a felirataink seg\u00edtenek neked, hogy bevonzd a k\u00f6z\u00f6ns\u00e9gedet \u00e9s n\u00e9pszer\u0171s\u00edtsd a vide\u00f3s szolg\u00e1ltat\u00e1saidat.<\/p>\n<p>A feliratok t\u00e9m\u00e1k sz\u00e9les sk\u00e1l\u00e1j\u00e1t \u00f6lelik fel, a pimaszs\u00e1gt\u00f3l a j\u00e1t\u00e9kosig, \u00e9s a kett\u0151 k\u00f6z\u00f6tt mindent. Ak\u00e1r egy csipetnyi titokzatoss\u00e1ggal szeretn\u00e9d ingerelni a k\u00f6vet\u0151idet, ak\u00e1r magabiztos \u00e9s hat\u00e1rozott oldaladat szeretn\u00e9d megmutatni, n\u00e1lunk mindenre megtal\u00e1lod a megfelel\u0151 megold\u00e1st. K\u00f6nnyen haszn\u00e1lhat\u00f3 form\u00e1tumunkkal pedig gyorsan \u00e9s egyszer\u0171en bem\u00e1solhatod \u00e9s beillesztheted a kiv\u00e1lasztott feliratot a k\u00f6z\u00f6ss\u00e9gi m\u00e9di\u00e1ban k\u00f6zz\u00e9tett bejegyz\u00e9seidbe, \u00edgy id\u0151t \u00e9s energi\u00e1t takar\u00edthatsz meg.<\/p>\n<p>Ha teh\u00e1t \u00d6n egy elk\u00e9nyeztetett OnlyFans modell, aki szeretne kapcsolatot teremteni k\u00f6z\u00f6ns\u00e9g\u00e9vel \u00e9s n\u00e9pszer\u0171s\u00edteni vide\u00f3szolg\u00e1ltat\u00e1sait, rendelje meg elk\u00e9nyeztetett k\u00f6z\u00f6ss\u00e9gi m\u00e9dia feliratcsomagunkat m\u00e9g ma!<\/p>","protected":false},"excerpt":{"rendered":"<p><strong>\u00c9lethosszig tart\u00f3 friss\u00edt\u00e9sek \u00e9s hozz\u00e1f\u00e9r\u00e9s!<\/strong><\/p>\n<p>\u00d6n egy OnlyFans modell, aki egy elk\u00e9nyeztetett k\u00f6lyk\u00f6t testes\u00edt meg, \u00e9s szeretn\u00e9 n\u00e9pszer\u0171s\u00edteni vide\u00f3szolg\u00e1ltat\u00e1sait a k\u00f6z\u00f6ss\u00e9gi m\u00e9di\u00e1ban? A k\u00f6z\u00f6ss\u00e9gi m\u00e9dia feliratcsomagunk seg\u00edt!<\/p>\n<p>P\u00e9ld\u00e1k:<\/p>\n<ul>\n<li><span data-sheets-value=\"{&quot;1&quot;:2,&quot;2&quot;:&quot;Do you crave a bratty princess who always gets her way? \ud83e\udd34 I'm here to be spoiled, admired and adored. DM me if you're up for the challenge \ud83d\ude09 &quot;}\" data-sheets-userformat=\"{&quot;2&quot;:14656,&quot;9&quot;:0,&quot;11&quot;:4,&quot;14&quot;:{&quot;1&quot;:2,&quot;2&quot;:0},&quot;15&quot;:&quot;Verdana&quot;,&quot;16&quot;:11}\">V\u00e1gysz egy rakonc\u00e1tlan hercegn\u0151re, aki mindig megkapja, amit akar? \ud83e\udd34 Az\u00e9rt vagyok itt, hogy elk\u00e9nyeztessenek, csod\u00e1ljanak \u00e9s im\u00e1djanak. K\u00fcldj nekem DM-et, ha k\u00e9szen \u00e1llsz a kih\u00edv\u00e1sra \ud83d\ude09<\/span><\/li>\n<li><span data-sheets-value=\"{&quot;1&quot;:2,&quot;2&quot;:&quot;For members only \ud83d\udc40 I'm the brat who always gets her way! \ud83e\udd2d Come talk to me and spoil me rotten...I'm feelin' sexy AF &amp; ready for some naughty fun! \ud83d\ude0d &quot;}\" data-sheets-userformat=\"{&quot;2&quot;:14656,&quot;9&quot;:0,&quot;11&quot;:4,&quot;14&quot;:{&quot;1&quot;:2,&quot;2&quot;:0},&quot;15&quot;:&quot;Verdana&quot;,&quot;16&quot;:11}\">Csak tagoknak \ud83d\udc40 \u00c9n vagyok a poronty, aki mindig megkapja, amit akar! \ud83e\udd2d Gyere, besz\u00e9lgess velem \u00e9s k\u00e9nyeztess el...I'm feelin' sexy AF &amp; ready for some naughty fun! \ud83d\ude0d <\/span><\/li>\n<li><span data-sheets-value=\"{&quot;1&quot;:2,&quot;2&quot;:&quot;Right now I'm sitting here, looking pretty and feeling naughty. \ud83d\udc45 I always get my way; so if you want to talk with me, you better be ready to spoil me! \ud83d\udcb0 &quot;}\" data-sheets-userformat=\"{&quot;2&quot;:14656,&quot;9&quot;:0,&quot;11&quot;:4,&quot;14&quot;:{&quot;1&quot;:2,&quot;2&quot;:0},&quot;15&quot;:&quot;Verdana&quot;,&quot;16&quot;:11}\">Most itt \u00fcl\u00f6k, sz\u00e9pen n\u00e9zek ki, \u00e9s huncutnak \u00e9rzem magam. \ud83d\udc45 Mindig megkapom, amit akarok; sz\u00f3val ha besz\u00e9lgetni akarsz velem, jobb, ha k\u00e9szen \u00e1llsz arra, hogy elk\u00e9nyeztess! \ud83d\udcb0 <\/span><\/li>\n<\/ul>","protected":false},"featured_media":2305,"comment_status":"open","ping_status":"closed","template":"","meta":[],"product_brand":[],"product_cat":[22],"product_tag":[21],"class_list":{"0":"post-628","1":"product","2":"type-product","3":"status-publish","4":"has-post-thumbnail","6":"product_cat-captions","7":"product_tag-bratty","8":"infinite-scroll-item","9":"no-featured-image-padding","10":"sales-flash-overlay","11":"woocommerce-text-align-center","12":"woocommerce-image-align-center","13":"wc-has-gallery","15":"first","16":"instock","17":"downloadable","18":"virtual","19":"sold-individually","20":"purchasable","21":"product-type-simple"},"aioseo_notices":[],"_links":{"self":[{"href":"https:\/\/subtomy.com\/hu\/wp-json\/wp\/v2\/product\/628","targetHints":{"allow":["GET"]}}],"collection":[{"href":"https:\/\/subtomy.com\/hu\/wp-json\/wp\/v2\/product"}],"about":[{"href":"https:\/\/subtomy.com\/hu\/wp-json\/wp\/v2\/types\/product"}],"replies":[{"embeddable":true,"href":"https:\/\/subtomy.com\/hu\/wp-json\/wp\/v2\/comments?post=628"}],"wp:featuredmedia":[{"embeddable":true,"href":"https:\/\/subtomy.com\/hu\/wp-json\/wp\/v2\/media\/2305"}],"wp:attachment":[{"href":"https:\/\/subtomy.com\/hu\/wp-json\/wp\/v2\/media?parent=628"}],"wp:term":[{"taxonomy":"product_brand","embeddable":true,"href":"https:\/\/subtomy.com\/hu\/wp-json\/wp\/v2\/product_brand?post=628"},{"taxonomy":"product_cat","embeddable":true,"href":"https:\/\/subtomy.com\/hu\/wp-json\/wp\/v2\/product_cat?post=628"},{"taxonomy":"product_tag","embeddable":true,"href":"https:\/\/subtomy.com\/hu\/wp-json\/wp\/v2\/product_tag?post=628"}],"curies":[{"name":"wp","href":"https:\/\/api.w.org\/{rel}","templated":true}]}}