{"id":676,"date":"2023-04-17T23:52:47","date_gmt":"2023-04-18T04:52:47","guid":{"rendered":"https:\/\/shop.cammodelagency.com\/?post_type=product&#038;p=676"},"modified":"2023-05-15T22:42:47","modified_gmt":"2023-05-16T03:42:47","slug":"strong-male-captions","status":"publish","type":"product","link":"https:\/\/subtomy.com\/hu\/termek\/strong-male-captions\/","title":{"rendered":"100+ er\u0151s f\u00e9rfi k\u00e9pal\u00e1\u00edr\u00e1s OnlyFans, Reddit, k\u00f6z\u00f6ss\u00e9gi m\u00e9dia stb. sz\u00e1m\u00e1ra."},"content":{"rendered":"<p>Bemutatjuk a v\u00e9gs\u0151 megold\u00e1st az OnlyFans modellek sz\u00e1m\u00e1ra, akik szeretn\u00e9k n\u00f6velni a k\u00f6z\u00f6ss\u00e9gi m\u00e9dia jelenl\u00e9t\u00fcket \u00e9s t\u00f6bb k\u00f6vet\u0151t vonzani: a Strong Male Social Media Caption Pack. Ez a csomag kifejezetten olyan modellek sz\u00e1m\u00e1ra k\u00e9sz\u00fclt, akik az OnlyFanson \u00e9s m\u00e1s rajong\u00f3i oldalakon \u00e1rulj\u00e1k szolg\u00e1ltat\u00e1saikat, \u00e9s mag\u00e1val ragad\u00f3 \u00e9s figyelemfelkelt\u0151 feliratok sz\u00e9les v\u00e1laszt\u00e9k\u00e1t tartalmazza, amelyek biztosan sz\u00f3ra b\u00edrj\u00e1k a k\u00f6z\u00f6ns\u00e9get.<\/p>\n<p>Ak\u00e1r leg\u00fajabb tartalmait szeretn\u00e9 bemutatni, ak\u00e1r k\u00f6zelg\u0151 esem\u00e9nyeit n\u00e9pszer\u0171s\u00edteni, vagy egyszer\u0171en csak sz\u00f3rakoztatni \u00e9s lek\u00f6tni k\u00f6vet\u0151it, ez a feliratcsomag mindent tartalmaz, amire sz\u00fcks\u00e9ge van. A pimasz egysorosokt\u00f3l az elgondolkodtat\u00f3 k\u00e9rd\u00e9sekig, a feliratok gondosan kidolgozottak, hogy a legk\u00fcl\u00f6nb\u00f6z\u0151bb k\u00f6z\u00f6ns\u00e9geket sz\u00f3l\u00edts\u00e1k meg, \u00e9s tartalmaidat frissen \u00e9s izgalmasan tarts\u00e1k.<\/p>\n<p>Ha teh\u00e1t k\u00e9szen \u00e1ll arra, hogy az OnlyFans \u00fczlet\u00e9t a k\u00f6vetkez\u0151 szintre emelje, ne v\u00e1rjon tov\u00e1bb. Rendelje meg m\u00e9g ma az Er\u0151s f\u00e9rfi k\u00f6z\u00f6ss\u00e9gi m\u00e9dia feliratcsomagot, \u00e9s kezdjen el kit\u0171nni a t\u00f6megb\u0151l!<\/p>\n<p>P\u00e9ld\u00e1k<\/p>\n<ul>\n<li><span data-sheets-value=\"{&quot;1&quot;:2,&quot;2&quot;:&quot;Do you desire a \ud83d\udcaa\ud83c\udffc man that's hung, handsome and horny? I'm your guy! DM me for hot conversations and let's explore our wildest fantasies together #sexy #horny #hungAF \ud83e\udd75&quot;}\" data-sheets-userformat=\"{&quot;2&quot;:8961,&quot;3&quot;:{&quot;1&quot;:0},&quot;11&quot;:4,&quot;12&quot;:0,&quot;16&quot;:12}\">V\u00e1gysz egy \ud83d\udcaa\ud83c\udffc f\u00e9rfira, aki \u00e9hes, j\u00f3k\u00e9p\u0171 \u00e9s kanos? \u00c9n vagyok a te embered! DM nekem forr\u00f3 besz\u00e9lget\u00e9sek \u00e9s fedezz\u00fck fel egy\u00fctt a legvadabb fant\u00e1zi\u00e1inkat #sexy #horny #hungAF \ud83e\udd75<\/span><\/li>\n<li><span data-sheets-value=\"{&quot;1&quot;:2,&quot;2&quot;:&quot;Favorite thing to do? \ud83d\udd25 Let me show you!\ud83d\udca6I'm hung, handsome and strong. Come talk with me and let's explore our wildest fantasies together! I'm always horny for more \ud83d\ude1c &quot;}\" data-sheets-userformat=\"{&quot;2&quot;:14656,&quot;9&quot;:0,&quot;11&quot;:4,&quot;14&quot;:{&quot;1&quot;:2,&quot;2&quot;:0},&quot;15&quot;:&quot;Verdana&quot;,&quot;16&quot;:11}\">Kedvenc elfoglalts\u00e1ga? \ud83d\udd25 Hadd mutassam meg!\ud83d\udca6Meg vagyok fess, j\u00f3k\u00e9p\u0171 \u00e9s er\u0151s. Gyere besz\u00e9lgess velem \u00e9s fedezz\u00fck fel egy\u00fctt a legvadabb fant\u00e1zi\u00e1inkat! Mindig t\u00f6bbre vagyok kanos \ud83d\ude1c <\/span><\/li>\n<li><span data-sheets-value=\"{&quot;1&quot;:2,&quot;2&quot;:&quot;Shoulders back, abs tight. Come explore this strong and handsome \ud83e\udd29\ud83d\udcaa man who's always ready to talk with ya'll \ud83d\ude0f and just so happens to be extra horny tonight \ud83e\udd75 &quot;}\" data-sheets-userformat=\"{&quot;2&quot;:14656,&quot;9&quot;:0,&quot;11&quot;:4,&quot;14&quot;:{&quot;1&quot;:2,&quot;2&quot;:0},&quot;15&quot;:&quot;Verdana&quot;,&quot;16&quot;:11}\">V\u00e1llak h\u00e1tra, hasizmok feszesek. Gyere \u00e9s fedezd fel ezt az er\u0151s \u00e9s j\u00f3k\u00e9p\u0171 \ud83e\udd29\ud83d\udcaa f\u00e9rfit, aki mindig k\u00e9sz besz\u00e9lgetni veletek \ud83d\ude0f \u00e9s t\u00f6rt\u00e9netesen ma este extra kanos \ud83e\udd75. <\/span><\/li>\n<\/ul>","protected":false},"excerpt":{"rendered":"<p>Bemutatjuk a v\u00e9gs\u0151 megold\u00e1st az OnlyFans modellek sz\u00e1m\u00e1ra, akik szeretn\u00e9k n\u00f6velni a k\u00f6z\u00f6ss\u00e9gi m\u00e9dia jelenl\u00e9t\u00fcket \u00e9s t\u00f6bb k\u00f6vet\u0151t vonzani: a Strong Male Social Media Caption Pack.<\/p>\n<p><strong>P\u00e9ld\u00e1k<\/strong><\/p>\n<ul>\n<li><span data-sheets-value=\"{&quot;1&quot;:2,&quot;2&quot;:&quot;Do you desire a \ud83d\udcaa\ud83c\udffc man that's hung, handsome and horny? I'm your guy! DM me for hot conversations and let's explore our wildest fantasies together #sexy #horny #hungAF \ud83e\udd75&quot;}\" data-sheets-userformat=\"{&quot;2&quot;:8961,&quot;3&quot;:{&quot;1&quot;:0},&quot;11&quot;:4,&quot;12&quot;:0,&quot;16&quot;:12}\">V\u00e1gysz egy \ud83d\udcaa\ud83c\udffc f\u00e9rfira, aki \u00e9hes, j\u00f3k\u00e9p\u0171 \u00e9s kanos? \u00c9n vagyok a te embered! DM nekem forr\u00f3 besz\u00e9lget\u00e9sek \u00e9s fedezz\u00fck fel egy\u00fctt a legvadabb fant\u00e1zi\u00e1inkat #sexy #horny #hungAF \ud83e\udd75<\/span><\/li>\n<li><span data-sheets-value=\"{&quot;1&quot;:2,&quot;2&quot;:&quot;Favorite thing to do? \ud83d\udd25 Let me show you!\ud83d\udca6I'm hung, handsome and strong. Come talk with me and let's explore our wildest fantasies together! I'm always horny for more \ud83d\ude1c &quot;}\" data-sheets-userformat=\"{&quot;2&quot;:14656,&quot;9&quot;:0,&quot;11&quot;:4,&quot;14&quot;:{&quot;1&quot;:2,&quot;2&quot;:0},&quot;15&quot;:&quot;Verdana&quot;,&quot;16&quot;:11}\">Kedvenc elfoglalts\u00e1ga? \ud83d\udd25 Hadd mutassam meg!\ud83d\udca6Meg vagyok fess, j\u00f3k\u00e9p\u0171 \u00e9s er\u0151s. Gyere besz\u00e9lgess velem \u00e9s fedezz\u00fck fel egy\u00fctt a legvadabb fant\u00e1zi\u00e1inkat! Mindig t\u00f6bbre vagyok kanos \ud83d\ude1c <\/span><\/li>\n<li><span data-sheets-value=\"{&quot;1&quot;:2,&quot;2&quot;:&quot;Shoulders back, abs tight. Come explore this strong and handsome \ud83e\udd29\ud83d\udcaa man who's always ready to talk with ya'll \ud83d\ude0f and just so happens to be extra horny tonight \ud83e\udd75 &quot;}\" data-sheets-userformat=\"{&quot;2&quot;:14656,&quot;9&quot;:0,&quot;11&quot;:4,&quot;14&quot;:{&quot;1&quot;:2,&quot;2&quot;:0},&quot;15&quot;:&quot;Verdana&quot;,&quot;16&quot;:11}\">V\u00e1llak h\u00e1tra, hasizmok feszesek. Gyere \u00e9s fedezd fel ezt az er\u0151s \u00e9s j\u00f3k\u00e9p\u0171 \ud83e\udd29\ud83d\udcaa f\u00e9rfit, aki mindig k\u00e9sz besz\u00e9lgetni veletek \ud83d\ude0f \u00e9s t\u00f6rt\u00e9netesen ma este extra kanos \ud83e\udd75.<\/span><\/li>\n<\/ul>","protected":false},"featured_media":1238,"comment_status":"open","ping_status":"closed","template":"","meta":[],"product_brand":[],"product_cat":[22],"product_tag":[33],"class_list":{"0":"post-676","1":"product","2":"type-product","3":"status-publish","4":"has-post-thumbnail","6":"product_cat-captions","7":"product_tag-men","8":"infinite-scroll-item","9":"no-featured-image-padding","10":"sales-flash-overlay","11":"woocommerce-text-align-center","12":"woocommerce-image-align-center","13":"wc-has-gallery","15":"first","16":"instock","17":"downloadable","18":"virtual","19":"sold-individually","20":"purchasable","21":"product-type-simple"},"aioseo_notices":[],"_links":{"self":[{"href":"https:\/\/subtomy.com\/hu\/wp-json\/wp\/v2\/product\/676","targetHints":{"allow":["GET"]}}],"collection":[{"href":"https:\/\/subtomy.com\/hu\/wp-json\/wp\/v2\/product"}],"about":[{"href":"https:\/\/subtomy.com\/hu\/wp-json\/wp\/v2\/types\/product"}],"replies":[{"embeddable":true,"href":"https:\/\/subtomy.com\/hu\/wp-json\/wp\/v2\/comments?post=676"}],"wp:featuredmedia":[{"embeddable":true,"href":"https:\/\/subtomy.com\/hu\/wp-json\/wp\/v2\/media\/1238"}],"wp:attachment":[{"href":"https:\/\/subtomy.com\/hu\/wp-json\/wp\/v2\/media?parent=676"}],"wp:term":[{"taxonomy":"product_brand","embeddable":true,"href":"https:\/\/subtomy.com\/hu\/wp-json\/wp\/v2\/product_brand?post=676"},{"taxonomy":"product_cat","embeddable":true,"href":"https:\/\/subtomy.com\/hu\/wp-json\/wp\/v2\/product_cat?post=676"},{"taxonomy":"product_tag","embeddable":true,"href":"https:\/\/subtomy.com\/hu\/wp-json\/wp\/v2\/product_tag?post=676"}],"curies":[{"name":"wp","href":"https:\/\/api.w.org\/{rel}","templated":true}]}}