{"id":695,"date":"2023-04-18T13:17:03","date_gmt":"2023-04-18T18:17:03","guid":{"rendered":"https:\/\/shop.cammodelagency.com\/?post_type=product&#038;p=695"},"modified":"2024-04-01T18:47:40","modified_gmt":"2024-04-01T23:47:40","slug":"bbw-captions","status":"publish","type":"product","link":"https:\/\/subtomy.com\/hu\/termek\/bbw-captions\/","title":{"rendered":"100+ BBW k\u00e9pal\u00e1\u00edr\u00e1s a k\u00f6z\u00f6ss\u00e9gi m\u00e9di\u00e1hoz, OnlyFans, Reddit, stb."},"content":{"rendered":"<p>Bemutatjuk a v\u00e9gs\u0151 megold\u00e1st a BBW OnlyFans modellek sz\u00e1m\u00e1ra, akik szeretn\u00e9k n\u00f6velni a k\u00f6z\u00f6ss\u00e9gi m\u00e9dia jelenl\u00e9t\u00fcket \u00e9s t\u00f6bb k\u00f6vet\u0151t vonzani: a BBW Social Media Caption Pack. Ez a csomag kifejezetten olyan modellek sz\u00e1m\u00e1ra k\u00e9sz\u00fclt, akik szeretn\u00e9k megmutatni egyedi sz\u00e9ps\u00e9g\u00fcket \u00e9s adotts\u00e1gaikat olyan m\u00f3don, amely egyszerre szexi \u00e9s er\u0151t ad\u00f3.<\/p>\n<p>A BBW Social Media Caption Pack csomaggal egy sor egyedi tervez\u00e9s\u0171 feliratot kapsz, amelyek a BBW modellek ig\u00e9nyeihez igazodnak. Felirataink mag\u00e1val ragad\u00f3ak, figyelemfelkelt\u0151ek \u00e9s gondosan kidolgozottak, hogy a lehet\u0151 legjobb f\u00e9nyben t\u00fcntess\u00e9k fel el\u0151nyeidet. A j\u00e1t\u00e9kos egysorosokt\u00f3l az elgondolkodtat\u00f3 k\u00e9rd\u00e9sekig, a feliratainkat \u00fagy tervezt\u00fck, hogy besz\u00e9lget\u00e9st ind\u00edtsanak el, \u00e9s m\u00e9lyebb szinten kapcsol\u00f3djanak rajong\u00f3idhoz.<\/p>\n<p>Tapasztalt k\u00f6z\u00f6ss\u00e9gi m\u00e9dia szak\u00e9rt\u0151kb\u0151l \u00e1ll\u00f3 csapatunk meg\u00e9rti a BBW modellek el\u0151tt \u00e1ll\u00f3 kih\u00edv\u00e1sokat, \u00e9s ezt a csomagot az \u00d6n ig\u00e9nyeit szem el\u0151tt tartva tervezt\u00fck meg. Tudjuk, hogyan hangs\u00falyozhatod ki az idomaidat, \u00e9s hogyan \u00e9rezheted magad magabiztosnak \u00e9s szexinek an\u00e9lk\u00fcl, hogy irre\u00e1lis vagy el\u00e9rhetetlen sz\u00e9ps\u00e9gszabv\u00e1nyokhoz folyamodn\u00e1l.<\/p>\n<p>Ak\u00e1r csak most kezded az OnlyFans-on, ak\u00e1r a k\u00f6vetkez\u0151 szintre szeretn\u00e9d emelni v\u00e1llalkoz\u00e1sodat, a BBW Social Media Caption Pack a t\u00f6k\u00e9letes eszk\u00f6z a l\u00e1that\u00f3s\u00e1god n\u00f6vel\u00e9s\u00e9hez \u00e9s t\u00f6bb k\u00f6vet\u0151 bevonz\u00e1s\u00e1hoz. \u00c1tfog\u00f3 k\u00f6z\u00f6ss\u00e9gi m\u00e9dia strat\u00e9gi\u00e1nkkal er\u0151s \u00e9s elk\u00f6telezett k\u00f6vet\u0151kre tehet szert, akik \u00e9rt\u00e9kelik egyedi sz\u00e9ps\u00e9g\u00e9t \u00e9s t\u00e1mogatj\u00e1k siker\u00e9t.<\/p>\n<p>A felirataink sz\u00e1mos t\u00e9m\u00e1t \u00e9rintenek, t\u00f6bbek k\u00f6z\u00f6tt azt, hogy vastagok vagyunk, hogy besz\u00e9lgetni akarunk a rajong\u00f3kkal, \u00e9s hogy kanosak vagyunk. Meg\u00e9rtj\u00fck, hogy ezek fontos elemei a BBW modellszakm\u00e1nak, \u00e9s olyan feliratokat k\u00e9sz\u00edtett\u00fcnk, amelyek \u00edzl\u00e9sesen \u00e9s vonz\u00f3an sz\u00f3lnak ezekr\u0151l a t\u00e9m\u00e1kr\u00f3l.<\/p>\n<p><strong>P\u00e9ld\u00e1k<\/strong><\/p>\n<ul>\n<li><span data-sheets-value=\"{&quot;1&quot;:2,&quot;2&quot;:&quot;What are you waiting for? \ud83d\udd25\ud83e\udd24 I'm a thick BBW who loves to talk naughty with my fans. Come get your fill of all this juicy goodness, you won't regret it! \ud83d\ude09 &quot;}\" data-sheets-userformat=\"{&quot;2&quot;:14656,&quot;9&quot;:0,&quot;11&quot;:4,&quot;14&quot;:{&quot;1&quot;:2,&quot;2&quot;:0},&quot;15&quot;:&quot;Verdana&quot;,&quot;16&quot;:11}\">Mire v\u00e1rsz m\u00e9g? \ud83d\udd25\ud83e\udd24 \u00c9n egy vastag BBW vagyok, aki szeret csintalanul besz\u00e9lgetni a rajong\u00f3immal. Gyere \u00e9s t\u00f6ltsd ki magad ezzel a sok szaftos finoms\u00e1ggal, nem fogod megb\u00e1nni! \ud83d\ude09 <\/span><\/li>\n<li><span data-sheets-value=\"{&quot;1&quot;:2,&quot;2&quot;:&quot;Stunningly thick and oh so ready to talk \ud83d\udc45 DM me for a naughty chat. I'm feeling some major \ud83d\udd25\ud83d\udd25 tonight - let's share it together! &quot;}\" data-sheets-userformat=\"{&quot;2&quot;:14656,&quot;9&quot;:0,&quot;11&quot;:4,&quot;14&quot;:{&quot;1&quot;:2,&quot;2&quot;:0},&quot;15&quot;:&quot;Verdana&quot;,&quot;16&quot;:11}\">Leny\u0171g\u00f6z\u0151en vastag \u00e9s \u00f3 annyira k\u00e9sz besz\u00e9lgetni \ud83d\udc45 DM nekem egy pajkos chat. Ma este \u00e9rzem a nagy \ud83d\udd25\ud83d\udd25\ud83d\udd25 - osszuk meg egy\u00fctt! <\/span><\/li>\n<li><span data-sheets-value=\"{&quot;1&quot;:2,&quot;2&quot;:&quot;More curves than you can handle \ud83e\udd24 Thick thighs, juicy booty, and ready to get naughty! Come explore my world and let's have some fun \ud83d\udd25 &quot;}\" data-sheets-userformat=\"{&quot;2&quot;:14656,&quot;9&quot;:0,&quot;11&quot;:4,&quot;14&quot;:{&quot;1&quot;:2,&quot;2&quot;:0},&quot;15&quot;:&quot;Verdana&quot;,&quot;16&quot;:11}\">T\u00f6bb g\u00f6rb\u00fclet, mint amit kezelni tudsz \ud83e\udd24 Vastag combok, l\u00e9d\u00fas popsi, \u00e9s k\u00e9szen \u00e1ll a csintalans\u00e1gra! Gyere \u00e9s fedezd fel a vil\u00e1gomat, \u00e9s \u00e9rezz\u00fck j\u00f3l magunkat \ud83d\udd25<\/span><\/li>\n<\/ul>\n<p>Akkor mi\u00e9rt v\u00e1rjunk? Rendelje meg a BBW Social Media Caption Pack csomagot m\u00e9g ma, \u00e9s kezdje el a k\u00f6vetkez\u0151 szintre emelni OnlyFans v\u00e1llalkoz\u00e1s\u00e1t. Szak\u00e9rt\u0151i \u00fatmutat\u00e1sunkkal \u00e9s professzion\u00e1lis er\u0151forr\u00e1sainkkal b\u00fcszk\u00e9n mutathatja be sz\u00e9ps\u00e9g\u00e9t \u00e9s el\u0151nyeit, \u00e9s vonzhatja a meg\u00e9rdemelt k\u00f6z\u00f6ns\u00e9get.<\/p>","protected":false},"excerpt":{"rendered":"<p>Bemutatjuk a v\u00e9gs\u0151 megold\u00e1st a BBW OnlyFans modellek sz\u00e1m\u00e1ra, akik szeretn\u00e9k n\u00f6velni a k\u00f6z\u00f6ss\u00e9gi m\u00e9dia jelenl\u00e9t\u00fcket \u00e9s t\u00f6bb k\u00f6vet\u0151t vonzani!<\/p>\n<p>P\u00e9ld\u00e1k<\/p>\n<ul>\n<li><span data-sheets-value=\"{&quot;1&quot;:2,&quot;2&quot;:&quot;What are you waiting for? \ud83d\udd25\ud83e\udd24 I'm a thick BBW who loves to talk naughty with my fans. Come get your fill of all this juicy goodness, you won't regret it! \ud83d\ude09 &quot;}\" data-sheets-userformat=\"{&quot;2&quot;:14656,&quot;9&quot;:0,&quot;11&quot;:4,&quot;14&quot;:{&quot;1&quot;:2,&quot;2&quot;:0},&quot;15&quot;:&quot;Verdana&quot;,&quot;16&quot;:11}\">Mire v\u00e1rsz m\u00e9g? \ud83d\udd25\ud83e\udd24 \u00c9n egy vastag BBW vagyok, aki szeret csintalanul besz\u00e9lgetni a rajong\u00f3immal. Gyere \u00e9s t\u00f6ltsd ki magad ezzel a sok szaftos finoms\u00e1ggal, nem fogod megb\u00e1nni! \ud83d\ude09 <\/span><\/li>\n<li><span data-sheets-value=\"{&quot;1&quot;:2,&quot;2&quot;:&quot;Stunningly thick and oh so ready to talk \ud83d\udc45 DM me for a naughty chat. I'm feeling some major \ud83d\udd25\ud83d\udd25 tonight - let's share it together! &quot;}\" data-sheets-userformat=\"{&quot;2&quot;:14656,&quot;9&quot;:0,&quot;11&quot;:4,&quot;14&quot;:{&quot;1&quot;:2,&quot;2&quot;:0},&quot;15&quot;:&quot;Verdana&quot;,&quot;16&quot;:11}\">Leny\u0171g\u00f6z\u0151en vastag \u00e9s \u00f3 annyira k\u00e9sz besz\u00e9lgetni \ud83d\udc45 DM nekem egy pajkos chat. Ma este \u00e9rzem a nagy \ud83d\udd25\ud83d\udd25\ud83d\udd25 - osszuk meg egy\u00fctt! <\/span><\/li>\n<li><span data-sheets-value=\"{&quot;1&quot;:2,&quot;2&quot;:&quot;More curves than you can handle \ud83e\udd24 Thick thighs, juicy booty, and ready to get naughty! Come explore my world and let's have some fun \ud83d\udd25 &quot;}\" data-sheets-userformat=\"{&quot;2&quot;:14656,&quot;9&quot;:0,&quot;11&quot;:4,&quot;14&quot;:{&quot;1&quot;:2,&quot;2&quot;:0},&quot;15&quot;:&quot;Verdana&quot;,&quot;16&quot;:11}\">T\u00f6bb g\u00f6rb\u00fclet, mint amit kezelni tudsz \ud83e\udd24 Vastag combok, l\u00e9d\u00fas popsi, \u00e9s k\u00e9szen \u00e1ll a csintalans\u00e1gra! Gyere \u00e9s fedezd fel a vil\u00e1gomat, \u00e9s \u00e9rezz\u00fck j\u00f3l magunkat \ud83d\udd25 <\/span><\/li>\n<\/ul>","protected":false},"featured_media":2340,"comment_status":"open","ping_status":"closed","template":"","meta":[],"product_brand":[],"product_cat":[22],"product_tag":[18],"class_list":{"0":"post-695","1":"product","2":"type-product","3":"status-publish","4":"has-post-thumbnail","6":"product_cat-captions","7":"product_tag-bbw","8":"infinite-scroll-item","9":"no-featured-image-padding","10":"sales-flash-overlay","11":"woocommerce-text-align-center","12":"woocommerce-image-align-center","13":"wc-has-gallery","15":"first","16":"instock","17":"downloadable","18":"virtual","19":"sold-individually","20":"purchasable","21":"product-type-simple"},"aioseo_notices":[],"_links":{"self":[{"href":"https:\/\/subtomy.com\/hu\/wp-json\/wp\/v2\/product\/695","targetHints":{"allow":["GET"]}}],"collection":[{"href":"https:\/\/subtomy.com\/hu\/wp-json\/wp\/v2\/product"}],"about":[{"href":"https:\/\/subtomy.com\/hu\/wp-json\/wp\/v2\/types\/product"}],"replies":[{"embeddable":true,"href":"https:\/\/subtomy.com\/hu\/wp-json\/wp\/v2\/comments?post=695"}],"wp:featuredmedia":[{"embeddable":true,"href":"https:\/\/subtomy.com\/hu\/wp-json\/wp\/v2\/media\/2340"}],"wp:attachment":[{"href":"https:\/\/subtomy.com\/hu\/wp-json\/wp\/v2\/media?parent=695"}],"wp:term":[{"taxonomy":"product_brand","embeddable":true,"href":"https:\/\/subtomy.com\/hu\/wp-json\/wp\/v2\/product_brand?post=695"},{"taxonomy":"product_cat","embeddable":true,"href":"https:\/\/subtomy.com\/hu\/wp-json\/wp\/v2\/product_cat?post=695"},{"taxonomy":"product_tag","embeddable":true,"href":"https:\/\/subtomy.com\/hu\/wp-json\/wp\/v2\/product_tag?post=695"}],"curies":[{"name":"wp","href":"https:\/\/api.w.org\/{rel}","templated":true}]}}