{"id":59,"date":"2022-06-06T15:46:47","date_gmt":"2022-06-06T20:46:47","guid":{"rendered":"https:\/\/shop.cammodelagency.com\/?post_type=product&#038;p=59"},"modified":"2023-09-03T00:47:37","modified_gmt":"2023-09-03T05:47:37","slug":"how-to-sell-your-dick-pics-to-1000-per-month","status":"publish","type":"product","link":"https:\/\/subtomy.com\/it\/prodotto\/how-to-sell-your-dick-pics-to-1000-per-month\/","title":{"rendered":"Come vendere le vostre foto D* a $1.000 al mese"},"content":{"rendered":"<h2 style=\"text-align: center;\">Come si pu\u00f2 fare $1.000 o pi\u00f9 al mese vendendo foto di cazzi liberando questo schema completo<\/h2>\n<p><img loading=\"lazy\" decoding=\"async\" class=\"aligncenter wp-image-61 size-full\" src=\"https:\/\/subtomy.com\/wp-content\/uploads\/2022\/06\/Selling-Your.jpg\" alt=\"\" width=\"960\" height=\"540\" srcset=\"https:\/\/subtomy.com\/wp-content\/uploads\/2022\/06\/Selling-Your.jpg 960w, https:\/\/subtomy.com\/wp-content\/uploads\/2022\/06\/Selling-Your-600x338.jpg 600w, https:\/\/subtomy.com\/wp-content\/uploads\/2022\/06\/Selling-Your-300x169.jpg 300w, https:\/\/subtomy.com\/wp-content\/uploads\/2022\/06\/Selling-Your-768x432.jpg 768w, https:\/\/subtomy.com\/wp-content\/uploads\/2022\/06\/Selling-Your-18x10.jpg 18w\" sizes=\"auto, (max-width: 960px) 100vw, 960px\" \/><\/p>\n<p style=\"text-align: center;\"><strong><span style=\"color: #008000;\">Scopri esattamente come faccio a guadagnare pi\u00f9 di $1.100 al mese (con il pilota automatico!)<\/span><\/strong><\/p>\n<p>Vi piace scattare fotografie, ma non sapete come guadagnarci. Avete gi\u00e0 provato a venderle online, ma non avete mai realizzato vendite.<\/p>\n<p>Ecco un corso che vi insegner\u00e0 a vendere le vostre foto di pene online per ottenere un reddito mensile di $1.000 o pi\u00f9. Non si tratta di uno schema per fare soldi a palate, ma di una guida passo passo che vi mostrer\u00e0 come costruire un'attivit\u00e0 di successo con le foto del pene partendo da zero.<\/p>\n<p>Imparate a vendere le vostre foto di cazzi online e a guadagnarvi da vivere a tempo pieno facendo ci\u00f2 che amate! Questo videocorso ti spiega tutto quello che devi sapere, dalla ricerca del mercato giusto per le tue foto alla gestione dei clienti.<\/p>\n<p>Con questo <strong>corso video<\/strong>, si otterr\u00e0 un dump di conoscenza di tutto, da<\/p>\n<ul>\n<li>Quale piattaforma utilizzare<\/li>\n<li>Come gestire i clienti<\/li>\n<li>Come far crescere la vostra base di clienti<\/li>\n<li>Un modo per automatizzare 97% l'attivit\u00e0 aziendale<\/li>\n<\/ul>\n<p>Cosa c'\u00e8 dentro:<\/p>\n<ul>\n<li>12 video che vi guidano attraverso <strong>ESATTAMENTE<\/strong> come iniziare<\/li>\n<li>Un PDF dell'intera presentazione per poter consultare facilmente i punti chiave del corso.<\/li>\n<\/ul>\n<p>Ci sono molte persone interessate a vendere foto di cazzi online. Dopo tutto, \u00e8 un ottimo modo per fare un po' di soldi extra. E chi non ama il pene?<\/p>\n<p>Tuttavia, prima di iniziare a vendere le vostre foto, dovete sapere come procedere. \u00c8 qui che entra in gioco il nostro videocorso. Vi insegneremo tutto quello che c'\u00e8 da sapere, da come trovare gli acquirenti giusti al tipo di foto che stanno cercando.<\/p>\n<p>Quindi, sia che siate professionisti esperti o che abbiate appena iniziato, il nostro corso vi aiuter\u00e0 a ottenere il massimo dalle vostre foto del pene.<\/p>\n<p>Allora, cosa state aspettando?<\/p>","protected":false},"excerpt":{"rendered":"<p>Imparate a vendere le vostre foto di cazzi online e a guadagnarvi da vivere a tempo pieno facendo ci\u00f2 che amate! Questo videocorso ti spiega tutto quello che devi sapere, dalla ricerca del mercato giusto per le tue foto alla gestione dei clienti.<\/p>\n<p><strong>Scorri in basso per guardare il video su ci\u00f2 che otterrai in questo corso \ud83d\udc47\ud83c\udffe<\/strong><\/p>","protected":false},"featured_media":1539,"comment_status":"open","ping_status":"closed","template":"","meta":[],"product_brand":[],"product_cat":[41],"product_tag":[33,40],"class_list":{"0":"post-59","1":"product","2":"type-product","3":"status-publish","4":"has-post-thumbnail","6":"product_cat-video-course","7":"product_tag-men","8":"product_tag-video","9":"infinite-scroll-item","10":"no-featured-image-padding","11":"sales-flash-overlay","12":"woocommerce-text-align-center","13":"woocommerce-image-align-center","15":"first","16":"instock","17":"downloadable","18":"virtual","19":"sold-individually","20":"purchasable","21":"product-type-simple"},"aioseo_notices":[],"_links":{"self":[{"href":"https:\/\/subtomy.com\/it\/wp-json\/wp\/v2\/product\/59","targetHints":{"allow":["GET"]}}],"collection":[{"href":"https:\/\/subtomy.com\/it\/wp-json\/wp\/v2\/product"}],"about":[{"href":"https:\/\/subtomy.com\/it\/wp-json\/wp\/v2\/types\/product"}],"replies":[{"embeddable":true,"href":"https:\/\/subtomy.com\/it\/wp-json\/wp\/v2\/comments?post=59"}],"wp:featuredmedia":[{"embeddable":true,"href":"https:\/\/subtomy.com\/it\/wp-json\/wp\/v2\/media\/1539"}],"wp:attachment":[{"href":"https:\/\/subtomy.com\/it\/wp-json\/wp\/v2\/media?parent=59"}],"wp:term":[{"taxonomy":"product_brand","embeddable":true,"href":"https:\/\/subtomy.com\/it\/wp-json\/wp\/v2\/product_brand?post=59"},{"taxonomy":"product_cat","embeddable":true,"href":"https:\/\/subtomy.com\/it\/wp-json\/wp\/v2\/product_cat?post=59"},{"taxonomy":"product_tag","embeddable":true,"href":"https:\/\/subtomy.com\/it\/wp-json\/wp\/v2\/product_tag?post=59"}],"curies":[{"name":"wp","href":"https:\/\/api.w.org\/{rel}","templated":true}]}}