{"id":620,"date":"2023-04-17T14:34:29","date_gmt":"2023-04-17T19:34:29","guid":{"rendered":"https:\/\/shop.cammodelagency.com\/?post_type=product&#038;p=620"},"modified":"2024-04-01T14:04:53","modified_gmt":"2024-04-01T19:04:53","slug":"gamer-girl-captions","status":"publish","type":"product","link":"https:\/\/subtomy.com\/it\/prodotto\/didascalie-delle-ragazze-giocatore\/","title":{"rendered":"100+ didascalie di Gamer Girl per OnlyFans, Reddit, Social Media, ecc."},"content":{"rendered":"<p>Se sei una modella per adulti che offre servizi video di gamer girl e stai cercando di promuovere i tuoi contenuti sui social media, il nostro pacchetto di didascalie per i social media di gamer girl \u00e8 esattamente quello che ti serve!<\/p>\n<p>Il nostro pacchetto include 100 didascalie uniche progettate per aiutarvi a mettere in mostra le vostre abilit\u00e0 di gioco e a stuzzicare il vostro pubblico con ci\u00f2 che pu\u00f2 aspettarsi nei vostri video. Che si tratti di postare uno screenshot del vostro punteggio pi\u00f9 alto, di condividere una storia sulle vostre esperienze di gioco o semplicemente di lanciare un messaggio flirtante, le nostre didascalie vi aiuteranno a catturare i vostri follower.<\/p>\n<p>Le nostre didascalie coprono un'ampia gamma di temi, dal giocoso al seducente, e tutto ci\u00f2 che sta in mezzo. Sia che vogliate mostrare il vostro lato carino e nerd, sia che vogliate abbandonarvi a fantasie sexy da videogiocatori, abbiamo tutto ci\u00f2 che fa per voi. Inoltre, grazie al nostro formato facile da usare, potete copiare e incollare rapidamente e facilmente la didascalia scelta nei vostri post sui social media, risparmiando tempo e fatica.<\/p>\n<p>Quindi, se sei pronto a promuovere i tuoi servizi video di gamer girl e a connetterti con il tuo pubblico, ordina oggi stesso il nostro pacchetto di didascalie per i social media di gamer girl!<\/p>","protected":false},"excerpt":{"rendered":"<p><strong>Aggiornamenti a vita!<\/strong><\/p>\n<p>Sei una modella OnlyFans che ama giocare e vuoi coinvolgere il tuo pubblico sui social media? Il nostro pacchetto di didascalie per i social media per ragazze videogiocatrici \u00e8 proprio quello che ti serve!<\/p>\n<p>Esempi:<\/p>\n<ul>\n<li><span data-sheets-value=\"{&quot;1&quot;:2,&quot;2&quot;:&quot;Do you like my game face? \ud83e\udd29 Come talk to me and see what I'm really made of. \ud83d\ude0f &quot;}\" data-sheets-userformat=\"{&quot;2&quot;:14400,&quot;9&quot;:0,&quot;14&quot;:{&quot;1&quot;:2,&quot;2&quot;:0},&quot;15&quot;:&quot;Verdana&quot;,&quot;16&quot;:11}\">Ti piace la mia faccia da gioco? \ud83e\udd29 Vieni a parlare con me e vedi di che pasta sono fatto. \ud83d\ude0f <\/span><\/li>\n<li><span data-sheets-value=\"{&quot;1&quot;:2,&quot;2&quot;:&quot;Join my stream tonight and let's play some games \ud83c\udfae\ud83d\ude09 I promise you won't be disappointed with what else I have in store \ud83d\ude0f #gamergirl #sexystreamer #naughtynightin&quot;}\" data-sheets-userformat=\"{&quot;2&quot;:8961,&quot;3&quot;:{&quot;1&quot;:0},&quot;11&quot;:4,&quot;12&quot;:0,&quot;16&quot;:12}\">Unisciti al mio stream stasera e giochiamo un po' \ud83c\udfae\ud83d\ude09 Ti prometto che non rimarrai deluso da ci\u00f2 che ho in serbo \ud83d\ude0f #gamergirl #sexystreamer #naughtynightin<\/span><\/li>\n<li><span data-sheets-value=\"{&quot;1&quot;:2,&quot;2&quot;:&quot;Warning! \ud83d\udd25 I'm feeling extra naughty tonight - come join me and let's see where the night takes us...&quot;}\" data-sheets-userformat=\"{&quot;2&quot;:8961,&quot;3&quot;:{&quot;1&quot;:0},&quot;11&quot;:4,&quot;12&quot;:0,&quot;16&quot;:12}\">Attenzione! \ud83d\udd25 Mi sento particolarmente birichina stasera: unisciti a me e vediamo dove ci porta la notte...<\/span><\/li>\n<\/ul>","protected":false},"featured_media":2338,"comment_status":"open","ping_status":"closed","template":"","meta":[],"product_brand":[],"product_cat":[22],"product_tag":[31],"class_list":{"0":"post-620","1":"product","2":"type-product","3":"status-publish","4":"has-post-thumbnail","6":"product_cat-captions","7":"product_tag-gamer-girl","8":"infinite-scroll-item","9":"no-featured-image-padding","10":"sales-flash-overlay","11":"woocommerce-text-align-center","12":"woocommerce-image-align-center","13":"wc-has-gallery","15":"first","16":"instock","17":"downloadable","18":"virtual","19":"sold-individually","20":"purchasable","21":"product-type-simple"},"aioseo_notices":[],"_links":{"self":[{"href":"https:\/\/subtomy.com\/it\/wp-json\/wp\/v2\/product\/620","targetHints":{"allow":["GET"]}}],"collection":[{"href":"https:\/\/subtomy.com\/it\/wp-json\/wp\/v2\/product"}],"about":[{"href":"https:\/\/subtomy.com\/it\/wp-json\/wp\/v2\/types\/product"}],"replies":[{"embeddable":true,"href":"https:\/\/subtomy.com\/it\/wp-json\/wp\/v2\/comments?post=620"}],"wp:featuredmedia":[{"embeddable":true,"href":"https:\/\/subtomy.com\/it\/wp-json\/wp\/v2\/media\/2338"}],"wp:attachment":[{"href":"https:\/\/subtomy.com\/it\/wp-json\/wp\/v2\/media?parent=620"}],"wp:term":[{"taxonomy":"product_brand","embeddable":true,"href":"https:\/\/subtomy.com\/it\/wp-json\/wp\/v2\/product_brand?post=620"},{"taxonomy":"product_cat","embeddable":true,"href":"https:\/\/subtomy.com\/it\/wp-json\/wp\/v2\/product_cat?post=620"},{"taxonomy":"product_tag","embeddable":true,"href":"https:\/\/subtomy.com\/it\/wp-json\/wp\/v2\/product_tag?post=620"}],"curies":[{"name":"wp","href":"https:\/\/api.w.org\/{rel}","templated":true}]}}