{"id":664,"date":"2023-04-17T20:43:03","date_gmt":"2023-04-18T01:43:03","guid":{"rendered":"https:\/\/shop.cammodelagency.com\/?post_type=product&#038;p=664"},"modified":"2024-04-02T17:57:06","modified_gmt":"2024-04-02T22:57:06","slug":"stoner-girl-captions","status":"publish","type":"product","link":"https:\/\/subtomy.com\/it\/prodotto\/didascalie-per-ragazze-stoner\/","title":{"rendered":"100+ didascalie di ragazze stoner per OnlyFans, Reddit, social media, ecc."},"content":{"rendered":"<p>Sei una modella OnlyFans che ama divertirsi con i 420 anni e connettersi con i propri follower sui social media? Il nostro pacchetto di didascalie mediatiche per ragazze stoner \u00e8 qui per aiutarti a promuovere i tuoi servizi e coinvolgere il tuo pubblico!<\/p>\n<p>Il nostro pacchetto include oltre 100 didascalie uniche, progettate per aiutarvi a mostrare il vostro amore per la cannabis e a promuovere i vostri servizi video. Sia che stiate postando una foto di voi stessi mentre vi fate una canna, sia che stiate condividendo un messaggio che mette in evidenza i vostri ceppi preferiti, le nostre didascalie vi aiuteranno a catturare l'attenzione del vostro pubblico e a mostrare il vostro stile di vita da stoner.<\/p>\n<p>Le nostre didascalie coprono un'ampia gamma di temi, dal freddo all'umorismo e tutto ci\u00f2 che sta in mezzo. Sia che vogliate condividere le vostre citazioni stoner preferite o evidenziare le vostre attivit\u00e0 stoner-friendly, abbiamo tutto ci\u00f2 che fa per voi. Inoltre, grazie al nostro formato facile da usare, potete copiare e incollare rapidamente e facilmente la didascalia scelta nei vostri post sui social media, risparmiando tempo e fatica.<\/p>\n<p>Esempi:<\/p>\n<ul>\n<li><span data-sheets-value=\"{&quot;1&quot;:2,&quot;2&quot;:&quot;Could this be any sexier? \ud83d\udd25 I'm a stoner slut, ready to get high and have some fun. Come join me if you're down for an unforgettable experience of being pretty and sexy while we share our mutual love for marijuana. Let's chat and see what kind of mischief we can get into! \ud83d\ude09 &quot;}\" data-sheets-userformat=\"{&quot;2&quot;:14656,&quot;9&quot;:0,&quot;11&quot;:4,&quot;14&quot;:{&quot;1&quot;:2,&quot;2&quot;:0},&quot;15&quot;:&quot;Verdana&quot;,&quot;16&quot;:11}\">Potrebbe essere pi\u00f9 sexy? \ud83d\udd25 Sono una sgualdrina stoner, pronta a sballarsi e a divertirsi. Unisciti a me se sei pronto per un'esperienza indimenticabile di essere bello e sexy mentre condividiamo il nostro amore reciproco per la marijuana. Chattiamo e vediamo che tipo di malizia possiamo ottenere! \ud83d\ude09 <\/span><\/li>\n<li><span data-sheets-value=\"{&quot;1&quot;:2,&quot;2&quot;:&quot;Half price \ud83e\udd11 tonight only! \ud83d\ude18 I'm feeling extra sexy, so let's get high and see where the night takes us. \ud83d\udca8 Who knows, with the right person we might just melt into each other. \ud83d\udc45 DM me if you're up for a wild ride. &quot;}\" data-sheets-userformat=\"{&quot;2&quot;:14656,&quot;9&quot;:0,&quot;11&quot;:4,&quot;14&quot;:{&quot;1&quot;:2,&quot;2&quot;:0},&quot;15&quot;:&quot;Verdana&quot;,&quot;16&quot;:11}\">Met\u00e0 prezzo \ud83e\udd11 solo stasera! \ud83d\ude18 Mi sento molto sexy, quindi sballiamoci e vediamo dove ci porta la notte. \ud83d\udca8 Chiss\u00e0, con la persona giusta potremmo scioglierci l'uno nell'altra. \ud83d\udc45 DM me se sei pronto per una cavalcata selvaggia. <\/span><\/li>\n<li><span data-sheets-value=\"{&quot;1&quot;:2,&quot;2&quot;:&quot;Right now, I'm feeling \ud83d\udd25\ud83d\udd25: high on life and higher with weed. Come join me in my smoky haze of pleasure\u2014we can get lost together in this sexy stoner slut paradise. \ud83d\udca8&quot;}\" data-sheets-userformat=\"{&quot;2&quot;:8961,&quot;3&quot;:{&quot;1&quot;:0},&quot;11&quot;:4,&quot;12&quot;:0,&quot;16&quot;:12}\">In questo momento mi sento \ud83d\udd25\ud83d\udd25: strafatta di vita e strafatta di erba. Unisciti a me nella mia fumosa nebbia di piacere: possiamo perderci insieme in questo paradiso di sexy stoner slut. \ud83d\udca8<\/span><\/li>\n<\/ul>\n<p>Quindi, se sei una ragazza stoner che vuole coinvolgere i suoi follower e promuovere i suoi servizi su OnlyFans, ordina oggi stesso il nostro pacchetto di didascalie mediatiche per ragazze stoner!<\/p>","protected":false},"excerpt":{"rendered":"<p>Sei una modella OnlyFans che ama divertirsi con i 420 anni e connettersi con i propri follower sui social media? Il nostro pacchetto di didascalie mediatiche per ragazze stoner \u00e8 qui per aiutarti a promuovere i tuoi servizi e coinvolgere il tuo pubblico!<\/p>\n<p>Esempi:<\/p>\n<ul>\n<li><span data-sheets-value=\"{&quot;1&quot;:2,&quot;2&quot;:&quot;Could this be any sexier? \ud83d\udd25 I'm a stoner slut, ready to get high and have some fun. Come join me if you're down for an unforgettable experience of being pretty and sexy while we share our mutual love for marijuana. Let's chat and see what kind of mischief we can get into! \ud83d\ude09 &quot;}\" data-sheets-userformat=\"{&quot;2&quot;:14656,&quot;9&quot;:0,&quot;11&quot;:4,&quot;14&quot;:{&quot;1&quot;:2,&quot;2&quot;:0},&quot;15&quot;:&quot;Verdana&quot;,&quot;16&quot;:11}\">Potrebbe essere pi\u00f9 sexy? \ud83d\udd25 Sono una sgualdrina stoner, pronta a sballarsi e a divertirsi. Unisciti a me se sei pronto per un'esperienza indimenticabile di essere bello e sexy mentre condividiamo il nostro amore reciproco per la marijuana. Chattiamo e vediamo che tipo di malizia possiamo ottenere! \ud83d\ude09 <\/span><\/li>\n<li><span data-sheets-value=\"{&quot;1&quot;:2,&quot;2&quot;:&quot;Half price \ud83e\udd11 tonight only! \ud83d\ude18 I'm feeling extra sexy, so let's get high and see where the night takes us. \ud83d\udca8 Who knows, with the right person we might just melt into each other. \ud83d\udc45 DM me if you're up for a wild ride. &quot;}\" data-sheets-userformat=\"{&quot;2&quot;:14656,&quot;9&quot;:0,&quot;11&quot;:4,&quot;14&quot;:{&quot;1&quot;:2,&quot;2&quot;:0},&quot;15&quot;:&quot;Verdana&quot;,&quot;16&quot;:11}\">Met\u00e0 prezzo \ud83e\udd11 solo stasera! \ud83d\ude18 Mi sento molto sexy, quindi sballiamoci e vediamo dove ci porta la notte. \ud83d\udca8 Chiss\u00e0, con la persona giusta potremmo scioglierci l'uno nell'altra. \ud83d\udc45 DM me se sei pronto per una cavalcata selvaggia. <\/span><\/li>\n<li><span data-sheets-value=\"{&quot;1&quot;:2,&quot;2&quot;:&quot;Right now, I'm feeling \ud83d\udd25\ud83d\udd25: high on life and higher with weed. Come join me in my smoky haze of pleasure\u2014we can get lost together in this sexy stoner slut paradise. \ud83d\udca8&quot;}\" data-sheets-userformat=\"{&quot;2&quot;:8961,&quot;3&quot;:{&quot;1&quot;:0},&quot;11&quot;:4,&quot;12&quot;:0,&quot;16&quot;:12}\">In questo momento mi sento \ud83d\udd25\ud83d\udd25: strafatta di vita e strafatta di erba. Unisciti a me nella mia fumosa nebbia di piacere: possiamo perderci insieme in questo paradiso di sexy stoner slut. \ud83d\udca8<\/span><\/li>\n<\/ul>","protected":false},"featured_media":2342,"comment_status":"open","ping_status":"closed","template":"","meta":[],"product_brand":[],"product_cat":[22],"product_tag":[39],"class_list":{"0":"post-664","1":"product","2":"type-product","3":"status-publish","4":"has-post-thumbnail","6":"product_cat-captions","7":"product_tag-stoner","8":"infinite-scroll-item","9":"no-featured-image-padding","10":"sales-flash-overlay","11":"woocommerce-text-align-center","12":"woocommerce-image-align-center","13":"wc-has-gallery","15":"first","16":"instock","17":"downloadable","18":"virtual","19":"sold-individually","20":"purchasable","21":"product-type-simple"},"aioseo_notices":[],"_links":{"self":[{"href":"https:\/\/subtomy.com\/it\/wp-json\/wp\/v2\/product\/664","targetHints":{"allow":["GET"]}}],"collection":[{"href":"https:\/\/subtomy.com\/it\/wp-json\/wp\/v2\/product"}],"about":[{"href":"https:\/\/subtomy.com\/it\/wp-json\/wp\/v2\/types\/product"}],"replies":[{"embeddable":true,"href":"https:\/\/subtomy.com\/it\/wp-json\/wp\/v2\/comments?post=664"}],"wp:featuredmedia":[{"embeddable":true,"href":"https:\/\/subtomy.com\/it\/wp-json\/wp\/v2\/media\/2342"}],"wp:attachment":[{"href":"https:\/\/subtomy.com\/it\/wp-json\/wp\/v2\/media?parent=664"}],"wp:term":[{"taxonomy":"product_brand","embeddable":true,"href":"https:\/\/subtomy.com\/it\/wp-json\/wp\/v2\/product_brand?post=664"},{"taxonomy":"product_cat","embeddable":true,"href":"https:\/\/subtomy.com\/it\/wp-json\/wp\/v2\/product_cat?post=664"},{"taxonomy":"product_tag","embeddable":true,"href":"https:\/\/subtomy.com\/it\/wp-json\/wp\/v2\/product_tag?post=664"}],"curies":[{"name":"wp","href":"https:\/\/api.w.org\/{rel}","templated":true}]}}