{"id":770,"date":"2022-06-04T19:33:09","date_gmt":"2022-06-04T19:33:09","guid":{"rendered":"https:\/\/shop.cammodelagency.com\/?page_id=3"},"modified":"2023-04-29T15:29:37","modified_gmt":"2023-04-29T20:29:37","slug":"privacy-policy","status":"publish","type":"page","link":"https:\/\/subtomy.com\/lt\/privatumo-politika\/","title":{"rendered":"Privatumo politika"},"content":{"rendered":"<h2 class=\"wp-block-heading\">Kas mes esame<\/h2>\n\n\n\n<p>M\u016bs\u0173 svetain\u0117s adresas: https:\/\/subtomy.com.<\/p>\n\n\n\n<h2 class=\"wp-block-heading\">K\u0105 renkame ir saugome<\/h2>\n\n\n\n<p>Kol lankysit\u0117s m\u016bs\u0173 svetain\u0117je, mes steb\u0117sime:<\/p>\n\n\n\n<ul class=\"wp-block-list\">\n<li>Produktai, kuriuos per\u017ei\u016br\u0117jote: naudosime tai, pavyzd\u017eiui, nor\u0117dami parodyti neseniai per\u017ei\u016br\u0117tus produktus.<\/li>\n\n\n\n<li>Vieta, IP adresas ir nar\u0161ykl\u0117s tipas: naudosime tai tokiais tikslais, kaip mokes\u010di\u0173 ir pristatymo apskai\u010diavimas.<\/li>\n\n\n\n<li>Pristatymo adresas: papra\u0161ysime jo \u012fvesti, kad, pavyzd\u017eiui, prie\u0161 pateikdami u\u017esakym\u0105, gal\u0117tume apskai\u010diuoti pristatym\u0105 ir i\u0161si\u0173sti jums u\u017esakym\u0105!<\/li>\n<\/ul>\n\n\n\n<p>Taip pat naudosime slapukus, kad gal\u0117tume sekti krep\u0161elio turin\u012f, kol nar\u0161ote m\u016bs\u0173 svetain\u0117je.<\/p>\n\n\n\n<p>Kai i\u0161 m\u016bs\u0173 perkate, papra\u0161ysime j\u016bs\u0173 pateikti informacij\u0105, \u012fskaitant vard\u0105 ir pavard\u0119, s\u0105skaitos i\u0161ra\u0161ymo adres\u0105, pristatymo adres\u0105, el. pa\u0161to adres\u0105, telefono numer\u012f, kredito kortel\u0117s ir (arba) mok\u0117jimo informacij\u0105 bei pasirinktin\u0119 paskyros informacij\u0105, pvz., vartotojo vard\u0105 ir slapta\u017eod\u012f. \u0160i\u0105 informacij\u0105 naudosime \u0161iais tikslais, pvz:<\/p>\n\n\n\n<ul class=\"wp-block-list\">\n<li>si\u0173sti jums informacij\u0105 apie j\u016bs\u0173 paskyr\u0105 ir u\u017esakym\u0105.<\/li>\n\n\n\n<li>atsakyti \u012f j\u016bs\u0173 pra\u0161ymus, \u012fskaitant gr\u0105\u017einimus ir skundus.<\/li>\n\n\n\n<li>Apdoroti mok\u0117jimus ir u\u017ekirsti keli\u0105 suk\u010diavimui<\/li>\n\n\n\n<li>Sukurkite savo paskyr\u0105 m\u016bs\u0173 parduotuv\u0117je<\/li>\n\n\n\n<li>laikytis vis\u0173 teisini\u0173 \u012fsipareigojim\u0173, pavyzd\u017eiui, apskai\u010diuoti mokes\u010dius.<\/li>\n\n\n\n<li>Tobulinti parduotuvi\u0173 pasi\u016bl\u0105<\/li>\n\n\n\n<li>si\u0173sti jums rinkodaros prane\u0161imus, jei norite juos gauti.<\/li>\n<\/ul>\n\n\n\n<p>Jei susikursite paskyr\u0105, i\u0161saugosime j\u016bs\u0173 vard\u0105, pavard\u0119, adres\u0105, el. pa\u0161to adres\u0105 ir telefono numer\u012f, kurie bus naudojami b\u016bsim\u0173 u\u017esakym\u0173 kasoje.<\/p>\n\n\n\n<p>Informacij\u0105 apie jus paprastai saugome tol, kol jos reikia tais tikslais, kuriais j\u0105 renkame ir naudojame, ir nesame teisi\u0161kai \u012fpareigoti toliau j\u0105 saugoti. Pavyzd\u017eiui, mokes\u010di\u0173 ir apskaitos tikslais informacij\u0105 apie u\u017esakymus saugome XXX met\u0173. Tai apima j\u016bs\u0173 vard\u0105 ir pavard\u0119, el. pa\u0161to adres\u0105 ir atsiskaitymo bei pristatymo adresus.<\/p>\n\n\n\n<p>Taip pat i\u0161saugosime komentarus ar atsiliepimus, jei nuspr\u0119site juos palikti.<\/p>\n\n\n\n<h2 class=\"wp-block-heading\">Komentarai<\/h2>\n\n\n\n<p>Kai lankytojai svetain\u0117je palieka komentarus, renkame komentar\u0173 formoje nurodytus duomenis, taip pat lankytojo IP adres\u0105 ir nar\u0161ykl\u0117s naudotojo agento eilut\u0119, kad b\u016bt\u0173 lengviau aptikti nepageidaujamus lai\u0161kus.<\/p>\n\n\n\n<p>I\u0161 j\u016bs\u0173 el. pa\u0161to adreso sukurta anonimin\u0117 eilut\u0117 (dar vadinama hash) gali b\u016bti pateikta \"Gravatar\" paslaugai, kad b\u016bt\u0173 galima nustatyti, ar j\u0105 naudojate. Su \"Gravatar\" paslaugos privatumo politika galite susipa\u017einti \u010dia: https:\/\/automattic.com\/privacy\/. Patvirtinus j\u016bs\u0173 komentar\u0105, j\u016bs\u0173 profilio nuotrauka matoma vie\u0161ai, atsi\u017evelgiant \u012f j\u016bs\u0173 komentaro kontekst\u0105.<\/p>\n\n\n\n<h2 class=\"wp-block-heading\">\u017diniasklaida<\/h2>\n\n\n\n<p>Jei \u012f svetain\u0119 \u012fkeliate vaizdus, tur\u0117tum\u0117te vengti \u012fkelti vaizdus su \u012fterptais buvimo vietos duomenimis (EXIF GPS). Svetain\u0117s lankytojai gali atsisi\u0173sti ir i\u0161 svetain\u0117s vaizd\u0173 i\u0161gauti bet kokius buvimo vietos duomenis.<\/p>\n\n\n\n<h2 class=\"wp-block-heading\">Slapukai<\/h2>\n\n\n\n<p><strong class=\"privacy-policy-tutorial\"> <\/strong>Jei m\u016bs\u0173 svetain\u0117je paliekate komentar\u0105, galite sutikti, kad j\u016bs\u0173 vardas, el. pa\u0161to adresas ir svetain\u0117 b\u016bt\u0173 \u012fra\u0161yti \u012f slapukus. Tai daroma j\u016bs\u0173 patogumui, kad jums nereik\u0117t\u0173 i\u0161 naujo pildyti savo duomen\u0173 paliekant kit\u0105 komentar\u0105. \u0160ie slapukai galioja vienerius metus.<\/p>\n\n\n\n<p>Jei apsilankysite m\u016bs\u0173 prisijungimo puslapyje, nustatysime laikin\u0105 slapuk\u0105, kad nustatytume, ar j\u016bs\u0173 nar\u0161ykl\u0117 priima slapukus. \u0160iame slapuke n\u0117ra joki\u0173 asmenini\u0173 duomen\u0173 ir jis i\u0161metamas, kai u\u017edarote nar\u0161ykl\u0119.<\/p>\n\n\n\n<p>Kai prisijungiate, taip pat nustatome kelis slapukus, kad i\u0161saugotume j\u016bs\u0173 prisijungimo informacij\u0105 ir ekrano rodymo pasirinkimus. Prisijungimo slapukai galioja dvi dienas, o ekrano parink\u010di\u0173 slapukai - metus. Jei pasirinksite \"Prisiminti mane\", j\u016bs\u0173 prisijungimo duomenys i\u0161liks dvi savaites. Jei i\u0161eisite i\u0161 savo paskyros, prisijungimo slapukai bus pa\u0161alinti.<\/p>\n\n\n\n<p>Jei redaguojate arba publikuojate straipsn\u012f, j\u016bs\u0173 nar\u0161ykl\u0117je bus i\u0161saugotas papildomas slapukas. \u0160iame slapuke n\u0117ra joki\u0173 asmenini\u0173 duomen\u0173, jame tiesiog nurodomas straipsnio, kur\u012f k\u0105 tik redagavote, skelbimo ID. Jis nustoja galioti po 1 dienos.<\/p>\n\n\n\n<h2 class=\"wp-block-heading\">\u012eterptasis turinys i\u0161 kit\u0173 svetaini\u0173<\/h2>\n\n\n\n<p>\u0160ios svetain\u0117s straipsniuose gali b\u016bti \u012fterpto turinio (pvz., vaizdo \u012fra\u0161\u0173, paveiksl\u0117li\u0173, straipsni\u0173 ir kt.). \u012eterptasis turinys i\u0161 kit\u0173 svetaini\u0173 elgiasi lygiai taip pat, tarsi lankytojas b\u016bt\u0173 apsilank\u0119s kitoje svetain\u0117je.<\/p>\n\n\n\n<p>\u0160iose svetain\u0117se gali b\u016bti renkami duomenys apie jus, naudojami slapukai, \u012fterpiamas papildomas tre\u010di\u0173j\u0173 \u0161ali\u0173 steb\u0117jimas ir stebima j\u016bs\u0173 s\u0105veika su \u012fterptu turiniu, \u012fskaitant j\u016bs\u0173 s\u0105veikos su \u012fterptu turiniu steb\u0117jim\u0105, jei turite paskyr\u0105 ir esate prisijung\u0119 prie tos svetain\u0117s.<\/p>\n\n\n\n<h2 class=\"wp-block-heading\">Su kuo dalijam\u0117s j\u016bs\u0173 duomenimis<\/h2>\n\n\n\n<p><strong class=\"privacy-policy-tutorial\"> <\/strong>Jei papra\u0161ysite i\u0161 naujo nustatyti slapta\u017eod\u012f, j\u016bs\u0173 IP adresas bus \u012ftrauktas \u012f naujo slapta\u017eod\u017eio el. lai\u0161k\u0105.<\/p>\n\n\n\n<h2 class=\"wp-block-heading\">Kiek laiko saugome j\u016bs\u0173 duomenis<\/h2>\n\n\n\n<p>Jei paliekate komentar\u0105, komentaras ir jo metaduomenys saugomi neribot\u0105 laik\u0105. Taip yra tam, kad gal\u0117tume automati\u0161kai atpa\u017einti ir patvirtinti visus tolesnius komentarus, u\u017euot laik\u0119 juos moderavimo eil\u0117je.<\/p>\n\n\n\n<p>Naudotoj\u0173, kurie registruojasi m\u016bs\u0173 svetain\u0117je (jei toki\u0173 yra), asmenin\u0119 informacij\u0105 taip pat saugome j\u0173 naudotojo profilyje. Visi naudotojai gali bet kada per\u017ei\u016br\u0117ti, redaguoti ar i\u0161trinti savo asmenin\u0119 informacij\u0105 (i\u0161skyrus tai, kad jie negali pakeisti savo naudotojo vardo). Svetain\u0117s administratoriai taip pat gali matyti ir redaguoti \u0161i\u0105 informacij\u0105.<\/p>\n\n\n\n<h2 class=\"wp-block-heading\">Kokias teises turite \u012f savo duomenis<\/h2>\n\n\n\n<p>Jei turite paskyr\u0105 \u0161ioje svetain\u0117je arba esate palik\u0119 komentar\u0173, galite papra\u0161yti, kad jums b\u016bt\u0173 i\u0161si\u0173stas eksportuotas m\u016bs\u0173 turim\u0173 j\u016bs\u0173 asmens duomen\u0173 failas, \u012fskaitant visus duomenis, kuriuos mums pateik\u0117te. Taip pat galite pra\u0161yti i\u0161trinti visus turimus j\u016bs\u0173 asmens duomenis. Tai neapima joki\u0173 duomen\u0173, kuriuos privalome saugoti administraciniais, teisiniais ar saugumo tikslais.<\/p>\n\n\n\n<h2 class=\"wp-block-heading\">Kur siun\u010diami j\u016bs\u0173 duomenys<\/h2>\n\n\n\n<p>Lankytoj\u0173 komentarai gali b\u016bti tikrinami naudojant automatin\u0119 \u0161lam\u0161to aptikimo paslaug\u0105.<\/p>\n\n\n\n<h2 class=\"wp-block-heading\">Kas m\u016bs\u0173 komandoje turi prieig\u0105<\/h2>\n\n\n\n<p>M\u016bs\u0173 komandos nariai turi prieig\u0105 prie j\u016bs\u0173 pateiktos informacijos. Pavyzd\u017eiui, prieig\u0105 gali tur\u0117ti ir administratoriai, ir parduotuvi\u0173 vadovai:<\/p>\n\n\n\n<ul class=\"wp-block-list\">\n<li>u\u017esakymo informacija, pvz., kas buvo \u012fsigyta, kada tai buvo \u012fsigyta ir kur tai tur\u0117t\u0173 b\u016bti i\u0161si\u0173sta, ir<\/li>\n\n\n\n<li>Kliento informacija, pvz., j\u016bs\u0173 vardas, el. pa\u0161to adresas, atsiskaitymo ir pristatymo informacija.<\/li>\n<\/ul>\n\n\n\n<p>M\u016bs\u0173 komandos nariai turi prieig\u0105 prie \u0161ios informacijos, kad gal\u0117t\u0173 \u012fvykdyti u\u017esakymus, tvarkyti pinig\u0173 gr\u0105\u017einim\u0105 ir pad\u0117ti jums.<\/p>","protected":false},"excerpt":{"rendered":"<p>Who we are Our website address is: https:\/\/subtomy.com. What we collect and store While you visit our site, we\u2019ll track: We\u2019ll also use cookies to keep track of cart contents while you\u2019re browsing our site. When you purchase from us, we\u2019ll ask you to provide information including your name, billing address, shipping address, email address, &#8230; <\/p>\n<p class=\"read-more-container\"><a title=\"Privatumo politika\" class=\"read-more button\" href=\"https:\/\/subtomy.com\/lt\/privatumo-politika\/#more-770\" aria-label=\"Read more about Privacy Policy\">Read more<\/a><\/p>","protected":false},"author":1,"featured_media":0,"parent":0,"menu_order":0,"comment_status":"closed","ping_status":"open","template":"","meta":{"footnotes":""},"class_list":{"0":"post-770","1":"page","2":"type-page","3":"status-publish","5":"infinite-scroll-item","6":"no-featured-image-padding"},"aioseo_notices":[],"_links":{"self":[{"href":"https:\/\/subtomy.com\/lt\/wp-json\/wp\/v2\/pages\/770","targetHints":{"allow":["GET"]}}],"collection":[{"href":"https:\/\/subtomy.com\/lt\/wp-json\/wp\/v2\/pages"}],"about":[{"href":"https:\/\/subtomy.com\/lt\/wp-json\/wp\/v2\/types\/page"}],"author":[{"embeddable":true,"href":"https:\/\/subtomy.com\/lt\/wp-json\/wp\/v2\/users\/1"}],"replies":[{"embeddable":true,"href":"https:\/\/subtomy.com\/lt\/wp-json\/wp\/v2\/comments?post=770"}],"version-history":[{"count":1,"href":"https:\/\/subtomy.com\/lt\/wp-json\/wp\/v2\/pages\/770\/revisions"}],"predecessor-version":[{"id":971,"href":"https:\/\/subtomy.com\/lt\/wp-json\/wp\/v2\/pages\/770\/revisions\/971"}],"wp:attachment":[{"href":"https:\/\/subtomy.com\/lt\/wp-json\/wp\/v2\/media?parent=770"}],"curies":[{"name":"wp","href":"https:\/\/api.w.org\/{rel}","templated":true}]}}