{"id":1692,"date":"2023-05-29T22:59:25","date_gmt":"2023-05-30T03:59:25","guid":{"rendered":"https:\/\/subtomy.com\/?post_type=product&#038;p=1692"},"modified":"2024-03-25T19:23:43","modified_gmt":"2024-03-26T00:23:43","slug":"onlyfans-morning-messages-pack","status":"publish","type":"product","link":"https:\/\/subtomy.com\/lt\/produktas\/onlyfans-morning-messages-pack\/","title":{"rendered":"67 OnlyFans Rytini\u0173 \u017einu\u010di\u0173 paketas, skirtas masiniams DM ir 1-su-1, socialin\u0117 \u017einiasklaida"},"content":{"rendered":"<h3 style=\"text-align: center;\">Pristatome 67 OnlyFans rytini\u0173 \u017einu\u010di\u0173 paket\u0105: Su\u017eav\u0117kite savo prenumeratorius nuo pat ryto<\/h3>\n<p>Pagerinkite savo buvim\u0105 \"OnlyFans\" su 67 rytini\u0173 prane\u0161im\u0173 paketu. \u0160is \u012fdomi\u0173 ir viliojan\u010di\u0173 \u017einu\u010di\u0173 rinkinys, skirtas masin\u0117ms DM \u017einut\u0117ms ir asmeniniam bendravimui 1 su 1, su\u017eav\u0117s j\u016bs\u0173 prenumeratorius nuo tos akimirkos, kai jie pabus. Nustatykite j\u0173 dienos ton\u0105, su\u017eadinkite j\u0173 nor\u0105 ir priverskite juos sugr\u012f\u017eti dar kart\u0105.<\/p>\n<ol>\n<li><strong>Neatremiami sveikinimai<\/strong>: Patraukite j\u0173 d\u0117mes\u012f patraukliu pasisveikinimu, kad jie nor\u0117t\u0173 susipa\u017einti su j\u016bs\u0173 turiniu. Naudokite viliojan\u010dius \u017eod\u017eius, \u017eaismingus \u0161ypsen\u0117les ir viliojant\u012f akcent\u0105, kad paliktum\u0117te nei\u0161dildom\u0105 \u012fsp\u016bd\u012f j\u0173 rytin\u0117je rutinoje.<\/li>\n<li><strong>Asmeninis ry\u0161ys<\/strong>: U\u017emegzkite asmenin\u012f ry\u0161\u012f kreipdamiesi \u012f prenumeratorius vardu arba nurodydami j\u0173 interesus. Leiskite jiems pasijusti ypatingais ir vertinamais, taip sukurdami intymumo jausm\u0105, d\u0117l kurio jie bus \u012fsitrauk\u0119 \u012f j\u016bs\u0173 turin\u012f ir investuos \u012f j\u012f.<\/li>\n<li><strong>I\u0161skirtinio turinio u\u017euominos<\/strong>: Pa\u0161iepkite savo prenumeratorius, pateikdami i\u0161skirtin\u012f turin\u012f, kurio jie gali tik\u0117tis i\u0161 j\u016bs\u0173. Kurkite laukim\u0105 ir nor\u0105, pabr\u0117\u017edami viliojan\u010dius vaizdus, patrauklias istorijas ar unikalias patirtis, kuriomis jie gal\u0117s naudotis.<\/li>\n<li><strong>Rytin\u0117 motyvacija<\/strong>: Suteikite jiems pozityvumo ir motyvacijos dalydamiesi \u012fkvepian\u010diomis citatomis, teiginiais ar padr\u0105sinan\u010diais \u017eod\u017eiais. Priminkite jiems, kad jie yra palaikan\u010dios bendruomen\u0117s dalis ir kad esate tam, kad juos pakyl\u0117tum\u0117te ir \u012fkv\u0117ptum\u0117te.<\/li>\n<li><strong>Interaktyv\u016bs klausimai<\/strong>: Skatinkite \u012fsitraukim\u0105 u\u017eduodami klausimus, skatinan\u010dius susim\u0105styti, arba kviesdami pasidalyti savo nuomone. Skatinkite juos s\u0105veikauti su j\u016bs\u0173 turiniu, taip kurdami pokalbius ir kurdami prenumeratori\u0173 bendruomen\u0119.<\/li>\n<li><strong>I\u0161skirtiniai pasi\u016blymai<\/strong>: Atsilyginkite u\u017e j\u0173 lojalum\u0105 ir param\u0105 \u012ftraukdami \u012f rytinius prane\u0161imus i\u0161skirtinius pasi\u016blymus ar akcijas. Suteikite jiems prie\u017east\u012f nuolat gr\u012f\u017eti \u012f savo profil\u012f ir parodykite, kad jie d\u0117kingi u\u017e tai, kad yra j\u016bs\u0173 \"OnlyFans\" bendruomen\u0117s dalis.<\/li>\n<li><strong>Personalizuoti \u0161\u016bksniai<\/strong>: Nustebinkite ir prad\u017eiuginkite savo abonentus retkar\u010diais rodydami j\u0173 vartotojo vard\u0105 ar profil\u012f savo rytiniuose prane\u0161imuose. Leiskite jiems pasijusti VIP ir \u017einokite, kad j\u0173 parama yra pripa\u017e\u012fstama ir vertinama.<\/li>\n<li><strong>Skatinkite s\u0105veik\u0105<\/strong>: Skatinkite prenumeratorius pam\u0117gti, komentuoti ir dalytis j\u016bs\u0173 turiniu. Papra\u0161ykite j\u0173 atsiliepim\u0173, pasi\u016blym\u0173 ar pra\u0161ym\u0173, kad sukurtum\u0117te abipus\u012f ry\u0161\u012f, kuris leist\u0173 jiems jaustis \u012fsitraukusiems ir vertinamiems.<\/li>\n<li><strong>Pateikite naujienas<\/strong>: Informuokite savo prenumeratorius apie nauj\u0105 turin\u012f, art\u0117jan\u010dius renginius ar i\u0161skirtinius leidinius. Sukurkite jaudulio ir laukimo jausm\u0105 dalydamiesi informacija apie tai, ko jie gali tik\u0117tis i\u0161 j\u016bs\u0173 profilio artimiausiu metu.<\/li>\n<\/ol>\n<p>Pasinaudokite 67 \"OnlyFans\" rytini\u0173 prane\u0161im\u0173 paketo galiomis ir \u012fsitikinkite, kad j\u016bs\u0173 \u017eod\u017eiai daro didel\u012f poveik\u012f j\u016bs\u0173 prenumeratori\u0173 \u012fsitraukimui ir lojalumui. Su\u017eav\u0117kite j\u0173 d\u0117mes\u012f, su\u017eadinkite j\u0173 tro\u0161kim\u0105 ir ugdykite bendruomeni\u0161kumo jausm\u0105, d\u0117l kurio jie sugr\u012f\u0161 dar kart\u0105. Pasinaudokite galimybe padaryti nei\u0161dildom\u0105 \u012fsp\u016bd\u012f su kiekviena siun\u010diama rytine \u017einute.<\/p>\n<p>Nepamir\u0161kite laikytis \"OnlyFans\" gairi\u0173 ir taisykli\u0173, gerbti abonent\u0173 ribas ir puosel\u0117ti saugi\u0105 bei \u012ftrauki\u0105 aplink\u0105, kurioje bendraujate.<\/p>","protected":false},"excerpt":{"rendered":"<h3 style=\"text-align: center;\">Introducing the 67 OnlyFans Morning Messages Pack: Captivate Your Subscribers from the Break of Dawn<\/h3>\n<p>Examples include:<\/p>\n<ul>\n<li>Exquisite morning, \ud83d\udd25\ud83d\udca6 I hope you are ready for a day of pleasure and seduction. Let me be your guide to the most tantalizing experience ever! \ud83d\ude18<\/li>\n<li>Sensual \ud83d\udd25morning, [name]! I&#8217;m already thinking about all the naughty things I want to do with you. Let&#8217;s make this day extra special&#8230; \ud83d\ude09<\/li>\n<li>Get what you want this morning! \ud83d\udc83 I&#8217;m feeling so naughty and ready for you to show me how you want it. Let&#8217;s make the most of this day, together \ud83d\ude09<\/li>\n<\/ul>\n","protected":false},"featured_media":2314,"comment_status":"closed","ping_status":"closed","template":"","meta":[],"product_brand":[],"product_cat":[141],"product_tag":[142],"class_list":{"0":"post-1692","1":"product","2":"type-product","3":"status-publish","4":"has-post-thumbnail","6":"product_cat-messaging","7":"product_tag-onlyfans","8":"infinite-scroll-item","9":"no-featured-image-padding","10":"sales-flash-overlay","11":"woocommerce-text-align-center","12":"woocommerce-image-align-center","13":"wc-has-gallery","15":"first","16":"instock","17":"downloadable","18":"virtual","19":"sold-individually","20":"purchasable","21":"product-type-simple"},"aioseo_notices":[],"_links":{"self":[{"href":"https:\/\/subtomy.com\/lt\/wp-json\/wp\/v2\/product\/1692","targetHints":{"allow":["GET"]}}],"collection":[{"href":"https:\/\/subtomy.com\/lt\/wp-json\/wp\/v2\/product"}],"about":[{"href":"https:\/\/subtomy.com\/lt\/wp-json\/wp\/v2\/types\/product"}],"replies":[{"embeddable":true,"href":"https:\/\/subtomy.com\/lt\/wp-json\/wp\/v2\/comments?post=1692"}],"wp:featuredmedia":[{"embeddable":true,"href":"https:\/\/subtomy.com\/lt\/wp-json\/wp\/v2\/media\/2314"}],"wp:attachment":[{"href":"https:\/\/subtomy.com\/lt\/wp-json\/wp\/v2\/media?parent=1692"}],"wp:term":[{"taxonomy":"product_brand","embeddable":true,"href":"https:\/\/subtomy.com\/lt\/wp-json\/wp\/v2\/product_brand?post=1692"},{"taxonomy":"product_cat","embeddable":true,"href":"https:\/\/subtomy.com\/lt\/wp-json\/wp\/v2\/product_cat?post=1692"},{"taxonomy":"product_tag","embeddable":true,"href":"https:\/\/subtomy.com\/lt\/wp-json\/wp\/v2\/product_tag?post=1692"}],"curies":[{"name":"wp","href":"https:\/\/api.w.org\/{rel}","templated":true}]}}