{"id":59,"date":"2022-06-06T15:46:47","date_gmt":"2022-06-06T20:46:47","guid":{"rendered":"https:\/\/shop.cammodelagency.com\/?post_type=product&#038;p=59"},"modified":"2023-09-03T00:47:37","modified_gmt":"2023-09-03T05:47:37","slug":"how-to-sell-your-dick-pics-to-1000-per-month","status":"publish","type":"product","link":"https:\/\/subtomy.com\/lt\/produktas\/how-to-sell-your-dick-pics-to-1000-per-month\/","title":{"rendered":"Kaip parduoti savo D* nuotraukas $1,000 per m\u0117nes\u012f"},"content":{"rendered":"<h2 style=\"text-align: center;\">Kaip galite padaryti $1,000 ar DAUGIAU per m\u0117nes\u012f i\u0161 pardavimo Dick Pics i\u0161laisvindami \u0161\u012f piln\u0105 plan\u0105<\/h2>\n<p><img loading=\"lazy\" decoding=\"async\" class=\"aligncenter wp-image-61 size-full\" src=\"https:\/\/subtomy.com\/wp-content\/uploads\/2022\/06\/Selling-Your.jpg\" alt=\"\" width=\"960\" height=\"540\" srcset=\"https:\/\/subtomy.com\/wp-content\/uploads\/2022\/06\/Selling-Your.jpg 960w, https:\/\/subtomy.com\/wp-content\/uploads\/2022\/06\/Selling-Your-600x338.jpg 600w, https:\/\/subtomy.com\/wp-content\/uploads\/2022\/06\/Selling-Your-300x169.jpg 300w, https:\/\/subtomy.com\/wp-content\/uploads\/2022\/06\/Selling-Your-768x432.jpg 768w, https:\/\/subtomy.com\/wp-content\/uploads\/2022\/06\/Selling-Your-18x10.jpg 18w\" sizes=\"auto, (max-width: 960px) 100vw, 960px\" \/><\/p>\n<p style=\"text-align: center;\"><strong><span style=\"color: #008000;\">Su\u017einokite, kaip a\u0161 darau daugiau nei $1,100 per m\u0117nes\u012f (Autopilotas!)<\/span><\/strong><\/p>\n<p>M\u0117gstate fotografuoti, bet ne\u017einote, kaip i\u0161 to u\u017esidirbti pinig\u0173. Anks\u010diau band\u0117te jas pardavin\u0117ti internetu, bet taip ir nepavyko parduoti.<\/p>\n<p>Dabar \u010dia yra kursas, kuris i\u0161mokys jus, kaip parduoti savo varpos nuotraukas internete, kad gautum\u0117te $1 000 ar daugiau m\u0117nesini\u0173 pajam\u0173. Tai ne kokia nors greito praturt\u0117jimo schema; tai \u017eingsnis po \u017eingsnio vadovas, kuriame su\u017einosite, kaip sukurti s\u0117kming\u0105 varpos nuotrauk\u0173 versl\u0105 nuo nulio.<\/p>\n<p>Su\u017einokite, kaip parduoti savo \u0161uns nuotraukas internete ir u\u017esidirbti vis\u0105 darbo dien\u0105 i\u0161 to, kas jums patinka! \u0160is vaizdo kursas supa\u017eindina su viskuo, k\u0105 reikia \u017einoti, pradedant tinkamos rinkos savo nuotraukoms paie\u0161ka ir baigiant klient\u0173 valdymu.<\/p>\n<p>Su \u0161iuo <strong>vaizdo \u012fra\u0161\u0173 kursas<\/strong>, gausite \u017eini\u0173 s\u0105vartyn\u0105 apie visk\u0105 nuo<\/p>\n<ul>\n<li>Koki\u0105 platform\u0105 naudoti<\/li>\n<li>Kaip valdyti klientus<\/li>\n<li>Kaip padidinti klient\u0173 baz\u0119<\/li>\n<li>Verslo automatizavimo b\u016bdas 97%<\/li>\n<\/ul>\n<p>Kas viduje:<\/p>\n<ul>\n<li>12 vaizdo \u012fra\u0161\u0173, kuriuose <strong>TIKRAI<\/strong> kaip prad\u0117ti<\/li>\n<li>Visos prezentacijos PDF failas, kad gal\u0117tum\u0117te lengvai susipa\u017einti su pagrindiniais dalykais, pateiktais viso kurso metu.<\/li>\n<\/ul>\n<p>Yra daug \u017emoni\u0173, kurie nori parduoti \u0161uns nuotraukas internetu. Juk tai puikus b\u016bdas u\u017esidirbti papildom\u0173 pinig\u0173. O kas nem\u0117gsta varpos?<\/p>\n<p>Ta\u010diau prie\u0161 prad\u0117dami pardavin\u0117ti nuotraukas turite \u017einoti, kaip tai daryti. \u0160tai kur m\u016bs\u0173 vaizdo kursas. Mes i\u0161mokysime jus visko, k\u0105 reikia \u017einoti, pradedant nuo to, kaip rasti tinkamus pirk\u0117jus ir baigiant tuo, koki\u0173 nuotrauk\u0173 jie ie\u0161ko.<\/p>\n<p>Nesvarbu, ar esate patyr\u0119s profesionalas, ar dar tik pradedate, m\u016bs\u0173 kursas pad\u0117s jums i\u0161gauti maksimali\u0105 naud\u0105 i\u0161 savo varpos nuotrauk\u0173.<\/p>\n<p>Tad ko laukiate?<\/p>","protected":false},"excerpt":{"rendered":"<p>Su\u017einokite, kaip parduoti savo \u0161uns nuotraukas internete ir u\u017esidirbti vis\u0105 darbo dien\u0105 i\u0161 to, kas jums patinka! \u0160is vaizdo kursas supa\u017eindina su viskuo, k\u0105 reikia \u017einoti, pradedant tinkamos rinkos savo nuotraukoms paie\u0161ka ir baigiant klient\u0173 valdymu.<\/p>\n<p><strong>Slinkite \u017eemyn ir \u017ei\u016br\u0117kite vaizdo \u012fra\u0161\u0105 apie tai, k\u0105 gausite \u0161iame kurse \ud83d\udc47\ud83c\udffe<\/strong><\/p>","protected":false},"featured_media":1539,"comment_status":"open","ping_status":"closed","template":"","meta":[],"product_brand":[],"product_cat":[41],"product_tag":[33,40],"class_list":{"0":"post-59","1":"product","2":"type-product","3":"status-publish","4":"has-post-thumbnail","6":"product_cat-video-course","7":"product_tag-men","8":"product_tag-video","9":"infinite-scroll-item","10":"no-featured-image-padding","11":"sales-flash-overlay","12":"woocommerce-text-align-center","13":"woocommerce-image-align-center","15":"first","16":"instock","17":"downloadable","18":"virtual","19":"sold-individually","20":"purchasable","21":"product-type-simple"},"aioseo_notices":[],"_links":{"self":[{"href":"https:\/\/subtomy.com\/lt\/wp-json\/wp\/v2\/product\/59","targetHints":{"allow":["GET"]}}],"collection":[{"href":"https:\/\/subtomy.com\/lt\/wp-json\/wp\/v2\/product"}],"about":[{"href":"https:\/\/subtomy.com\/lt\/wp-json\/wp\/v2\/types\/product"}],"replies":[{"embeddable":true,"href":"https:\/\/subtomy.com\/lt\/wp-json\/wp\/v2\/comments?post=59"}],"wp:featuredmedia":[{"embeddable":true,"href":"https:\/\/subtomy.com\/lt\/wp-json\/wp\/v2\/media\/1539"}],"wp:attachment":[{"href":"https:\/\/subtomy.com\/lt\/wp-json\/wp\/v2\/media?parent=59"}],"wp:term":[{"taxonomy":"product_brand","embeddable":true,"href":"https:\/\/subtomy.com\/lt\/wp-json\/wp\/v2\/product_brand?post=59"},{"taxonomy":"product_cat","embeddable":true,"href":"https:\/\/subtomy.com\/lt\/wp-json\/wp\/v2\/product_cat?post=59"},{"taxonomy":"product_tag","embeddable":true,"href":"https:\/\/subtomy.com\/lt\/wp-json\/wp\/v2\/product_tag?post=59"}],"curies":[{"name":"wp","href":"https:\/\/api.w.org\/{rel}","templated":true}]}}