{"id":608,"date":"2023-04-14T19:14:00","date_gmt":"2023-04-15T00:14:00","guid":{"rendered":"https:\/\/shop.cammodelagency.com\/?post_type=product&#038;p=608"},"modified":"2024-03-02T21:46:54","modified_gmt":"2024-03-03T02:46:54","slug":"findom-caption-pack","status":"publish","type":"product","link":"https:\/\/subtomy.com\/lt\/produktas\/findom-caption-pack\/","title":{"rendered":"100+ FinDom\/Finansinis dominavimas Antra\u0161\u010di\u0173 paketas socialinei \u017einiasklaidai, \"Reddit\", \"Onlyfans\" ir kt."},"content":{"rendered":"<p>Jei esate suaugusi\u0173j\u0173 modelis, si\u016blantis finansinio dominavimo paslaugas ir siekiantis pritraukti savo mok\u0117tojus ir pinig\u0173 vergus, m\u016bs\u0173 finansinio dominavimo socialin\u0117s \u017einiasklaidos antra\u0161\u010di\u0173 paketas yra b\u016btent tai, ko jums reikia!<\/p>\n<p>M\u016bs\u0173 pakuot\u0117je yra 100 unikali\u0173 antra\u0161\u010di\u0173, kurios pad\u0117s jums \u012ftvirtinti savo dominavim\u0105, priversti sek\u0117jus jaustis pavald\u017eiais ir galiausiai padidinti savo pajamas. Nesvarbu, ar demonstruojate savo dizaineri\u0173 drabu\u017eius, ar demonstruojate prabang\u0173 gyvenimo b\u016bd\u0105, ar tiesiog primenate savo sek\u0117jams, kas \u010dia \u0161eimininkauja, m\u016bs\u0173 antra\u0161t\u0117s pad\u0117s jums i\u0161sakyti savo nuomon\u0119.<\/p>\n<p>M\u016bs\u0173 antra\u0161t\u0117s apima \u012fvairias temas - nuo erzinan\u010di\u0173 iki pa\u0161aipi\u0173 ir vis\u0173 kit\u0173. Nesvarbu, ar norite \u012fkv\u0117pti savo sek\u0117jus atiduoti jums duokl\u0119, pasi\u016blyti i\u0161skirtin\u012f turin\u012f savo geriausiems mok\u0117tojams, ar priminti visiems apie j\u0173 viet\u0105 j\u016bs\u0173 pasaulyje, mes jums pad\u0117sime. O naudodami m\u016bs\u0173 paprast\u0105 naudoti format\u0105 galite greitai ir lengvai nukopijuoti ir \u012fklijuoti pasirinkt\u0105 antra\u0161t\u0119 \u012f socialin\u0117s \u017einiasklaidos \u012fra\u0161us, taip sutaupydami laiko ir pastang\u0173.<\/p>\n<p>Taigi, jei esate pasiruo\u0161\u0119 pakelti savo finansinio dominavimo \u017eaidim\u0105 \u012f kit\u0105 lyg\u012f ir padidinti savo pajamas, u\u017esisakykite m\u016bs\u0173 finansinio dominavimo socialin\u0117s \u017einiasklaidos antra\u0161t\u0117s paket\u0105 \u0161iandien!<\/p>","protected":false},"excerpt":{"rendered":"<p>M\u016bs\u0173 pakuot\u0117je yra 100 unikali\u0173 antra\u0161\u010di\u0173, kurios pad\u0117s jums su\u017eav\u0117ti \"findom\" sek\u0117jus ir paskatinti juos atverti savo pinigines. Nesvarbu, ar publikuojate savo nuotrauk\u0105 su prabangia apranga, ar demonstruojate savo turtus ir gali\u0105, ar papras\u010diausiai siun\u010diate provokuojan\u010di\u0105 \u017einut\u0119, m\u016bs\u0173 antra\u0161t\u0117s pad\u0117s jums padaryti \u012fsp\u016bd\u012f.<\/p>\n<p><strong>Pavyzd\u017eiai:<\/strong><\/p>\n<ul>\n<li><span data-sheets-value=\"{&quot;1&quot;:2,&quot;2&quot;:&quot;Better start counting those coins, boys. \ud83d\udcb0 I'm not here to play nice - I'm here to take your hard earned cash and put it in my pocket where it belongs. Come and get a taste of what you can't resist...you know you want to! \ud83d\ude08 #Goddess&quot;}\" data-sheets-userformat=\"{&quot;2&quot;:8961,&quot;3&quot;:{&quot;1&quot;:0},&quot;11&quot;:4,&quot;12&quot;:0,&quot;16&quot;:12}\">Geriau prad\u0117kite skai\u010diuoti monetas, berniukai. \ud83d\udcb0 A\u0161 \u010dia ne tam, kad \u017eais\u010diau gra\u017eiai - a\u0161 \u010dia tam, kad paim\u010diau j\u016bs\u0173 sunkiai u\u017edirbtus pinigus ir \u012fsid\u0117\u010diau juos \u012f savo ki\u0161en\u0119, kur jiems ir vieta. Ateik ir paragauk to, kam negali atsispirti... juk \u017einai, kad nori! \ud83d\ude08 #Goddess<\/span><\/li>\n<li><span data-sheets-value=\"{&quot;1&quot;:2,&quot;2&quot;:&quot;Flawless and in control, I live for the power games that come with financial domination. Your extravagance is my pleasure; you will beg to be my pay pig \ud83e\udd11\ud83d\udcb0&quot;}\" data-sheets-userformat=\"{&quot;2&quot;:8961,&quot;3&quot;:{&quot;1&quot;:0},&quot;11&quot;:4,&quot;12&quot;:0,&quot;16&quot;:12}\">Nepriekai\u0161tingai kontroliuoju situacij\u0105 ir gyvenu d\u0117l galios \u017eaidim\u0173, kurie susij\u0119 su finansiniu dominavimu. Tavo ekstravagancija - tai mano malonumas; tu pra\u0161ysi b\u016bti mano mokama kiaule \ud83e\udd11\ud83d\udcb0<\/span><\/li>\n<li><span data-sheets-value=\"{&quot;1&quot;:2,&quot;2&quot;:&quot;Look at you, so desperate and thirsty for a Goddess like me. You're nothing more than my piggy bank, ready to do whatever it takes to be allowed to worship me \ud83d\udcb0\ud83d\udc51&quot;}\" data-sheets-userformat=\"{&quot;2&quot;:8961,&quot;3&quot;:{&quot;1&quot;:0},&quot;11&quot;:4,&quot;12&quot;:0,&quot;16&quot;:12}\">Pa\u017evelk \u012f save, toki\u0105 desperati\u0161k\u0105 ir i\u0161tro\u0161kusi\u0105 tokios deiv\u0117s kaip a\u0161. Tu esi ne kas kita, kaip mano taupykl\u0117, pasiruo\u0161usi padaryti visk\u0105, kad tik gal\u0117tum mane garbinti \ud83d\udcb0\ud83d\udc51<\/span><\/li>\n<\/ul>","protected":false},"featured_media":2252,"comment_status":"open","ping_status":"closed","template":"","meta":[],"product_brand":[],"product_cat":[22],"product_tag":[28],"class_list":{"0":"post-608","1":"product","2":"type-product","3":"status-publish","4":"has-post-thumbnail","6":"product_cat-captions","7":"product_tag-findom","8":"infinite-scroll-item","9":"no-featured-image-padding","10":"sales-flash-overlay","11":"woocommerce-text-align-center","12":"woocommerce-image-align-center","13":"wc-has-gallery","15":"first","16":"instock","17":"downloadable","18":"virtual","19":"sold-individually","20":"purchasable","21":"product-type-simple"},"aioseo_notices":[],"_links":{"self":[{"href":"https:\/\/subtomy.com\/lt\/wp-json\/wp\/v2\/product\/608","targetHints":{"allow":["GET"]}}],"collection":[{"href":"https:\/\/subtomy.com\/lt\/wp-json\/wp\/v2\/product"}],"about":[{"href":"https:\/\/subtomy.com\/lt\/wp-json\/wp\/v2\/types\/product"}],"replies":[{"embeddable":true,"href":"https:\/\/subtomy.com\/lt\/wp-json\/wp\/v2\/comments?post=608"}],"wp:featuredmedia":[{"embeddable":true,"href":"https:\/\/subtomy.com\/lt\/wp-json\/wp\/v2\/media\/2252"}],"wp:attachment":[{"href":"https:\/\/subtomy.com\/lt\/wp-json\/wp\/v2\/media?parent=608"}],"wp:term":[{"taxonomy":"product_brand","embeddable":true,"href":"https:\/\/subtomy.com\/lt\/wp-json\/wp\/v2\/product_brand?post=608"},{"taxonomy":"product_cat","embeddable":true,"href":"https:\/\/subtomy.com\/lt\/wp-json\/wp\/v2\/product_cat?post=608"},{"taxonomy":"product_tag","embeddable":true,"href":"https:\/\/subtomy.com\/lt\/wp-json\/wp\/v2\/product_tag?post=608"}],"curies":[{"name":"wp","href":"https:\/\/api.w.org\/{rel}","templated":true}]}}