{"id":623,"date":"2023-04-17T14:51:16","date_gmt":"2023-04-17T19:51:16","guid":{"rendered":"https:\/\/shop.cammodelagency.com\/?post_type=product&#038;p=623"},"modified":"2024-03-25T19:09:37","modified_gmt":"2024-03-26T00:09:37","slug":"innocent-but-naughty-captions","status":"publish","type":"product","link":"https:\/\/subtomy.com\/lt\/produktas\/nekaltos-bet-nepadorios-antrastes\/","title":{"rendered":"100+ nekalt\u0173, bet neklau\u017ead\u0173 TikFanai, Reddit, Socialin\u0117s \u017einiasklaidos antra\u0161\u010di\u0173 paketas"},"content":{"rendered":"<p>Ar esate OnlyFans modelis, pasi\u017eymintis miela ir patrauklia asmenybe? M\u016bs\u0173 nekalt\u0173, bet nepadori\u0173 socialini\u0173 tinkl\u0173 antra\u0161\u010di\u0173 paketas puikiai tinka tau!<\/p>\n<p>M\u016bs\u0173 pakuot\u0117je yra daugiau kaip 100 unikali\u0173 antra\u0161\u010di\u0173, kurios pad\u0117s u\u017emegzti ry\u0161\u012f su sek\u0117jais ir atskleisti j\u016bs\u0173 \u017eavi\u0105 ir patraukli\u0105 asmenyb\u0119. Nesvarbu, ar publikuojate savo nuotrauk\u0105 su laisvalaikio drabu\u017eiais, ar dalijat\u0117s \u012fdomia istorija, ar tiesiog ra\u0161ote smagi\u0105 ir koketi\u0161k\u0105 \u017einut\u0119, m\u016bs\u0173 antra\u0161t\u0117s pad\u0117s jums sudominti savo auditorij\u0105 ir reklamuoti vaizdo \u012fra\u0161\u0173 paslaugas.<\/p>\n<p>M\u016bs\u0173 antra\u0161t\u0117s apima \u012fvairias temas - nuo miel\u0173 ir nekalt\u0173 iki \u017eaisming\u0173 ir provokuojan\u010di\u0173, o taip pat visas kitas. Nesvarbu, ar norite pademonstruoti savo nat\u016bral\u0173 gro\u017e\u012f, ar erzinti sek\u0117jus u\u017euominomis apie savo laukin\u0119 pus\u0119, mes jums pad\u0117sime. O naudodami m\u016bs\u0173 paprast\u0105 naudoti format\u0105 galite greitai ir lengvai nukopijuoti ir \u012fklijuoti pasirinkt\u0105 antra\u0161t\u0119 \u012f socialin\u0117s \u017einiasklaidos \u012fra\u0161us, taip sutaupydami laiko ir pastang\u0173.<\/p>\n<p>Taigi, jei esate pasiruo\u0161\u0119 u\u017emegzti ry\u0161\u012f su sek\u0117jais ir reklamuoti savo vaizdo \u012fra\u0161\u0173 paslaugas kaip kaimynin\u0117 mergina, u\u017esisakykite m\u016bs\u0173 nekalt\u0105, bet nepador\u0173 socialin\u0117s \u017einiasklaidos antra\u0161\u010di\u0173 paket\u0105 jau \u0161iandien!<\/p>","protected":false},"excerpt":{"rendered":"<p>Ar esate \"OnlyFans\" modelis, \u012fk\u016bnijantis merginos i\u0161 gretimo namo persona\u017e\u0105, ir norite reklamuoti savo vaizdo \u012fra\u0161\u0173 paslaugas socialin\u0117je \u017einiasklaidoje? M\u016bs\u0173 merginos i\u0161 gretim\u0173 dur\u0173 socialin\u0117s \u017einiasklaidos antra\u0161\u010di\u0173 paketas jums pad\u0117s! Pavyzd\u017eiai<\/p>\n<p><strong>Pavyzd\u017eiai<\/strong><\/p>\n<ul>\n<li><span data-sheets-value=\"{&quot;1&quot;:2,&quot;2&quot;:&quot;Do you desire a sweet and innocent girl next door who loves to tease? \ud83d\udc8b Let's get naughty together and explore my wild side.&quot;}\" data-sheets-userformat=\"{&quot;2&quot;:8961,&quot;3&quot;:{&quot;1&quot;:0},&quot;11&quot;:4,&quot;12&quot;:0,&quot;16&quot;:12}\">Ar trok\u0161tate sald\u017eios ir nekaltos merginos, kuri m\u0117gsta erzinti? \ud83d\udc8b Pasidarykime nepador\u016bs kartu ir i\u0161tirkime mano laukin\u0119 pus\u0119.<\/span><\/li>\n<li><span data-sheets-value=\"{&quot;1&quot;:2,&quot;2&quot;:&quot;I'm the girl next door but I'm also here to turn up the heat \ud83d\udd25 Let's have some naughty fun together and get to know each other better. &quot;}\" data-sheets-userformat=\"{&quot;2&quot;:14400,&quot;9&quot;:0,&quot;14&quot;:{&quot;1&quot;:2,&quot;2&quot;:0},&quot;15&quot;:&quot;Verdana&quot;,&quot;16&quot;:11}\">Esu mergina i\u0161 gretimo namo, bet taip pat esu \u010dia tam, kad \u012fkaitin\u010diau \ud83d\udd25 Pasilinksminkime kartu ir geriau pa\u017einkime vienas kit\u0105. <\/span><\/li>\n<li><span data-sheets-value=\"{&quot;1&quot;:2,&quot;2&quot;:&quot;Sensational and innocent at the same time -- that's me! \ud83d\udc8b Come chat with me, I'm ready to explore my wild side. &quot;}\" data-sheets-userformat=\"{&quot;2&quot;:14400,&quot;9&quot;:0,&quot;14&quot;:{&quot;1&quot;:2,&quot;2&quot;:0},&quot;15&quot;:&quot;Verdana&quot;,&quot;16&quot;:11}\">Jausminga ir nekalta vienu metu - tai a\u0161! \ud83d\udc8b Ateik su manimi pabendrauti, esu pasiruo\u0161usi pa\u017einti savo laukin\u0119 pus\u0119. <\/span><\/li>\n<\/ul>","protected":false},"featured_media":2312,"comment_status":"open","ping_status":"closed","template":"","meta":[],"product_brand":[],"product_cat":[22],"product_tag":[32],"class_list":{"0":"post-623","1":"product","2":"type-product","3":"status-publish","4":"has-post-thumbnail","6":"product_cat-captions","7":"product_tag-innocent-but-naughty","8":"infinite-scroll-item","9":"no-featured-image-padding","10":"sales-flash-overlay","11":"woocommerce-text-align-center","12":"woocommerce-image-align-center","13":"wc-has-gallery","15":"first","16":"instock","17":"downloadable","18":"virtual","19":"sold-individually","20":"purchasable","21":"product-type-simple"},"aioseo_notices":[],"_links":{"self":[{"href":"https:\/\/subtomy.com\/lt\/wp-json\/wp\/v2\/product\/623","targetHints":{"allow":["GET"]}}],"collection":[{"href":"https:\/\/subtomy.com\/lt\/wp-json\/wp\/v2\/product"}],"about":[{"href":"https:\/\/subtomy.com\/lt\/wp-json\/wp\/v2\/types\/product"}],"replies":[{"embeddable":true,"href":"https:\/\/subtomy.com\/lt\/wp-json\/wp\/v2\/comments?post=623"}],"wp:featuredmedia":[{"embeddable":true,"href":"https:\/\/subtomy.com\/lt\/wp-json\/wp\/v2\/media\/2312"}],"wp:attachment":[{"href":"https:\/\/subtomy.com\/lt\/wp-json\/wp\/v2\/media?parent=623"}],"wp:term":[{"taxonomy":"product_brand","embeddable":true,"href":"https:\/\/subtomy.com\/lt\/wp-json\/wp\/v2\/product_brand?post=623"},{"taxonomy":"product_cat","embeddable":true,"href":"https:\/\/subtomy.com\/lt\/wp-json\/wp\/v2\/product_cat?post=623"},{"taxonomy":"product_tag","embeddable":true,"href":"https:\/\/subtomy.com\/lt\/wp-json\/wp\/v2\/product_tag?post=623"}],"curies":[{"name":"wp","href":"https:\/\/api.w.org\/{rel}","templated":true}]}}