{"id":637,"date":"2023-04-17T16:13:24","date_gmt":"2023-04-17T21:13:24","guid":{"rendered":"https:\/\/shop.cammodelagency.com\/?post_type=product&#038;p=637"},"modified":"2024-04-02T18:10:44","modified_gmt":"2024-04-02T23:10:44","slug":"milf-captions","status":"publish","type":"product","link":"https:\/\/subtomy.com\/lt\/produktas\/milf-antrastes\/","title":{"rendered":"100+ MILF antra\u0161t\u0117s OnlyFans, Reddit, socialinei \u017einiasklaidai"},"content":{"rendered":"<p>Ar esate OnlyFans modelis, \u012fk\u016bnijantis seksuali\u0105 ir pasitikin\u010di\u0105 MILF energij\u0105? M\u016bs\u0173 MILF \u017einiasklaidos antra\u0161\u010di\u0173 paketas pad\u0117s jums pademonstruoti savo nenugalim\u0105 \u017eaves\u012f ir reklamuoti savo paslaugas socialin\u0117je \u017einiasklaidoje!<\/p>\n<p>M\u016bs\u0173 pakuot\u0117je yra daugiau kaip 100 unikali\u0173 antra\u0161\u010di\u0173, skirt\u0173 pad\u0117ti jums sudominti sek\u0117jus ir reklamuoti vaizdo \u012fra\u0161\u0173 paslaugas. Nesvarbu, ar publikuojate savo nuotrauk\u0105 su m\u0117gstamiausiu apatiniu trikota\u017eu, ar dalijat\u0117s \u017einute, kuri spinduliuoja pasitik\u0117jim\u0105 savimi ir seksualum\u0105, m\u016bs\u0173 antra\u0161t\u0117s pad\u0117s jums patraukti auditorijos d\u0117mes\u012f ir paskatins j\u0105 sugr\u012f\u017eti dar kart\u0105.<\/p>\n<p>M\u016bs\u0173 antra\u0161t\u0117s apima \u012fvairias temas - nuo koketi\u0161k\u0173 iki gundan\u010di\u0173 ir vis\u0173 kit\u0173. Nesvarbu, ar norite erzinti savo sek\u0117jus paslapties u\u017euominomis, ar parodyti savo pasitik\u0117jim\u0105 savimi ir gundan\u010di\u0105 pus\u0119, mes jums pad\u0117sime. O naudodami m\u016bs\u0173 paprast\u0105 naudoti format\u0105 galite greitai ir lengvai nukopijuoti ir \u012fklijuoti pasirinkt\u0105 antra\u0161t\u0119 \u012f socialin\u0117s \u017einiasklaidos \u012fra\u0161us, taip sutaupydami laiko ir pastang\u0173.<\/p>\n<p>Taigi, jei esate seksuali ir savimi pasitikinti MILF, kuri nori sudominti savo sek\u0117jus ir reklamuoti savo paslaugas \"OnlyFans\", u\u017esisakykite m\u016bs\u0173 MILF \u017einiasklaidos antra\u0161\u010di\u0173 paket\u0105 \u0161iandien!<\/p>","protected":false},"excerpt":{"rendered":"<p><strong>Prieiga vis\u0105 gyvenim\u0105 ir atnaujinimai!<\/strong><\/p>\n<p>Ar esate OnlyFans modelis, \u012fk\u016bnijantis seksuali\u0105 ir pasitikin\u010di\u0105 MILF energij\u0105? M\u016bs\u0173 MILF \u017einiasklaidos antra\u0161\u010di\u0173 paketas pad\u0117s jums pademonstruoti savo nenugalim\u0105 \u017eaves\u012f ir reklamuoti savo paslaugas socialin\u0117je \u017einiasklaidoje!<\/p>\n<p><strong>Pavyzd\u017eiai:<\/strong><\/p>\n<ul>\n<li><span data-sheets-value=\"{&quot;1&quot;:2,&quot;2&quot;:&quot;Do you desire I'm feeling \ud83d\udc8bsexy and ready to show off my MILFy curves! Who wants to come talk with me, spoil me a bit, and watch as I milk my mommy titties? \ud83d\ude09 &quot;}\" data-sheets-userformat=\"{&quot;2&quot;:14656,&quot;9&quot;:0,&quot;11&quot;:4,&quot;14&quot;:{&quot;1&quot;:2,&quot;2&quot;:0},&quot;15&quot;:&quot;Verdana&quot;,&quot;16&quot;:11}\">Ar trok\u0161tate A\u0161 jau\u010diuosi \ud83d\udc8bsexy ir pasiruo\u0161usi parodyti savo MILFy kreives! Kas nori ateiti su manimi pasikalb\u0117ti, truput\u012f pamiegoti ir pa\u017ei\u016br\u0117ti, kaip a\u0161 dairysiuosi savo mamyt\u0117s kr\u016bt\u0173? \ud83d\ude09 <\/span><\/li>\n<li><span data-sheets-value=\"{&quot;1&quot;:2,&quot;2&quot;:&quot;I'm the naughty MILF you've been looking for! \ud83c\udf51 Come talk to me and let me know what turns you on. I'm here to be spoiled and pampered, so make sure to bring your best game. Dare I say, my mommy milkers are out of this world? \ud83d\ude09 &quot;}\" data-sheets-userformat=\"{&quot;2&quot;:14656,&quot;9&quot;:0,&quot;11&quot;:4,&quot;14&quot;:{&quot;1&quot;:2,&quot;2&quot;:0},&quot;15&quot;:&quot;Verdana&quot;,&quot;16&quot;:11}\">A\u0161 esu neklau\u017eada MILF, kurios ie\u0161kojote! \ud83c\udf51 Ateik su manimi pasikalb\u0117ti ir su\u017einok, kas tave jaudina. Esu \u010dia tam, kad b\u016b\u010diau i\u0161lepinta ir pamaloninta, tod\u0117l b\u016btinai atsine\u0161k savo geriausi\u0105 \u017eaidim\u0105.<\/span><\/li>\n<li><span data-sheets-value=\"{&quot;1&quot;:2,&quot;2&quot;:&quot;Pay the price and get the pleasure! \ud83d\udc8b I'm your MILF next door come to life. Come join me, be my naughty little secret. Let's talk dirty and explore each other's desires while I show off my hot body in lingerie that hugs me just right. &quot;}\" data-sheets-userformat=\"{&quot;2&quot;:14656,&quot;9&quot;:0,&quot;11&quot;:4,&quot;14&quot;:{&quot;1&quot;:2,&quot;2&quot;:0},&quot;15&quot;:&quot;Verdana&quot;,&quot;16&quot;:11}\">Sumok\u0117kite kain\u0105 ir pajuskite malonum\u0105! \ud83d\udc8b A\u0161 esu tavo MILF kaimyn\u0117, kuri atgyja. Prisijunk prie man\u0119s, b\u016bk mano i\u0161dykusi ma\u017ea paslaptis. Kalb\u0117kime ne\u0161vankiai ir tyrin\u0117kime vienas kito tro\u0161kimus, o a\u0161 demonstruosiu savo kar\u0161t\u0105 k\u016bn\u0105 vilk\u0117dama apatinius drabu\u017eius, kurie mane puikiai apkabina. <\/span><\/li>\n<\/ul>","protected":false},"featured_media":2344,"comment_status":"open","ping_status":"closed","template":"","meta":[],"product_brand":[],"product_cat":[22],"product_tag":[34],"class_list":{"0":"post-637","1":"product","2":"type-product","3":"status-publish","4":"has-post-thumbnail","6":"product_cat-captions","7":"product_tag-milfs","8":"infinite-scroll-item","9":"no-featured-image-padding","10":"sales-flash-overlay","11":"woocommerce-text-align-center","12":"woocommerce-image-align-center","13":"wc-has-gallery","15":"first","16":"instock","17":"downloadable","18":"virtual","19":"sold-individually","20":"purchasable","21":"product-type-simple"},"aioseo_notices":[],"_links":{"self":[{"href":"https:\/\/subtomy.com\/lt\/wp-json\/wp\/v2\/product\/637","targetHints":{"allow":["GET"]}}],"collection":[{"href":"https:\/\/subtomy.com\/lt\/wp-json\/wp\/v2\/product"}],"about":[{"href":"https:\/\/subtomy.com\/lt\/wp-json\/wp\/v2\/types\/product"}],"replies":[{"embeddable":true,"href":"https:\/\/subtomy.com\/lt\/wp-json\/wp\/v2\/comments?post=637"}],"wp:featuredmedia":[{"embeddable":true,"href":"https:\/\/subtomy.com\/lt\/wp-json\/wp\/v2\/media\/2344"}],"wp:attachment":[{"href":"https:\/\/subtomy.com\/lt\/wp-json\/wp\/v2\/media?parent=637"}],"wp:term":[{"taxonomy":"product_brand","embeddable":true,"href":"https:\/\/subtomy.com\/lt\/wp-json\/wp\/v2\/product_brand?post=637"},{"taxonomy":"product_cat","embeddable":true,"href":"https:\/\/subtomy.com\/lt\/wp-json\/wp\/v2\/product_cat?post=637"},{"taxonomy":"product_tag","embeddable":true,"href":"https:\/\/subtomy.com\/lt\/wp-json\/wp\/v2\/product_tag?post=637"}],"curies":[{"name":"wp","href":"https:\/\/api.w.org\/{rel}","templated":true}]}}