{"id":664,"date":"2023-04-17T20:43:03","date_gmt":"2023-04-18T01:43:03","guid":{"rendered":"https:\/\/shop.cammodelagency.com\/?post_type=product&#038;p=664"},"modified":"2024-04-02T17:57:06","modified_gmt":"2024-04-02T22:57:06","slug":"stoner-girl-captions","status":"publish","type":"product","link":"https:\/\/subtomy.com\/lt\/produktas\/stoner-mergina-antrastes\/","title":{"rendered":"100+ Stoner Girl u\u017era\u0161ai OnlyFans, Reddit, socialinei \u017einiasklaidai ir t. t."},"content":{"rendered":"<p>Ar esate \"OnlyFans\" modelis, m\u0117gstantis pasim\u0117gauti 420 draugi\u0161komis linksmyb\u0117mis ir bendrauti su savo sek\u0117jais socialin\u0117je \u017einiasklaidoje? M\u016bs\u0173 akmenini\u0173 mergin\u0173 \u017einiasklaidos antra\u0161\u010di\u0173 paketas pad\u0117s jums reklamuoti savo paslaugas ir \u012ftraukti savo auditorij\u0105! Pavyzd\u017eiai:<\/p>\n<p>M\u016bs\u0173 pakuot\u0117je yra daugiau kaip 100 unikali\u0173 antra\u0161\u010di\u0173, skirt\u0173 parodyti meil\u0119 kanap\u0117ms ir reklamuoti vaizdo \u012fra\u0161\u0173 paslaugas. Nesvarbu, ar skelbiate nuotrauk\u0105, kurioje m\u0117gaujat\u0117s d\u017eonu, ar dalijat\u0117s \u017einute, kurioje pabr\u0117\u017eiami j\u016bs\u0173 m\u0117gstamiausi \u0161tamai, m\u016bs\u0173 antra\u0161t\u0117s pad\u0117s jums patraukti auditorijos d\u0117mes\u012f ir parodyti savo gyvenimo b\u016bd\u0105.<\/p>\n<p>M\u016bs\u0173 antra\u0161t\u0117s apima \u012fvairias temas - nuo \u0161alt\u0173 iki humoristini\u0173 ir vis\u0173 kit\u0173. Nesvarbu, ar norite pasidalyti m\u0117gstamiausiomis akmenin\u0117mis citatomis, ar atkreipti d\u0117mes\u012f \u012f akmen\u0173 m\u0117g\u0117jams skirt\u0105 veikl\u0105, mes jums pad\u0117sime. O naudodami m\u016bs\u0173 paprast\u0105 naudoti format\u0105 galite greitai ir lengvai nukopijuoti ir \u012fklijuoti pasirinkt\u0105 antra\u0161t\u0119 \u012f socialin\u0117s \u017einiasklaidos \u012fra\u0161us, taip sutaupydami laiko ir pastang\u0173.<\/p>\n<p>Pavyzd\u017eiai:<\/p>\n<ul>\n<li><span data-sheets-value=\"{&quot;1&quot;:2,&quot;2&quot;:&quot;Could this be any sexier? \ud83d\udd25 I'm a stoner slut, ready to get high and have some fun. Come join me if you're down for an unforgettable experience of being pretty and sexy while we share our mutual love for marijuana. Let's chat and see what kind of mischief we can get into! \ud83d\ude09 &quot;}\" data-sheets-userformat=\"{&quot;2&quot;:14656,&quot;9&quot;:0,&quot;11&quot;:4,&quot;14&quot;:{&quot;1&quot;:2,&quot;2&quot;:0},&quot;15&quot;:&quot;Verdana&quot;,&quot;16&quot;:11}\">Ar tai gali b\u016bti seksualiau? \ud83d\udd25 A\u0161 esu apsvaigusi \u0161liundra, pasiruo\u0161usi pasimyl\u0117ti ir pasilinksminti. Prisijunk prie man\u0119s, jei esi nusiteik\u0119s nepamir\u0161tamai patir\u010diai, kai b\u016bsi gra\u017eus ir seksualus, o mes dalinsim\u0117s abipuse meile marihuanai. Pabendraukime ir pa\u017ei\u016br\u0117kime, \u012f kokias i\u0161daigas galime \u012fsivelti! \ud83d\ude09 <\/span><\/li>\n<li><span data-sheets-value=\"{&quot;1&quot;:2,&quot;2&quot;:&quot;Half price \ud83e\udd11 tonight only! \ud83d\ude18 I'm feeling extra sexy, so let's get high and see where the night takes us. \ud83d\udca8 Who knows, with the right person we might just melt into each other. \ud83d\udc45 DM me if you're up for a wild ride. &quot;}\" data-sheets-userformat=\"{&quot;2&quot;:14656,&quot;9&quot;:0,&quot;11&quot;:4,&quot;14&quot;:{&quot;1&quot;:2,&quot;2&quot;:0},&quot;15&quot;:&quot;Verdana&quot;,&quot;16&quot;:11}\">Pus\u0117 kainos \ud83e\udd11 tik \u0161\u012f vakar\u0105! \ud83d\ude18 Jau\u010diuosi itin seksualiai, tad pasimyl\u0117kime ir pa\u017ei\u016br\u0117kime, kur mus nuves naktis. \ud83d\udca8 Kas \u017eino, su tinkamu \u017emogumi galb\u016bt tiesiog i\u0161tirpsime vienas kitame. \ud83d\udc45 DM man, jei esi pasiruo\u0161\u0119s pa\u0161\u0117lusiam pasiva\u017ein\u0117jimui. <\/span><\/li>\n<li><span data-sheets-value=\"{&quot;1&quot;:2,&quot;2&quot;:&quot;Right now, I'm feeling \ud83d\udd25\ud83d\udd25: high on life and higher with weed. Come join me in my smoky haze of pleasure\u2014we can get lost together in this sexy stoner slut paradise. \ud83d\udca8&quot;}\" data-sheets-userformat=\"{&quot;2&quot;:8961,&quot;3&quot;:{&quot;1&quot;:0},&quot;11&quot;:4,&quot;12&quot;:0,&quot;16&quot;:12}\">\u0160iuo metu jau\u010diuosi \ud83d\udd25\ud83d\udd25: apsvaig\u0119s nuo gyvenimo ir apsvaig\u0119s nuo \u017eol\u0117s. Prisijunk prie man\u0119s mano d\u016bmin\u0117je malonum\u0173 migloje - mes galime kartu pasiklysti \u0161iame seksualiame akmenini\u0173 \u0161liundr\u0173 rojuje. \ud83d\udca8<\/span><\/li>\n<\/ul>\n<p>Taigi, jei esate akmenin\u0117 mergina, kuri nori sudominti savo sek\u0117jus ir reklamuoti savo paslaugas OnlyFans, u\u017esisakykite m\u016bs\u0173 akmenini\u0173 mergin\u0173 \u017einiasklaidos antra\u0161\u010di\u0173 paket\u0105 \u0161iandien!<\/p>","protected":false},"excerpt":{"rendered":"<p>Ar esate \"OnlyFans\" modelis, m\u0117gstantis pasim\u0117gauti 420 draugi\u0161komis linksmyb\u0117mis ir bendrauti su savo sek\u0117jais socialin\u0117je \u017einiasklaidoje? M\u016bs\u0173 akmenini\u0173 mergin\u0173 \u017einiasklaidos antra\u0161\u010di\u0173 paketas pad\u0117s jums reklamuoti savo paslaugas ir \u012ftraukti savo auditorij\u0105! Pavyzd\u017eiai:<\/p>\n<p>Pavyzd\u017eiai:<\/p>\n<ul>\n<li><span data-sheets-value=\"{&quot;1&quot;:2,&quot;2&quot;:&quot;Could this be any sexier? \ud83d\udd25 I'm a stoner slut, ready to get high and have some fun. Come join me if you're down for an unforgettable experience of being pretty and sexy while we share our mutual love for marijuana. Let's chat and see what kind of mischief we can get into! \ud83d\ude09 &quot;}\" data-sheets-userformat=\"{&quot;2&quot;:14656,&quot;9&quot;:0,&quot;11&quot;:4,&quot;14&quot;:{&quot;1&quot;:2,&quot;2&quot;:0},&quot;15&quot;:&quot;Verdana&quot;,&quot;16&quot;:11}\">Ar tai gali b\u016bti seksualiau? \ud83d\udd25 A\u0161 esu apsvaigusi \u0161liundra, pasiruo\u0161usi pasimyl\u0117ti ir pasilinksminti. Prisijunk prie man\u0119s, jei esi nusiteik\u0119s nepamir\u0161tamai patir\u010diai, kai b\u016bsi gra\u017eus ir seksualus, o mes dalinsim\u0117s abipuse meile marihuanai. Pabendraukime ir pa\u017ei\u016br\u0117kime, \u012f kokias i\u0161daigas galime \u012fsivelti! \ud83d\ude09 <\/span><\/li>\n<li><span data-sheets-value=\"{&quot;1&quot;:2,&quot;2&quot;:&quot;Half price \ud83e\udd11 tonight only! \ud83d\ude18 I'm feeling extra sexy, so let's get high and see where the night takes us. \ud83d\udca8 Who knows, with the right person we might just melt into each other. \ud83d\udc45 DM me if you're up for a wild ride. &quot;}\" data-sheets-userformat=\"{&quot;2&quot;:14656,&quot;9&quot;:0,&quot;11&quot;:4,&quot;14&quot;:{&quot;1&quot;:2,&quot;2&quot;:0},&quot;15&quot;:&quot;Verdana&quot;,&quot;16&quot;:11}\">Pus\u0117 kainos \ud83e\udd11 tik \u0161\u012f vakar\u0105! \ud83d\ude18 Jau\u010diuosi itin seksualiai, tad pasimyl\u0117kime ir pa\u017ei\u016br\u0117kime, kur mus nuves naktis. \ud83d\udca8 Kas \u017eino, su tinkamu \u017emogumi galb\u016bt tiesiog i\u0161tirpsime vienas kitame. \ud83d\udc45 DM man, jei esi pasiruo\u0161\u0119s pa\u0161\u0117lusiam pasiva\u017ein\u0117jimui. <\/span><\/li>\n<li><span data-sheets-value=\"{&quot;1&quot;:2,&quot;2&quot;:&quot;Right now, I'm feeling \ud83d\udd25\ud83d\udd25: high on life and higher with weed. Come join me in my smoky haze of pleasure\u2014we can get lost together in this sexy stoner slut paradise. \ud83d\udca8&quot;}\" data-sheets-userformat=\"{&quot;2&quot;:8961,&quot;3&quot;:{&quot;1&quot;:0},&quot;11&quot;:4,&quot;12&quot;:0,&quot;16&quot;:12}\">\u0160iuo metu jau\u010diuosi \ud83d\udd25\ud83d\udd25: apsvaig\u0119s nuo gyvenimo ir apsvaig\u0119s nuo \u017eol\u0117s. Prisijunk prie man\u0119s mano d\u016bmin\u0117je malonum\u0173 migloje - mes galime kartu pasiklysti \u0161iame seksualiame akmenini\u0173 \u0161liundr\u0173 rojuje. \ud83d\udca8<\/span><\/li>\n<\/ul>","protected":false},"featured_media":2342,"comment_status":"open","ping_status":"closed","template":"","meta":[],"product_brand":[],"product_cat":[22],"product_tag":[39],"class_list":{"0":"post-664","1":"product","2":"type-product","3":"status-publish","4":"has-post-thumbnail","6":"product_cat-captions","7":"product_tag-stoner","8":"infinite-scroll-item","9":"no-featured-image-padding","10":"sales-flash-overlay","11":"woocommerce-text-align-center","12":"woocommerce-image-align-center","13":"wc-has-gallery","15":"first","16":"instock","17":"downloadable","18":"virtual","19":"sold-individually","20":"purchasable","21":"product-type-simple"},"aioseo_notices":[],"_links":{"self":[{"href":"https:\/\/subtomy.com\/lt\/wp-json\/wp\/v2\/product\/664","targetHints":{"allow":["GET"]}}],"collection":[{"href":"https:\/\/subtomy.com\/lt\/wp-json\/wp\/v2\/product"}],"about":[{"href":"https:\/\/subtomy.com\/lt\/wp-json\/wp\/v2\/types\/product"}],"replies":[{"embeddable":true,"href":"https:\/\/subtomy.com\/lt\/wp-json\/wp\/v2\/comments?post=664"}],"wp:featuredmedia":[{"embeddable":true,"href":"https:\/\/subtomy.com\/lt\/wp-json\/wp\/v2\/media\/2342"}],"wp:attachment":[{"href":"https:\/\/subtomy.com\/lt\/wp-json\/wp\/v2\/media?parent=664"}],"wp:term":[{"taxonomy":"product_brand","embeddable":true,"href":"https:\/\/subtomy.com\/lt\/wp-json\/wp\/v2\/product_brand?post=664"},{"taxonomy":"product_cat","embeddable":true,"href":"https:\/\/subtomy.com\/lt\/wp-json\/wp\/v2\/product_cat?post=664"},{"taxonomy":"product_tag","embeddable":true,"href":"https:\/\/subtomy.com\/lt\/wp-json\/wp\/v2\/product_tag?post=664"}],"curies":[{"name":"wp","href":"https:\/\/api.w.org\/{rel}","templated":true}]}}