{"id":676,"date":"2023-04-17T23:52:47","date_gmt":"2023-04-18T04:52:47","guid":{"rendered":"https:\/\/shop.cammodelagency.com\/?post_type=product&#038;p=676"},"modified":"2023-05-15T22:42:47","modified_gmt":"2023-05-16T03:42:47","slug":"strong-male-captions","status":"publish","type":"product","link":"https:\/\/subtomy.com\/lt\/produktas\/stiprus-vyriski-uzrasai\/","title":{"rendered":"100+ stipri\u0173 vyri\u0161k\u0173 u\u017era\u0161\u0173, skirt\u0173 OnlyFans, Reddit, socialinei \u017einiasklaidai ir kt."},"content":{"rendered":"<p>Pristatome geriausi\u0105 sprendim\u0105 \"OnlyFans\" modeliams, norintiems pagerinti savo buvim\u0105 socialin\u0117je \u017einiasklaidoje ir pritraukti daugiau sek\u0117j\u0173: \"Strong Male Social Media Caption Pack\". \u0160is paketas specialiai sukurtas modeliams, parduodantiems paslaugas \"OnlyFans\" ir kitose gerb\u0117j\u0173 klub\u0173 svetain\u0117se, ir apima daugyb\u0119 patraukli\u0173 ir d\u0117mes\u012f prikaustan\u010di\u0173 antra\u0161\u010di\u0173, kurios tikrai privers j\u016bs\u0173 auditorij\u0105 kalb\u0117ti.<\/p>\n<p>Nesvarbu, ar norite pristatyti naujausi\u0105 turin\u012f, reklamuoti b\u016bsimus renginius, ar tiesiog sudominti ir sudominti sek\u0117jus, \u0161iame antra\u0161\u010di\u0173 pakete yra viskas, ko jums reikia. M\u016bs\u0173 antra\u0161t\u0117s - nuo \u012f\u017e\u016bli\u0173 vienskiemeni\u0173 iki ver\u010dian\u010di\u0173 susim\u0105styti klausim\u0173 - kruop\u0161\u010diai sukurtos taip, kad patikt\u0173 \u012fvairioms auditorijoms ir i\u0161laikyt\u0173 j\u016bs\u0173 turin\u012f \u0161vie\u017ei\u0105 ir \u012fdom\u0173.<\/p>\n<p>Taigi, jei esate pasiruo\u0161\u0119 pakelti savo \"OnlyFans\" versl\u0105 \u012f kit\u0105 lyg\u012f, daugiau nelaukite. U\u017esisakykite \"Straight Male Social Media Caption Pack\" \u0161iandien ir prad\u0117kite i\u0161siskirti i\u0161 minios!<\/p>\n<p>Pavyzd\u017eiai<\/p>\n<ul>\n<li><span data-sheets-value=\"{&quot;1&quot;:2,&quot;2&quot;:&quot;Do you desire a \ud83d\udcaa\ud83c\udffc man that's hung, handsome and horny? I'm your guy! DM me for hot conversations and let's explore our wildest fantasies together #sexy #horny #hungAF \ud83e\udd75&quot;}\" data-sheets-userformat=\"{&quot;2&quot;:8961,&quot;3&quot;:{&quot;1&quot;:0},&quot;11&quot;:4,&quot;12&quot;:0,&quot;16&quot;:12}\">Ar trok\u0161tate \ud83d\udcaa\ud83c\udffc vyro, kuris yra pakabintas, gra\u017eus ir susijaudin\u0119s? A\u0161 esu tavo vaikinas! DM mane kar\u0161tiems pokalbiams ir kartu patyrin\u0117kime savo dr\u0105siausias fantazijas. #sexy #horny #hungAF \ud83e\udd75<\/span><\/li>\n<li><span data-sheets-value=\"{&quot;1&quot;:2,&quot;2&quot;:&quot;Favorite thing to do? \ud83d\udd25 Let me show you!\ud83d\udca6I'm hung, handsome and strong. Come talk with me and let's explore our wildest fantasies together! I'm always horny for more \ud83d\ude1c &quot;}\" data-sheets-userformat=\"{&quot;2&quot;:14656,&quot;9&quot;:0,&quot;11&quot;:4,&quot;14&quot;:{&quot;1&quot;:2,&quot;2&quot;:0},&quot;15&quot;:&quot;Verdana&quot;,&quot;16&quot;:11}\">M\u0117gstamiausias u\u017esi\u0117mimas? \ud83d\udd25 Leiskite man jums parodyti!\ud83d\udca6 A\u0161 esu pakabintas, gra\u017eus ir stiprus. Ateik su manimi pasikalb\u0117ti ir kartu i\u0161tyrin\u0117kime savo dr\u0105siausias fantazijas! A\u0161 visada esu susijaudin\u0119s ir noriu daugiau \ud83d\ude1c <\/span><\/li>\n<li><span data-sheets-value=\"{&quot;1&quot;:2,&quot;2&quot;:&quot;Shoulders back, abs tight. Come explore this strong and handsome \ud83e\udd29\ud83d\udcaa man who's always ready to talk with ya'll \ud83d\ude0f and just so happens to be extra horny tonight \ud83e\udd75 &quot;}\" data-sheets-userformat=\"{&quot;2&quot;:14656,&quot;9&quot;:0,&quot;11&quot;:4,&quot;14&quot;:{&quot;1&quot;:2,&quot;2&quot;:0},&quot;15&quot;:&quot;Verdana&quot;,&quot;16&quot;:11}\">Pe\u010diai atgal, pilvo presas \u012ftemptas. Ateikite susipa\u017einti su \u0161iuo stipriu ir gra\u017eiu \ud83e\udd29\ud83d\udcaa vyru, kuris visada pasiruo\u0161\u0119s pasikalb\u0117ti su jumis \ud83d\ude0f ir, taip jau atsitiko, kad \u0161\u012f vakar\u0105 yra itin susijaudin\u0119s \ud83e\udd75. <\/span><\/li>\n<\/ul>","protected":false},"excerpt":{"rendered":"<p>Pristatome geriausi\u0105 sprendim\u0105 \"OnlyFans\" modeliams, norintiems pagerinti savo buvim\u0105 socialin\u0117je \u017einiasklaidoje ir pritraukti daugiau sek\u0117j\u0173: \"Strong Male Social Media Caption Pack\". Pavyzd\u017eiai<\/p>\n<p><strong>Pavyzd\u017eiai<\/strong><\/p>\n<ul>\n<li><span data-sheets-value=\"{&quot;1&quot;:2,&quot;2&quot;:&quot;Do you desire a \ud83d\udcaa\ud83c\udffc man that's hung, handsome and horny? I'm your guy! DM me for hot conversations and let's explore our wildest fantasies together #sexy #horny #hungAF \ud83e\udd75&quot;}\" data-sheets-userformat=\"{&quot;2&quot;:8961,&quot;3&quot;:{&quot;1&quot;:0},&quot;11&quot;:4,&quot;12&quot;:0,&quot;16&quot;:12}\">Ar trok\u0161tate \ud83d\udcaa\ud83c\udffc vyro, kuris yra pakabintas, gra\u017eus ir susijaudin\u0119s? A\u0161 esu tavo vaikinas! DM mane kar\u0161tiems pokalbiams ir kartu patyrin\u0117kime savo dr\u0105siausias fantazijas. #sexy #horny #hungAF \ud83e\udd75<\/span><\/li>\n<li><span data-sheets-value=\"{&quot;1&quot;:2,&quot;2&quot;:&quot;Favorite thing to do? \ud83d\udd25 Let me show you!\ud83d\udca6I'm hung, handsome and strong. Come talk with me and let's explore our wildest fantasies together! I'm always horny for more \ud83d\ude1c &quot;}\" data-sheets-userformat=\"{&quot;2&quot;:14656,&quot;9&quot;:0,&quot;11&quot;:4,&quot;14&quot;:{&quot;1&quot;:2,&quot;2&quot;:0},&quot;15&quot;:&quot;Verdana&quot;,&quot;16&quot;:11}\">M\u0117gstamiausias u\u017esi\u0117mimas? \ud83d\udd25 Leiskite man jums parodyti!\ud83d\udca6 A\u0161 esu pakabintas, gra\u017eus ir stiprus. Ateik su manimi pasikalb\u0117ti ir kartu i\u0161tyrin\u0117kime savo dr\u0105siausias fantazijas! A\u0161 visada esu susijaudin\u0119s ir noriu daugiau \ud83d\ude1c <\/span><\/li>\n<li><span data-sheets-value=\"{&quot;1&quot;:2,&quot;2&quot;:&quot;Shoulders back, abs tight. Come explore this strong and handsome \ud83e\udd29\ud83d\udcaa man who's always ready to talk with ya'll \ud83d\ude0f and just so happens to be extra horny tonight \ud83e\udd75 &quot;}\" data-sheets-userformat=\"{&quot;2&quot;:14656,&quot;9&quot;:0,&quot;11&quot;:4,&quot;14&quot;:{&quot;1&quot;:2,&quot;2&quot;:0},&quot;15&quot;:&quot;Verdana&quot;,&quot;16&quot;:11}\">Pe\u010diai atgal, pilvo presas \u012ftemptas. Ateikite susipa\u017einti su \u0161iuo stipriu ir gra\u017eiu \ud83e\udd29\ud83d\udcaa vyru, kuris visada pasiruo\u0161\u0119s pasikalb\u0117ti su jumis \ud83d\ude0f ir, taip jau atsitiko, kad \u0161\u012f vakar\u0105 yra itin susijaudin\u0119s \ud83e\udd75.<\/span><\/li>\n<\/ul>","protected":false},"featured_media":1238,"comment_status":"open","ping_status":"closed","template":"","meta":[],"product_brand":[],"product_cat":[22],"product_tag":[33],"class_list":{"0":"post-676","1":"product","2":"type-product","3":"status-publish","4":"has-post-thumbnail","6":"product_cat-captions","7":"product_tag-men","8":"infinite-scroll-item","9":"no-featured-image-padding","10":"sales-flash-overlay","11":"woocommerce-text-align-center","12":"woocommerce-image-align-center","13":"wc-has-gallery","15":"first","16":"instock","17":"downloadable","18":"virtual","19":"sold-individually","20":"purchasable","21":"product-type-simple"},"aioseo_notices":[],"_links":{"self":[{"href":"https:\/\/subtomy.com\/lt\/wp-json\/wp\/v2\/product\/676","targetHints":{"allow":["GET"]}}],"collection":[{"href":"https:\/\/subtomy.com\/lt\/wp-json\/wp\/v2\/product"}],"about":[{"href":"https:\/\/subtomy.com\/lt\/wp-json\/wp\/v2\/types\/product"}],"replies":[{"embeddable":true,"href":"https:\/\/subtomy.com\/lt\/wp-json\/wp\/v2\/comments?post=676"}],"wp:featuredmedia":[{"embeddable":true,"href":"https:\/\/subtomy.com\/lt\/wp-json\/wp\/v2\/media\/1238"}],"wp:attachment":[{"href":"https:\/\/subtomy.com\/lt\/wp-json\/wp\/v2\/media?parent=676"}],"wp:term":[{"taxonomy":"product_brand","embeddable":true,"href":"https:\/\/subtomy.com\/lt\/wp-json\/wp\/v2\/product_brand?post=676"},{"taxonomy":"product_cat","embeddable":true,"href":"https:\/\/subtomy.com\/lt\/wp-json\/wp\/v2\/product_cat?post=676"},{"taxonomy":"product_tag","embeddable":true,"href":"https:\/\/subtomy.com\/lt\/wp-json\/wp\/v2\/product_tag?post=676"}],"curies":[{"name":"wp","href":"https:\/\/api.w.org\/{rel}","templated":true}]}}