{"id":708,"date":"2023-04-18T16:21:11","date_gmt":"2023-04-18T21:21:11","guid":{"rendered":"https:\/\/shop.cammodelagency.com\/?post_type=product&#038;p=708"},"modified":"2024-03-25T18:46:32","modified_gmt":"2024-03-25T23:46:32","slug":"would-you-rather-question-pack-for-onlyfans-social-media-etc","status":"publish","type":"product","link":"https:\/\/subtomy.com\/lt\/produktas\/ar-verciau-klausimu-paketas-skirtas-onlyfans-socialinei-ziniasklaidai-ir-kt\/","title":{"rendered":"127 Would You Rather Questions Pack for OnlyFans, Social Media, etc."},"content":{"rendered":"<p>Pasiruo\u0161kite pa\u012fvairinti savo \"OnlyFans\", socialin\u0119 \u017einiasklaid\u0105 ar kit\u0105 buvim\u0105 internete su \u0161iuo \u012fdomiu \"Ar nor\u0117tum\u0117te\" klausim\u0173 rinkiniu! \u0160iame pakete, puikiai tinkan\u010diame auditorijai sudominti ir smagiems pokalbiams prad\u0117ti, rasite de\u0161imtis klausim\u0173, skatinan\u010di\u0173 susim\u0105styti, kurie privers j\u016bs\u0173 sek\u0117jus kalb\u0117ti valand\u0173 valandas.<\/p>\n<p>Nesvarbu, ar norite padidinti \u012fsitraukimo rodiklius, pritraukti nauj\u0173 gerb\u0117j\u0173, ar papras\u010diausiai praturtinti savo buvim\u0105 internete, \u0161iame pakete rasite visk\u0105, ko jums reikia. Nuo kvail\u0173 hipotezi\u0173 iki provokuojan\u010di\u0173 pasirinkim\u0173 - \u010dia kiekvienas ras sau tinkam\u0105 klausim\u0105.<\/p>\n<p>Tad kod\u0117l reikia laukti? \u010ciupkite \"Ar nor\u0117tum\u0117te\" klausim\u0173 paket\u0105 jau \u0161iandien ir prad\u0117kite \u017eav\u0117ti savo auditorij\u0105 kaip niekada anks\u010diau!<\/p>\n<p>Pa\u012fvairinkite savo socialin\u0119 \u017einiasklaid\u0105 ir OnlyFans \u017eaidim\u0105 su m\u016bs\u0173 klausim\u0173 rinkiniu \"Ar nor\u0117tum\u0117te\"! \u0160iame pakete yra daugiau nei 100 provokuojan\u010di\u0173 ir kartais skandaling\u0173 klausim\u0173, kurie prikaustys j\u016bs\u0173 sek\u0117jus ir privers juos \u012fsitraukti. Nuo pasirinkimo tarp provokuojan\u010di\u0173 scenarij\u0173 iki hipotetini\u0173 dilem\u0173 aptarimo - m\u016bs\u0173 paketas privers j\u016bs\u0173 auditorij\u0105 kalb\u0117ti ir bendrauti su jumis kaip niekada anks\u010diau.<\/p>\n<p>M\u016bs\u0173 paket\u0105 lengva naudoti ir pritaikyti, nes jis puikiai tinka influenceriams, modeliams ir turinio k\u016br\u0117jams, norintiems savo socialin\u0117s \u017einiasklaidos paskyras papildyti \u012fsp\u016bd\u017eiais ir linksmyb\u0117mis. Tiesiog pasirinkite klausim\u0105, paskelbkite j\u012f savo socialin\u0117je \u017einiasklaidoje ir steb\u0117kite, kaip sek\u0117jai \u012fsitraukia ir bendrauja su j\u016bs\u0173 turiniu kaip niekada anks\u010diau.<\/p>\n<p>Tad kod\u0117l reikia laukti? U\u017esisakykite m\u016bs\u0173 \"Ar ver\u010diau\" klausim\u0173 paket\u0105 \u0161iandien ir pakelkite savo socialin\u0117s \u017einiasklaidos \u017eaidim\u0105 \u012f kit\u0105 lyg\u012f!<\/p>","protected":false},"excerpt":{"rendered":"<p>Pavyzd\u017eiai:<\/p>\n<ul>\n<li><span data-sheets-value=\"{&quot;1&quot;:2,&quot;2&quot;:&quot;Would you rather make love beneath the stars or in a luxurious hotel suite?&quot;}\" data-sheets-userformat=\"{&quot;2&quot;:25345,&quot;3&quot;:{&quot;1&quot;:0},&quot;11&quot;:4,&quot;12&quot;:0,&quot;16&quot;:12,&quot;17&quot;:1}\">Ar nor\u0117tum\u0117te myl\u0117tis po \u017evaig\u017ed\u0117mis, ar prabangiame vie\u0161bu\u010dio numeryje?<\/span><\/li>\n<li><span data-sheets-value=\"{&quot;1&quot;:2,&quot;2&quot;:&quot;Would you rather kiss me in the rain or cuddle up by a fire?&quot;}\" data-sheets-userformat=\"{&quot;2&quot;:25345,&quot;3&quot;:{&quot;1&quot;:0},&quot;11&quot;:4,&quot;12&quot;:0,&quot;16&quot;:12,&quot;17&quot;:1}\">Ar nor\u0117tum mane pabu\u010diuoti per liet\u0173, ar prisiglausti prie ugnies?<\/span><\/li>\n<li><span data-sheets-value=\"{&quot;1&quot;:2,&quot;2&quot;:&quot;Would you rather cuddle up on the couch with me and watch a movie, or go out for a romantic dinner?&quot;}\" data-sheets-userformat=\"{&quot;2&quot;:8961,&quot;3&quot;:{&quot;1&quot;:0},&quot;11&quot;:4,&quot;12&quot;:0,&quot;16&quot;:12}\">Ar nor\u0117tum su manimi prigulti ant sofos ir \u017ei\u016br\u0117ti film\u0105, ar i\u0161eiti romanti\u0161kai pavakarieniauti?<\/span><\/li>\n<\/ul>","protected":false},"featured_media":2310,"comment_status":"open","ping_status":"closed","template":"","meta":[],"product_brand":[],"product_cat":[35],"product_tag":[42],"class_list":{"0":"post-708","1":"product","2":"type-product","3":"status-publish","4":"has-post-thumbnail","6":"product_cat-question-packs","7":"product_tag-would-you-rather","8":"infinite-scroll-item","9":"no-featured-image-padding","10":"sales-flash-overlay","11":"woocommerce-text-align-center","12":"woocommerce-image-align-center","13":"wc-has-gallery","15":"first","16":"instock","17":"downloadable","18":"virtual","19":"sold-individually","20":"purchasable","21":"product-type-simple"},"aioseo_notices":[],"_links":{"self":[{"href":"https:\/\/subtomy.com\/lt\/wp-json\/wp\/v2\/product\/708","targetHints":{"allow":["GET"]}}],"collection":[{"href":"https:\/\/subtomy.com\/lt\/wp-json\/wp\/v2\/product"}],"about":[{"href":"https:\/\/subtomy.com\/lt\/wp-json\/wp\/v2\/types\/product"}],"replies":[{"embeddable":true,"href":"https:\/\/subtomy.com\/lt\/wp-json\/wp\/v2\/comments?post=708"}],"wp:featuredmedia":[{"embeddable":true,"href":"https:\/\/subtomy.com\/lt\/wp-json\/wp\/v2\/media\/2310"}],"wp:attachment":[{"href":"https:\/\/subtomy.com\/lt\/wp-json\/wp\/v2\/media?parent=708"}],"wp:term":[{"taxonomy":"product_brand","embeddable":true,"href":"https:\/\/subtomy.com\/lt\/wp-json\/wp\/v2\/product_brand?post=708"},{"taxonomy":"product_cat","embeddable":true,"href":"https:\/\/subtomy.com\/lt\/wp-json\/wp\/v2\/product_cat?post=708"},{"taxonomy":"product_tag","embeddable":true,"href":"https:\/\/subtomy.com\/lt\/wp-json\/wp\/v2\/product_tag?post=708"}],"curies":[{"name":"wp","href":"https:\/\/api.w.org\/{rel}","templated":true}]}}