{"id":770,"date":"2022-06-04T19:33:09","date_gmt":"2022-06-04T19:33:09","guid":{"rendered":"https:\/\/shop.cammodelagency.com\/?page_id=3"},"modified":"2023-04-29T15:29:37","modified_gmt":"2023-04-29T20:29:37","slug":"privacy-policy","status":"publish","type":"page","link":"https:\/\/subtomy.com\/lv\/privatuma-politika\/","title":{"rendered":"Konfidencialit\u0101tes politika"},"content":{"rendered":"<h2 class=\"wp-block-heading\">Kas m\u0113s esam<\/h2>\n\n\n\n<p>M\u016bsu t\u012bmek\u013ca vietnes adrese ir: https:\/\/subtomy.com.<\/p>\n\n\n\n<h2 class=\"wp-block-heading\">Ko m\u0113s v\u0101cam un glab\u0101jam<\/h2>\n\n\n\n<p>Kam\u0113r apmekl\u0113jat m\u016bsu vietni, m\u0113s sekosim:<\/p>\n\n\n\n<ul class=\"wp-block-list\">\n<li>Produkti, kurus esat skat\u012bjis: m\u0113s to izmantosim, lai, piem\u0113ram, par\u0101d\u012btu jums nesen apskat\u012btos produktus.<\/li>\n\n\n\n<li>Atra\u0161an\u0101s vieta, IP adrese un p\u0101rl\u016bkprogrammas tips: m\u0113s to izmantosim, piem\u0113ram, nodok\u013cu un pieg\u0101des apr\u0113\u0137in\u0101\u0161anai.<\/li>\n\n\n\n<li>Pieg\u0101des adrese: m\u0113s l\u016bgsim jums to ievad\u012bt, lai m\u0113s var\u0113tu, piem\u0113ram, apr\u0113\u0137in\u0101t pieg\u0101des izmaksas pirms pas\u016bt\u012bjuma veik\u0161anas un nos\u016bt\u012bt jums pas\u016bt\u012bjumu!<\/li>\n<\/ul>\n\n\n\n<p>M\u0113s ar\u012b izmantosim s\u012bkfailus, lai sekotu l\u012bdzi grozs saturam, kam\u0113r j\u016bs p\u0101rl\u016bkojat m\u016bsu vietni.<\/p>\n\n\n\n<p>Veicot pirkumu no mums, m\u0113s l\u016bgsim jums sniegt inform\u0101ciju, tostarp v\u0101rdu, uzv\u0101rdu, nor\u0113\u0137inu adresi, pieg\u0101des adresi, e-pasta adresi, t\u0101lru\u0146a numuru, kred\u012btkartes\/apmaksas inform\u0101ciju un neoblig\u0101tu konta inform\u0101ciju, piem\u0113ram, lietot\u0101jv\u0101rdu un paroli. M\u0113s izmantosim \u0161o inform\u0101ciju \u0161\u0101diem nol\u016bkiem:<\/p>\n\n\n\n<ul class=\"wp-block-list\">\n<li>nos\u016bt\u012bt jums inform\u0101ciju par j\u016bsu kontu un pas\u016bt\u012bjumu.<\/li>\n\n\n\n<li>Atbild\u0113t uz j\u016bsu piepras\u012bjumiem, tostarp atmaks\u0101t naudu un iesniegt s\u016bdz\u012bbas.<\/li>\n\n\n\n<li>Maks\u0101jumu apstr\u0101de un kr\u0101p\u0161anas nov\u0113r\u0161ana<\/li>\n\n\n\n<li>M\u016bsu veikala konta iestat\u012b\u0161ana<\/li>\n\n\n\n<li>iev\u0113rot visus juridiskos pien\u0101kumus, piem\u0113ram, apr\u0113\u0137in\u0101t nodok\u013cus.<\/li>\n\n\n\n<li>Uzlabot m\u016bsu veikalu pied\u0101v\u0101jumu<\/li>\n\n\n\n<li>nos\u016bt\u012bt jums m\u0101rketinga zi\u0146ojumus, ja v\u0113laties tos sa\u0146emt.<\/li>\n<\/ul>\n\n\n\n<p>Ja izveidojat kontu, m\u0113s saglab\u0101sim j\u016bsu v\u0101rdu, uzv\u0101rdu, adresi, e-pasta adresi un t\u0101lru\u0146a numuru, kas tiks izmantoti, lai aizpild\u012btu kases sist\u0113mu n\u0101kamajiem pas\u016bt\u012bjumiem.<\/p>\n\n\n\n<p>Parasti inform\u0101ciju par jums m\u0113s glab\u0101jam tik ilgi, kam\u0113r t\u0101 mums ir nepiecie\u0161ama nol\u016bkiem, k\u0101diem m\u0113s to v\u0101cam un izmantojam, un mums nav juridiska pien\u0101kuma to turpin\u0101t glab\u0101t. Piem\u0113ram, m\u0113s uzglab\u0101jam inform\u0101ciju par pas\u016bt\u012bjumiem XXX gadus nodok\u013cu un gr\u0101matved\u012bbas vajadz\u012bb\u0101m. Tas ietver j\u016bsu v\u0101rdu, e-pasta adresi un nor\u0113\u0137inu un pieg\u0101des adresi.<\/p>\n\n\n\n<p>M\u0113s saglab\u0101sim ar\u012b koment\u0101rus vai atsauksmes, ja v\u0113laties t\u0101s atst\u0101t.<\/p>\n\n\n\n<h2 class=\"wp-block-heading\">Koment\u0101ri<\/h2>\n\n\n\n<p>Kad apmekl\u0113t\u0101ji vietn\u0113 atst\u0101j koment\u0101rus, m\u0113s apkopojam koment\u0101ru veidlap\u0101 nor\u0101d\u012btos datus, k\u0101 ar\u012b apmekl\u0113t\u0101ja IP adresi un p\u0101rl\u016bkprogrammas lietot\u0101ja a\u0123enta virkni, lai pal\u012bdz\u0113tu noteikt surog\u0101tpasta s\u016bt\u012bjumus.<\/p>\n\n\n\n<p>No j\u016bsu e-pasta adreses izveidot\u0101 anonimiz\u0113t\u0101 virkne (saukta ar\u012b par hash) var tikt sniegta pakalpojumam Gravatar, lai redz\u0113tu, vai to izmantojat. Gravatar pakalpojuma konfidencialit\u0101tes politika ir pieejama \u0161eit: https:\/\/automattic.com\/privacy\/. P\u0113c j\u016bsu koment\u0101ra apstiprin\u0101\u0161anas j\u016bsu profila att\u0113ls ir publiski redzams j\u016bsu koment\u0101ra kontekst\u0101.<\/p>\n\n\n\n<h2 class=\"wp-block-heading\">Mediji<\/h2>\n\n\n\n<p>Ja aug\u0161upiel\u0101d\u0113jat att\u0113lus vietn\u0113, izvairieties no att\u0113lu aug\u0161upiel\u0101des, kuros ir iek\u013cauti atra\u0161an\u0101s vietas dati (EXIF GPS). T\u012bmek\u013ca vietnes apmekl\u0113t\u0101ji var lejupiel\u0101d\u0113t un ieg\u016bt jebkurus atra\u0161an\u0101s vietas datus no att\u0113liem t\u012bmek\u013ca vietn\u0113.<\/p>\n\n\n\n<h2 class=\"wp-block-heading\">S\u012bkfaili<\/h2>\n\n\n\n<p><strong class=\"privacy-policy-tutorial\"> <\/strong>Ja m\u016bsu vietn\u0113 atst\u0101jat koment\u0101ru, j\u016bs varat piekrist saglab\u0101t savu v\u0101rdu, e-pasta adresi un t\u012bmek\u013ca vietni s\u012bkfailos. T\u0101s ir paredz\u0113tas j\u016bsu \u0113rt\u012bbai, lai, atst\u0101jot citu koment\u0101ru, jums nevajadz\u0113tu atk\u0101rtoti ievad\u012bt savu inform\u0101ciju. \u0160\u012bs s\u012bkdatnes kalpos vienu gadu.<\/p>\n\n\n\n<p>Ja apmekl\u0113jat m\u016bsu pieteik\u0161an\u0101s lapu, m\u0113s iestat\u012bsim pagaidu s\u012bkfailu, lai noteiktu, vai j\u016bsu p\u0101rl\u016bkprogramma pie\u0146em s\u012bkfailus. \u0160is s\u012bkfails nesatur nek\u0101dus personas datus un tiek izn\u012bcin\u0101ts, kad aizverat p\u0101rl\u016bkprogrammu.<\/p>\n\n\n\n<p>Kad piesak\u0101ties, m\u0113s izveidosim ar\u012b vair\u0101kus s\u012bkfailus, lai saglab\u0101tu j\u016bsu pieteik\u0161an\u0101s inform\u0101ciju un ekr\u0101na displeja izv\u0113les. Pieteik\u0161an\u0101s s\u012bkfailus var izmantot divas dienas, bet ekr\u0101na opciju s\u012bkfailus - vienu gadu. Ja izv\u0113laties \"Atcer\u0113ties mani\", j\u016bsu pieteik\u0161an\u0101s saglab\u0101sies divas ned\u0113\u013cas. Ja izrakst\u012bsieties no sava konta, pieteik\u0161an\u0101s s\u012bkfaili tiks dz\u0113sti.<\/p>\n\n\n\n<p>Ja redi\u0123\u0113jat vai public\u0113jat rakstu, j\u016bsu p\u0101rl\u016bkprogramm\u0101 tiks saglab\u0101ts papildu s\u012bkfails. \u0160aj\u0101 s\u012bkfail\u0101 nav ietverti nek\u0101di personas dati, un tas vienk\u0101r\u0161i nor\u0101da tikko redi\u0123\u0113t\u0101 raksta ID. T\u0101 der\u012bguma termi\u0146\u0161 beidzas p\u0113c 1 dienas.<\/p>\n\n\n\n<h2 class=\"wp-block-heading\">Citu viet\u0146u iegultais saturs<\/h2>\n\n\n\n<p>\u0160\u012bs vietnes rakstos var b\u016bt iestr\u0101d\u0101ts saturs (piem\u0113ram, videoklipi, att\u0113li, raksti utt.). Citu viet\u0146u iegultais saturs darbojas tie\u0161i t\u0101pat, it k\u0101 apmekl\u0113t\u0101js b\u016btu apmekl\u0113jis citu vietni.<\/p>\n\n\n\n<p>\u0160\u012bs vietnes var v\u0101kt datus par jums, izmantot s\u012bkfailus, ievietot papildu tre\u0161\u0101s puses izseko\u0161anas l\u012bdzek\u013cus un uzraudz\u012bt j\u016bsu mijiedarb\u012bbu ar \u0161o iestr\u0101d\u0101to saturu, tostarp izsekot j\u016bsu mijiedarb\u012bbai ar iestr\u0101d\u0101to saturu, ja jums ir konts un esat pieteicies \u0161aj\u0101 vietn\u0113.<\/p>\n\n\n\n<h2 class=\"wp-block-heading\">Kam m\u0113s kop\u012bgojam j\u016bsu datus<\/h2>\n\n\n\n<p><strong class=\"privacy-policy-tutorial\"> <\/strong>Ja piepras\u0101t paroles atiestat\u012b\u0161anu, atiestat\u012b\u0161anas e-pasta v\u0113stul\u0113 tiks nor\u0101d\u012bta j\u016bsu IP adrese.<\/p>\n\n\n\n<h2 class=\"wp-block-heading\">Cik ilgi m\u0113s glab\u0101jam j\u016bsu datus<\/h2>\n\n\n\n<p>Ja atst\u0101jat koment\u0101ru, koment\u0101rs un t\u0101 metadati tiek saglab\u0101ti uz nenoteiktu laiku. Tas tiek dar\u012bts, lai m\u0113s var\u0113tu autom\u0101tiski atpaz\u012bt un apstiprin\u0101t visus turpm\u0101kos koment\u0101rus, nevis aiztur\u0113t tos moder\u0113\u0161anas rind\u0101.<\/p>\n\n\n\n<p>Lietot\u0101jiem, kas re\u0123istr\u0113jas m\u016bsu t\u012bmek\u013ca vietn\u0113 (ja t\u0101di ir), m\u0113s ar\u012b saglab\u0101jam vi\u0146u sniegto personisko inform\u0101ciju vi\u0146u lietot\u0101ja profil\u0101. Visi lietot\u0101ji jebkur\u0101 laik\u0101 var apskat\u012bt, redi\u0123\u0113t vai dz\u0113st savu personisko inform\u0101ciju (iz\u0146emot to, ka vi\u0146i nevar main\u012bt savu lietot\u0101jv\u0101rdu). \u0160o inform\u0101ciju var skat\u012bt un redi\u0123\u0113t ar\u012b vietnes administratori.<\/p>\n\n\n\n<h2 class=\"wp-block-heading\">K\u0101das ties\u012bbas jums ir attiec\u012bb\u0101 uz j\u016bsu datiem<\/h2>\n\n\n\n<p>Ja jums ir konts \u0161aj\u0101 vietn\u0113 vai esat atst\u0101jis koment\u0101rus, varat piepras\u012bt sa\u0146emt eksport\u0113tu datni ar m\u016bsu r\u012bc\u012bb\u0101 eso\u0161ajiem j\u016bsu personas datiem, tostarp visiem datiem, kurus esat mums sniedzis. J\u016bs varat ar\u012b piepras\u012bt, lai m\u0113s dz\u0113stu visus m\u016bsu r\u012bc\u012bb\u0101 eso\u0161os j\u016bsu personas datus. Tas neattiecas uz datiem, kas mums ir j\u0101saglab\u0101 administrat\u012bvos, juridiskos vai dro\u0161\u012bbas nol\u016bkos.<\/p>\n\n\n\n<h2 class=\"wp-block-heading\">Kur tiek nos\u016bt\u012bti j\u016bsu dati<\/h2>\n\n\n\n<p>Apmekl\u0113t\u0101ju koment\u0101ri var tikt p\u0101rbaud\u012bti, izmantojot automatiz\u0113tu surog\u0101tpasta atkl\u0101\u0161anas pakalpojumu.<\/p>\n\n\n\n<h2 class=\"wp-block-heading\">Kam m\u016bsu komand\u0101 ir piek\u013cuve<\/h2>\n\n\n\n<p>M\u016bsu komandas locek\u013ciem ir piek\u013cuve j\u016bsu sniegtajai inform\u0101cijai. Piem\u0113ram, gan administratori, gan veikalu vad\u012bt\u0101ji var piek\u013c\u016bt:<\/p>\n\n\n\n<ul class=\"wp-block-list\">\n<li>inform\u0101ciju par pas\u016bt\u012bjumu, piem\u0113ram, kas tika ieg\u0101d\u0101ts, kad tas tika ieg\u0101d\u0101ts un kur tas j\u0101nos\u016bta, un<\/li>\n\n\n\n<li>Klienta inform\u0101cija, piem\u0113ram, j\u016bsu v\u0101rds, e-pasta adrese, nor\u0113\u0137inu un pieg\u0101des inform\u0101cija.<\/li>\n<\/ul>\n\n\n\n<p>M\u016bsu komandas locek\u013ciem ir piek\u013cuve \u0161ai inform\u0101cijai, lai pal\u012bdz\u0113tu izpild\u012bt pas\u016bt\u012bjumus, apstr\u0101d\u0101t kompens\u0101cijas un sniegt jums atbalstu.<\/p>","protected":false},"excerpt":{"rendered":"<p>Who we are Our website address is: https:\/\/subtomy.com. What we collect and store While you visit our site, we\u2019ll track: We\u2019ll also use cookies to keep track of cart contents while you\u2019re browsing our site. When you purchase from us, we\u2019ll ask you to provide information including your name, billing address, shipping address, email address, &#8230; <\/p>\n<p class=\"read-more-container\"><a title=\"Konfidencialit\u0101tes politika\" class=\"read-more button\" href=\"https:\/\/subtomy.com\/lv\/privatuma-politika\/#more-770\" aria-label=\"Read more about Privacy Policy\">Read more<\/a><\/p>","protected":false},"author":1,"featured_media":0,"parent":0,"menu_order":0,"comment_status":"closed","ping_status":"open","template":"","meta":{"footnotes":""},"class_list":{"0":"post-770","1":"page","2":"type-page","3":"status-publish","5":"infinite-scroll-item","6":"no-featured-image-padding"},"aioseo_notices":[],"_links":{"self":[{"href":"https:\/\/subtomy.com\/lv\/wp-json\/wp\/v2\/pages\/770","targetHints":{"allow":["GET"]}}],"collection":[{"href":"https:\/\/subtomy.com\/lv\/wp-json\/wp\/v2\/pages"}],"about":[{"href":"https:\/\/subtomy.com\/lv\/wp-json\/wp\/v2\/types\/page"}],"author":[{"embeddable":true,"href":"https:\/\/subtomy.com\/lv\/wp-json\/wp\/v2\/users\/1"}],"replies":[{"embeddable":true,"href":"https:\/\/subtomy.com\/lv\/wp-json\/wp\/v2\/comments?post=770"}],"version-history":[{"count":1,"href":"https:\/\/subtomy.com\/lv\/wp-json\/wp\/v2\/pages\/770\/revisions"}],"predecessor-version":[{"id":971,"href":"https:\/\/subtomy.com\/lv\/wp-json\/wp\/v2\/pages\/770\/revisions\/971"}],"wp:attachment":[{"href":"https:\/\/subtomy.com\/lv\/wp-json\/wp\/v2\/media?parent=770"}],"curies":[{"name":"wp","href":"https:\/\/api.w.org\/{rel}","templated":true}]}}