{"id":1561,"date":"2023-05-25T10:39:07","date_gmt":"2023-05-25T15:39:07","guid":{"rendered":"https:\/\/subtomy.com\/?post_type=product&#038;p=1561"},"modified":"2024-03-20T18:06:00","modified_gmt":"2024-03-20T23:06:00","slug":"findom-good-morning-messages","status":"publish","type":"product","link":"https:\/\/subtomy.com\/lv\/produkts\/findom-good-morning-messages-2\/","title":{"rendered":"Findom 65 Laba r\u012bta zi\u0146u pakete (masveida zi\u0146a, 1 pret 1)"},"content":{"rendered":"<h3 style=\"text-align: center;\">Iepaz\u012bstin\u0101m ar Findom 65 Laba r\u012bta zi\u0146u komplektu: Dodiet savu finansi\u0101lo dominanci<\/h3>\n<p>Celieties un mirdziet, finan\u0161u dominanti! P\u0101r\u0146emiet kontroli p\u0101r sava padot\u0101 dienu no br\u012b\u017ea, kad vi\u0146\u0161 pamostas, ar Findom 65 Laba r\u012bta zi\u0146u komplektu. \u0160is provokat\u012bvu un vilino\u0161u zi\u0146u kr\u0101jums, kas paredz\u0113ts gan masveida zi\u0146u s\u016bt\u012b\u0161anai, gan personaliz\u0113tai individu\u0101lai saskarsmei, nodro\u0161in\u0101s, ka j\u016bsu dominance p\u0101r vi\u0146u finans\u0113m b\u016bs j\u016btama jau no pa\u0161as dienas s\u0101kuma. \u013baujiet savu v\u0101rdu sp\u0113kam vad\u012bt vi\u0146u finan\u0161u padev\u012bbu un nostiprin\u0101t savu kontroli.<\/p>\n<ol>\n<li><strong>Iestatiet kontroles toni<\/strong>: Izmantojiet iesp\u0113ju nostiprin\u0101t savu domin\u0113jo\u0161o st\u0101vokli, s\u0101kot dienu ar zi\u0146ojumu, kas pastiprina j\u016bsu finansi\u0101lo kontroli. Atg\u0101diniet vi\u0146iem, ka ir j\u0101samaks\u0101 r\u0113\u0137ini un ka j\u016bs esat vi\u0146u finansi\u0101l\u0101s nestabilit\u0101tes un neapmierin\u0101t\u012bbas dzin\u0113jsp\u0113ks.<\/li>\n<li><strong>Atbr\u012bvojiet r\u012bta prieku<\/strong>: S\u0101ciet savu dienu ar vilino\u0161u sol\u012bjumu par prieku un gandar\u012bjumu. \u013baujiet vi\u0146iem zin\u0101t, ka, nododot savu finansi\u0101lo varu jums, vi\u0146i var izjust uzmundrino\u0161u prieku, kalpojot t\u0101dam sp\u0113c\u012bgam finan\u0161u dominatoram k\u0101 j\u016bs.<\/li>\n<li><strong>Dzirksteles gaid\u012b\u0161ana<\/strong>: Aizdedziniet vi\u0146u saj\u016bsmu par gaid\u0101mo dienu, uzjautrinot vi\u0146us ar iepriecino\u0161\u0101m naudas pl\u016bsm\u0101m un prieku sp\u0113l\u0113t ar naudu. Sagatavojiet gaidas uz bag\u0101t\u012bbu, ko vi\u0146i labpr\u0101t ieguld\u012bs j\u016bsu imp\u0113rij\u0101.<\/li>\n<li><strong>Pak\u013c\u0101v\u012bga dom\u0101\u0161anas veida izkop\u0161ana<\/strong>: Veiciniet pak\u013c\u0101v\u012bgu attieksmi jau no dienas s\u0101kuma. Iesakiet vi\u0146os v\u0113lmi kalpot un izpatikt jums finansi\u0101li, atg\u0101dinot vi\u0146iem par baudu un piepild\u012bjumu, kas vi\u0146us sagaida, kad vi\u0146i uz\u0146emsies j\u016bsu uzticam\u0101 algas c\u016bci\u0146as lomu.<\/li>\n<li><strong>Personaliz\u0113jiet savus zi\u0146ojumus<\/strong>: Piel\u0101gojiet savus r\u012bta zi\u0146ojumus katram cilv\u0113kam, liekot vi\u0146am justies \u012bpa\u0161am un v\u0113lamam. Lietojiet vi\u0146u v\u0101rdus, nor\u0101diet uz konkr\u0113tiem finan\u0161u dar\u012bjumiem vai aplieciniet vi\u0146u unik\u0101l\u0101s v\u0113lmes. Personaliz\u0101cija papildina saikni, kas padzi\u013cina vi\u0146u saikni ar jums k\u0101 domin\u0113jo\u0161o personu.<\/li>\n<li><strong>Veicin\u0101t past\u0101v\u012bgu sazi\u0146u<\/strong>: Izmantojiet Laba r\u012bta zi\u0146u komplektu, lai uztur\u0113tu atkl\u0101tu sazi\u0146u ar saviem padotajiem.<\/li>\n<li><strong>Papla\u0161ini savu finan\u0161u imp\u0113riju<\/strong>: Ar Findom 65 Laba r\u012bta v\u0113st\u012bjumu komplektu j\u016bsu r\u012bc\u012bb\u0101 ir sp\u0113c\u012bgs r\u012bks, ar ko att\u012bst\u012bt un papla\u0161in\u0101t savu finan\u0161u imp\u0113riju. Nostipriniet savas attiec\u012bbas ar padotajiem, iedvesmojiet vi\u0146us palielin\u0101t finansi\u0101lo ieguld\u012bjumu un nostipriniet savu k\u0101 vi\u0146u galven\u0101 finansi\u0101l\u0101 dominatora poz\u012bciju.<\/li>\n<\/ol>\n<p>S\u0101ciet katru dienu ar Findom 65 Laba r\u012bta v\u0113st\u012bjumu komplektu un pieredziet, k\u0101 j\u016bsu v\u0101rdi ietekm\u0113s j\u016bsu padoto finansi\u0101lo paklaus\u012bbu. Ievietojiet savu dominanci, iededziet vi\u0146\u0101s v\u0113lmi kalpot un v\u0113rojiet, k\u0101 vi\u0146u uztic\u012bba j\u016bsu finansi\u0101lajai imp\u0113rijai padzi\u013cin\u0101s. Izmantojiet labi sagatavotu r\u012bta v\u0113st\u012bjumu sp\u0113ku un p\u0101r\u0146emiet kontroli p\u0101r vi\u0146u finans\u0113m k\u0101 nekad agr\u0101k.<\/p>\n<p>L\u016bdzu, praktiz\u0113jiet atbild\u012bgu finansi\u0101lo domin\u0113\u0161anu, iev\u0113rojot robe\u017eas, piekri\u0161anu un atkl\u0101tu komunik\u0101ciju vis\u0101s mijiedarb\u012bb\u0101s.<\/p>","protected":false},"excerpt":{"rendered":"<h3 style=\"text-align: center;\">Iepaz\u012bstin\u0101m ar Findom 65 Laba r\u012bta zi\u0146u komplektu: Dodiet savu finansi\u0101lo dominanci<\/h3>\n<p><strong>Ietver \u0161\u0101dus zi\u0146ojumus.<\/strong><\/p>\n<ul>\n<li>Apbr\u012bnojams r\u012bts. T\u0101 b\u016bs lieliska diena naudas sp\u0113l\u0113m! Es jau ar nepaciet\u012bbu gaidu visas ner\u0101tn\u0101s un gard\u0101s naudas pl\u016bsmas, kas pien\u0101ks \u0161odien. \ud83d\ude09 #GoodMorning #FinancialDomination #Findom #Findom<\/li>\n<li>Sludinu v\u0113l vienas iesp\u0113j\u0101m piepild\u012btas dienas s\u0101kumu! \ud83d\udcb8 Es ceru, ka tu esi gatavs \u0161odien padar\u012bt mani v\u0113l bag\u0101t\u0101ku, mans ner\u0101tnais mazais paypig \ud83d\ude09 #Findom #Femdom #FinancialDomination #FinancialDomination<\/li>\n<li><span data-sheets-value=\"{&quot;1&quot;:2,&quot;2&quot;:&quot;I know it's been a while since I gave you something to be grateful for, so here's your chance: open your wallet and pay tribute to me this morning \u2615\ufe0f \ud83d\ude09&quot;}\" data-sheets-userformat=\"{&quot;2&quot;:8961,&quot;3&quot;:{&quot;1&quot;:0},&quot;11&quot;:4,&quot;12&quot;:0,&quot;16&quot;:12}\">Es zinu, ka jau sen neesmu jums par kaut ko pateic\u012bgs, t\u0101p\u0113c \u0161eit ir j\u016bsu iesp\u0113ja: atveriet savu maku un \u0161or\u012bt aplieciniet man cie\u0146u! \u2615\ufe0f \ud83d\ude09<\/span><\/li>\n<\/ul>","protected":false},"featured_media":2284,"comment_status":"closed","ping_status":"closed","template":"","meta":[],"product_brand":[],"product_cat":[141],"product_tag":[28],"class_list":{"0":"post-1561","1":"product","2":"type-product","3":"status-publish","4":"has-post-thumbnail","6":"product_cat-messaging","7":"product_tag-findom","8":"infinite-scroll-item","9":"no-featured-image-padding","10":"sales-flash-overlay","11":"woocommerce-text-align-center","12":"woocommerce-image-align-center","13":"wc-has-gallery","15":"first","16":"instock","17":"downloadable","18":"virtual","19":"sold-individually","20":"purchasable","21":"product-type-simple"},"aioseo_notices":[],"_links":{"self":[{"href":"https:\/\/subtomy.com\/lv\/wp-json\/wp\/v2\/product\/1561","targetHints":{"allow":["GET"]}}],"collection":[{"href":"https:\/\/subtomy.com\/lv\/wp-json\/wp\/v2\/product"}],"about":[{"href":"https:\/\/subtomy.com\/lv\/wp-json\/wp\/v2\/types\/product"}],"replies":[{"embeddable":true,"href":"https:\/\/subtomy.com\/lv\/wp-json\/wp\/v2\/comments?post=1561"}],"wp:featuredmedia":[{"embeddable":true,"href":"https:\/\/subtomy.com\/lv\/wp-json\/wp\/v2\/media\/2284"}],"wp:attachment":[{"href":"https:\/\/subtomy.com\/lv\/wp-json\/wp\/v2\/media?parent=1561"}],"wp:term":[{"taxonomy":"product_brand","embeddable":true,"href":"https:\/\/subtomy.com\/lv\/wp-json\/wp\/v2\/product_brand?post=1561"},{"taxonomy":"product_cat","embeddable":true,"href":"https:\/\/subtomy.com\/lv\/wp-json\/wp\/v2\/product_cat?post=1561"},{"taxonomy":"product_tag","embeddable":true,"href":"https:\/\/subtomy.com\/lv\/wp-json\/wp\/v2\/product_tag?post=1561"}],"curies":[{"name":"wp","href":"https:\/\/api.w.org\/{rel}","templated":true}]}}